{"id":2044,"date":"2025-09-26T09:45:17","date_gmt":"2025-09-26T09:45:17","guid":{"rendered":"https:\/\/www.shouyasanitary.com\/?post_type=product&#038;p=2044"},"modified":"2025-09-26T09:45:19","modified_gmt":"2025-09-26T09:45:19","slug":"wholesale-wall-mounted-bathroom-vanity","status":"publish","type":"product","link":"https:\/\/www.shouyasanitary.com\/es\/producto\/wholesale-wall-mounted-bathroom-vanity\/","title":{"rendered":"Mayorista Mueble de Ba\u00f1o de Pared, Mueble de Ba\u00f1o Gris con Encimera de Granito Lavabo"},"content":{"rendered":"<div class=\"wp-block-columns is-layout-flex wp-container-core-columns-is-layout-9d6595d7 wp-block-columns-is-layout-flex\">\n<div class=\"wp-block-column is-layout-flow wp-block-column-is-layout-flow\">\n<h2 class=\"wp-block-heading\">Vanidad del cuarto de ba\u00f1o montado en la pared Features\uff1a<\/h2>\n\n\n\n<p><strong>Tama\u00f1o cl\u00e1sico, ampliamente aplicable: <\/strong>El tama\u00f1o del mueble de ba\u00f1o de 80 cm no s\u00f3lo cumple los requisitos de espacio de la mayor\u00eda de los cuartos de ba\u00f1o, sino que tambi\u00e9n satisface las expectativas de la gente en cuanto a la funcionalidad de los muebles de ba\u00f1o. El color gris, con su estilo sobrio y discreto, aporta estabilidad y elegancia al cuarto de ba\u00f1o.<\/p>\n\n\n\n<p><strong>PVC respetuoso con el medio ambiente y duradero: <\/strong>El material de PVC seleccionado, respetuoso con el medio ambiente, garantiza la salud ecol\u00f3gica y el uso a largo plazo del mueble de ba\u00f1o. Su excelente rendimiento a prueba de agua y humedad permite que el armario del ba\u00f1o se mantenga como nuevo incluso en un entorno h\u00famedo, con una excelente durabilidad.<\/p>\n\n\n\n<p><strong>Losa de granito integrada, estilo minimalista: <\/strong>El dise\u00f1o integrado de la encimera de granito y el lavabo realza el estilo minimalista pero elegante del mueble de ba\u00f1o. La textura fr\u00eda y firme del granito combina con las suaves l\u00edneas del mueble de ba\u00f1o, creando una est\u00e9tica moderna \u00fanica.<\/p>\n\n\n\n<p><strong>Espejo LED y funci\u00f3n de almacenamiento perfectamente combinados: <\/strong>Adem\u00e1s de la funci\u00f3n inteligente del espejo LED, este mueble de ba\u00f1o tambi\u00e9n tiene plenamente en cuenta las necesidades de almacenamiento. El cuerpo del mueble inferior tambi\u00e9n ofrece suficiente espacio de almacenamiento, lo que permite organizar ordenadamente sus art\u00edculos de ba\u00f1o. La perfecta combinaci\u00f3n del espejo LED y la funci\u00f3n de almacenamiento hacen de este mueble de ba\u00f1o una obra maestra pr\u00e1ctica y est\u00e9ticamente agradable en el cuarto de ba\u00f1o.<\/p>\n\n\n\n<p><strong>Estructura mural<\/strong>: El espacio abierto inferior elimina eficazmente la sensaci\u00f3n opresiva de los armarios de ba\u00f1o tradicionales, creando un ambiente de ba\u00f1o m\u00e1s espacioso, adecuado para ba\u00f1os peque\u00f1os o para aquellos que persiguen una est\u00e9tica minimalista moderna.<\/p>\n\n\n\n<p><strong>Capacidad de suministro estable<\/strong>: Como mayorista, Shouya posee capacidades de producci\u00f3n y suministro eficientes y constantes, que garantizan la entrega puntual de pedidos de gran volumen y respaldan un suministro estable para las necesidades de los socios a largo plazo.<\/p>\n<\/div>\n\n\n\n<div class=\"wp-block-column is-layout-flow wp-block-column-is-layout-flow\"><div class=\"wp-block-image\">\n<figure class=\"aligncenter size-full\"><img decoding=\"async\" width=\"700\" height=\"700\" src=\"https:\/\/www.shouyasanitary.com\/wp-content\/uploads\/2025\/09\/OEM-80CM-bathroom-cabinet-vanity.webp\" alt=\"OEM 80CM mueble de ba\u00f1o vanidad\" class=\"wp-image-2048\" style=\"object-fit:cover\" srcset=\"https:\/\/www.shouyasanitary.com\/wp-content\/uploads\/2025\/09\/OEM-80CM-bathroom-cabinet-vanity.webp 700w, https:\/\/www.shouyasanitary.com\/wp-content\/uploads\/2025\/09\/OEM-80CM-bathroom-cabinet-vanity-300x300.webp 300w, https:\/\/www.shouyasanitary.com\/wp-content\/uploads\/2025\/09\/OEM-80CM-bathroom-cabinet-vanity-150x150.webp 150w, https:\/\/www.shouyasanitary.com\/wp-content\/uploads\/2025\/09\/OEM-80CM-bathroom-cabinet-vanity-12x12.webp 12w, https:\/\/www.shouyasanitary.com\/wp-content\/uploads\/2025\/09\/OEM-80CM-bathroom-cabinet-vanity-600x600.webp 600w, https:\/\/www.shouyasanitary.com\/wp-content\/uploads\/2025\/09\/OEM-80CM-bathroom-cabinet-vanity-100x100.webp 100w\" sizes=\"(max-width: 700px) 100vw, 700px\" \/><\/figure>\n<\/div><\/div>\n<\/div>\n\n\n\n<p><\/p>","protected":false},"excerpt":{"rendered":"<p>Mayorista de armarios de ba\u00f1o grises, armario de ba\u00f1o de 80CM, espejo LED inteligente integrado, que proporciona una iluminaci\u00f3n clara y un ambiente c\u00e1lido. Hecho de material de PVC ecol\u00f3gico, es impermeable, a prueba de humedad y f\u00e1cil de limpiar. Simple pero con estilo. Este mueble de ba\u00f1o combina a la perfecci\u00f3n tecnolog\u00eda y est\u00e9tica. Le invitamos a informarse inmediatamente.<\/p>\n<h2>Gabinetes de Ba\u00f1o Grises Atributos\uff1a<\/h2>\n<p><strong>Art\u00edculo No:<\/strong>6085-80<strong><br \/>Material del armario:<\/strong> PVC<br \/><strong>Color del armario:<\/strong> Gris<br \/><strong>Espejo:<\/strong> Espejo LED (3,5 mm\/3,8 mm), iluminaci\u00f3n tricolor, desempa\u00f1ado con un solo toque, protegido con embalaje de espuma multicapa<br \/><strong>Tipo de instalaci\u00f3n:<\/strong>\u00a0Montaje en pared<br \/><strong>Dimensiones (L\u00d7A\u00d7H):<\/strong> 80*47*47 cm<br \/><strong>Peso bruto:<\/strong> 30 kg\/set<\/p>\n<h2>Personalizaci\u00f3n y servicios:<\/h2>\n<p><strong>OEM Y ODM<\/strong>: Soporte<br \/><strong>Dise\u00f1o<\/strong>: Gratis<br \/><strong>Accesorios<\/strong>: Lavabos, espejos, grifos y otros accesorios de ba\u00f1o<br \/><strong>Embalaje<\/strong>: Listo para montar<\/p>","protected":false},"featured_media":2048,"comment_status":"closed","ping_status":"closed","template":"","meta":{"_acf_changed":true},"product_brand":[],"product_cat":[24],"product_tag":[],"class_list":{"0":"post-2044","1":"product","2":"type-product","3":"status-publish","4":"has-post-thumbnail","6":"product_cat-wholesale-pvc-bathroom-vanity-cabinets","8":"first","9":"instock","10":"shipping-taxable","11":"product-type-simple"},"acf":[],"_links":{"self":[{"href":"https:\/\/www.shouyasanitary.com\/es\/wp-json\/wp\/v2\/product\/2044","targetHints":{"allow":["GET"]}}],"collection":[{"href":"https:\/\/www.shouyasanitary.com\/es\/wp-json\/wp\/v2\/product"}],"about":[{"href":"https:\/\/www.shouyasanitary.com\/es\/wp-json\/wp\/v2\/types\/product"}],"replies":[{"embeddable":true,"href":"https:\/\/www.shouyasanitary.com\/es\/wp-json\/wp\/v2\/comments?post=2044"}],"wp:featuredmedia":[{"embeddable":true,"href":"https:\/\/www.shouyasanitary.com\/es\/wp-json\/wp\/v2\/media\/2048"}],"wp:attachment":[{"href":"https:\/\/www.shouyasanitary.com\/es\/wp-json\/wp\/v2\/media?parent=2044"}],"wp:term":[{"taxonomy":"product_brand","embeddable":true,"href":"https:\/\/www.shouyasanitary.com\/es\/wp-json\/wp\/v2\/product_brand?post=2044"},{"taxonomy":"product_cat","embeddable":true,"href":"https:\/\/www.shouyasanitary.com\/es\/wp-json\/wp\/v2\/product_cat?post=2044"},{"taxonomy":"product_tag","embeddable":true,"href":"https:\/\/www.shouyasanitary.com\/es\/wp-json\/wp\/v2\/product_tag?post=2044"}],"curies":[{"name":"wp","href":"https:\/\/api.w.org\/{rel}","templated":true}]}}