{"id":2051,"date":"2025-09-26T09:45:15","date_gmt":"2025-09-26T09:45:15","guid":{"rendered":"https:\/\/www.shouyasanitary.com\/?post_type=product&#038;p=2051"},"modified":"2025-09-26T09:45:17","modified_gmt":"2025-09-26T09:45:17","slug":"custom-modern-vanity-bathroom","status":"publish","type":"product","link":"https:\/\/www.shouyasanitary.com\/es\/producto\/custom-modern-vanity-bathroom\/","title":{"rendered":"Armario de ba\u00f1o de madera contrachapada de primera calidad con espejo iluminado a granel"},"content":{"rendered":"<div class=\"wp-block-columns is-layout-flex wp-container-core-columns-is-layout-9d6595d7 wp-block-columns-is-layout-flex\">\n<div class=\"wp-block-column is-layout-flow wp-block-column-is-layout-flow\">\n<h2 class=\"wp-block-heading\">Caracter\u00edsticas modernas del cuarto de ba\u00f1o Vanity\uff1a<\/h2>\n\n\n\n<p><strong>Materiales de alta calidad:<\/strong>\u00a0Este mueble de ba\u00f1o utiliza madera contrachapada de primera calidad, famosa por su excelente relaci\u00f3n resistencia-peso y su resistencia a la curvatura. Combinado con un lavabo de cer\u00e1mica liso y f\u00e1cil de limpiar, garantiza un uso duradero en un entorno de ba\u00f1o ajetreado. La combinaci\u00f3n de estos materiales proporciona una base s\u00f3lida y fiable para los h\u00e1bitos de higiene diarios.<\/p>\n\n\n\n<p><strong>Aspecto elegante:<\/strong>\u00a0Este mueble de ba\u00f1o mide 60 cm y es perfecto para cuartos de ba\u00f1o o vestidores peque\u00f1os. Las vetas naturales de la madera contrachapada a\u00f1aden calidez y un aire natural al espacio, mientras que el lavabo de cer\u00e1mica lisa lo complementa con un aspecto moderno y sencillo. El dise\u00f1o general es una armoniosa mezcla de estilo r\u00fastico y moderno.<\/p>\n\n\n\n<p><strong>Integraci\u00f3n inteligente: <\/strong>Est\u00e1 equipado con un espejo iluminado integrado, que no s\u00f3lo mejora la visibilidad durante las tareas de aseo, sino que tambi\u00e9n a\u00f1ade un toque de elegancia al cuarto de ba\u00f1o. La iluminaci\u00f3n puede regularse en funci\u00f3n de las distintas horas del d\u00eda, creando un ambiente confortable.<\/p>\n\n\n\n<p><strong>Dise\u00f1o detallado y pr\u00e1ctico:<\/strong>\u00a0Est\u00e1 equipado con un armario lateral para almacenamiento adicional, que le permite organizar ordenadamente sus art\u00edculos de aseo y toallas. El lavabo de cer\u00e1mica tiene una ligera inclinaci\u00f3n para facilitar un drenaje eficaz y evitar la acumulaci\u00f3n de agua. <\/p>\n<\/div>\n\n\n\n<div class=\"wp-block-column is-layout-flow wp-block-column-is-layout-flow\"><div class=\"wp-block-image\">\n<figure class=\"aligncenter size-full\"><img decoding=\"async\" width=\"700\" height=\"700\" src=\"https:\/\/www.shouyasanitary.com\/wp-content\/uploads\/2025\/09\/Bulk-Purchases-60CM-bathroom-cabinet-vanity.webp\" alt=\"Compras a granel 60CM mueble de ba\u00f1o vanidad\" class=\"wp-image-2053\" style=\"object-fit:cover\" srcset=\"https:\/\/www.shouyasanitary.com\/wp-content\/uploads\/2025\/09\/Bulk-Purchases-60CM-bathroom-cabinet-vanity.webp 700w, https:\/\/www.shouyasanitary.com\/wp-content\/uploads\/2025\/09\/Bulk-Purchases-60CM-bathroom-cabinet-vanity-300x300.webp 300w, https:\/\/www.shouyasanitary.com\/wp-content\/uploads\/2025\/09\/Bulk-Purchases-60CM-bathroom-cabinet-vanity-150x150.webp 150w, https:\/\/www.shouyasanitary.com\/wp-content\/uploads\/2025\/09\/Bulk-Purchases-60CM-bathroom-cabinet-vanity-12x12.webp 12w, https:\/\/www.shouyasanitary.com\/wp-content\/uploads\/2025\/09\/Bulk-Purchases-60CM-bathroom-cabinet-vanity-600x600.webp 600w, https:\/\/www.shouyasanitary.com\/wp-content\/uploads\/2025\/09\/Bulk-Purchases-60CM-bathroom-cabinet-vanity-100x100.webp 100w\" sizes=\"(max-width: 700px) 100vw, 700px\" \/><\/figure>\n<\/div><\/div>\n<\/div>\n\n\n\n<p><\/p>","protected":false},"excerpt":{"rendered":"<p>Mueble de ba\u00f1o moderno a medida Shouya, de 60 cm de tama\u00f1o, fabricado en madera contrachapada de alta calidad, combinado con un lavabo de cer\u00e1mica f\u00e1cil de limpiar, duradero y fiable. El grano de madera exterior complementa la cer\u00e1mica, y el espejo inteligente a\u00f1ade elegancia. Invitamos sinceramente a los mayoristas a ponerse en contacto con nosotros para informarse y negociar precios.<\/p>\n<h2>Atributos del lavabo moderno:<\/h2>\n<p><strong>N\u00ba de art\u00edculo<\/strong>: 6089-60<br \/><strong>Material del armario:<\/strong>\u00a0Contrachapado<br \/><strong>Color del armario: <\/strong>Marr\u00f3n<\/p>\n<p><strong>Espejo:<\/strong> Espejo LED (3,5 mm\/3,8 mm), iluminaci\u00f3n tricolor, desempa\u00f1ado con un solo toque, protegido con embalaje de espuma multicapa<br \/><strong>Tipo de instalaci\u00f3n:<\/strong>\u00a0Montaje en pared<br \/><strong>Dimensiones (L\u00d7A\u00d7H):<\/strong> 60x 47 x 42cm<br \/><strong>Peso bruto:<\/strong> 32 kg\/set<\/p>\n<h2>Personalizaci\u00f3n y servicios:<\/h2>\n<p><strong>OEM Y ODM<\/strong>: Soporte<br \/><strong>Dise\u00f1o<\/strong>: Gratis<br \/><strong>Accesorios<\/strong>: Lavabos, espejos, grifos y otros accesorios de ba\u00f1o<br \/><strong>Embalaje<\/strong>: Listo para montar<\/p>","protected":false},"featured_media":2053,"comment_status":"closed","ping_status":"closed","template":"","meta":{"_acf_changed":true},"product_brand":[],"product_cat":[20],"product_tag":[],"class_list":{"0":"post-2051","1":"product","2":"type-product","3":"status-publish","4":"has-post-thumbnail","6":"product_cat-wholesale-plywood-bathroom-vanity-cabinets","8":"first","9":"instock","10":"shipping-taxable","11":"product-type-simple"},"acf":[],"_links":{"self":[{"href":"https:\/\/www.shouyasanitary.com\/es\/wp-json\/wp\/v2\/product\/2051","targetHints":{"allow":["GET"]}}],"collection":[{"href":"https:\/\/www.shouyasanitary.com\/es\/wp-json\/wp\/v2\/product"}],"about":[{"href":"https:\/\/www.shouyasanitary.com\/es\/wp-json\/wp\/v2\/types\/product"}],"replies":[{"embeddable":true,"href":"https:\/\/www.shouyasanitary.com\/es\/wp-json\/wp\/v2\/comments?post=2051"}],"wp:featuredmedia":[{"embeddable":true,"href":"https:\/\/www.shouyasanitary.com\/es\/wp-json\/wp\/v2\/media\/2053"}],"wp:attachment":[{"href":"https:\/\/www.shouyasanitary.com\/es\/wp-json\/wp\/v2\/media?parent=2051"}],"wp:term":[{"taxonomy":"product_brand","embeddable":true,"href":"https:\/\/www.shouyasanitary.com\/es\/wp-json\/wp\/v2\/product_brand?post=2051"},{"taxonomy":"product_cat","embeddable":true,"href":"https:\/\/www.shouyasanitary.com\/es\/wp-json\/wp\/v2\/product_cat?post=2051"},{"taxonomy":"product_tag","embeddable":true,"href":"https:\/\/www.shouyasanitary.com\/es\/wp-json\/wp\/v2\/product_tag?post=2051"}],"curies":[{"name":"wp","href":"https:\/\/api.w.org\/{rel}","templated":true}]}}