{"id":2052,"date":"2025-09-26T09:45:12","date_gmt":"2025-09-26T09:45:12","guid":{"rendered":"https:\/\/www.shouyasanitary.com\/?post_type=product&#038;p=2052"},"modified":"2025-09-26T09:45:15","modified_gmt":"2025-09-26T09:45:15","slug":"wholesale-wall-mount-bathroom-cabinets","status":"publish","type":"product","link":"https:\/\/www.shouyasanitary.com\/es\/producto\/wholesale-wall-mount-bathroom-cabinets\/","title":{"rendered":"Mayorista Armarios de Ba\u00f1o de Pared, Set de Tocador de Ba\u00f1o Moderno con Espejo Retroiluminado Proveedor"},"content":{"rendered":"<div class=\"wp-block-columns is-layout-flex wp-container-core-columns-is-layout-9d6595d7 wp-block-columns-is-layout-flex\">\n<div class=\"wp-block-column is-layout-flow wp-block-column-is-layout-flow\">\n<h2 class=\"wp-block-heading\">Armarios de ba\u00f1o de montaje en pared Caracter\u00edsticas\uff1a<\/h2>\n\n\n\n<p><strong>Materiales superiores: <\/strong>Est\u00e1 fabricado con madera contrachapada de alta calidad, que ofrece una excelente durabilidad y estabilidad. El contrachapado se selecciona cuidadosamente y tiene propiedades antihumedad y resistentes al desgaste, por lo que es ideal para un entorno de ba\u00f1o h\u00famedo. El lavabo de cer\u00e1mica se cuece a altas temperaturas, con una superficie dura y no porosa, resistente a manchas y ara\u00f1azos.<\/p>\n\n\n\n<p><strong>Dise\u00f1o mural<\/strong>: mantiene la parte inferior del mueble de ba\u00f1o seca en todo momento, lo que favorece la protecci\u00f3n contra la humedad y el moho, y mantiene limpio el cuarto de ba\u00f1o.<\/p>\n\n\n\n<p><strong>Aspecto atractivo: <\/strong>El tama\u00f1o de 100 cm proporciona un amplio espacio de encimera, convirti\u00e9ndolo en el punto focal de un cuarto de ba\u00f1o m\u00e1s grande. La textura natural de la madera contrachapada y el blanco puro del lavabo de cer\u00e1mica crean un contraste visualmente atractivo. El espejo retroiluminado en la parte superior a\u00f1ade un toque moderno y lujoso, iluminando toda la zona del mueble de ba\u00f1o y realzando la est\u00e9tica general.<\/p>\n\n\n\n<p><strong>Estilo minimalista: <\/strong>Este mueble de ba\u00f1o presenta un dise\u00f1o minimalista de l\u00edneas sencillas y forma minimalista. La superficie de madera contrachapada es lisa, y el lavabo de cer\u00e1mica se integra a la perfecci\u00f3n con la encimera. El espejo retroiluminado tiene un marco liso, creando un aspecto moderno y ordenado para todo el cuarto de ba\u00f1o.<\/p>\n\n\n\n<p><strong>Funciones pr\u00e1cticas: <\/strong>La amplia encimera ofrece espacio suficiente para guardar art\u00edculos de tocador, cosm\u00e9ticos y otras necesidades del ba\u00f1o. El armario inferior ofrece espacio suficiente para guardar toallas, productos de limpieza, etc. El espejo retroiluminado no s\u00f3lo ayuda a asearse, sino que tambi\u00e9n realza la luminosidad del cuarto de ba\u00f1o, haci\u00e9ndolo parecer m\u00e1s espacioso.<\/p>\n\n\n\n<p><strong>Precio al por mayor<\/strong>: Shouya puede ofrecer descuentos y precios preferenciales para compras al por mayor, lo que reduce los costes generales de adquisici\u00f3n de los compradores y mejora la competitividad del mercado.<\/p>\n<\/div>\n\n\n\n<div class=\"wp-block-column is-layout-flow wp-block-column-is-layout-flow\"><div class=\"wp-block-image\">\n<figure class=\"aligncenter size-full\"><img decoding=\"async\" width=\"700\" height=\"700\" src=\"https:\/\/www.shouyasanitary.com\/wp-content\/uploads\/2025\/09\/supplier-direct-plywood-bathroom-cabinet-set.webp\" alt=\"juego de armarios de madera contrachapada para cuartos de ba\u00f1o\" class=\"wp-image-2056\" style=\"object-fit:cover\" srcset=\"https:\/\/www.shouyasanitary.com\/wp-content\/uploads\/2025\/09\/supplier-direct-plywood-bathroom-cabinet-set.webp 700w, https:\/\/www.shouyasanitary.com\/wp-content\/uploads\/2025\/09\/supplier-direct-plywood-bathroom-cabinet-set-300x300.webp 300w, https:\/\/www.shouyasanitary.com\/wp-content\/uploads\/2025\/09\/supplier-direct-plywood-bathroom-cabinet-set-150x150.webp 150w, https:\/\/www.shouyasanitary.com\/wp-content\/uploads\/2025\/09\/supplier-direct-plywood-bathroom-cabinet-set-12x12.webp 12w, https:\/\/www.shouyasanitary.com\/wp-content\/uploads\/2025\/09\/supplier-direct-plywood-bathroom-cabinet-set-600x600.webp 600w, https:\/\/www.shouyasanitary.com\/wp-content\/uploads\/2025\/09\/supplier-direct-plywood-bathroom-cabinet-set-100x100.webp 100w\" sizes=\"(max-width: 700px) 100vw, 700px\" \/><\/figure>\n<\/div><\/div>\n<\/div>","protected":false},"excerpt":{"rendered":"<p>Bienvenido a la venta al por mayor de armarios de ba\u00f1o de montaje en pared. Fabricado en madera contrachapada resistente a la humedad y al desgaste, con un aspecto elegante. El espejo retroiluminado a\u00f1ade un toque de lujo. Estilo minimalista, dise\u00f1o espacioso, que satisface diversas necesidades. Suministro directo del proveedor. P\u00f3ngase en contacto con nosotros hoy mismo para informarse y hacer ofertas.<\/p>\n<h2>Armarios de Ba\u00f1o de Pared Atributos\uff1a<\/h2>\n<p><strong>Art\u00edculo No:<\/strong>LT2013-100F<strong><br \/>Material del armario:<\/strong>\u00a0Contrachapado<br \/><strong>Color del armario:<\/strong> Caqui<br \/><strong>Espejo:<\/strong> Espejo LED (3,5 mm\/3,8 mm), iluminaci\u00f3n tricolor, desempa\u00f1ado con un solo toque, protegido con embalaje de espuma multicapa<br \/><strong>Tipo de instalaci\u00f3n:<\/strong>\u00a0Montaje en pared<br \/><strong>Dimensiones (L\u00d7A\u00d7H):<\/strong> 100x60x48 cm<br \/><strong>Peso bruto:<\/strong> 37 kg\/set<\/p>\n<h2>Personalizaci\u00f3n y servicios:<\/h2>\n<p><strong>OEM Y ODM<\/strong>: Soporte<br \/><strong>Dise\u00f1o<\/strong>: Gratis<br \/><strong>Accesorios<\/strong>: Lavabos, espejos, grifos y otros accesorios de ba\u00f1o<br \/><strong>Embalaje<\/strong>: Listo para montar<\/p>","protected":false},"featured_media":2056,"comment_status":"closed","ping_status":"closed","template":"","meta":{"_acf_changed":true},"product_brand":[],"product_cat":[20],"product_tag":[],"class_list":{"0":"post-2052","1":"product","2":"type-product","3":"status-publish","4":"has-post-thumbnail","6":"product_cat-wholesale-plywood-bathroom-vanity-cabinets","8":"first","9":"instock","10":"shipping-taxable","11":"product-type-simple"},"acf":[],"_links":{"self":[{"href":"https:\/\/www.shouyasanitary.com\/es\/wp-json\/wp\/v2\/product\/2052","targetHints":{"allow":["GET"]}}],"collection":[{"href":"https:\/\/www.shouyasanitary.com\/es\/wp-json\/wp\/v2\/product"}],"about":[{"href":"https:\/\/www.shouyasanitary.com\/es\/wp-json\/wp\/v2\/types\/product"}],"replies":[{"embeddable":true,"href":"https:\/\/www.shouyasanitary.com\/es\/wp-json\/wp\/v2\/comments?post=2052"}],"wp:featuredmedia":[{"embeddable":true,"href":"https:\/\/www.shouyasanitary.com\/es\/wp-json\/wp\/v2\/media\/2056"}],"wp:attachment":[{"href":"https:\/\/www.shouyasanitary.com\/es\/wp-json\/wp\/v2\/media?parent=2052"}],"wp:term":[{"taxonomy":"product_brand","embeddable":true,"href":"https:\/\/www.shouyasanitary.com\/es\/wp-json\/wp\/v2\/product_brand?post=2052"},{"taxonomy":"product_cat","embeddable":true,"href":"https:\/\/www.shouyasanitary.com\/es\/wp-json\/wp\/v2\/product_cat?post=2052"},{"taxonomy":"product_tag","embeddable":true,"href":"https:\/\/www.shouyasanitary.com\/es\/wp-json\/wp\/v2\/product_tag?post=2052"}],"curies":[{"name":"wp","href":"https:\/\/api.w.org\/{rel}","templated":true}]}}