{"id":2082,"date":"2025-09-26T09:45:08","date_gmt":"2025-09-26T09:45:08","guid":{"rendered":"https:\/\/www.shouyasanitary.com\/?post_type=product&#038;p=2082"},"modified":"2025-09-26T09:45:10","modified_gmt":"2025-09-26T09:45:10","slug":"custom-white-bathroom-cabinet","status":"publish","type":"product","link":"https:\/\/www.shouyasanitary.com\/es\/producto\/custom-white-bathroom-cabinet\/","title":{"rendered":"Mueble de Ba\u00f1o Blanco a Medida, Lavabo Flotante de PVC con Espejo y Lavabo de Cer\u00e1mica a Granel"},"content":{"rendered":"<div class=\"wp-block-columns is-layout-flex wp-container-core-columns-is-layout-9d6595d7 wp-block-columns-is-layout-flex\">\n<div class=\"wp-block-column is-layout-flow wp-block-column-is-layout-flow\">\n<h2 class=\"wp-block-heading\">Caracter\u00edsticas de los armarios de ba\u00f1o blancos\uff1a<\/h2>\n\n\n\n<p><strong>El armario principal es alto: <\/strong>Adopta un color blanco puro, dando una impresi\u00f3n visual fresca y elegante. Junto con un exclusivo dise\u00f1o de veta vertical, no solo confiere al mueble una sensaci\u00f3n m\u00e1s tridimensional, sino que tambi\u00e9n a\u00f1ade un toque de moda al espacio del ba\u00f1o, adapt\u00e1ndose f\u00e1cilmente a diversos estilos de decoraci\u00f3n.<\/p>\n\n\n\n<p><strong>Dise\u00f1o mural: <\/strong>Puede hacer que el suelo del cuarto de ba\u00f1o parezca m\u00e1s ordenado, reducir las zonas muertas sanitarias y facilitar la limpieza. Adem\u00e1s, este dise\u00f1o \"aligera\" visualmente el armario, haciendo que el espacio parezca m\u00e1s abierto y sin sensaci\u00f3n de opresi\u00f3n.<\/p>\n\n\n\n<p><strong>Combinaci\u00f3n pr\u00e1ctica y est\u00e9ticamente agradable: <\/strong>Equipado con un espejo dotado de luz LED, la iluminaci\u00f3n es suave y puede iluminar claramente el rostro, facilitando el aseo diario, el maquillaje y otras actividades, al tiempo que mejora el ambiente del cuarto de ba\u00f1o; el lavabo de cer\u00e1mica est\u00e1 equipado con una superficie lisa y delicada, resistente a la suciedad y la mugre, y el material cer\u00e1mico es resistente y duradero, manteniendo un buen estado para el uso a largo plazo.<\/p>\n\n\n\n<p><strong>Excelente rendimiento del material:<\/strong>\u00a0Hecho de material de PVC, posee intr\u00ednsecamente buenas propiedades impermeables, resistiendo eficazmente el ambiente h\u00famedo del cuarto de ba\u00f1o y resistiendo la deformaci\u00f3n debida a la humedad. Adem\u00e1s, tiene buenas capacidades a prueba de polvo, reduciendo la acumulaci\u00f3n de polvo en la superficie del gabinete, manteniendo el gabinete limpio y f\u00e1cil de mantener.<\/p>\n\n\n\n<p><strong>Diversos servicios personalizados<\/strong>Los armarios para cuartos de ba\u00f1o: satisfacen las necesidades espec\u00edficas de clientes como hoteles, empresas de decoraci\u00f3n del hogar, constructores, etc., en cuanto a estilo, tama\u00f1o, materiales, etc., y mejoran la adaptabilidad al mercado de los armarios para cuartos de ba\u00f1o.<\/p>\n<\/div>\n\n\n\n<div class=\"wp-block-column is-layout-flow wp-block-column-is-layout-flow\"><div class=\"wp-block-image\">\n<figure class=\"aligncenter size-full\"><img decoding=\"async\" width=\"700\" height=\"700\" src=\"https:\/\/www.shouyasanitary.com\/wp-content\/uploads\/2025\/09\/Custom-Wall-Mount-Cabinet-1.webp\" alt=\"Armario mural a medida\" class=\"wp-image-2083\" style=\"object-fit:cover\" srcset=\"https:\/\/www.shouyasanitary.com\/wp-content\/uploads\/2025\/09\/Custom-Wall-Mount-Cabinet-1.webp 700w, https:\/\/www.shouyasanitary.com\/wp-content\/uploads\/2025\/09\/Custom-Wall-Mount-Cabinet-1-300x300.webp 300w, https:\/\/www.shouyasanitary.com\/wp-content\/uploads\/2025\/09\/Custom-Wall-Mount-Cabinet-1-150x150.webp 150w, https:\/\/www.shouyasanitary.com\/wp-content\/uploads\/2025\/09\/Custom-Wall-Mount-Cabinet-1-12x12.webp 12w, https:\/\/www.shouyasanitary.com\/wp-content\/uploads\/2025\/09\/Custom-Wall-Mount-Cabinet-1-600x600.webp 600w, https:\/\/www.shouyasanitary.com\/wp-content\/uploads\/2025\/09\/Custom-Wall-Mount-Cabinet-1-100x100.webp 100w\" sizes=\"(max-width: 700px) 100vw, 700px\" \/><\/figure>\n<\/div><\/div>\n<\/div>","protected":false},"excerpt":{"rendered":"<p>Armarios de ba\u00f1o blancos personalizados, el dise\u00f1o blanco puro con rayas verticales, combina a la perfecci\u00f3n belleza y practicidad. Hecho de PVC resistente al agua y duradero, cuenta con un espejo iluminado por LED para el aseo diario conveniente y es f\u00e1cil de limpiar y mantener. Suministro directo de f\u00e1brica, ofrecemos servicios ODM\/OEM. Por favor, p\u00f3ngase en contacto con nosotros para una cotizaci\u00f3n y cat\u00e1logo de productos\uff01.<\/p>\n<h2>Gabinete De Ba\u00f1o Blanco Atributos\uff1a<\/h2>\n<p><strong>Art\u00edculo No: <\/strong>6084-80<strong><br \/>Material del armario:<\/strong> PVC<br \/><strong>Color del armario: <\/strong>Blanco<br \/><strong>Espejo:<\/strong> Espejo LED (3,5 mm\/3,8 mm), iluminaci\u00f3n tricolor, desempa\u00f1ado con un solo toque, protegido con embalaje de espuma multicapa<br \/><strong>Tipo de instalaci\u00f3n:<\/strong>\u00a0Montaje en pared<br \/><strong>Dimensiones (L\u00d7A\u00d7H):<\/strong> 80*50*47 cm<br \/><strong>Peso bruto:<\/strong> 30 kg\/set<\/p>\n<h2>Personalizaci\u00f3n y servicios:<\/h2>\n<p><strong>OEM Y ODM<\/strong>: Soporte<br \/><strong>Dise\u00f1o<\/strong>: Gratis<br \/><strong>Accesorios<\/strong>: Lavabos, espejos, grifos y otros accesorios de ba\u00f1o<br \/><strong>Embalaje<\/strong>: Listo para montar<\/p>","protected":false},"featured_media":2083,"comment_status":"closed","ping_status":"closed","template":"","meta":{"_acf_changed":true},"product_brand":[],"product_cat":[24],"product_tag":[],"class_list":{"0":"post-2082","1":"product","2":"type-product","3":"status-publish","4":"has-post-thumbnail","6":"product_cat-wholesale-pvc-bathroom-vanity-cabinets","8":"first","9":"instock","10":"shipping-taxable","11":"product-type-simple"},"acf":[],"_links":{"self":[{"href":"https:\/\/www.shouyasanitary.com\/es\/wp-json\/wp\/v2\/product\/2082","targetHints":{"allow":["GET"]}}],"collection":[{"href":"https:\/\/www.shouyasanitary.com\/es\/wp-json\/wp\/v2\/product"}],"about":[{"href":"https:\/\/www.shouyasanitary.com\/es\/wp-json\/wp\/v2\/types\/product"}],"replies":[{"embeddable":true,"href":"https:\/\/www.shouyasanitary.com\/es\/wp-json\/wp\/v2\/comments?post=2082"}],"wp:featuredmedia":[{"embeddable":true,"href":"https:\/\/www.shouyasanitary.com\/es\/wp-json\/wp\/v2\/media\/2083"}],"wp:attachment":[{"href":"https:\/\/www.shouyasanitary.com\/es\/wp-json\/wp\/v2\/media?parent=2082"}],"wp:term":[{"taxonomy":"product_brand","embeddable":true,"href":"https:\/\/www.shouyasanitary.com\/es\/wp-json\/wp\/v2\/product_brand?post=2082"},{"taxonomy":"product_cat","embeddable":true,"href":"https:\/\/www.shouyasanitary.com\/es\/wp-json\/wp\/v2\/product_cat?post=2082"},{"taxonomy":"product_tag","embeddable":true,"href":"https:\/\/www.shouyasanitary.com\/es\/wp-json\/wp\/v2\/product_tag?post=2082"}],"curies":[{"name":"wp","href":"https:\/\/api.w.org\/{rel}","templated":true}]}}