{"id":2086,"date":"2025-10-09T12:18:35","date_gmt":"2025-10-09T12:18:35","guid":{"rendered":"https:\/\/www.shouyasanitary.com\/?post_type=product&#038;p=2086"},"modified":"2025-10-09T12:18:37","modified_gmt":"2025-10-09T12:18:37","slug":"wholesale-bathroom-countertop-cabinet","status":"publish","type":"product","link":"https:\/\/www.shouyasanitary.com\/es\/producto\/wholesale-bathroom-countertop-cabinet\/","title":{"rendered":"Venta al por mayor gabinete de la encimera del cuarto de ba\u00f1o, Folating ba\u00f1o vanidad doble fregadero proveedor"},"content":{"rendered":"<div class=\"wp-block-columns is-layout-flex wp-container-core-columns-is-layout-9d6595d7 wp-block-columns-is-layout-flex\">\n<div class=\"wp-block-column is-layout-flow wp-block-column-is-layout-flow\">\n<h2 class=\"wp-block-heading\">Caracter\u00edsticas de los armarios para encimeras de ba\u00f1o\uff1a<\/h2>\n\n\n\n<p><strong>Aspecto llamativo: <\/strong>El mueble principal se presenta en un sencillo color blanco, combinado con un cuidado dise\u00f1o a cuadros, minimalista pero de dise\u00f1o. Forma un marcado contraste con la pared verde oscuro, convirti\u00e9ndose f\u00e1cilmente en el centro visual del espacio de ba\u00f1o y creando un ambiente elegante y de buen gusto para el cuarto de ba\u00f1o.<\/p>\n\n\n\n<p><strong>Armario principal montado en la pared: <\/strong>su dise\u00f1o suspendido, por un lado, crea un suelo de ba\u00f1o m\u00e1s espacioso, proporcionando un amplio espacio para caminar; por otro lado, este dise\u00f1o suspendido facilita la limpieza del suelo, reduce las zonas muertas sanitarias y facilita la limpieza del ba\u00f1o.<\/p>\n\n\n\n<p><strong>Espejo pr\u00e1ctico: <\/strong>El espejo LED a juego, rodeado de iluminaci\u00f3n, proporciona una iluminaci\u00f3n excelente, facilitando tareas cotidianas como lavarse y maquillarse, al tiempo que realza la sensaci\u00f3n tecnol\u00f3gica y atmosf\u00e9rica del cuarto de ba\u00f1o.<\/p>\n\n\n\n<p><strong>Lavabo de cer\u00e1mica integrado<\/strong>: Con una textura dura y una superficie lisa, es resistente a las manchas y f\u00e1cil de limpiar, lo que garantiza la limpieza a largo plazo.<\/p>\n\n\n\n<p><strong>Excelente rendimiento del material: <\/strong>El armario principal est\u00e1 hecho de material de PVC, que tiene un buen rendimiento a prueba de agua y puede hacer frente eficazmente al ambiente h\u00famedo del cuarto de ba\u00f1o, evitando que el armario se da\u00f1e por la humedad. Tambi\u00e9n tiene buena capacidad a prueba de polvo, reduciendo la adherencia del polvo y manteniendo el gabinete limpio en todo momento, haciendo el mantenimiento diario muy conveniente.<\/p>\n\n\n\n<p><strong>Opciones de personalizaci\u00f3n flexibles:<\/strong>\u00a0Shouya ofrece un servicio personalizado, que incluye personalizaci\u00f3n de tama\u00f1o, color, logotipo, etc., para satisfacer sus necesidades.<\/p>\n<\/div>\n\n\n\n<div class=\"wp-block-column is-layout-flow wp-block-column-is-layout-flow\"><div class=\"wp-block-image\">\n<figure class=\"aligncenter size-full\"><img decoding=\"async\" width=\"700\" height=\"700\" src=\"https:\/\/www.shouyasanitary.com\/wp-content\/uploads\/2025\/09\/wholesale-Bathroom-Cabinet-with-Mirror-1.webp\" alt=\"venta al mayor Armario de ba\u00f1o con espejo\" class=\"wp-image-2087\" style=\"object-fit:cover\" srcset=\"https:\/\/www.shouyasanitary.com\/wp-content\/uploads\/2025\/09\/wholesale-Bathroom-Cabinet-with-Mirror-1.webp 700w, https:\/\/www.shouyasanitary.com\/wp-content\/uploads\/2025\/09\/wholesale-Bathroom-Cabinet-with-Mirror-1-300x300.webp 300w, https:\/\/www.shouyasanitary.com\/wp-content\/uploads\/2025\/09\/wholesale-Bathroom-Cabinet-with-Mirror-1-150x150.webp 150w, https:\/\/www.shouyasanitary.com\/wp-content\/uploads\/2025\/09\/wholesale-Bathroom-Cabinet-with-Mirror-1-12x12.webp 12w, https:\/\/www.shouyasanitary.com\/wp-content\/uploads\/2025\/09\/wholesale-Bathroom-Cabinet-with-Mirror-1-600x600.webp 600w, https:\/\/www.shouyasanitary.com\/wp-content\/uploads\/2025\/09\/wholesale-Bathroom-Cabinet-with-Mirror-1-100x100.webp 100w\" sizes=\"(max-width: 700px) 100vw, 700px\" \/><\/figure>\n<\/div><\/div>\n<\/div>","protected":false},"excerpt":{"rendered":"<p>Mueble para encimera de ba\u00f1o al por mayor, fabricado en PVC, cuenta con un dise\u00f1o de doble lavabo y un dise\u00f1o montado en la pared que ahorra espacio y es resistente al agua y f\u00e1cil de limpiar. El lavabo de cer\u00e1mica integrado y el espejo LED combinan practicidad y estilo. Disponemos de materiales, tama\u00f1os y colores personalizables para crear un estilo de ba\u00f1o \u00fanico. P\u00f3ngase en contacto con nosotros para obtener las cantidades m\u00ednimas y precios al por mayor.<\/p>\n<h2>Atributos del gabinete de la encimera del cuarto de ba\u00f1o\uff1a<\/h2>\n<p><strong>Art\u00edculo No: <\/strong>6086-120<strong><br \/>Material del armario:<\/strong> PVC<br \/><strong>Color del armario: <\/strong>Gris<br \/><strong>Espejo:<\/strong> Espejo LED (3,5 mm\/3,8 mm), iluminaci\u00f3n tricolor, desempa\u00f1ado con un solo toque, protegido con embalaje de espuma multicapa<br \/><strong>Tipo de instalaci\u00f3n:<\/strong>\u00a0Montaje en pared<br \/><strong>Dimensiones (L\u00d7A\u00d7H):<\/strong> 120*47*45 cm<br \/><strong>Peso bruto:<\/strong> 40kg\/set<\/p>\n<h2>Personalizaci\u00f3n y servicios:<\/h2>\n<p><strong>OEM Y ODM<\/strong>: Soporte<br \/><strong>Dise\u00f1o<\/strong>: Gratis<br \/><strong>Accesorios<\/strong>: Lavabos, espejos, grifos y otros accesorios de ba\u00f1o<br \/><strong>Embalaje<\/strong>: Listo para montar<\/p>","protected":false},"featured_media":2087,"comment_status":"closed","ping_status":"closed","template":"","meta":{"_acf_changed":true},"product_brand":[],"product_cat":[24],"product_tag":[],"class_list":{"0":"post-2086","1":"product","2":"type-product","3":"status-publish","4":"has-post-thumbnail","6":"product_cat-wholesale-pvc-bathroom-vanity-cabinets","8":"first","9":"instock","10":"shipping-taxable","11":"product-type-simple"},"acf":[],"_links":{"self":[{"href":"https:\/\/www.shouyasanitary.com\/es\/wp-json\/wp\/v2\/product\/2086","targetHints":{"allow":["GET"]}}],"collection":[{"href":"https:\/\/www.shouyasanitary.com\/es\/wp-json\/wp\/v2\/product"}],"about":[{"href":"https:\/\/www.shouyasanitary.com\/es\/wp-json\/wp\/v2\/types\/product"}],"replies":[{"embeddable":true,"href":"https:\/\/www.shouyasanitary.com\/es\/wp-json\/wp\/v2\/comments?post=2086"}],"wp:featuredmedia":[{"embeddable":true,"href":"https:\/\/www.shouyasanitary.com\/es\/wp-json\/wp\/v2\/media\/2087"}],"wp:attachment":[{"href":"https:\/\/www.shouyasanitary.com\/es\/wp-json\/wp\/v2\/media?parent=2086"}],"wp:term":[{"taxonomy":"product_brand","embeddable":true,"href":"https:\/\/www.shouyasanitary.com\/es\/wp-json\/wp\/v2\/product_brand?post=2086"},{"taxonomy":"product_cat","embeddable":true,"href":"https:\/\/www.shouyasanitary.com\/es\/wp-json\/wp\/v2\/product_cat?post=2086"},{"taxonomy":"product_tag","embeddable":true,"href":"https:\/\/www.shouyasanitary.com\/es\/wp-json\/wp\/v2\/product_tag?post=2086"}],"curies":[{"name":"wp","href":"https:\/\/api.w.org\/{rel}","templated":true}]}}