{"id":2090,"date":"2025-09-26T09:45:01","date_gmt":"2025-09-26T09:45:01","guid":{"rendered":"https:\/\/www.shouyasanitary.com\/?post_type=product&#038;p=2090"},"modified":"2025-09-26T09:45:06","modified_gmt":"2025-09-26T09:45:06","slug":"wholesale-cabinet-white-bathroom","status":"publish","type":"product","link":"https:\/\/www.shouyasanitary.com\/es\/producto\/wholesale-cabinet-white-bathroom\/","title":{"rendered":"Mayorista Armario Ba\u00f1o Blanco, PVC Colgado de la Pared Tocador de Ba\u00f1o con Espejo Elegante Personalizado"},"content":{"rendered":"<div class=\"wp-block-columns is-layout-flex wp-container-core-columns-is-layout-9d6595d7 wp-block-columns-is-layout-flex\">\n<div class=\"wp-block-column is-layout-flow wp-block-column-is-layout-flow\">\n<h2 class=\"wp-block-heading\">Caracter\u00edsticas del cuarto de ba\u00f1o del gabinete blanco\uff1a<\/h2>\n\n\n\n<p><strong>Efectos visuales excepcionales: <\/strong>El armario principal se ha elegido en blanco puro, sencillo y elegante. La superficie del armario presenta un dise\u00f1o tridimensional \u00fanico, que a\u00f1ade una sensaci\u00f3n de dise\u00f1o y sofisticaci\u00f3n al aspecto general. Combina bien con el entorno de tonos c\u00e1lidos del cuarto de ba\u00f1o, creando una atm\u00f3sfera acogedora y elegante, convirti\u00e9ndose f\u00e1cilmente en una presencia llamativa en el cuarto de ba\u00f1o.<\/p>\n\n\n\n<p><strong>Gran capacidad de almacenamiento: <\/strong>Cuenta con m\u00faltiples espacios de almacenamiento, con una combinaci\u00f3n de cajones y puertas de armario, lo que permite el almacenamiento categorizado de art\u00edculos de tocador, toallas y otros art\u00edculos, lo que mantiene el cuarto de ba\u00f1o ordenado, con cada tipo de art\u00edculo con su propio espacio de almacenamiento dedicado, satisfaciendo las necesidades diarias de almacenamiento y mejorando la limpieza del cuarto de ba\u00f1o.<\/p>\n\n\n\n<p><strong>Combinaci\u00f3n pr\u00e1ctica y est\u00e9ticamente agradable: <\/strong>El espejo LED, tan pr\u00e1ctico como est\u00e9tico, proporciona una iluminaci\u00f3n suave y no deslumbrante que ilumina el rostro con claridad, facilitando tareas como lavarse y maquillarse, al tiempo que a\u00f1ade un toque de tecnolog\u00eda al cuarto de ba\u00f1o. <\/p>\n\n\n\n<p><strong>Rendimiento del material de alta calidad:<\/strong>\u00a0El mueble principal est\u00e1 fabricado con material de PVC, que tiene buenas propiedades impermeables y a prueba de humedad, lo que lo hace muy adecuado para el ambiente h\u00famedo del cuarto de ba\u00f1o y menos propenso a problemas como la formaci\u00f3n de moho y la deformaci\u00f3n. <\/p>\n\n\n\n<p><strong>F\u00e1cil de instalar:<\/strong> El material de PVC tambi\u00e9n es ligero, lo que facilita la instalaci\u00f3n y el transporte, al tiempo que posee cierto grado de resistencia al desgaste, lo que prolonga la vida \u00fatil del mueble de ba\u00f1o.<\/p>\n\n\n\n<p><strong>Personalizaci\u00f3n flexible<\/strong>: Ofrecemos una amplia gama de opciones de armarios de ba\u00f1o a medida, lo que le permite elegir entre una variedad de materiales, colores y dise\u00f1os para adaptarse a su proyecto. Tanto si busca un estilo moderno y minimalista, un cl\u00e1sico vintage o un dise\u00f1o funcional \u00fanico, podemos crear su mueble de ba\u00f1o ideal.<\/p>\n<\/div>\n\n\n\n<div class=\"wp-block-column is-layout-flow wp-block-column-is-layout-flow\"><div class=\"wp-block-image\">\n<figure class=\"aligncenter size-full\"><img decoding=\"async\" width=\"700\" height=\"700\" src=\"https:\/\/www.shouyasanitary.com\/wp-content\/uploads\/2025\/09\/Custom-Solutions-Vanity-Cabinet-1.webp\" alt=\"Soluciones a medida Armario de tocador\" class=\"wp-image-2091\" style=\"object-fit:cover\" srcset=\"https:\/\/www.shouyasanitary.com\/wp-content\/uploads\/2025\/09\/Custom-Solutions-Vanity-Cabinet-1.webp 700w, https:\/\/www.shouyasanitary.com\/wp-content\/uploads\/2025\/09\/Custom-Solutions-Vanity-Cabinet-1-300x300.webp 300w, https:\/\/www.shouyasanitary.com\/wp-content\/uploads\/2025\/09\/Custom-Solutions-Vanity-Cabinet-1-150x150.webp 150w, https:\/\/www.shouyasanitary.com\/wp-content\/uploads\/2025\/09\/Custom-Solutions-Vanity-Cabinet-1-12x12.webp 12w, https:\/\/www.shouyasanitary.com\/wp-content\/uploads\/2025\/09\/Custom-Solutions-Vanity-Cabinet-1-600x600.webp 600w, https:\/\/www.shouyasanitary.com\/wp-content\/uploads\/2025\/09\/Custom-Solutions-Vanity-Cabinet-1-100x100.webp 100w\" sizes=\"(max-width: 700px) 100vw, 700px\" \/><\/figure>\n<\/div><\/div>\n<\/div>","protected":false},"excerpt":{"rendered":"<p>Mayorista armario ba\u00f1o blanco, con un dise\u00f1o gr\u00e1fico en 3D, amplio espacio de almacenamiento y construcci\u00f3n de PVC impermeable para instalaci\u00f3n en pared, con un armario de cer\u00e1mica, es la elecci\u00f3n ideal para crear un espacio de ba\u00f1o c\u00f3modo y funcional. P\u00f3ngase en contacto con nosotros para obtener un presupuesto y un cat\u00e1logo de productos.<\/p>\n<h2>Armario Ba\u00f1o Blanco Atributos\uff1a<\/h2>\n<p><strong>Art\u00edculo No: <\/strong>6087-80<strong><br \/>Material del armario:<\/strong> PVC<br \/><strong>Color del armario: <\/strong>Khkai<br \/><strong>Espejo:<\/strong> Espejo LED (3,5 mm\/3,8 mm), iluminaci\u00f3n tricolor, desempa\u00f1ado con un solo toque, protegido con embalaje de espuma multicapa<br \/><strong>Tipo de instalaci\u00f3n:<\/strong>\u00a0Montaje en pared<br \/><strong>Dimensiones (L\u00d7A\u00d7H):<\/strong> 80*50*45 cm<br \/><strong>Peso bruto:<\/strong> 32 kg\/set<\/p>\n<h2>Personalizaci\u00f3n y servicios:<\/h2>\n<p><strong>OEM Y ODM<\/strong>: Soporte<br \/><strong>Dise\u00f1o<\/strong>: Gratis<br \/><strong>Accesorios<\/strong>: Lavabos, espejos, grifos y otros accesorios de ba\u00f1o<br \/><strong>Embalaje<\/strong>: Listo para montar<\/p>","protected":false},"featured_media":2091,"comment_status":"closed","ping_status":"closed","template":"","meta":{"_acf_changed":true},"product_brand":[],"product_cat":[24],"product_tag":[],"class_list":{"0":"post-2090","1":"product","2":"type-product","3":"status-publish","4":"has-post-thumbnail","6":"product_cat-wholesale-pvc-bathroom-vanity-cabinets","8":"first","9":"instock","10":"shipping-taxable","11":"product-type-simple"},"acf":[],"_links":{"self":[{"href":"https:\/\/www.shouyasanitary.com\/es\/wp-json\/wp\/v2\/product\/2090","targetHints":{"allow":["GET"]}}],"collection":[{"href":"https:\/\/www.shouyasanitary.com\/es\/wp-json\/wp\/v2\/product"}],"about":[{"href":"https:\/\/www.shouyasanitary.com\/es\/wp-json\/wp\/v2\/types\/product"}],"replies":[{"embeddable":true,"href":"https:\/\/www.shouyasanitary.com\/es\/wp-json\/wp\/v2\/comments?post=2090"}],"wp:featuredmedia":[{"embeddable":true,"href":"https:\/\/www.shouyasanitary.com\/es\/wp-json\/wp\/v2\/media\/2091"}],"wp:attachment":[{"href":"https:\/\/www.shouyasanitary.com\/es\/wp-json\/wp\/v2\/media?parent=2090"}],"wp:term":[{"taxonomy":"product_brand","embeddable":true,"href":"https:\/\/www.shouyasanitary.com\/es\/wp-json\/wp\/v2\/product_brand?post=2090"},{"taxonomy":"product_cat","embeddable":true,"href":"https:\/\/www.shouyasanitary.com\/es\/wp-json\/wp\/v2\/product_cat?post=2090"},{"taxonomy":"product_tag","embeddable":true,"href":"https:\/\/www.shouyasanitary.com\/es\/wp-json\/wp\/v2\/product_tag?post=2090"}],"curies":[{"name":"wp","href":"https:\/\/api.w.org\/{rel}","templated":true}]}}