{"id":2094,"date":"2025-10-09T12:18:37","date_gmt":"2025-10-09T12:18:37","guid":{"rendered":"https:\/\/www.shouyasanitary.com\/?post_type=product&#038;p=2094"},"modified":"2025-10-20T08:17:56","modified_gmt":"2025-10-20T08:17:56","slug":"wholesale-stainless-steel-bathroom-cabinet","status":"publish","type":"product","link":"https:\/\/www.shouyasanitary.com\/es\/producto\/wholesale-stainless-steel-bathroom-cabinet\/","title":{"rendered":"Venta al por mayor gabinete de ba\u00f1o de acero inoxidable, de pie tocador de ba\u00f1o proveedor de dise\u00f1o moderno"},"content":{"rendered":"<div class=\"wp-block-columns is-layout-flex wp-container-core-columns-is-layout-9d6595d7 wp-block-columns-is-layout-flex\">\n<div class=\"wp-block-column is-layout-flow wp-block-column-is-layout-flow\">\n<h2 class=\"wp-block-heading\">Caracter\u00edsticas del gabinete del cuarto de ba\u00f1o del cuarto de ba\u00f1o inoxidable\uff1a<\/h2>\n\n\n\n<p><strong>Material duradero: <\/strong>El cuerpo del armario es de acero inoxidable, resistente a la corrosi\u00f3n y f\u00e1cil de limpiar. <\/p>\n\n\n\n<p><strong>Textura c\u00e1lida<\/strong>: El dise\u00f1o de textura de piedra simulada gris a\u00f1ade un toque de calidez al duro acero inoxidable, por lo que resulta adecuado para ba\u00f1os modernos, de lujo ligero y de otros estilos diversos.<\/p>\n\n\n\n<p><strong>Amplio espacio de almacenamiento: <\/strong>Equipado con una combinaci\u00f3n de almacenamiento de \"dos cajones y una puerta\", en los cajones caben peque\u00f1os art\u00edculos de aseo, mientras que en el espacio interior de la puerta del armario caben art\u00edculos de limpieza, etc. El almacenamiento por categor\u00edas mantiene el cuarto de ba\u00f1o ordenado, satisfaciendo las necesidades diarias de almacenamiento de art\u00edculos de aseo.<\/p>\n\n\n\n<p><strong>Detalles a juego: T<\/strong>a parte superior va acompa\u00f1ada de un espejo cuadrado con luz, que aumenta la comodidad del aseo personal con la ayuda de la luz. La superficie del espejo es sencilla y elegante. Se combina con un lavabo de cer\u00e1mica blanca, que es delicado y f\u00e1cil de mantener. Combinado con un grifo blanco, el tono general es armonioso y unificado, lo que mejora la est\u00e9tica visual.<\/p>\n\n\n\n<p><strong>Integraci\u00f3n de funci\u00f3n y est\u00e9tica: <\/strong>La durabilidad del acero inoxidable complementa a la perfecci\u00f3n el ambiente h\u00famedo del cuarto de ba\u00f1o, mientras que el dise\u00f1o texturizado del exterior rompe con la impresi\u00f3n de frialdad del acero inoxidable, logrando el doble valor de la practicidad y la est\u00e9tica.<\/p>\n<\/div>\n\n\n\n<div class=\"wp-block-column is-layout-flow wp-block-column-is-layout-flow\"><div class=\"wp-block-image\">\n<figure class=\"aligncenter size-full\"><img decoding=\"async\" width=\"700\" height=\"700\" src=\"https:\/\/www.shouyasanitary.com\/wp-content\/uploads\/2025\/09\/Custom-Vanity-with-Wash-Basin-for-Hotel-Bathroom.webp\" alt=\"Tocador a medida con lavabo para ba\u00f1o de hotel\" class=\"wp-image-2098\" style=\"object-fit:cover\" srcset=\"https:\/\/www.shouyasanitary.com\/wp-content\/uploads\/2025\/09\/Custom-Vanity-with-Wash-Basin-for-Hotel-Bathroom.webp 700w, https:\/\/www.shouyasanitary.com\/wp-content\/uploads\/2025\/09\/Custom-Vanity-with-Wash-Basin-for-Hotel-Bathroom-300x300.webp 300w, https:\/\/www.shouyasanitary.com\/wp-content\/uploads\/2025\/09\/Custom-Vanity-with-Wash-Basin-for-Hotel-Bathroom-150x150.webp 150w, https:\/\/www.shouyasanitary.com\/wp-content\/uploads\/2025\/09\/Custom-Vanity-with-Wash-Basin-for-Hotel-Bathroom-12x12.webp 12w, https:\/\/www.shouyasanitary.com\/wp-content\/uploads\/2025\/09\/Custom-Vanity-with-Wash-Basin-for-Hotel-Bathroom-600x600.webp 600w, https:\/\/www.shouyasanitary.com\/wp-content\/uploads\/2025\/09\/Custom-Vanity-with-Wash-Basin-for-Hotel-Bathroom-100x100.webp 100w\" sizes=\"(max-width: 700px) 100vw, 700px\" \/><\/figure>\n<\/div><\/div>\n<\/div>\n\n\n\n<p><\/p>","protected":false},"excerpt":{"rendered":"<p>Bienvenido a la venta al por mayor de acero inoxidable mueble de ba\u00f1o con una textura gris imitaci\u00f3n piedra y un lavabo blanco crea un aspecto lujoso. Este dise\u00f1o de pie es resistente a la corrosi\u00f3n y duradero, y cuenta con dos cajones para facilitar el almacenamiento. Directo de f\u00e1brica de Shouya, ofrecemos compras al por mayor y pedidos personalizados. P\u00f3ngase en contacto con nosotros hoy mismo para solicitar un presupuesto.<\/p>\n<h2 class=\"wp-block wp-block-post-title block-editor-block-list__block editor-post-title editor-post-title__input rich-text is-selected\" role=\"textbox\" aria-label=\"Nombre del producto\">Gabinete de ba\u00f1o de acero inoxidable atributos\uff1a<\/h2>\n<p><strong>Art\u00edculo No: <\/strong>SYS-1-60<strong><br \/>Material del armario:<\/strong> Acero inoxidable<br \/><strong>Color del armario: <\/strong>Gris<br \/><strong>Espejo: <\/strong>Espejo LED (3,5 mm\/3,8 mm), iluminaci\u00f3n tricolor, desempa\u00f1ado con un solo toque, protegido con embalaje de espuma multicapa<strong><br \/>Tipo de instalaci\u00f3n: <\/strong>De pie<br \/><strong>Dimensiones (L\u00d7A\u00d7H):<\/strong> 60*45*62cm<br \/><strong>Peso bruto:<\/strong> 30 kg\/set<\/p>\n<h2>Personalizaci\u00f3n y servicios:<\/h2>\n<p><strong>OEM Y ODM<\/strong>: Soporte<br \/><strong>Dise\u00f1o<\/strong>: Gratis<br \/><strong>Accesorios<\/strong>: Lavabos, espejos, grifos y otros accesorios de ba\u00f1o<br \/><strong>Embalaje<\/strong>: Listo para montar<\/p>","protected":false},"featured_media":2098,"comment_status":"closed","ping_status":"closed","template":"","meta":{"_acf_changed":false},"product_brand":[],"product_cat":[27],"product_tag":[],"class_list":{"0":"post-2094","1":"product","2":"type-product","3":"status-publish","4":"has-post-thumbnail","6":"product_cat-wholesale-stainless-steel-bathroom-vanity-cabinets","8":"first","9":"instock","10":"shipping-taxable","11":"product-type-simple"},"acf":[],"_links":{"self":[{"href":"https:\/\/www.shouyasanitary.com\/es\/wp-json\/wp\/v2\/product\/2094","targetHints":{"allow":["GET"]}}],"collection":[{"href":"https:\/\/www.shouyasanitary.com\/es\/wp-json\/wp\/v2\/product"}],"about":[{"href":"https:\/\/www.shouyasanitary.com\/es\/wp-json\/wp\/v2\/types\/product"}],"replies":[{"embeddable":true,"href":"https:\/\/www.shouyasanitary.com\/es\/wp-json\/wp\/v2\/comments?post=2094"}],"wp:featuredmedia":[{"embeddable":true,"href":"https:\/\/www.shouyasanitary.com\/es\/wp-json\/wp\/v2\/media\/2098"}],"wp:attachment":[{"href":"https:\/\/www.shouyasanitary.com\/es\/wp-json\/wp\/v2\/media?parent=2094"}],"wp:term":[{"taxonomy":"product_brand","embeddable":true,"href":"https:\/\/www.shouyasanitary.com\/es\/wp-json\/wp\/v2\/product_brand?post=2094"},{"taxonomy":"product_cat","embeddable":true,"href":"https:\/\/www.shouyasanitary.com\/es\/wp-json\/wp\/v2\/product_cat?post=2094"},{"taxonomy":"product_tag","embeddable":true,"href":"https:\/\/www.shouyasanitary.com\/es\/wp-json\/wp\/v2\/product_tag?post=2094"}],"curies":[{"name":"wp","href":"https:\/\/api.w.org\/{rel}","templated":true}]}}