{"id":2096,"date":"2025-10-09T12:18:31","date_gmt":"2025-10-09T12:18:31","guid":{"rendered":"https:\/\/www.shouyasanitary.com\/?post_type=product&#038;p=2096"},"modified":"2025-10-09T12:18:35","modified_gmt":"2025-10-09T12:18:35","slug":"wholesale-free-standing-bathroom-cabinet","status":"publish","type":"product","link":"https:\/\/www.shouyasanitary.com\/es\/producto\/wholesale-free-standing-bathroom-cabinet\/","title":{"rendered":"Venta al por mayor mueble de ba\u00f1o independiente, tocador de ba\u00f1o de acero inoxidable con espejo personalizado"},"content":{"rendered":"<div class=\"wp-block-columns is-layout-flex wp-container-core-columns-is-layout-9d6595d7 wp-block-columns-is-layout-flex\">\n<div class=\"wp-block-column is-layout-flow wp-block-column-is-layout-flow\">\n<h2 class=\"wp-block-heading\">Armario de ba\u00f1o independiente Caracter\u00edsticas\uff1a<\/h2>\n\n\n\n<p><strong>Expresi\u00f3n de materiales y texturas: <\/strong>El cuerpo del mueble est\u00e1 fabricado principalmente en acero inoxidable, con una textura de m\u00e1rmol blanco en la superficie. No solo posee las propiedades pr\u00e1cticas del acero inoxidable, como la resistencia a la humedad y a la corrosi\u00f3n, sino que tambi\u00e9n presenta una textura visual ligera y lujosa a trav\u00e9s de la textura, combinando f\u00e1cilmente en espacios de ba\u00f1o modernos, minimalistas y de otros estilos.<\/p>\n\n\n\n<p><strong>Amplio espacio de almacenamiento: <\/strong>Se ha adoptado la disposici\u00f3n de \"dos cajones con una puerta\". Los dos cajones se pueden utilizar para guardar por categor\u00edas art\u00edculos peque\u00f1os, como utensilios de aseo y productos para el cuidado de la piel, mientras que la puerta del armario puede alojar art\u00edculos m\u00e1s grandes, como art\u00edculos de ba\u00f1o y consumibles de limpieza. La disposici\u00f3n escalonada del almacenamiento garantiza que los art\u00edculos de ba\u00f1o est\u00e9n bien organizados y sean f\u00e1cilmente accesibles.<\/p>\n\n\n\n<p><strong>Colocaci\u00f3n y mejora funcional: <\/strong>Equipado con un espejo cuadrado con luces LED, la iluminaci\u00f3n mejora la iluminaci\u00f3n al tiempo que mejora la comodidad de vestirse; emparejado con un lavabo de cer\u00e1mica blanca, la superficie de porcelana es delicada y f\u00e1cil de limpiar, y emparejado con un grifo blanco simple, el tono de color general es armonioso y unificado, con detalles que destacan una sensaci\u00f3n de calidad.<\/p>\n\n\n\n<p><strong>Estructura autoportante<\/strong>: Se apoya en patas met\u00e1licas, asegurando la estabilidad del mueble a la vez que facilita la limpieza del fondo del mueble, eliminando las zonas muertas de limpieza. La integraci\u00f3n de la durabilidad del material de acero inoxidable y el dise\u00f1o est\u00e9tico de la textura no s\u00f3lo satisface las necesidades funcionales del uso diario en el cuarto de ba\u00f1o, sino que tambi\u00e9n a\u00f1ade una sensaci\u00f3n de lujo al cuarto de ba\u00f1o con su aspecto \u00fanico, logrando el doble valor de la practicidad y la est\u00e9tica.<\/p>\n<\/div>\n\n\n\n<div class=\"wp-block-column is-layout-flow wp-block-column-is-layout-flow\"><div class=\"wp-block-image\">\n<figure class=\"aligncenter size-full\"><img decoding=\"async\" width=\"700\" height=\"700\" src=\"https:\/\/www.shouyasanitary.com\/wp-content\/uploads\/2025\/09\/Custom-Vanity-with-Mirror-Wash-Basin-for-Hotel-Bathroom.webp\" alt=\"Tocador a medida con lavabo de espejo para ba\u00f1o de hotel\" class=\"wp-image-2107\" style=\"object-fit:cover\" srcset=\"https:\/\/www.shouyasanitary.com\/wp-content\/uploads\/2025\/09\/Custom-Vanity-with-Mirror-Wash-Basin-for-Hotel-Bathroom.webp 700w, https:\/\/www.shouyasanitary.com\/wp-content\/uploads\/2025\/09\/Custom-Vanity-with-Mirror-Wash-Basin-for-Hotel-Bathroom-300x300.webp 300w, https:\/\/www.shouyasanitary.com\/wp-content\/uploads\/2025\/09\/Custom-Vanity-with-Mirror-Wash-Basin-for-Hotel-Bathroom-150x150.webp 150w, https:\/\/www.shouyasanitary.com\/wp-content\/uploads\/2025\/09\/Custom-Vanity-with-Mirror-Wash-Basin-for-Hotel-Bathroom-12x12.webp 12w, https:\/\/www.shouyasanitary.com\/wp-content\/uploads\/2025\/09\/Custom-Vanity-with-Mirror-Wash-Basin-for-Hotel-Bathroom-600x600.webp 600w, https:\/\/www.shouyasanitary.com\/wp-content\/uploads\/2025\/09\/Custom-Vanity-with-Mirror-Wash-Basin-for-Hotel-Bathroom-100x100.webp 100w\" sizes=\"(max-width: 700px) 100vw, 700px\" \/><\/figure>\n<\/div><\/div>\n<\/div>\n\n\n\n<p><\/p>","protected":false},"excerpt":{"rendered":"<p>Bienvenido a la venta al por mayor cuarto de ba\u00f1o vanidad espejo, mueble de ba\u00f1o de acero inoxidable, con gabinete de cer\u00e1mica, es la opci\u00f3n ideal para crear un espacio de ba\u00f1o c\u00f3modo y funcional. Por favor, p\u00f3ngase en contacto con nosotros para una cita y cat\u00e1logo de productos.<\/p>\n<h2>Espejo de ba\u00f1o Vanidad Atributos\uff1a<\/h2>\n<p><strong>Art\u00edculo No: <\/strong>SYS-2-80<strong><br \/>Material del armario:<\/strong> Acero inoxidable<br \/><strong>Color del armario:<\/strong>Blanco<br \/><strong>Espejo: <\/strong>Espejo LED (3,5 mm\/3,8 mm), iluminaci\u00f3n tricolor, desempa\u00f1ado con un solo toque, protegido con embalaje de espuma multicapa<strong><br \/>Tipo de instalaci\u00f3n: <\/strong>De pie<br \/><strong>Dimensiones (L\u00d7A\u00d7H):<\/strong> 80*42*65cm<br \/><strong>Peso bruto:<\/strong> 35 kg\/set<\/p>\n<h2>Personalizaci\u00f3n y servicios:<\/h2>\n<p><strong>OEM Y ODM<\/strong>: Soporte<br \/><strong>Dise\u00f1o<\/strong>: Gratis<br \/><strong>Accesorios<\/strong>: Lavabos, espejos, grifos y otros accesorios de ba\u00f1o<br \/><strong>Embalaje<\/strong>: Listo para montar<\/p>","protected":false},"featured_media":2107,"comment_status":"closed","ping_status":"closed","template":"","meta":{"_acf_changed":true},"product_brand":[],"product_cat":[27],"product_tag":[],"class_list":{"0":"post-2096","1":"product","2":"type-product","3":"status-publish","4":"has-post-thumbnail","6":"product_cat-wholesale-stainless-steel-bathroom-vanity-cabinets","8":"first","9":"instock","10":"shipping-taxable","11":"product-type-simple"},"acf":[],"_links":{"self":[{"href":"https:\/\/www.shouyasanitary.com\/es\/wp-json\/wp\/v2\/product\/2096","targetHints":{"allow":["GET"]}}],"collection":[{"href":"https:\/\/www.shouyasanitary.com\/es\/wp-json\/wp\/v2\/product"}],"about":[{"href":"https:\/\/www.shouyasanitary.com\/es\/wp-json\/wp\/v2\/types\/product"}],"replies":[{"embeddable":true,"href":"https:\/\/www.shouyasanitary.com\/es\/wp-json\/wp\/v2\/comments?post=2096"}],"wp:featuredmedia":[{"embeddable":true,"href":"https:\/\/www.shouyasanitary.com\/es\/wp-json\/wp\/v2\/media\/2107"}],"wp:attachment":[{"href":"https:\/\/www.shouyasanitary.com\/es\/wp-json\/wp\/v2\/media?parent=2096"}],"wp:term":[{"taxonomy":"product_brand","embeddable":true,"href":"https:\/\/www.shouyasanitary.com\/es\/wp-json\/wp\/v2\/product_brand?post=2096"},{"taxonomy":"product_cat","embeddable":true,"href":"https:\/\/www.shouyasanitary.com\/es\/wp-json\/wp\/v2\/product_cat?post=2096"},{"taxonomy":"product_tag","embeddable":true,"href":"https:\/\/www.shouyasanitary.com\/es\/wp-json\/wp\/v2\/product_tag?post=2096"}],"curies":[{"name":"wp","href":"https:\/\/api.w.org\/{rel}","templated":true}]}}