{"id":2110,"date":"2025-10-09T12:18:26","date_gmt":"2025-10-09T12:18:26","guid":{"rendered":"https:\/\/www.shouyasanitary.com\/?post_type=product&#038;p=2110"},"modified":"2025-10-09T12:18:31","modified_gmt":"2025-10-09T12:18:31","slug":"custom-free-standing-bathroom-vanity-black-bathroom-washbasin-set-in-bulk","status":"publish","type":"product","link":"https:\/\/www.shouyasanitary.com\/es\/producto\/custom-free-standing-bathroom-vanity-black-bathroom-washbasin-set-in-bulk\/","title":{"rendered":"Neceser de ba\u00f1o independiente a medida, Conjunto de lavabo de ba\u00f1o negro a granel"},"content":{"rendered":"<div class=\"wp-block-columns is-layout-flex wp-container-core-columns-is-layout-9d6595d7 wp-block-columns-is-layout-flex\">\n<div class=\"wp-block-column is-layout-flow wp-block-column-is-layout-flow\">\n<h2 class=\"wp-block-heading\">Caracter\u00edsticas del lavabo independiente\uff1a<\/h2>\n\n\n\n<p><strong>Servicio de personalizaci\u00f3n:<\/strong> Bas\u00e1ndonos en las distintas necesidades de los clientes y en las condiciones reales de espacio del cuarto de ba\u00f1o, ofrecemos servicios integrales de personalizaci\u00f3n. Desde las especificaciones de tama\u00f1o hasta los estilos de apariencia, todos pueden personalizarse seg\u00fan las preferencias personales, satisfaciendo plenamente las diversas necesidades de decoraci\u00f3n y creando un espacio de ba\u00f1o \u00fanico.<\/p>\n\n\n\n<p><strong>Dise\u00f1o ligero y lujoso:<\/strong> Adoptando el concepto de dise\u00f1o de estilo de lujo ligero, exhibe un gusto \u00fanico a trav\u00e9s de l\u00edneas exquisitas y texturas delicadas. Su aspecto es moderno y elegante, ni excesivamente ostentoso ni carente de temperamento noble. Puede complementar varios estilos de decoraci\u00f3n de ba\u00f1o de gama alta, a\u00f1adiendo un ambiente lujoso y belleza art\u00edstica al cuarto de ba\u00f1o.<\/p>\n\n\n\n<p><strong>Dise\u00f1o de estructuras integradas:<\/strong> El lavabo y el mueble adoptan un dise\u00f1o integrado. La estructura es compacta y razonable, ahorrando mucho espacio en el cuarto de ba\u00f1o. El proceso de conexi\u00f3n sin juntas no s\u00f3lo es bonito, sino que tambi\u00e9n evita eficazmente que penetren las manchas de agua, protegiendo el mueble de los da\u00f1os causados por la humedad. Al mismo tiempo, el dise\u00f1o integrado facilita y hace m\u00e1s c\u00f3modo el trabajo de limpieza, mejorando la experiencia del usuario.<\/p>\n\n\n\n<p><strong>Componentes de hardware de alta calidad:<\/strong> Seleccione componentes de ferreter\u00eda de alta calidad, como bisagras resistentes y duraderas y gu\u00edas deslizantes suaves y silenciosas. Estos componentes se someten a estrictas inspecciones de calidad y pueden soportar un uso frecuente sin sufrir da\u00f1os, lo que garantiza una apertura y cierre suaves de las puertas y cajones del armario, mejora la calidad general y la vida \u00fatil del mueble de ba\u00f1o, y proporciona a los usuarios una experiencia de uso superior.<\/p>\n<\/div>\n\n\n\n<div class=\"wp-block-column is-layout-flow wp-block-column-is-layout-flow\"><div class=\"wp-block-image\">\n<figure class=\"aligncenter size-full\"><img decoding=\"async\" width=\"700\" height=\"700\" src=\"https:\/\/www.shouyasanitary.com\/wp-content\/uploads\/2025\/09\/supplier-direct-supply-bathroom-cabinet-vanity.webp\" alt=\"proveedor suministro directo mueble de ba\u00f1o tocador\" class=\"wp-image-2111\" style=\"object-fit:cover\" srcset=\"https:\/\/www.shouyasanitary.com\/wp-content\/uploads\/2025\/09\/supplier-direct-supply-bathroom-cabinet-vanity.webp 700w, https:\/\/www.shouyasanitary.com\/wp-content\/uploads\/2025\/09\/supplier-direct-supply-bathroom-cabinet-vanity-300x300.webp 300w, https:\/\/www.shouyasanitary.com\/wp-content\/uploads\/2025\/09\/supplier-direct-supply-bathroom-cabinet-vanity-150x150.webp 150w, https:\/\/www.shouyasanitary.com\/wp-content\/uploads\/2025\/09\/supplier-direct-supply-bathroom-cabinet-vanity-12x12.webp 12w, https:\/\/www.shouyasanitary.com\/wp-content\/uploads\/2025\/09\/supplier-direct-supply-bathroom-cabinet-vanity-600x600.webp 600w, https:\/\/www.shouyasanitary.com\/wp-content\/uploads\/2025\/09\/supplier-direct-supply-bathroom-cabinet-vanity-100x100.webp 100w\" sizes=\"(max-width: 700px) 100vw, 700px\" \/><\/figure>\n<\/div><\/div>\n<\/div>","protected":false},"excerpt":{"rendered":"<p>El lavabo de pie personalizado est\u00e1 fabricado en acero inoxidable y presenta un dise\u00f1o minimalista y moderno. Con un amplio dise\u00f1o de almacenamiento, satisface las necesidades de almacenamiento de art\u00edculos de ba\u00f1o. Shouya ofrece a los clientes de ingenier\u00eda soluciones de armarios de ba\u00f1o rentables, est\u00e9ticas y pr\u00e1cticas. Le invitamos a informarse.<\/p>\n<h2>Atributos del lavabo independiente\uff1a<\/h2>\n<p><strong>Art\u00edculo No: <\/strong>SYS-3-80<strong><br \/>Material del armario:<\/strong> Acero inoxidable<br \/><strong>Color del armario:\u00a0<\/strong>Negro<br \/><strong>Espejo: <\/strong>Espejo LED (3,5 mm\/3,8 mm), iluminaci\u00f3n tricolor, desempa\u00f1ado con un solo toque, protegido con embalaje de espuma multicapa<strong><br \/>Tipo de instalaci\u00f3n: <\/strong>De pie<br \/><strong>Dimensiones (L\u00d7A\u00d7H):<\/strong> 80*42*65 cm<br \/><strong>Peso bruto:<\/strong> 35 kg\/set<\/p>\n<h2>Personalizaci\u00f3n y servicios:<\/h2>\n<p><strong>OEM Y ODM<\/strong>: Soporte<br \/><strong>Dise\u00f1o<\/strong>: Gratis<br \/><strong>Accesorios<\/strong>: Lavabos, espejos, grifos y otros accesorios de ba\u00f1o<br \/><strong>Embalaje<\/strong>: Listo para montar<\/p>","protected":false},"featured_media":2111,"comment_status":"closed","ping_status":"closed","template":"","meta":{"_acf_changed":true},"product_brand":[],"product_cat":[27],"product_tag":[],"class_list":{"0":"post-2110","1":"product","2":"type-product","3":"status-publish","4":"has-post-thumbnail","6":"product_cat-wholesale-stainless-steel-bathroom-vanity-cabinets","8":"first","9":"instock","10":"shipping-taxable","11":"product-type-simple"},"acf":[],"_links":{"self":[{"href":"https:\/\/www.shouyasanitary.com\/es\/wp-json\/wp\/v2\/product\/2110","targetHints":{"allow":["GET"]}}],"collection":[{"href":"https:\/\/www.shouyasanitary.com\/es\/wp-json\/wp\/v2\/product"}],"about":[{"href":"https:\/\/www.shouyasanitary.com\/es\/wp-json\/wp\/v2\/types\/product"}],"replies":[{"embeddable":true,"href":"https:\/\/www.shouyasanitary.com\/es\/wp-json\/wp\/v2\/comments?post=2110"}],"wp:featuredmedia":[{"embeddable":true,"href":"https:\/\/www.shouyasanitary.com\/es\/wp-json\/wp\/v2\/media\/2111"}],"wp:attachment":[{"href":"https:\/\/www.shouyasanitary.com\/es\/wp-json\/wp\/v2\/media?parent=2110"}],"wp:term":[{"taxonomy":"product_brand","embeddable":true,"href":"https:\/\/www.shouyasanitary.com\/es\/wp-json\/wp\/v2\/product_brand?post=2110"},{"taxonomy":"product_cat","embeddable":true,"href":"https:\/\/www.shouyasanitary.com\/es\/wp-json\/wp\/v2\/product_cat?post=2110"},{"taxonomy":"product_tag","embeddable":true,"href":"https:\/\/www.shouyasanitary.com\/es\/wp-json\/wp\/v2\/product_tag?post=2110"}],"curies":[{"name":"wp","href":"https:\/\/api.w.org\/{rel}","templated":true}]}}