{"id":2114,"date":"2025-10-09T12:18:24","date_gmt":"2025-10-09T12:18:24","guid":{"rendered":"https:\/\/www.shouyasanitary.com\/?post_type=product&#038;p=2114"},"modified":"2025-10-09T12:18:26","modified_gmt":"2025-10-09T12:18:26","slug":"custom-brown-bathroom-vanity","status":"publish","type":"product","link":"https:\/\/www.shouyasanitary.com\/es\/producto\/custom-brown-bathroom-vanity\/","title":{"rendered":"Vanidad del cuarto de ba\u00f1o del marr\u00f3n de encargo, gabinete de acero inoxidable del cuarto de ba\u00f1o Floor-Standing al por mayor"},"content":{"rendered":"<div class=\"wp-block-columns is-layout-flex wp-container-core-columns-is-layout-9d6595d7 wp-block-columns-is-layout-flex\">\n<div class=\"wp-block-column is-layout-flow wp-block-column-is-layout-flow\">\n<h2 class=\"wp-block-heading\">Caracter\u00edsticas del tocador de ba\u00f1o marr\u00f3n\uff1a<\/h2>\n\n\n\n<p><strong>Combinaci\u00f3n de materiales de alta calidad:<\/strong> Presenta una combinaci\u00f3n de acero inoxidable de alta calidad y un lavabo de cer\u00e1mica. El armaz\u00f3n de acero inoxidable es robusto y duradero, resistente a la humedad y al \u00f3xido; la superficie de la pila de cer\u00e1mica es lisa, f\u00e1cil de limpiar y muy resistente a las manchas, lo que garantiza que se mantenga como nueva durante mucho tiempo y resulta adecuada para un uso muy frecuente en obras de ingenier\u00eda.<\/p>\n\n\n\n<p><strong>Estilo moderno y minimalista:<\/strong> De l\u00edneas suaves y aspecto generoso. El dise\u00f1o de pie ahorra espacio y es adecuado para la distribuci\u00f3n de espacios de ba\u00f1o en diversos proyectos de ingenier\u00eda. La forma sencilla puede integrarse perfectamente con diversos estilos de decoraci\u00f3n, mejorando el grado general del entorno del cuarto de ba\u00f1o.<\/p>\n\n\n\n<p><strong>Espacio de almacenamiento multifuncional:<\/strong> Est\u00e1 equipado con un armario de almacenamiento de gran capacidad y cajones, con particiones razonables para satisfacer las necesidades de almacenamiento de diversos art\u00edculos de ba\u00f1o. El cuerpo del gabinete de acero inoxidable se empareja con los accesorios exquisitos del hardware, abriendo y cerrando suavemente, con durabilidad fuerte, proporcionando las soluciones eficientes y ordenadas del almacenamiento del cuarto de ba\u00f1o para los clientes de la ingenier\u00eda.<\/p>\n\n\n\n<p><strong>Consideraciones de detalle humanizadas:<\/strong> La altura del lavabo de cer\u00e1mica es moderada, acorde con la ergonom\u00eda, lo que proporciona un uso c\u00f3modo. Los bordes del mueble est\u00e1n suavemente procesados para evitar golpes y lesiones. Mientras tanto, la combinaci\u00f3n de acero inoxidable y cer\u00e1mica no s\u00f3lo es hermosa, sino tambi\u00e9n f\u00e1cil de mantener, lo que reduce los costes de mantenimiento de los proyectos de ingenier\u00eda en las etapas posteriores.<\/p>\n\n\n\n<p><strong>Suministro directo de f\u00e1brica<\/strong>: La tecnolog\u00eda de producci\u00f3n de alta calidad, el estricto proceso de inspecci\u00f3n de calidad y el ciclo de entrega flexible satisfacen las necesidades de compra de grandes vol\u00famenes de hoteles, apartamentos, proyectos de ingenier\u00eda y minoristas.<\/p>\n<\/div>\n\n\n\n<div class=\"wp-block-column is-layout-flow wp-block-column-is-layout-flow\"><div class=\"wp-block-image\">\n<figure class=\"aligncenter size-full\"><img decoding=\"async\" width=\"700\" height=\"700\" src=\"https:\/\/www.shouyasanitary.com\/wp-content\/uploads\/2025\/09\/engineering-optimization-stainless-steel-bathroom-cabinet-vanity.webp\" alt=\"optimizaci\u00f3n de la ingenier\u00eda mueble de ba\u00f1o de acero inoxidable vanidad\" class=\"wp-image-2115\" style=\"object-fit:cover\" srcset=\"https:\/\/www.shouyasanitary.com\/wp-content\/uploads\/2025\/09\/engineering-optimization-stainless-steel-bathroom-cabinet-vanity.webp 700w, https:\/\/www.shouyasanitary.com\/wp-content\/uploads\/2025\/09\/engineering-optimization-stainless-steel-bathroom-cabinet-vanity-300x300.webp 300w, https:\/\/www.shouyasanitary.com\/wp-content\/uploads\/2025\/09\/engineering-optimization-stainless-steel-bathroom-cabinet-vanity-150x150.webp 150w, https:\/\/www.shouyasanitary.com\/wp-content\/uploads\/2025\/09\/engineering-optimization-stainless-steel-bathroom-cabinet-vanity-12x12.webp 12w, https:\/\/www.shouyasanitary.com\/wp-content\/uploads\/2025\/09\/engineering-optimization-stainless-steel-bathroom-cabinet-vanity-600x600.webp 600w, https:\/\/www.shouyasanitary.com\/wp-content\/uploads\/2025\/09\/engineering-optimization-stainless-steel-bathroom-cabinet-vanity-100x100.webp 100w\" sizes=\"(max-width: 700px) 100vw, 700px\" \/><\/figure>\n<\/div><\/div>\n<\/div>","protected":false},"excerpt":{"rendered":"<p>\u00a1Venta al por mayor tocador de ba\u00f1o de acero inoxidable 304 de alta calidad, armario de ba\u00f1o de acero inoxidable est\u00e1 dise\u00f1ado, que combina la est\u00e9tica y practicidad.p\u00f3ngase en contacto con nosotros para una cita y cat\u00e1logo de productos!<\/p>\n<h2>tocadores de ba\u00f1o de acero inoxidable atributos\uff1a<\/h2>\n<p><strong>Art\u00edculo No:<\/strong> SYS-4-60<strong><br \/>Material del armario:<\/strong> Acero inoxidable<br \/><strong>Color del armario: <\/strong>Marr\u00f3n<br \/><strong>Espejo: <\/strong>Espejo LED (3,5 mm\/3,8 mm), iluminaci\u00f3n tricolor, desempa\u00f1ado con un solo toque, protegido con embalaje de espuma multicapa<strong><br \/>Tipo de instalaci\u00f3n: <\/strong>Asiento en el suelo<br \/><strong>Dimensiones (L\u00d7A\u00d7H): <\/strong>60*42*65 cm<br \/><strong>Peso bruto: <\/strong>30 kg\/set<\/p>\n<h2>Personalizaci\u00f3n y servicios:<\/h2>\n<p><strong>OEM Y ODM<\/strong>: Soporte<br \/><strong>Dise\u00f1o<\/strong>: Gratis<br \/><strong>Accesorios<\/strong>: Lavabos, espejos, grifos y otros accesorios de ba\u00f1o<br \/><strong>Embalaje<\/strong>: Listo para montar<\/p>","protected":false},"featured_media":2115,"comment_status":"closed","ping_status":"closed","template":"","meta":{"_acf_changed":true},"product_brand":[],"product_cat":[27],"product_tag":[],"class_list":{"0":"post-2114","1":"product","2":"type-product","3":"status-publish","4":"has-post-thumbnail","6":"product_cat-wholesale-stainless-steel-bathroom-vanity-cabinets","8":"first","9":"instock","10":"shipping-taxable","11":"product-type-simple"},"acf":[],"_links":{"self":[{"href":"https:\/\/www.shouyasanitary.com\/es\/wp-json\/wp\/v2\/product\/2114","targetHints":{"allow":["GET"]}}],"collection":[{"href":"https:\/\/www.shouyasanitary.com\/es\/wp-json\/wp\/v2\/product"}],"about":[{"href":"https:\/\/www.shouyasanitary.com\/es\/wp-json\/wp\/v2\/types\/product"}],"replies":[{"embeddable":true,"href":"https:\/\/www.shouyasanitary.com\/es\/wp-json\/wp\/v2\/comments?post=2114"}],"wp:featuredmedia":[{"embeddable":true,"href":"https:\/\/www.shouyasanitary.com\/es\/wp-json\/wp\/v2\/media\/2115"}],"wp:attachment":[{"href":"https:\/\/www.shouyasanitary.com\/es\/wp-json\/wp\/v2\/media?parent=2114"}],"wp:term":[{"taxonomy":"product_brand","embeddable":true,"href":"https:\/\/www.shouyasanitary.com\/es\/wp-json\/wp\/v2\/product_brand?post=2114"},{"taxonomy":"product_cat","embeddable":true,"href":"https:\/\/www.shouyasanitary.com\/es\/wp-json\/wp\/v2\/product_cat?post=2114"},{"taxonomy":"product_tag","embeddable":true,"href":"https:\/\/www.shouyasanitary.com\/es\/wp-json\/wp\/v2\/product_tag?post=2114"}],"curies":[{"name":"wp","href":"https:\/\/api.w.org\/{rel}","templated":true}]}}