{"id":2178,"date":"2025-10-20T08:17:31","date_gmt":"2025-10-20T08:17:31","guid":{"rendered":"https:\/\/www.shouyasanitary.com\/?post_type=product&#038;p=2178"},"modified":"2025-10-20T08:17:33","modified_gmt":"2025-10-20T08:17:33","slug":"wholesale-bathroom-vanity-and-mirror","status":"publish","type":"product","link":"https:\/\/www.shouyasanitary.com\/es\/producto\/wholesale-bathroom-vanity-and-mirror\/","title":{"rendered":"Mayorista Tocador de Ba\u00f1o y Espejo, Wave-Patterned Gray Bathroom Cabinets Set al por mayor"},"content":{"rendered":"<div class=\"wp-block-columns is-layout-flex wp-container-core-columns-is-layout-9d6595d7 wp-block-columns-is-layout-flex\">\n<div class=\"wp-block-column is-layout-flow wp-block-column-is-layout-flow\">\n<h2 class=\"wp-block-heading\">Caracter\u00edsticas del tocador y espejo de ba\u00f1o\uff1a<\/h2>\n\n\n\n<p><strong>C\u00f3moda experiencia de uso<\/strong>: Esta mesa de tocador y lavabo de ba\u00f1o de PVC de 100CM cuenta con una amplia encimera y una c\u00f3moda altura de uso, proporcionando a los usuarios una experiencia de lavado definitiva. El dise\u00f1o ondulado de la superficie no solo a\u00f1ade profundidad visual, sino que tambi\u00e9n hace que el producto sea m\u00e1s exclusivo y atractivo.<\/p>\n\n\n\n<p><strong>Garant\u00eda de material de PVC de alta calidad<\/strong>: Fabricado con material de PVC de alta calidad, tiene un rendimiento excepcional en t\u00e9rminos de impermeabilidad y resistencia a la humedad, lo que garantiza la estabilidad a largo plazo y la vida \u00fatil del producto. Las propiedades no t\u00f3xicas y respetuosas con el medio ambiente del material de PVC tambi\u00e9n se alinean con la b\u00fasqueda de un estilo de vida saludable por parte de las familias modernas, lo que hace que este producto destaque en el mercado de los lavabos de ba\u00f1o.<\/p>\n\n\n\n<p><strong>Combinaci\u00f3n de multifuncionalidad e inteligencia<\/strong>: El dise\u00f1o del armario con espejo no s\u00f3lo proporciona un amplio espacio de almacenamiento, sino que tambi\u00e9n incorpora elementos inteligentes. La incorporaci\u00f3n de iluminaci\u00f3n LED e interruptores inteligentes de control t\u00e1ctil hace que este armario de ba\u00f1o sea m\u00e1s completo en funcionalidad, satisfaciendo las demandas de los usuarios de muebles de ba\u00f1o inteligentes y c\u00f3modos.<\/p>\n\n\n\n<p><strong>Amplios escenarios de aplicaci\u00f3n y bajo coste de mantenimiento<\/strong>: Es adecuado para renovaciones de ba\u00f1os de varios tama\u00f1os, ya sea para ba\u00f1os dom\u00e9sticos o ba\u00f1os p\u00fablicos en lugares comerciales, y puede mostrar su encanto \u00fanico.<\/p>\n<\/div>\n\n\n\n<div class=\"wp-block-column is-layout-flow wp-block-column-is-layout-flow\"><div class=\"wp-block-image\">\n<figure class=\"aligncenter size-full\"><img decoding=\"async\" width=\"700\" height=\"700\" src=\"https:\/\/www.shouyasanitary.com\/wp-content\/uploads\/2025\/09\/factory-direct-sale-pvc-100cm-bathroom-cabinet-vanity-1.webp\" alt=\"venta directa de f\u00e1brica pvc 100cm mueble de ba\u00f1o vanidad\" class=\"wp-image-2184\" style=\"object-fit:cover\" srcset=\"https:\/\/www.shouyasanitary.com\/wp-content\/uploads\/2025\/09\/factory-direct-sale-pvc-100cm-bathroom-cabinet-vanity-1.webp 700w, https:\/\/www.shouyasanitary.com\/wp-content\/uploads\/2025\/09\/factory-direct-sale-pvc-100cm-bathroom-cabinet-vanity-1-300x300.webp 300w, https:\/\/www.shouyasanitary.com\/wp-content\/uploads\/2025\/09\/factory-direct-sale-pvc-100cm-bathroom-cabinet-vanity-1-150x150.webp 150w, https:\/\/www.shouyasanitary.com\/wp-content\/uploads\/2025\/09\/factory-direct-sale-pvc-100cm-bathroom-cabinet-vanity-1-12x12.webp 12w, https:\/\/www.shouyasanitary.com\/wp-content\/uploads\/2025\/09\/factory-direct-sale-pvc-100cm-bathroom-cabinet-vanity-1-600x600.webp 600w, https:\/\/www.shouyasanitary.com\/wp-content\/uploads\/2025\/09\/factory-direct-sale-pvc-100cm-bathroom-cabinet-vanity-1-100x100.webp 100w\" sizes=\"(max-width: 700px) 100vw, 700px\" \/><\/figure>\n<\/div><\/div>\n<\/div>","protected":false},"excerpt":{"rendered":"<p>Bienvenido a la venta al por mayor de tocadores y espejos de ba\u00f1o.\u00a0<span data-leaf=\"true\"><span class=\"lb\">Dise\u00f1o de pared que ahorra espacio, material de PVC de primera calidad. Armario de espejo multifuncional con tecnolog\u00eda avanzada. Shouya ofrece servicio profesional ODM\/OEM. <\/span><\/span><span data-leaf=\"true\"><span class=\"lb\">P\u00f3ngase en contacto con nosotros para obtener presupuestos competitivos y soluciones personalizadas.<\/span><\/span><\/p>\n<h2>Atributos del tocador y el espejo\uff1a<\/h2>\n<p><strong>Art\u00edculo No: <\/strong>SY301-100<strong><br \/>Material del armario:<\/strong> PVC<br \/><strong>Color del armario:\u00a0<\/strong>Gris oscuro<br \/><strong>Espejo:<\/strong> Espejo LED (3,5 mm\/3,8 mm), iluminaci\u00f3n tricolor, desempa\u00f1ado con un solo toque, protegido con embalaje de espuma multicapa<br \/><strong>Tipo de instalaci\u00f3n:<\/strong>\u00a0Montaje en pared<br \/><strong>Dimensiones (L\u00d7A\u00d7H):<\/strong> 100*47*47 cm<br \/><strong>Peso bruto:<\/strong> 35 kg\/set<\/p>\n<h2>Personalizaci\u00f3n y servicios:<\/h2>\n<p><strong>OEM Y ODM<\/strong>: Soporte<br \/><strong>Dise\u00f1o<\/strong>: Gratis<br \/><strong>Accesorios<\/strong>: Lavabos, espejos, grifos y otros accesorios de ba\u00f1o<br \/><strong>Embalaje<\/strong>: Listo para montar<\/p>","protected":false},"featured_media":2184,"comment_status":"closed","ping_status":"closed","template":"","meta":{"_acf_changed":true},"product_brand":[],"product_cat":[24],"product_tag":[],"class_list":{"0":"post-2178","1":"product","2":"type-product","3":"status-publish","4":"has-post-thumbnail","6":"product_cat-wholesale-pvc-bathroom-vanity-cabinets","8":"first","9":"instock","10":"shipping-taxable","11":"product-type-simple"},"acf":[],"_links":{"self":[{"href":"https:\/\/www.shouyasanitary.com\/es\/wp-json\/wp\/v2\/product\/2178","targetHints":{"allow":["GET"]}}],"collection":[{"href":"https:\/\/www.shouyasanitary.com\/es\/wp-json\/wp\/v2\/product"}],"about":[{"href":"https:\/\/www.shouyasanitary.com\/es\/wp-json\/wp\/v2\/types\/product"}],"replies":[{"embeddable":true,"href":"https:\/\/www.shouyasanitary.com\/es\/wp-json\/wp\/v2\/comments?post=2178"}],"wp:featuredmedia":[{"embeddable":true,"href":"https:\/\/www.shouyasanitary.com\/es\/wp-json\/wp\/v2\/media\/2184"}],"wp:attachment":[{"href":"https:\/\/www.shouyasanitary.com\/es\/wp-json\/wp\/v2\/media?parent=2178"}],"wp:term":[{"taxonomy":"product_brand","embeddable":true,"href":"https:\/\/www.shouyasanitary.com\/es\/wp-json\/wp\/v2\/product_brand?post=2178"},{"taxonomy":"product_cat","embeddable":true,"href":"https:\/\/www.shouyasanitary.com\/es\/wp-json\/wp\/v2\/product_cat?post=2178"},{"taxonomy":"product_tag","embeddable":true,"href":"https:\/\/www.shouyasanitary.com\/es\/wp-json\/wp\/v2\/product_tag?post=2178"}],"curies":[{"name":"wp","href":"https:\/\/api.w.org\/{rel}","templated":true}]}}