{"id":2179,"date":"2025-10-20T08:17:34","date_gmt":"2025-10-20T08:17:34","guid":{"rendered":"https:\/\/www.shouyasanitary.com\/?post_type=product&#038;p=2179"},"modified":"2025-10-20T08:17:35","modified_gmt":"2025-10-20T08:17:35","slug":"wholesale-bathroom-cabinet-with-mirror","status":"publish","type":"product","link":"https:\/\/www.shouyasanitary.com\/es\/producto\/wholesale-bathroom-cabinet-with-mirror\/","title":{"rendered":"Mayorista Mueble de Ba\u00f1o con Espejo, Tocador de Ba\u00f1o Moderno de PVC de un Fregadero Gris Oscuro Personalizado"},"content":{"rendered":"<div class=\"wp-block-columns is-layout-flex wp-container-core-columns-is-layout-9d6595d7 wp-block-columns-is-layout-flex\">\n<div class=\"wp-block-column is-layout-flow wp-block-column-is-layout-flow\">\n<h2 class=\"wp-block-heading\">Caracter\u00edsticas del armario de ba\u00f1o con espejo\uff1a.<\/h2>\n\n\n\n<p><strong>Dise\u00f1o a la moda:<\/strong> Este tocador y mueble de ba\u00f1o de PVC de 80CM, con su tama\u00f1o y elegante dise\u00f1o, satisface perfectamente las necesidades de los cuartos de ba\u00f1o de peque\u00f1o tama\u00f1o o de las habitaciones de invitados. El dise\u00f1o integrado del armario con espejo y el lavabo no s\u00f3lo ahorra espacio, sino que tambi\u00e9n aporta un toque moderno. Es una elecci\u00f3n ideal que combina rentabilidad y est\u00e9tica.<\/p>\n\n\n\n<p><strong>Excelente rendimiento del material de PVC<\/strong>: Utilizando PVC de alta calidad como material principal para el lavabo del ba\u00f1o, este producto exhibe excelentes propiedades impermeables y a prueba de humedad, manteniendo la estabilidad incluso en ambientes h\u00famedos a largo plazo. La facilidad de procesamiento del PVC permite un dise\u00f1o m\u00e1s flexible del producto, al tiempo que garantiza una superficie lisa y una f\u00e1cil limpieza, proporcionando a los usuarios una c\u00f3moda experiencia de uso.<\/p>\n\n\n\n<p><strong>Funci\u00f3n de armario con espejo inteligente<\/strong>: El armario con espejo no s\u00f3lo ofrece un claro reflejo de espejo, sino que tambi\u00e9n incorpora un sistema de iluminaci\u00f3n LED, que a\u00f1ade un toque de tecnolog\u00eda al cuarto de ba\u00f1o. El interruptor t\u00e1ctil inteligente hace que el manejo sea m\u00e1s c\u00f3modo. Al mismo tiempo, el espacio de almacenamiento dentro del armario con espejo resuelve eficazmente el problema de almacenamiento en el ba\u00f1o, manteniendo los art\u00edculos de aseo en orden y cumpliendo con los altos requisitos de las familias modernas en cuanto a la funcionalidad de los muebles de ba\u00f1o.<\/p>\n\n\n\n<p><strong>F\u00e1cil instalaci\u00f3n<\/strong>: El dise\u00f1o del producto tiene en cuenta la facilidad de instalaci\u00f3n, permitiendo un montaje r\u00e1pido sin complejos procesos de construcci\u00f3n. <\/p>\n\n\n\n<p><strong> Amplia aplicabilidad<\/strong>: Ya sea para uso dom\u00e9stico o en lugares comerciales como hoteles, apartamentos, etc., puede integrarse perfectamente y convertirse en una opci\u00f3n popular en el mercado de los lavabos de ba\u00f1o.<\/p>\n<\/div>\n\n\n\n<div class=\"wp-block-column is-layout-flow wp-block-column-is-layout-flow\"><div class=\"wp-block-image\">\n<figure class=\"aligncenter size-full\"><img decoding=\"async\" width=\"700\" height=\"700\" src=\"https:\/\/www.shouyasanitary.com\/wp-content\/uploads\/2025\/09\/wholesale-supply-pvc-bathroom-cabinet-vanity.webp\" alt=\"suministro al por mayor de pvc mueble de ba\u00f1o vanidad\" class=\"wp-image-2180\" style=\"object-fit:cover\" srcset=\"https:\/\/www.shouyasanitary.com\/wp-content\/uploads\/2025\/09\/wholesale-supply-pvc-bathroom-cabinet-vanity.webp 700w, https:\/\/www.shouyasanitary.com\/wp-content\/uploads\/2025\/09\/wholesale-supply-pvc-bathroom-cabinet-vanity-300x300.webp 300w, https:\/\/www.shouyasanitary.com\/wp-content\/uploads\/2025\/09\/wholesale-supply-pvc-bathroom-cabinet-vanity-150x150.webp 150w, https:\/\/www.shouyasanitary.com\/wp-content\/uploads\/2025\/09\/wholesale-supply-pvc-bathroom-cabinet-vanity-12x12.webp 12w, https:\/\/www.shouyasanitary.com\/wp-content\/uploads\/2025\/09\/wholesale-supply-pvc-bathroom-cabinet-vanity-600x600.webp 600w, https:\/\/www.shouyasanitary.com\/wp-content\/uploads\/2025\/09\/wholesale-supply-pvc-bathroom-cabinet-vanity-100x100.webp 100w\" sizes=\"(max-width: 700px) 100vw, 700px\" \/><\/figure>\n<\/div><\/div>\n<\/div>","protected":false},"excerpt":{"rendered":"<p>Mueble de ba\u00f1o con espejo al por mayor, de aspecto gris oscuro es sencillo. El material de PVC de alta calidad es impermeable y duradero, y el dise\u00f1o montado en la pared ahorra espacio. El armario con espejo est\u00e1 equipado con luces para facilitar el lavado y uso diario. Es una opci\u00f3n rentable para un proyecto de ba\u00f1o. \u00a1Bienvenido a preguntar!<\/p>\n<h2>Mueble de ba\u00f1o con espejo Atributos\uff1a<\/h2>\n<p><strong>Art\u00edculo No: <\/strong>SY301-80<strong><br \/>Material del armario:<\/strong> PVC<br \/><strong>Color del armario:\u00a0<\/strong>Gris oscuro<br \/><strong>Espejo:<\/strong> Espejo LED (3,5 mm\/3,8 mm), iluminaci\u00f3n tricolor, desempa\u00f1ado con un solo toque, protegido con embalaje de espuma multicapa<br \/><strong>Tipo de instalaci\u00f3n:<\/strong>\u00a0Montaje en pared<br \/><strong>Dimensiones (L\u00d7A\u00d7H):<\/strong> 80*47*47 cm<br \/><strong>Peso bruto:<\/strong> 30 kg\/set<\/p>\n<h2>Personalizaci\u00f3n y servicios:<\/h2>\n<p><strong>OEM Y ODM<\/strong>: Soporte<br \/><strong>Dise\u00f1o<\/strong>: Gratis<br \/><strong>Accesorios<\/strong>: Lavabos, espejos, grifos y otros accesorios de ba\u00f1o<br \/><strong>Embalaje<\/strong>: Listo para montar<\/p>","protected":false},"featured_media":2180,"comment_status":"closed","ping_status":"closed","template":"","meta":{"_acf_changed":true},"product_brand":[],"product_cat":[24],"product_tag":[],"class_list":{"0":"post-2179","1":"product","2":"type-product","3":"status-publish","4":"has-post-thumbnail","6":"product_cat-wholesale-pvc-bathroom-vanity-cabinets","8":"first","9":"instock","10":"shipping-taxable","11":"product-type-simple"},"acf":[],"_links":{"self":[{"href":"https:\/\/www.shouyasanitary.com\/es\/wp-json\/wp\/v2\/product\/2179","targetHints":{"allow":["GET"]}}],"collection":[{"href":"https:\/\/www.shouyasanitary.com\/es\/wp-json\/wp\/v2\/product"}],"about":[{"href":"https:\/\/www.shouyasanitary.com\/es\/wp-json\/wp\/v2\/types\/product"}],"replies":[{"embeddable":true,"href":"https:\/\/www.shouyasanitary.com\/es\/wp-json\/wp\/v2\/comments?post=2179"}],"wp:featuredmedia":[{"embeddable":true,"href":"https:\/\/www.shouyasanitary.com\/es\/wp-json\/wp\/v2\/media\/2180"}],"wp:attachment":[{"href":"https:\/\/www.shouyasanitary.com\/es\/wp-json\/wp\/v2\/media?parent=2179"}],"wp:term":[{"taxonomy":"product_brand","embeddable":true,"href":"https:\/\/www.shouyasanitary.com\/es\/wp-json\/wp\/v2\/product_brand?post=2179"},{"taxonomy":"product_cat","embeddable":true,"href":"https:\/\/www.shouyasanitary.com\/es\/wp-json\/wp\/v2\/product_cat?post=2179"},{"taxonomy":"product_tag","embeddable":true,"href":"https:\/\/www.shouyasanitary.com\/es\/wp-json\/wp\/v2\/product_tag?post=2179"}],"curies":[{"name":"wp","href":"https:\/\/api.w.org\/{rel}","templated":true}]}}