{"id":2187,"date":"2025-11-03T09:16:23","date_gmt":"2025-11-03T09:16:23","guid":{"rendered":"https:\/\/www.shouyasanitary.com\/?post_type=product&#038;p=2187"},"modified":"2025-11-03T09:16:26","modified_gmt":"2025-11-03T09:16:26","slug":"custom-bathroom-cabinet-with-mirror","status":"publish","type":"product","link":"https:\/\/www.shouyasanitary.com\/es\/producto\/custom-bathroom-cabinet-with-mirror\/","title":{"rendered":"Mueble de ba\u00f1o a medida con espejo Acabado gr\u00e1fico 3D Dise\u00f1o montado en la pared a granel"},"content":{"rendered":"<div class=\"wp-block-columns is-layout-flex wp-container-core-columns-is-layout-9d6595d7 wp-block-columns-is-layout-flex\">\n<div class=\"wp-block-column is-layout-flow wp-block-column-is-layout-flow\">\n<h2 class=\"wp-block-heading\">Caracter\u00edsticas del armario de ba\u00f1o con espejo\uff1a.<\/h2>\n\n\n\n<p><strong>Material Gourmet<\/strong>: El avanzado material de PVC cuenta con capacidades impermeables y a prueba de humedad, que pueden soportar directamente el ambiente h\u00famedo del ba\u00f1o con eficacia. Nunca se deformar\u00e1, pudrir\u00e1 u oxidar\u00e1 a largo plazo, con una mayor durabilidad.<\/p>\n\n\n\n<p><strong>Estilo mural:<\/strong> Anula el espacio de suelo que ocupa el mueble de ba\u00f1o de pie tradicional, lo que hace que el suelo del ba\u00f1o sea m\u00e1s espacioso y limpio. Tambi\u00e9n facilita la limpieza y reduce el espacio muerto.<\/p>\n\n\n\n<p><strong>Armario con espejos de gran capacidad:<\/strong> El amplio armario con espejo superior cuenta con un espejo luminoso y soleado perfecto para el aseo matutino y nocturno. Su espacioso interior permite guardar una colecci\u00f3n de art\u00edculos de aseo, cuidado de la piel y cosm\u00e9ticos, y ofrece un acceso f\u00e1cil y ordenado.<\/p>\n\n\n\n<p><strong>Estilo elegante:<\/strong> Con un dise\u00f1o gr\u00e1fico en 3D, l\u00edneas n\u00edtidas y limpias, el aspecto general se ve realzado por el exclusivo dise\u00f1o texturizado que incorpora un elemento de estilo y sofisticaci\u00f3n, sin ninguna dificultad para realzar cualquier estilo de ba\u00f1o.<\/p>\n\n\n\n<p><strong>Almacenamiento \u00f3ptimo:<\/strong> El armario inferior dispone de varios espacios de almacenamiento para guardar de forma segura tanto los objetos de uso frecuente como los de uso menos frecuente, en funci\u00f3n de las diversas necesidades de almacenamiento.<\/p>\n\n\n\n<p><strong>Herrajes de alta calidad:<\/strong> Incorpore accesorios de ferreter\u00eda de alta calidad, como bisagras y tiradores que se abran y cierren con facilidad y sean duraderos, lo que contribuye a la calidad general del producto y a su facilidad de uso.<\/p>\n<\/div>\n\n\n\n<div class=\"wp-block-column is-layout-flow wp-block-column-is-layout-flow\"><div class=\"wp-block-image\">\n<figure class=\"aligncenter size-full\"><img decoding=\"async\" width=\"700\" height=\"700\" src=\"https:\/\/www.shouyasanitary.com\/wp-content\/uploads\/2025\/09\/Wholesale-of-Bathroom-Cabinet.webp\" alt=\"Mayorista de Armarios de Ba\u00f1o\" class=\"wp-image-2192\" style=\"object-fit:cover\" srcset=\"https:\/\/www.shouyasanitary.com\/wp-content\/uploads\/2025\/09\/Wholesale-of-Bathroom-Cabinet.webp 700w, https:\/\/www.shouyasanitary.com\/wp-content\/uploads\/2025\/09\/Wholesale-of-Bathroom-Cabinet-300x300.webp 300w, https:\/\/www.shouyasanitary.com\/wp-content\/uploads\/2025\/09\/Wholesale-of-Bathroom-Cabinet-150x150.webp 150w, https:\/\/www.shouyasanitary.com\/wp-content\/uploads\/2025\/09\/Wholesale-of-Bathroom-Cabinet-12x12.webp 12w, https:\/\/www.shouyasanitary.com\/wp-content\/uploads\/2025\/09\/Wholesale-of-Bathroom-Cabinet-600x600.webp 600w, https:\/\/www.shouyasanitary.com\/wp-content\/uploads\/2025\/09\/Wholesale-of-Bathroom-Cabinet-100x100.webp 100w\" sizes=\"(max-width: 700px) 100vw, 700px\" \/><\/figure>\n<\/div><\/div>\n<\/div>","protected":false},"excerpt":{"rendered":"<p>Armario de ba\u00f1o a medida con espejo, fabricado en PVC impermeable y resistente a la humedad, de dise\u00f1o montado en la pared, cuenta con un espacioso armario con espejo y una pr\u00e1ctica zona de almacenamiento. Su aspecto elegante complementa una variedad de estilos y es la opci\u00f3n ideal para crear un cuarto de ba\u00f1o limpio y hermoso. Ofrecemos una soluci\u00f3n sanitaria integral para el cuarto de ba\u00f1o. P\u00f3ngase en contacto con nosotros.<\/p>\n<h2>Mueble de ba\u00f1o con espejo Atributos\uff1a<\/h2>\n<p><strong>Art\u00edculo No: <\/strong>SY302-80<strong><br \/>Material del armario:<\/strong> PVC<br \/><strong>Color del armario:\u00a0<\/strong>Verde claro<br \/><strong>Espejo:<\/strong> Espejo LED (3,5 mm\/3,8 mm), iluminaci\u00f3n tricolor, desempa\u00f1ado con un solo toque, protegido con embalaje de espuma multicapa<br \/><strong>Tipo de instalaci\u00f3n:<\/strong>\u00a0Montaje en pared<br \/><strong>Dimensiones (L\u00d7A\u00d7H):<\/strong> 80*47*45 cm<br \/><strong>Peso bruto:<\/strong> 32 kg\/set<\/p>\n<h2>Personalizaci\u00f3n y servicios:<\/h2>\n<p><strong>OEM Y ODM<\/strong>: Soporte<br \/><strong>Dise\u00f1o<\/strong>: Gratis<br \/><strong>Accesorios<\/strong>: Lavabos, espejos, grifos y otros accesorios de ba\u00f1o<br \/><strong>Embalaje<\/strong>: Listo para montar<\/p>","protected":false},"featured_media":2192,"comment_status":"closed","ping_status":"closed","template":"","meta":{"_acf_changed":true},"product_brand":[],"product_cat":[24],"product_tag":[],"class_list":{"0":"post-2187","1":"product","2":"type-product","3":"status-publish","4":"has-post-thumbnail","6":"product_cat-wholesale-pvc-bathroom-vanity-cabinets","8":"first","9":"instock","10":"shipping-taxable","11":"product-type-simple"},"acf":[],"_links":{"self":[{"href":"https:\/\/www.shouyasanitary.com\/es\/wp-json\/wp\/v2\/product\/2187","targetHints":{"allow":["GET"]}}],"collection":[{"href":"https:\/\/www.shouyasanitary.com\/es\/wp-json\/wp\/v2\/product"}],"about":[{"href":"https:\/\/www.shouyasanitary.com\/es\/wp-json\/wp\/v2\/types\/product"}],"replies":[{"embeddable":true,"href":"https:\/\/www.shouyasanitary.com\/es\/wp-json\/wp\/v2\/comments?post=2187"}],"wp:featuredmedia":[{"embeddable":true,"href":"https:\/\/www.shouyasanitary.com\/es\/wp-json\/wp\/v2\/media\/2192"}],"wp:attachment":[{"href":"https:\/\/www.shouyasanitary.com\/es\/wp-json\/wp\/v2\/media?parent=2187"}],"wp:term":[{"taxonomy":"product_brand","embeddable":true,"href":"https:\/\/www.shouyasanitary.com\/es\/wp-json\/wp\/v2\/product_brand?post=2187"},{"taxonomy":"product_cat","embeddable":true,"href":"https:\/\/www.shouyasanitary.com\/es\/wp-json\/wp\/v2\/product_cat?post=2187"},{"taxonomy":"product_tag","embeddable":true,"href":"https:\/\/www.shouyasanitary.com\/es\/wp-json\/wp\/v2\/product_tag?post=2187"}],"curies":[{"name":"wp","href":"https:\/\/api.w.org\/{rel}","templated":true}]}}