{"id":2188,"date":"2025-11-03T09:16:26","date_gmt":"2025-11-03T09:16:26","guid":{"rendered":"https:\/\/www.shouyasanitary.com\/?post_type=product&#038;p=2188"},"modified":"2025-11-03T09:16:28","modified_gmt":"2025-11-03T09:16:28","slug":"oem-small-bathroom-vanity-with-sink","status":"publish","type":"product","link":"https:\/\/www.shouyasanitary.com\/es\/producto\/oem-small-bathroom-vanity-with-sink\/","title":{"rendered":"OEM Peque\u00f1o tocador de ba\u00f1o con lavabo, gabinete de ba\u00f1o de PVC verde claro al por mayor"},"content":{"rendered":"<div class=\"wp-block-columns is-layout-flex wp-container-core-columns-is-layout-9d6595d7 wp-block-columns-is-layout-flex\">\n<div class=\"wp-block-column is-layout-flow wp-block-column-is-layout-flow\">\n<h2 class=\"wp-block-heading\">Peque\u00f1o tocador de ba\u00f1o con fregadero Caracter\u00edsticas\uff1a<\/h2>\n\n\n\n<p><strong>Materia de PVC de alta calidad<\/strong>l: Fabricado con material de PVC duradero de alta calidad, el armario de ba\u00f1o flotante de pared cuenta con caracter\u00edsticas de impermeabilidad y resistencia a la humedad de alto nivel, ideal para ba\u00f1os h\u00famedos. F\u00e1cil de limpiar y ligero, dura a\u00f1os con un mantenimiento m\u00ednimo.<\/p>\n\n\n\n<p><strong>Dise\u00f1o mural inteligente<\/strong>: El estilo flotante montado en la pared ahorra espacio y facilita la limpieza. Proporciona m\u00e1s apertura en el cuarto de ba\u00f1o sin renunciar al mismo aspecto elegante y moderno, muy adecuado tanto para cuartos de ba\u00f1o peque\u00f1os como grandes.<\/p>\n\n\n\n<p><strong>Armario con espejo funcional<\/strong>: Con un armario con espejo LED incorporado, proporciona una luz cristalina para el aseo diario, as\u00ed como espacio de almacenamiento oculto adicional para los art\u00edculos de aseo personal.<\/p>\n\n\n\n<p><strong>Fregadero de cer\u00e1mica empotrado:<\/strong> F\u00e1cil de limpiar, suave y c\u00f3modo.<\/p>\n\n\n\n<p><strong>Acabado moderno verde claro<\/strong>: El revitalizante tono verde claro proporciona una sensaci\u00f3n de vitalidad y elegancia contempor\u00e1nea a cualquier cuarto de ba\u00f1o, seguro que atraer\u00e1 a los clientes que buscan algo nuevo y vanguardista en el dise\u00f1o de interiores.<\/p>\n\n\n\n<p><strong>Personalizaci\u00f3n OEM\/ODM<\/strong>: Disponible para personalizaci\u00f3n completa OEM\/ODM en color, tama\u00f1o, iluminaci\u00f3n y dise\u00f1o del espejo para adaptarse a los distintos requisitos del proyecto. Ideal para mayoristas, contratistas y proyectos de apartamentos u hoteles que requieran soluciones de ba\u00f1o duraderas, visualmente atractivas y funcionales.<\/p>\n<\/div>\n\n\n\n<div class=\"wp-block-column is-layout-flow wp-block-column-is-layout-flow\"><div class=\"wp-block-image\">\n<figure class=\"aligncenter size-full\"><img decoding=\"async\" width=\"700\" height=\"700\" src=\"https:\/\/www.shouyasanitary.com\/wp-content\/uploads\/2025\/09\/Wholesale-Bathroom-Vanity-Cabinet.webp\" alt=\"Mayorista Armario de Ba\u00f1o\" class=\"wp-image-2189\" style=\"object-fit:cover\" srcset=\"https:\/\/www.shouyasanitary.com\/wp-content\/uploads\/2025\/09\/Wholesale-Bathroom-Vanity-Cabinet.webp 700w, https:\/\/www.shouyasanitary.com\/wp-content\/uploads\/2025\/09\/Wholesale-Bathroom-Vanity-Cabinet-300x300.webp 300w, https:\/\/www.shouyasanitary.com\/wp-content\/uploads\/2025\/09\/Wholesale-Bathroom-Vanity-Cabinet-150x150.webp 150w, https:\/\/www.shouyasanitary.com\/wp-content\/uploads\/2025\/09\/Wholesale-Bathroom-Vanity-Cabinet-12x12.webp 12w, https:\/\/www.shouyasanitary.com\/wp-content\/uploads\/2025\/09\/Wholesale-Bathroom-Vanity-Cabinet-600x600.webp 600w, https:\/\/www.shouyasanitary.com\/wp-content\/uploads\/2025\/09\/Wholesale-Bathroom-Vanity-Cabinet-100x100.webp 100w\" sizes=\"(max-width: 700px) 100vw, 700px\" \/><\/figure>\n<\/div><\/div>\n<\/div>","protected":false},"excerpt":{"rendered":"<p>El tocador de ba\u00f1o peque\u00f1o con lavabo OEM presenta un dise\u00f1o gr\u00e1fico en 3D, un armario con espejo LED, un lavabo de cer\u00e1mica, un acabado en verde claro, material de PVC y un dise\u00f1o colgado de la pared. Impermeable, duradero y ahorra espacio, es ideal para proyectos modernos. Suministrado por el fabricante Shouya a precio de mayorista. \u00a1Cons\u00faltenos ahora!<\/p>\n<h2>Peque\u00f1o tocador de ba\u00f1o con lavabo atributos\uff1a<\/h2>\n<p><strong>Art\u00edculo No:\u00a0<\/strong>SY302-60<strong><br \/>Material del armario:<\/strong> PVC<br \/><strong>Color del armario:\u00a0<\/strong>Verde claro<br \/><strong>Espejo:<\/strong> Espejo LED (3,5 mm\/3,8 mm), iluminaci\u00f3n tricolor, desempa\u00f1ado con un solo toque, protegido con embalaje de espuma multicapa<br \/><strong>Tipo de instalaci\u00f3n:<\/strong>\u00a0Montaje en pared<br \/><strong>Dimensiones (L\u00d7A\u00d7H):<\/strong> 60*47*45 cm<br \/><strong>Peso bruto:<\/strong> 28kg\/set<\/p>\n<h2>Personalizaci\u00f3n y servicios:<\/h2>\n<p><strong>OEM Y ODM<\/strong>: Soporte<br \/><strong>Dise\u00f1o<\/strong>: Gratis<br \/><strong>Accesorios<\/strong>: Lavabos, espejos, grifos y otros accesorios de ba\u00f1o<br \/><strong>Embalaje<\/strong>: Listo para montar<\/p>","protected":false},"featured_media":2189,"comment_status":"closed","ping_status":"closed","template":"","meta":{"_acf_changed":true},"product_brand":[],"product_cat":[24],"product_tag":[],"class_list":{"0":"post-2188","1":"product","2":"type-product","3":"status-publish","4":"has-post-thumbnail","6":"product_cat-wholesale-pvc-bathroom-vanity-cabinets","8":"first","9":"instock","10":"shipping-taxable","11":"product-type-simple"},"acf":[],"_links":{"self":[{"href":"https:\/\/www.shouyasanitary.com\/es\/wp-json\/wp\/v2\/product\/2188","targetHints":{"allow":["GET"]}}],"collection":[{"href":"https:\/\/www.shouyasanitary.com\/es\/wp-json\/wp\/v2\/product"}],"about":[{"href":"https:\/\/www.shouyasanitary.com\/es\/wp-json\/wp\/v2\/types\/product"}],"replies":[{"embeddable":true,"href":"https:\/\/www.shouyasanitary.com\/es\/wp-json\/wp\/v2\/comments?post=2188"}],"wp:featuredmedia":[{"embeddable":true,"href":"https:\/\/www.shouyasanitary.com\/es\/wp-json\/wp\/v2\/media\/2189"}],"wp:attachment":[{"href":"https:\/\/www.shouyasanitary.com\/es\/wp-json\/wp\/v2\/media?parent=2188"}],"wp:term":[{"taxonomy":"product_brand","embeddable":true,"href":"https:\/\/www.shouyasanitary.com\/es\/wp-json\/wp\/v2\/product_brand?post=2188"},{"taxonomy":"product_cat","embeddable":true,"href":"https:\/\/www.shouyasanitary.com\/es\/wp-json\/wp\/v2\/product_cat?post=2188"},{"taxonomy":"product_tag","embeddable":true,"href":"https:\/\/www.shouyasanitary.com\/es\/wp-json\/wp\/v2\/product_tag?post=2188"}],"curies":[{"name":"wp","href":"https:\/\/api.w.org\/{rel}","templated":true}]}}