{"id":2195,"date":"2025-11-03T09:16:28","date_gmt":"2025-11-03T09:16:28","guid":{"rendered":"https:\/\/www.shouyasanitary.com\/?post_type=product&#038;p=2195"},"modified":"2025-11-03T09:16:31","modified_gmt":"2025-11-03T09:16:31","slug":"wholesale-bathroom-vanity-floating","status":"publish","type":"product","link":"https:\/\/www.shouyasanitary.com\/es\/producto\/wholesale-bathroom-vanity-floating\/","title":{"rendered":"Mayorista Ba\u00f1o Vanidad Pizarra Flotante Espejo Armario para Hotel"},"content":{"rendered":"<div class=\"wp-block-columns is-layout-flex wp-container-core-columns-is-layout-9d6595d7 wp-block-columns-is-layout-flex\">\n<div class=\"wp-block-column is-layout-flow wp-block-column-is-layout-flow\">\n<h2 class=\"wp-block-heading\">Caracter\u00edsticas flotantes del tocador del cuarto de ba\u00f1o\uff1a<\/h2>\n\n\n\n<p><strong>Material de placa de roca de primera calidad<\/strong>: Fabricado a partir de una placa de roca de alta calidad, el mueble de ba\u00f1o ofrece una resistencia superior a los ara\u00f1azos, las manchas y el calor. Su contraste en blanco y negro ofrece una est\u00e9tica moderna y lujosa, al tiempo que garantiza una larga durabilidad para uso residencial o comercial.<\/p>\n\n\n\n<p><strong>Espejo integrado y dise\u00f1o funcional<\/strong>: El espejo LED sin marco proporciona una iluminaci\u00f3n clara y suave para las rutinas diarias. El dise\u00f1o suspendido en la pared maximiza el espacio del suelo y facilita la limpieza, mientras que el fregadero de placa de roca lisa garantiza un f\u00e1cil mantenimiento. El almacenamiento oculto mantiene la zona ordenada y organizada.<\/p>\n\n\n\n<p><strong>Ahorro de espacio y atractivo moderno<\/strong>: La estructura flotante y el estante inferior abierto realzan la comodidad y el minimalismo moderno, perfecto para cuartos de ba\u00f1o compactos o interiores de alta gama.<\/p>\n\n\n\n<p><strong>Ideal para proyectos de ba\u00f1o<\/strong>: Adecuado para hoteles, apartamentos y proyectos de renovaci\u00f3n. Ofrece personalizaci\u00f3n OEM\/ODM en tama\u00f1o, color, iluminaci\u00f3n y opciones de espejo para satisfacer las diversas necesidades de los proyectos.<\/p>\n<\/div>\n\n\n\n<div class=\"wp-block-column is-layout-flow wp-block-column-is-layout-flow\"><div class=\"wp-block-image\">\n<figure class=\"aligncenter size-full\"><img decoding=\"async\" width=\"700\" height=\"700\" src=\"https:\/\/www.shouyasanitary.com\/wp-content\/uploads\/2025\/09\/Wholesale-Vanity.webp\" alt=\"Vanidad al por mayor\" class=\"wp-image-2202\" style=\"object-fit:cover\" srcset=\"https:\/\/www.shouyasanitary.com\/wp-content\/uploads\/2025\/09\/Wholesale-Vanity.webp 700w, https:\/\/www.shouyasanitary.com\/wp-content\/uploads\/2025\/09\/Wholesale-Vanity-300x300.webp 300w, https:\/\/www.shouyasanitary.com\/wp-content\/uploads\/2025\/09\/Wholesale-Vanity-150x150.webp 150w, https:\/\/www.shouyasanitary.com\/wp-content\/uploads\/2025\/09\/Wholesale-Vanity-12x12.webp 12w, https:\/\/www.shouyasanitary.com\/wp-content\/uploads\/2025\/09\/Wholesale-Vanity-600x600.webp 600w, https:\/\/www.shouyasanitary.com\/wp-content\/uploads\/2025\/09\/Wholesale-Vanity-100x100.webp 100w\" sizes=\"(max-width: 700px) 100vw, 700px\" \/><\/figure>\n<\/div><\/div>\n<\/div>","protected":false},"excerpt":{"rendered":"<p>Mayorista tocador de ba\u00f1o flotante, moderno dise\u00f1o de pizarra de roca en blanco y negro, estructura colgada de la pared con espejo LED. Durable, elegante y f\u00e1cil de limpiar, ideal para proyectos residenciales y comerciales con plena personalizaci\u00f3n OEM \/ ODM. \u00a1P\u00f3ngase en contacto con nosotros ahora para obtener cotizaciones!<\/p>\n<h2>Atributos flotantes del tocador\uff1a<\/h2>\n<p><strong>N\u00ba de art\u00edculo<\/strong>: ZJ1301-80<br \/><strong>Material del armario<\/strong>: M\u00e1rmol <br \/><strong>Color del armario<\/strong>: Blanco y negro<br \/><strong>Espejo<\/strong>: Espejo LED (3,5 mm \/ 3,8 mm), iluminaci\u00f3n tricolor, desempa\u00f1ado con un solo toque, protegido con embalaje de espuma multicapa <br \/><strong>Tipo de instalaci\u00f3n<\/strong>: Montaje en pared <br \/><strong>Dimensiones (L \u00d7 A \u00d7 A)<\/strong>: 80 \u00d7 47 \u00d7 14,5 cm <br \/><strong>Peso bruto<\/strong>: 30 kg\/set<\/p>\n<h2>Personalizaci\u00f3n y servicios:<\/h2>\n<p><strong>OEM Y ODM<\/strong>: Soporte<br \/><strong>Dise\u00f1o<\/strong>: Gratis<br \/><strong>Accesorios<\/strong>: Lavabos, espejos, grifos y otros accesorios de ba\u00f1o<br \/><strong>Embalaje<\/strong>: Listo para montar<\/p>","protected":false},"featured_media":2202,"comment_status":"closed","ping_status":"closed","template":"","meta":{"_acf_changed":true},"product_brand":[],"product_cat":[22],"product_tag":[],"class_list":{"0":"post-2195","1":"product","2":"type-product","3":"status-publish","4":"has-post-thumbnail","6":"product_cat-wholesale-marble-bathroom-vanity-cabinets","8":"first","9":"instock","10":"shipping-taxable","11":"product-type-simple"},"acf":[],"_links":{"self":[{"href":"https:\/\/www.shouyasanitary.com\/es\/wp-json\/wp\/v2\/product\/2195","targetHints":{"allow":["GET"]}}],"collection":[{"href":"https:\/\/www.shouyasanitary.com\/es\/wp-json\/wp\/v2\/product"}],"about":[{"href":"https:\/\/www.shouyasanitary.com\/es\/wp-json\/wp\/v2\/types\/product"}],"replies":[{"embeddable":true,"href":"https:\/\/www.shouyasanitary.com\/es\/wp-json\/wp\/v2\/comments?post=2195"}],"wp:featuredmedia":[{"embeddable":true,"href":"https:\/\/www.shouyasanitary.com\/es\/wp-json\/wp\/v2\/media\/2202"}],"wp:attachment":[{"href":"https:\/\/www.shouyasanitary.com\/es\/wp-json\/wp\/v2\/media?parent=2195"}],"wp:term":[{"taxonomy":"product_brand","embeddable":true,"href":"https:\/\/www.shouyasanitary.com\/es\/wp-json\/wp\/v2\/product_brand?post=2195"},{"taxonomy":"product_cat","embeddable":true,"href":"https:\/\/www.shouyasanitary.com\/es\/wp-json\/wp\/v2\/product_cat?post=2195"},{"taxonomy":"product_tag","embeddable":true,"href":"https:\/\/www.shouyasanitary.com\/es\/wp-json\/wp\/v2\/product_tag?post=2195"}],"curies":[{"name":"wp","href":"https:\/\/api.w.org\/{rel}","templated":true}]}}