{"id":2196,"date":"2025-11-03T09:16:20","date_gmt":"2025-11-03T09:16:20","guid":{"rendered":"https:\/\/www.shouyasanitary.com\/?post_type=product&#038;p=2196"},"modified":"2025-11-03T09:16:23","modified_gmt":"2025-11-03T09:16:23","slug":"custom-cabinet-white-bathroom","status":"publish","type":"product","link":"https:\/\/www.shouyasanitary.com\/es\/producto\/custom-cabinet-white-bathroom\/","title":{"rendered":"Armario a Medida Ba\u00f1o Blanco Pizarra Roca M\u00e1rmol Flotante Armario Sencillo a Granel"},"content":{"rendered":"<div class=\"wp-block-columns is-layout-flex wp-container-core-columns-is-layout-9d6595d7 wp-block-columns-is-layout-flex\">\n<div class=\"wp-block-column is-layout-flow wp-block-column-is-layout-flow\">\n<h2 class=\"wp-block-heading\">Gabinete Blanco Caracter\u00edsticas del ba\u00f1o:<\/h2>\n\n\n\n<p><strong>Elegante y minimalista<\/strong>: Las l\u00edneas limpias y curvas crean un aspecto moderno y minimalista, que combina f\u00e1cilmente con cualquier estilo de ba\u00f1o, desde el n\u00f3rdico m\u00e1s puro al industrial, pasando por el lujo m\u00e1s chic.<\/p>\n\n\n\n<p><strong>Montaje en pared<\/strong>: El exclusivo dise\u00f1o de montaje en pared elimina espacio en el suelo, creando un ba\u00f1o m\u00e1s amplio y ordenado a la vez que facilita la limpieza diaria.<\/p>\n\n\n\n<p><strong>Material de pizarra de alta calidad<\/strong>: Tanto el mueble como la encimera est\u00e1n fabricados con pizarra de alta calidad, que presenta una excelente resistencia al desgaste, a la corrosi\u00f3n y a las manchas, exhibiendo un acabado duradero y resistente. La superficie plana y lisa es f\u00e1cil de limpiar, eliminando r\u00e1pidamente las manchas y el agua con una sola pasada.<\/p>\n\n\n\n<p><strong>Moldeo integrado<\/strong>: El armario y la encimera se integran juntos, lo que proporciona un aspecto bello y elegante a la vez que aporta estabilidad estructural general y evita eficazmente la suciedad y las fugas.<\/p>\n\n\n\n<p><strong>Detalles delicados:<\/strong> Los bordes se pulen con delicadeza para ofrecer un acabado redondeado y liso, resistente a ara\u00f1azos y desperfectos, testimonio de calidad y meticulosa atenci\u00f3n al detalle. Una estanter\u00eda o un armario con espejo bien dise\u00f1ados disponen de amplio espacio para guardar art\u00edculos de tocador y cosm\u00e9ticos, manteniendo en orden los elementos esenciales del cuarto de ba\u00f1o.<\/p>\n<\/div>\n\n\n\n<div class=\"wp-block-column is-layout-flow wp-block-column-is-layout-flow\"><div class=\"wp-block-image\">\n<figure class=\"aligncenter size-full\"><img decoding=\"async\" width=\"700\" height=\"700\" src=\"https:\/\/www.shouyasanitary.com\/wp-content\/uploads\/2025\/09\/Bulk-Purchases-Batnroom-Vanity-Cabinet.webp\" alt=\"Compras al por mayor Batnroom Vanity Cabinet\" class=\"wp-image-2197\" style=\"object-fit:cover\" srcset=\"https:\/\/www.shouyasanitary.com\/wp-content\/uploads\/2025\/09\/Bulk-Purchases-Batnroom-Vanity-Cabinet.webp 700w, https:\/\/www.shouyasanitary.com\/wp-content\/uploads\/2025\/09\/Bulk-Purchases-Batnroom-Vanity-Cabinet-300x300.webp 300w, https:\/\/www.shouyasanitary.com\/wp-content\/uploads\/2025\/09\/Bulk-Purchases-Batnroom-Vanity-Cabinet-150x150.webp 150w, https:\/\/www.shouyasanitary.com\/wp-content\/uploads\/2025\/09\/Bulk-Purchases-Batnroom-Vanity-Cabinet-12x12.webp 12w, https:\/\/www.shouyasanitary.com\/wp-content\/uploads\/2025\/09\/Bulk-Purchases-Batnroom-Vanity-Cabinet-600x600.webp 600w, https:\/\/www.shouyasanitary.com\/wp-content\/uploads\/2025\/09\/Bulk-Purchases-Batnroom-Vanity-Cabinet-100x100.webp 100w\" sizes=\"(max-width: 700px) 100vw, 700px\" \/><\/figure>\n<\/div><\/div>\n<\/div>","protected":false},"excerpt":{"rendered":"<p>Mayorista mueble de ba\u00f1o con doble lavabo,este mueble de pizarra de roca est\u00e1 dise\u00f1ado con color blanco, combinando est\u00e9tica y practicidad.\u00a1P\u00f3ngase en contacto con nosotros para un presupuesto y cat\u00e1logo de productos!<\/p>\n<h2>Atributos del lavabo\uff1a<\/h2>\n<p><strong>N\u00ba de art\u00edculo<\/strong>: ZJ1101-60<br \/><strong>Material del armario<\/strong>: M\u00e1rmol <br \/><strong>Color del armario<\/strong>: Blanco <br \/><strong>Espejo<\/strong>: Espejo LED (3,5 mm \/ 3,8 mm), iluminaci\u00f3n tricolor, desempa\u00f1ado con un solo toque, protegido con embalaje de espuma multicapa <br \/><strong>Tipo de instalaci\u00f3n<\/strong>: Montaje en pared <br \/><strong>Dimensiones (L \u00d7 A \u00d7 A)<\/strong>: 60 \u00d7 50 \u00d7 14,5 cm <br \/><strong>Peso bruto<\/strong>: 31 kg\/set<\/p>\n<h2>Personalizaci\u00f3n y servicios:<\/h2>\n<p><strong>OEM Y ODM<\/strong>: Soporte<br \/><strong>Dise\u00f1o<\/strong>: Gratis<br \/><strong>Accesorios<\/strong>: Lavabos, espejos, grifos y otros accesorios de ba\u00f1o<br \/><strong>Embalaje<\/strong>: Listo para montar<\/p>","protected":false},"featured_media":2197,"comment_status":"closed","ping_status":"closed","template":"","meta":{"_acf_changed":false},"product_brand":[],"product_cat":[22],"product_tag":[],"class_list":{"0":"post-2196","1":"product","2":"type-product","3":"status-publish","4":"has-post-thumbnail","6":"product_cat-wholesale-marble-bathroom-vanity-cabinets","8":"first","9":"instock","10":"shipping-taxable","11":"product-type-simple"},"acf":[],"_links":{"self":[{"href":"https:\/\/www.shouyasanitary.com\/es\/wp-json\/wp\/v2\/product\/2196","targetHints":{"allow":["GET"]}}],"collection":[{"href":"https:\/\/www.shouyasanitary.com\/es\/wp-json\/wp\/v2\/product"}],"about":[{"href":"https:\/\/www.shouyasanitary.com\/es\/wp-json\/wp\/v2\/types\/product"}],"replies":[{"embeddable":true,"href":"https:\/\/www.shouyasanitary.com\/es\/wp-json\/wp\/v2\/comments?post=2196"}],"wp:featuredmedia":[{"embeddable":true,"href":"https:\/\/www.shouyasanitary.com\/es\/wp-json\/wp\/v2\/media\/2197"}],"wp:attachment":[{"href":"https:\/\/www.shouyasanitary.com\/es\/wp-json\/wp\/v2\/media?parent=2196"}],"wp:term":[{"taxonomy":"product_brand","embeddable":true,"href":"https:\/\/www.shouyasanitary.com\/es\/wp-json\/wp\/v2\/product_brand?post=2196"},{"taxonomy":"product_cat","embeddable":true,"href":"https:\/\/www.shouyasanitary.com\/es\/wp-json\/wp\/v2\/product_cat?post=2196"},{"taxonomy":"product_tag","embeddable":true,"href":"https:\/\/www.shouyasanitary.com\/es\/wp-json\/wp\/v2\/product_tag?post=2196"}],"curies":[{"name":"wp","href":"https:\/\/api.w.org\/{rel}","templated":true}]}}