{"id":2221,"date":"2025-10-20T08:17:40","date_gmt":"2025-10-20T08:17:40","guid":{"rendered":"https:\/\/www.shouyasanitary.com\/?post_type=product&#038;p=2221"},"modified":"2025-10-20T08:17:42","modified_gmt":"2025-10-20T08:17:42","slug":"custom-bathroom-vanity-with-mirror","status":"publish","type":"product","link":"https:\/\/www.shouyasanitary.com\/es\/producto\/custom-bathroom-vanity-with-mirror\/","title":{"rendered":"Tocador de Ba\u00f1o a Medida con Espejo, Armario de Ba\u00f1o Montado en la Pared Blanco al por Mayor"},"content":{"rendered":"<div class=\"wp-block-columns is-layout-flex wp-container-core-columns-is-layout-9d6595d7 wp-block-columns-is-layout-flex\">\n<div class=\"wp-block-column is-layout-flow wp-block-column-is-layout-flow\">\n<h2 class=\"wp-block-heading\">Tocador de ba\u00f1o con espejo Caracter\u00edsticas\uff1a<\/h2>\n\n\n\n<p><strong>Estilo de lujo a la moda:<\/strong> Este mueble de ba\u00f1o de 100 cm est\u00e1 dise\u00f1ado con un estilo moderno y lujoso. El cuerpo blanco del armario se combina con l\u00edneas sencillas, presentando una combinaci\u00f3n perfecta de elegancia y modernidad. Es adecuado para usuarios que persiguen una vida de alta calidad y mejora la est\u00e9tica general del cuarto de ba\u00f1o.<\/p>\n\n\n\n<p><strong>Soluci\u00f3n de almacenamiento eficiente:<\/strong> Se ha dise\u00f1ado un espacio de almacenamiento con espejo. El interior del armario con espejo tiene m\u00faltiples compartimentos, lo que facilita la clasificaci\u00f3n del almacenamiento de art\u00edculos de tocador y productos de belleza. El gran caj\u00f3n de la parte inferior del armario proporciona espacio de almacenamiento adicional, satisfaciendo las necesidades diarias de almacenamiento y manteniendo el cuarto de ba\u00f1o ordenado.<\/p>\n\n\n\n<p><strong>Materiales y artesan\u00eda de alta calidad:<\/strong> Est\u00e1 fabricado con madera contrachapada de alta calidad, lo que garantiza que el mueble sea robusto y duradero, con excelentes propiedades de impermeabilidad y resistencia a la humedad. El tratamiento de la superficie es fino, proporcionando un tacto confortable, y es f\u00e1cil de limpiar y mantener, permaneciendo inalterable durante mucho tiempo sin deformarse ni decolorarse.<\/p>\n\n\n\n<p><strong>Combinaci\u00f3n de armario con espejo inteligente:<\/strong> El armario con espejo no s\u00f3lo ofrece una imagen clara del espejo, sino que tambi\u00e9n tiene tiras de luz LED incorporadas, que proporcionan una iluminaci\u00f3n suave y suficiente, facilitando el maquillaje y el lavado diarios. El dise\u00f1o general es sencillo y elegante, combinando practicidad y decoraci\u00f3n, realzando la modernidad del cuarto de ba\u00f1o.<\/p>\n\n\n\n<p><strong>Suministro de f\u00e1brica<\/strong>: Admitimos pruebas de lotes peque\u00f1os y producci\u00f3n a gran escala para satisfacer las distintas necesidades de aprovisionamiento y escalas de proyecto.<\/p>\n<\/div>\n\n\n\n<div class=\"wp-block-column is-layout-flow wp-block-column-is-layout-flow\"><div class=\"wp-block-image\">\n<figure class=\"aligncenter size-full\"><img decoding=\"async\" width=\"700\" height=\"700\" src=\"https:\/\/www.shouyasanitary.com\/wp-content\/uploads\/2025\/10\/supplier-direct-supply-plywood-Bathroom-Cabinet-Vanity.webp\" alt=\"proveedor suministro directo contrachapado Armario de ba\u00f1o Vanity\" class=\"wp-image-2224\" style=\"object-fit:cover\" srcset=\"https:\/\/www.shouyasanitary.com\/wp-content\/uploads\/2025\/10\/supplier-direct-supply-plywood-Bathroom-Cabinet-Vanity.webp 700w, https:\/\/www.shouyasanitary.com\/wp-content\/uploads\/2025\/10\/supplier-direct-supply-plywood-Bathroom-Cabinet-Vanity-300x300.webp 300w, https:\/\/www.shouyasanitary.com\/wp-content\/uploads\/2025\/10\/supplier-direct-supply-plywood-Bathroom-Cabinet-Vanity-150x150.webp 150w, https:\/\/www.shouyasanitary.com\/wp-content\/uploads\/2025\/10\/supplier-direct-supply-plywood-Bathroom-Cabinet-Vanity-12x12.webp 12w, https:\/\/www.shouyasanitary.com\/wp-content\/uploads\/2025\/10\/supplier-direct-supply-plywood-Bathroom-Cabinet-Vanity-600x600.webp 600w, https:\/\/www.shouyasanitary.com\/wp-content\/uploads\/2025\/10\/supplier-direct-supply-plywood-Bathroom-Cabinet-Vanity-100x100.webp 100w\" sizes=\"(max-width: 700px) 100vw, 700px\" \/><\/figure>\n<\/div><\/div>\n<\/div>\n\n\n\n<p><\/p>","protected":false},"excerpt":{"rendered":"<p>Tocador de ba\u00f1o a medida con espejo, adecuado para varios escenarios de ba\u00f1o. Con un dise\u00f1o de armario con espejo, tiene iluminaci\u00f3n LED incorporada, lo que hace que el almacenamiento sea c\u00f3modo. El gran caj\u00f3n aumenta el espacio de almacenamiento, manteniendo el cuarto de ba\u00f1o ordenado, combinando calidad y practicidad. Le invitamos a realizar consultas y pedidos en cualquier momento.<\/p>\n<h2>Tocador de ba\u00f1o con espejo Atributos:<\/h2>\n<p><strong>N\u00ba de art\u00edculo<\/strong>: 3208-100<br \/><strong>Material del armario:<\/strong>\u00a0Contrachapado<br \/><strong>Color del armario:<\/strong>Blanco<\/p>\n<p><strong>Espejo:<\/strong> Espejo LED (3,5 mm\/3,8 mm), iluminaci\u00f3n tricolor, desempa\u00f1ado con un solo toque, protegido con embalaje de espuma multicapa<br \/><strong>Tipo de instalaci\u00f3n:<\/strong>\u00a0Montaje en pared<br \/><strong>Dimensiones (L\u00d7A\u00d7H):<\/strong> 100 x 50 x 47 cm<br \/><strong>Peso bruto:<\/strong> 32 kg\/set<\/p>\n<h2>Personalizaci\u00f3n y servicios:<\/h2>\n<p><strong>OEM Y ODM<\/strong>: Soporte<br \/><strong>Dise\u00f1o<\/strong>: Gratis<br \/><strong>Accesorios<\/strong>: Lavabos, espejos, grifos y otros accesorios de ba\u00f1o<br \/><strong>Embalaje<\/strong>: Listo para montar<\/p>","protected":false},"featured_media":2224,"comment_status":"closed","ping_status":"closed","template":"","meta":{"_acf_changed":true},"product_brand":[],"product_cat":[20],"product_tag":[],"class_list":{"0":"post-2221","1":"product","2":"type-product","3":"status-publish","4":"has-post-thumbnail","6":"product_cat-wholesale-plywood-bathroom-vanity-cabinets","8":"first","9":"instock","10":"shipping-taxable","11":"product-type-simple"},"acf":[],"_links":{"self":[{"href":"https:\/\/www.shouyasanitary.com\/es\/wp-json\/wp\/v2\/product\/2221","targetHints":{"allow":["GET"]}}],"collection":[{"href":"https:\/\/www.shouyasanitary.com\/es\/wp-json\/wp\/v2\/product"}],"about":[{"href":"https:\/\/www.shouyasanitary.com\/es\/wp-json\/wp\/v2\/types\/product"}],"replies":[{"embeddable":true,"href":"https:\/\/www.shouyasanitary.com\/es\/wp-json\/wp\/v2\/comments?post=2221"}],"wp:featuredmedia":[{"embeddable":true,"href":"https:\/\/www.shouyasanitary.com\/es\/wp-json\/wp\/v2\/media\/2224"}],"wp:attachment":[{"href":"https:\/\/www.shouyasanitary.com\/es\/wp-json\/wp\/v2\/media?parent=2221"}],"wp:term":[{"taxonomy":"product_brand","embeddable":true,"href":"https:\/\/www.shouyasanitary.com\/es\/wp-json\/wp\/v2\/product_brand?post=2221"},{"taxonomy":"product_cat","embeddable":true,"href":"https:\/\/www.shouyasanitary.com\/es\/wp-json\/wp\/v2\/product_cat?post=2221"},{"taxonomy":"product_tag","embeddable":true,"href":"https:\/\/www.shouyasanitary.com\/es\/wp-json\/wp\/v2\/product_tag?post=2221"}],"curies":[{"name":"wp","href":"https:\/\/api.w.org\/{rel}","templated":true}]}}