{"id":2222,"date":"2025-10-20T08:17:42","date_gmt":"2025-10-20T08:17:42","guid":{"rendered":"https:\/\/www.shouyasanitary.com\/?post_type=product&#038;p=2222"},"modified":"2025-10-20T08:17:45","modified_gmt":"2025-10-20T08:17:45","slug":"oem-floating-bathroom-vanity-with-sink","status":"publish","type":"product","link":"https:\/\/www.shouyasanitary.com\/es\/producto\/oem-floating-bathroom-vanity-with-sink\/","title":{"rendered":"OEM Flotante tocador de ba\u00f1o con lavabo, armario con espejo y cajones de ba\u00f1o al por mayor"},"content":{"rendered":"<div class=\"wp-block-columns is-layout-flex wp-container-core-columns-is-layout-9d6595d7 wp-block-columns-is-layout-flex\">\n<div class=\"wp-block-column is-layout-flow wp-block-column-is-layout-flow\">\n<h2 class=\"wp-block-heading\">Tocador de ba\u00f1o flotante con fregadero Caracter\u00edsticas\uff1a<\/h2>\n\n\n\n<p><strong>Dise\u00f1o moderno y minimalista:<\/strong> Presenta un moderno dise\u00f1o minimalista de l\u00edneas sencillas y claras. La forma general es ordenada y limpia, integr\u00e1ndose perfectamente en varios estilos de decoraci\u00f3n de ba\u00f1os. Su elegante tono gris claro aporta una experiencia visual serena y confortable.<\/p>\n\n\n\n<p><strong>Espacio de almacenamiento multifuncional:<\/strong> Est\u00e1 equipado con un gran armario de almacenamiento y un armario con espejo. El interior del armario con espejo tiene m\u00faltiples compartimentos y tiras de luz LED, por lo que resulta pr\u00e1ctico para guardar y exponer diversos art\u00edculos de tocador y adornos. Los cajones y el dise\u00f1o de la puerta en la parte inferior del armario proporcionan un amplio espacio de almacenamiento oculto, manteniendo el cuarto de ba\u00f1o ordenado y organizado.<\/p>\n\n\n\n<p><strong>Contrachapado de material de alta calidad:<\/strong> Est\u00e1 fabricado en madera contrachapada de alta calidad, con una estructura robusta y duradera resistente a la humedad, adecuada para el entorno especial del cuarto de ba\u00f1o. La superficie tiene un tratamiento especial, resistente al desgaste, y el lavabo de cer\u00e1mica es f\u00e1cil de limpiar, lo que garantiza que se mantenga como nuevo durante mucho tiempo.<\/p>\n\n\n\n<p><strong>Dise\u00f1o de armario con espejo integrado:<\/strong> El armario con espejo y el armario de almacenamiento se combinan a la perfecci\u00f3n, no s\u00f3lo ahorrando espacio sino tambi\u00e9n a\u00f1adiendo funciones pr\u00e1cticas. La puerta del armario con espejo utiliza espejo de alta calidad, con im\u00e1genes claras, y la parte posterior est\u00e1 equipada con una tira de luz LED, proporcionando una iluminaci\u00f3n uniforme y suave, mejorando la experiencia de uso.<\/p>\n\n\n\n<p><strong>Servicio OEM\/ODM<\/strong>: Shouya ajusta la altura, anchura, profundidad, accesorios, etc. de los armarios en funci\u00f3n de los requisitos del proyecto del cliente para adaptarse a los distintos espacios de ba\u00f1o.<\/p>\n<\/div>\n\n\n\n<div class=\"wp-block-column is-layout-flow wp-block-column-is-layout-flow\"><div class=\"wp-block-image\">\n<figure class=\"aligncenter size-full\"><img decoding=\"async\" width=\"700\" height=\"700\" src=\"https:\/\/www.shouyasanitary.com\/wp-content\/uploads\/2025\/10\/wholesale-selection-modern-plywood-material-cabinet-set.webp\" alt=\"selecci\u00f3n al por mayor juego de armarios modernos de material contrachapado\" class=\"wp-image-2227\" style=\"object-fit:cover\" srcset=\"https:\/\/www.shouyasanitary.com\/wp-content\/uploads\/2025\/10\/wholesale-selection-modern-plywood-material-cabinet-set.webp 700w, https:\/\/www.shouyasanitary.com\/wp-content\/uploads\/2025\/10\/wholesale-selection-modern-plywood-material-cabinet-set-300x300.webp 300w, https:\/\/www.shouyasanitary.com\/wp-content\/uploads\/2025\/10\/wholesale-selection-modern-plywood-material-cabinet-set-150x150.webp 150w, https:\/\/www.shouyasanitary.com\/wp-content\/uploads\/2025\/10\/wholesale-selection-modern-plywood-material-cabinet-set-12x12.webp 12w, https:\/\/www.shouyasanitary.com\/wp-content\/uploads\/2025\/10\/wholesale-selection-modern-plywood-material-cabinet-set-600x600.webp 600w, https:\/\/www.shouyasanitary.com\/wp-content\/uploads\/2025\/10\/wholesale-selection-modern-plywood-material-cabinet-set-100x100.webp 100w\" sizes=\"(max-width: 700px) 100vw, 700px\" \/><\/figure>\n<\/div><\/div>\n<\/div>","protected":false},"excerpt":{"rendered":"<p>Shouya oem tocador de ba\u00f1o flotante con lavabo, hecho de madera contrachapada de alta calidad, con un gabinete de espejo LED integrado, que est\u00e1 equipado con tiras de luz LED y m\u00faltiples capas de estantes, proporcionando funciones de almacenamiento y visualizaci\u00f3n. Apoyamos la personalizaci\u00f3n OEM\/ODM. P\u00f3ngase en contacto con nosotros hoy mismo para solicitar un presupuesto.\u00a0<\/p>\n<h2>Tocador de ba\u00f1o flotante con lavabo Atributos\uff1a<\/h2>\n<p><strong>Art\u00edculo No:<\/strong>3209-100<strong><br \/>Material del armario:<\/strong>\u00a0Contrachapado<br \/><strong>Color del armario:<\/strong> Caqui<br \/><strong>Espejo:<\/strong> Espejo LED (3,5 mm\/3,8 mm), iluminaci\u00f3n tricolor, desempa\u00f1ado con un solo toque, protegido con embalaje de espuma multicapa<br \/><strong>Tipo de instalaci\u00f3n:<\/strong>\u00a0Montaje en pared<br \/><strong>Dimensiones (L\u00d7A\u00d7H):<\/strong> 100x47x48 cm<br \/><strong>Peso bruto:<\/strong> 35 kg\/set<\/p>\n<h2>Personalizaci\u00f3n y servicios:<\/h2>\n<p><strong>OEM Y ODM<\/strong>: Soporte<br \/><strong>Dise\u00f1o<\/strong>: Gratis<br \/><strong>Accesorios<\/strong>: Lavabos, espejos, grifos y otros accesorios de ba\u00f1o<br \/><strong>Embalaje<\/strong>: Listo para montar<\/p>","protected":false},"featured_media":2227,"comment_status":"closed","ping_status":"closed","template":"","meta":{"_acf_changed":true},"product_brand":[],"product_cat":[20],"product_tag":[],"class_list":{"0":"post-2222","1":"product","2":"type-product","3":"status-publish","4":"has-post-thumbnail","6":"product_cat-wholesale-plywood-bathroom-vanity-cabinets","8":"first","9":"instock","10":"shipping-taxable","11":"product-type-simple"},"acf":[],"_links":{"self":[{"href":"https:\/\/www.shouyasanitary.com\/es\/wp-json\/wp\/v2\/product\/2222","targetHints":{"allow":["GET"]}}],"collection":[{"href":"https:\/\/www.shouyasanitary.com\/es\/wp-json\/wp\/v2\/product"}],"about":[{"href":"https:\/\/www.shouyasanitary.com\/es\/wp-json\/wp\/v2\/types\/product"}],"replies":[{"embeddable":true,"href":"https:\/\/www.shouyasanitary.com\/es\/wp-json\/wp\/v2\/comments?post=2222"}],"wp:featuredmedia":[{"embeddable":true,"href":"https:\/\/www.shouyasanitary.com\/es\/wp-json\/wp\/v2\/media\/2227"}],"wp:attachment":[{"href":"https:\/\/www.shouyasanitary.com\/es\/wp-json\/wp\/v2\/media?parent=2222"}],"wp:term":[{"taxonomy":"product_brand","embeddable":true,"href":"https:\/\/www.shouyasanitary.com\/es\/wp-json\/wp\/v2\/product_brand?post=2222"},{"taxonomy":"product_cat","embeddable":true,"href":"https:\/\/www.shouyasanitary.com\/es\/wp-json\/wp\/v2\/product_cat?post=2222"},{"taxonomy":"product_tag","embeddable":true,"href":"https:\/\/www.shouyasanitary.com\/es\/wp-json\/wp\/v2\/product_tag?post=2222"}],"curies":[{"name":"wp","href":"https:\/\/api.w.org\/{rel}","templated":true}]}}