{"id":2223,"date":"2025-10-20T08:17:45","date_gmt":"2025-10-20T08:17:45","guid":{"rendered":"https:\/\/www.shouyasanitary.com\/?post_type=product&#038;p=2223"},"modified":"2025-10-20T08:17:46","modified_gmt":"2025-10-20T08:17:46","slug":"custom-bathroom-single-vanity","status":"publish","type":"product","link":"https:\/\/www.shouyasanitary.com\/es\/producto\/custom-bathroom-single-vanity\/","title":{"rendered":"Ba\u00f1o personalizado solo tocador, moderno gabinete de pared de ba\u00f1o gris con espejo Fabricante"},"content":{"rendered":"<div class=\"wp-block-columns is-layout-flex wp-container-core-columns-is-layout-9d6595d7 wp-block-columns-is-layout-flex\">\n<div class=\"wp-block-column is-layout-flow wp-block-column-is-layout-flow\">\n<h2 class=\"wp-block-heading\">Caracter\u00edsticas de un solo tocador de ba\u00f1o\uff1a<\/h2>\n\n\n\n<p><strong>Exquisito estilo minimalista:<\/strong> Se adhiere al dise\u00f1o minimalista. El cuerpo gris claro del mueble es sencillo y elegante, encaja a la perfecci\u00f3n con varios estilos de ba\u00f1o, a\u00f1ade tranquilidad y elegancia al espacio y crea un efecto visual refrescante y ordenado en el ba\u00f1o.<\/p>\n\n\n\n<p><strong>Encanto de armario con espejo inteligente:<\/strong> El exclusivo armario con espejo iluminado inteligente es uno de los elementos m\u00e1s destacados. Unas suaves luces LED iluminan todo el armario con espejo, creando un ambiente c\u00e1lido e iluminando cada detalle, lo que facilita el aseo personal. El interior del armario con espejo est\u00e1 ingeniosamente dividido, con diversos art\u00edculos colocados en sus respectivas \u00e1reas, lo que garantiza un almacenamiento ordenado y mejora la facilidad de uso.<\/p>\n\n\n\n<p><strong>Garant\u00eda de calidad del contrachapado:<\/strong> El cuerpo principal es de madera contrachapada de alta calidad, con excelentes propiedades de resistencia a la humedad y a la deformaci\u00f3n. Puede mantener un rendimiento estable en el ambiente h\u00famedo del cuarto de ba\u00f1o. El acabado de la superficie es exquisito, con un toque delicado. No s\u00f3lo es resistente a las manchas, sino que tambi\u00e9n se limpia sin esfuerzo y mantiene un buen aspecto durante un largo periodo de uso.<\/p>\n\n\n\n<p><strong>Adecuado para diversos escenarios:<\/strong> El dise\u00f1o de tama\u00f1o 80CM lo convierte en una excelente opci\u00f3n para cuartos de ba\u00f1o o lugares con requisitos de espacio espec\u00edficos. Ya sea un ba\u00f1o familiar, de hotel o de apartamento, puede adaptarse perfectamente, proporcionando pr\u00e1cticas funciones de almacenamiento y lavado, y satisfaciendo las necesidades de uso de diferentes escenarios.<\/p>\n<\/div>\n\n\n\n<div class=\"wp-block-column is-layout-flow wp-block-column-is-layout-flow\"><div class=\"wp-block-image\">\n<figure class=\"aligncenter size-full\"><img decoding=\"async\" width=\"700\" height=\"700\" src=\"https:\/\/www.shouyasanitary.com\/wp-content\/uploads\/2025\/10\/direct-supply-by-manufacturer-plywood-bathroom-cabinet-vanity.webp\" alt=\"suministro directo por el fabricante de madera contrachapada mueble de ba\u00f1o vanidad\" class=\"wp-image-2230\" style=\"object-fit:cover\" srcset=\"https:\/\/www.shouyasanitary.com\/wp-content\/uploads\/2025\/10\/direct-supply-by-manufacturer-plywood-bathroom-cabinet-vanity.webp 700w, https:\/\/www.shouyasanitary.com\/wp-content\/uploads\/2025\/10\/direct-supply-by-manufacturer-plywood-bathroom-cabinet-vanity-300x300.webp 300w, https:\/\/www.shouyasanitary.com\/wp-content\/uploads\/2025\/10\/direct-supply-by-manufacturer-plywood-bathroom-cabinet-vanity-150x150.webp 150w, https:\/\/www.shouyasanitary.com\/wp-content\/uploads\/2025\/10\/direct-supply-by-manufacturer-plywood-bathroom-cabinet-vanity-12x12.webp 12w, https:\/\/www.shouyasanitary.com\/wp-content\/uploads\/2025\/10\/direct-supply-by-manufacturer-plywood-bathroom-cabinet-vanity-600x600.webp 600w, https:\/\/www.shouyasanitary.com\/wp-content\/uploads\/2025\/10\/direct-supply-by-manufacturer-plywood-bathroom-cabinet-vanity-100x100.webp 100w\" sizes=\"(max-width: 700px) 100vw, 700px\" \/><\/figure>\n<\/div><\/div>\n<\/div>\n\n\n\n<p><\/p>","protected":false},"excerpt":{"rendered":"<p>Control directo por el fabricante: Armario de ba\u00f1o compuesto minimalista de 80CM, con armario de espejo LED a\u00f1adido. Material compuesto de alta calidad es a prueba de humedad y duradero, con un dise\u00f1o exquisito espacio y la funci\u00f3n de almacenamiento de gran alcance.es adecuado para diversos escenarios de ba\u00f1o. \u00a1Por favor, si\u00e9ntase libre de preguntar sobre el precio!<\/p>\n<h2>Atributos del lavabo moderno:<\/h2>\n<p><strong>N\u00ba de art\u00edculo<\/strong>: 3227-80<br \/><strong>Material del armario:<\/strong>\u00a0Contrachapado<br \/><strong>Color del armario:\u00a0<\/strong>Gris<\/p>\n<p><strong>Espejo:<\/strong> Espejo LED (3,5 mm\/3,8 mm), iluminaci\u00f3n tricolor, desempa\u00f1ado con un solo toque, protegido con embalaje de espuma multicapa<br \/><strong>Tipo de instalaci\u00f3n:<\/strong>\u00a0Montaje en pared<br \/><strong>Dimensiones (L\u00d7A\u00d7H):<\/strong> 80x 50 x 48cm<br \/><strong>Peso bruto:<\/strong> 32 kg\/set<\/p>\n<h2>Personalizaci\u00f3n y servicios:<\/h2>\n<p><strong>OEM Y ODM<\/strong>: Soporte<br \/><strong>Dise\u00f1o<\/strong>: Gratis<br \/><strong>Accesorios<\/strong>: Lavabos, espejos, grifos y otros accesorios de ba\u00f1o<br \/><strong>Embalaje<\/strong>: Listo para montar<\/p>","protected":false},"featured_media":2230,"comment_status":"closed","ping_status":"closed","template":"","meta":{"_acf_changed":true},"product_brand":[],"product_cat":[20],"product_tag":[],"class_list":{"0":"post-2223","1":"product","2":"type-product","3":"status-publish","4":"has-post-thumbnail","6":"product_cat-wholesale-plywood-bathroom-vanity-cabinets","8":"first","9":"instock","10":"shipping-taxable","11":"product-type-simple"},"acf":[],"_links":{"self":[{"href":"https:\/\/www.shouyasanitary.com\/es\/wp-json\/wp\/v2\/product\/2223","targetHints":{"allow":["GET"]}}],"collection":[{"href":"https:\/\/www.shouyasanitary.com\/es\/wp-json\/wp\/v2\/product"}],"about":[{"href":"https:\/\/www.shouyasanitary.com\/es\/wp-json\/wp\/v2\/types\/product"}],"replies":[{"embeddable":true,"href":"https:\/\/www.shouyasanitary.com\/es\/wp-json\/wp\/v2\/comments?post=2223"}],"wp:featuredmedia":[{"embeddable":true,"href":"https:\/\/www.shouyasanitary.com\/es\/wp-json\/wp\/v2\/media\/2230"}],"wp:attachment":[{"href":"https:\/\/www.shouyasanitary.com\/es\/wp-json\/wp\/v2\/media?parent=2223"}],"wp:term":[{"taxonomy":"product_brand","embeddable":true,"href":"https:\/\/www.shouyasanitary.com\/es\/wp-json\/wp\/v2\/product_brand?post=2223"},{"taxonomy":"product_cat","embeddable":true,"href":"https:\/\/www.shouyasanitary.com\/es\/wp-json\/wp\/v2\/product_cat?post=2223"},{"taxonomy":"product_tag","embeddable":true,"href":"https:\/\/www.shouyasanitary.com\/es\/wp-json\/wp\/v2\/product_tag?post=2223"}],"curies":[{"name":"wp","href":"https:\/\/api.w.org\/{rel}","templated":true}]}}