{"id":2234,"date":"2025-10-20T08:17:51","date_gmt":"2025-10-20T08:17:51","guid":{"rendered":"https:\/\/www.shouyasanitary.com\/?post_type=product&#038;p=2234"},"modified":"2025-10-20T08:17:53","modified_gmt":"2025-10-20T08:17:53","slug":"wholesale-white-bathroom-cabinets","status":"publish","type":"product","link":"https:\/\/www.shouyasanitary.com\/es\/producto\/wholesale-white-bathroom-cabinets\/","title":{"rendered":"Mayorista Armarios de Ba\u00f1o Blancos, OEM Wall Hung Bathroom Vanity with Mirrors"},"content":{"rendered":"<div class=\"wp-block-columns is-layout-flex wp-container-core-columns-is-layout-9d6595d7 wp-block-columns-is-layout-flex\">\n<div class=\"wp-block-column is-layout-flow wp-block-column-is-layout-flow\">\n<h2 class=\"wp-block-heading\">Armarios de ba\u00f1o blancos Caracter\u00edsticas\uff1a<\/h2>\n\n\n\n<p><strong>Est\u00e9tica mural a medida: <\/strong>Este mueble de ba\u00f1o de madera contrachapada hecho a medida cuenta con un dise\u00f1o montado en la pared que puede personalizarse en tama\u00f1o y estilo para adaptarse a cualquier distribuci\u00f3n de ba\u00f1o. Su elegante silueta a\u00f1ade un toque moderno, por lo que es una pieza central para las renovaciones de ba\u00f1o a medida.<\/p>\n\n\n\n<p><strong>Personalizaci\u00f3n inteligente del almacenamiento: <\/strong>El armario con espejo LED integrado y el almacenamiento bajo el fregadero ofrecen compartimentos personalizables. Tanto si necesita m\u00e1s estantes abiertos como cajones ocultos, puede adaptarse para organizar los art\u00edculos de aseo, maquillaje y limpieza exactamente como desee.<\/p>\n\n\n\n<p><strong>Artesan\u00eda de madera contrachapada duradera: <\/strong>Fabricado con madera contrachapada de alta calidad, este mueble resiste la humedad y el uso diario. Su personalizaci\u00f3n se extiende a los acabados y colores, lo que garantiza que se adapte al tema de dise\u00f1o \u00fanico de su cuarto de ba\u00f1o, manteniendo la durabilidad a largo plazo.<\/p>\n\n\n\n<p><strong>Ideal para proyectos personalizados:<\/strong>&nbsp;Perfecto para propietarios y dise\u00f1adores que buscan soluciones de ba\u00f1o \u00fanicas, este mueble de ba\u00f1o de madera contrachapada a medida combina funcionalidad, estilo y personalizaci\u00f3n. Satisface las exigencias de los proyectos personalizados de gama alta, garantizando que cada pieza sea tan \u00fanica como el espacio que habita.<\/p>\n\n\n\n<p><strong>F\u00e1cil instalaci\u00f3n y mantenimiento<\/strong>: Montaje sencillo en la pared con soportes met\u00e1licos resistentes y superficie f\u00e1cil de limpiar.<\/p>\n<\/div>\n\n\n\n<div class=\"wp-block-column is-layout-flow wp-block-column-is-layout-flow\"><div class=\"wp-block-image\">\n<figure class=\"aligncenter size-full\"><img decoding=\"async\" width=\"700\" height=\"700\" src=\"https:\/\/www.shouyasanitary.com\/wp-content\/uploads\/2025\/10\/high-quality-of-batnroom-cabinet-with-white-basin.webp\" alt=\"mueble de ba\u00f1o de alta calidad con lavabo blanco\" class=\"wp-image-2242\" style=\"object-fit:cover\" srcset=\"https:\/\/www.shouyasanitary.com\/wp-content\/uploads\/2025\/10\/high-quality-of-batnroom-cabinet-with-white-basin.webp 700w, https:\/\/www.shouyasanitary.com\/wp-content\/uploads\/2025\/10\/high-quality-of-batnroom-cabinet-with-white-basin-300x300.webp 300w, https:\/\/www.shouyasanitary.com\/wp-content\/uploads\/2025\/10\/high-quality-of-batnroom-cabinet-with-white-basin-150x150.webp 150w, https:\/\/www.shouyasanitary.com\/wp-content\/uploads\/2025\/10\/high-quality-of-batnroom-cabinet-with-white-basin-12x12.webp 12w, https:\/\/www.shouyasanitary.com\/wp-content\/uploads\/2025\/10\/high-quality-of-batnroom-cabinet-with-white-basin-600x600.webp 600w, https:\/\/www.shouyasanitary.com\/wp-content\/uploads\/2025\/10\/high-quality-of-batnroom-cabinet-with-white-basin-100x100.webp 100w\" sizes=\"(max-width: 700px) 100vw, 700px\" \/><\/figure>\n<\/div><\/div>\n<\/div>","protected":false},"excerpt":{"rendered":"<p data-start=\"1733\" data-end=\"1935\">Venta al por mayor de armarios de ba\u00f1o blancos con espejo LED. Dise\u00f1o montado en la pared, madera contrachapada resistente a la humedad y amplias soluciones de almacenamiento para proyectos de interior, es la opci\u00f3n ideal para crear un espacio de ba\u00f1o c\u00f3modo y funcional. P\u00f3ngase en contacto con nosotros para obtener un presupuesto y un cat\u00e1logo de productos.<\/p>\n<h2>Gabinetes De Ba\u00f1o Blancos Atributos\uff1a<\/h2>\n<p><strong>Art\u00edculo No:<\/strong>J3233-80<strong><br \/>Material del armario:<\/strong>\u00a0Contrachapado<br \/><strong>Color del armario:<\/strong> Blanco<br \/><strong>Espejo:<\/strong> Espejo LED (3,5 mm\/3,8 mm), iluminaci\u00f3n tricolor, desempa\u00f1ado con un solo toque, protegido con embalaje de espuma multicapa<br \/><strong>Tipo de instalaci\u00f3n:<\/strong>\u00a0Montaje en pared<br \/><strong>Dimensiones (L\u00d7A\u00d7H):<\/strong> 80x50x45 cm<br \/><strong>Peso bruto:<\/strong> 30 kg\/set<\/p>\n<h2>Personalizaci\u00f3n y servicios:<\/h2>\n<p><strong>OEM Y ODM<\/strong>: Soporte<br \/><strong>Dise\u00f1o<\/strong>: Gratis<br \/><strong>Accesorios<\/strong>: Lavabos, espejos, grifos y otros accesorios de ba\u00f1o<br \/><strong>Embalaje<\/strong>: Listo para montar<\/p>","protected":false},"featured_media":2242,"comment_status":"closed","ping_status":"closed","template":"","meta":{"_acf_changed":true},"product_brand":[],"product_cat":[20],"product_tag":[],"class_list":{"0":"post-2234","1":"product","2":"type-product","3":"status-publish","4":"has-post-thumbnail","6":"product_cat-wholesale-plywood-bathroom-vanity-cabinets","8":"first","9":"instock","10":"shipping-taxable","11":"product-type-simple"},"acf":[],"_links":{"self":[{"href":"https:\/\/www.shouyasanitary.com\/es\/wp-json\/wp\/v2\/product\/2234","targetHints":{"allow":["GET"]}}],"collection":[{"href":"https:\/\/www.shouyasanitary.com\/es\/wp-json\/wp\/v2\/product"}],"about":[{"href":"https:\/\/www.shouyasanitary.com\/es\/wp-json\/wp\/v2\/types\/product"}],"replies":[{"embeddable":true,"href":"https:\/\/www.shouyasanitary.com\/es\/wp-json\/wp\/v2\/comments?post=2234"}],"wp:featuredmedia":[{"embeddable":true,"href":"https:\/\/www.shouyasanitary.com\/es\/wp-json\/wp\/v2\/media\/2242"}],"wp:attachment":[{"href":"https:\/\/www.shouyasanitary.com\/es\/wp-json\/wp\/v2\/media?parent=2234"}],"wp:term":[{"taxonomy":"product_brand","embeddable":true,"href":"https:\/\/www.shouyasanitary.com\/es\/wp-json\/wp\/v2\/product_brand?post=2234"},{"taxonomy":"product_cat","embeddable":true,"href":"https:\/\/www.shouyasanitary.com\/es\/wp-json\/wp\/v2\/product_cat?post=2234"},{"taxonomy":"product_tag","embeddable":true,"href":"https:\/\/www.shouyasanitary.com\/es\/wp-json\/wp\/v2\/product_tag?post=2234"}],"curies":[{"name":"wp","href":"https:\/\/api.w.org\/{rel}","templated":true}]}}