{"id":2235,"date":"2025-10-20T08:17:48","date_gmt":"2025-10-20T08:17:48","guid":{"rendered":"https:\/\/www.shouyasanitary.com\/?post_type=product&#038;p=2235"},"modified":"2025-10-20T08:17:51","modified_gmt":"2025-10-20T08:17:51","slug":"custom-bathroom-vanity-top-with-sink","status":"publish","type":"product","link":"https:\/\/www.shouyasanitary.com\/es\/producto\/custom-bathroom-vanity-top-with-sink\/","title":{"rendered":"Tapa del tocador del cuarto de ba\u00f1o de encargo con el fregadero, proveedor del cuarto de ba\u00f1o del gabinete del espejo de la madera contrachapada"},"content":{"rendered":"<div class=\"wp-block-columns is-layout-flex wp-container-core-columns-is-layout-9d6595d7 wp-block-columns-is-layout-flex\">\n<div class=\"wp-block-column is-layout-flow wp-block-column-is-layout-flow\">\n<h2 class=\"wp-block-heading\">Caracter\u00edsticas de la encimera de lavabo con fregadero\uff1a<\/h2>\n\n\n\n<p><strong>Instalaci\u00f3n mural moderna: <\/strong>Este mueble de ba\u00f1o de madera contrachapada adopta un dise\u00f1o colgado de la pared, que no s\u00f3lo es est\u00e9ticamente agradable, sino que tambi\u00e9n facilita la limpieza por debajo. Se adapta a varios dise\u00f1os de ba\u00f1o, especialmente para aquellos que persiguen un estilo minimalista y contempor\u00e1neo.<\/p>\n\n\n\n<p><strong>Soluciones de almacenamiento multifuncionales: <\/strong>El armario integra un armario de almacenamiento cerrado y un armario con espejo LED con espacios de almacenamiento abiertos y ocultos. Puede alojar todos los art\u00edculos esenciales del ba\u00f1o, desde productos para el cuidado de la piel hasta art\u00edculos de limpieza, manteni\u00e9ndolo todo al alcance de la mano pero bien ordenado.<\/p>\n\n\n\n<p><strong>Material de madera contrachapada duradera: <\/strong>Fabricado con madera contrachapada de primera calidad, este armario es resistente a la deformaci\u00f3n y la humedad, lo que garantiza su integridad estructural y longevidad incluso en las condiciones de humedad del ba\u00f1o. Es una elecci\u00f3n fiable para un uso a largo plazo.<\/p>\n\n\n\n<p><strong>Elegante combo de espejo LED y lavabo de cer\u00e1mica:<\/strong>&nbsp;El espejo LED cuenta con una suave iluminaci\u00f3n que proporciona una excelente visibilidad para las rutinas diarias de aseo. El lavabo de cer\u00e1mica es resistente a las manchas y f\u00e1cil de mantener, por lo que resulta pr\u00e1ctico y elegante.<\/p>\n\n\n\n<p><strong>Opciones personalizables:<\/strong> Admite la personalizaci\u00f3n OEM\/ODM del tama\u00f1o, el tipo de iluminaci\u00f3n y el dise\u00f1o del espejo para adaptarse a las necesidades de diversos proyectos.<\/p>\n<\/div>\n\n\n\n<div class=\"wp-block-column is-layout-flow wp-block-column-is-layout-flow\"><div class=\"wp-block-image\">\n<figure class=\"aligncenter size-full\"><img decoding=\"async\" width=\"700\" height=\"700\" src=\"https:\/\/www.shouyasanitary.com\/wp-content\/uploads\/2025\/10\/bathroom-cabinet-with-ceramic-basin.webp\" alt=\"mueble de ba\u00f1o con lavabo de cer\u00e1mica\" class=\"wp-image-2239\" style=\"object-fit:cover\" srcset=\"https:\/\/www.shouyasanitary.com\/wp-content\/uploads\/2025\/10\/bathroom-cabinet-with-ceramic-basin.webp 700w, https:\/\/www.shouyasanitary.com\/wp-content\/uploads\/2025\/10\/bathroom-cabinet-with-ceramic-basin-300x300.webp 300w, https:\/\/www.shouyasanitary.com\/wp-content\/uploads\/2025\/10\/bathroom-cabinet-with-ceramic-basin-150x150.webp 150w, https:\/\/www.shouyasanitary.com\/wp-content\/uploads\/2025\/10\/bathroom-cabinet-with-ceramic-basin-12x12.webp 12w, https:\/\/www.shouyasanitary.com\/wp-content\/uploads\/2025\/10\/bathroom-cabinet-with-ceramic-basin-600x600.webp 600w, https:\/\/www.shouyasanitary.com\/wp-content\/uploads\/2025\/10\/bathroom-cabinet-with-ceramic-basin-100x100.webp 100w\" sizes=\"(max-width: 700px) 100vw, 700px\" \/><\/figure>\n<\/div><\/div>\n<\/div>","protected":false},"excerpt":{"rendered":"<p>Tapa de la vanidad del cuarto de ba\u00f1o de encargo con el fregadero. Shouya venta por mayor elegante blanco colgado en la pared de madera contrachapada ba\u00f1o espejo gabinete con almacenamiento inteligente, f\u00e1cil limpieza y opciones de personalizaci\u00f3n OEM\/ODM completo. Suministro directo de f\u00e1brica, nueva llegada 2025. P\u00f3ngase en contacto con nosotros para obtener una cotizaci\u00f3n y cat\u00e1logo de productos.<\/p>\n<h2>Encimera de lavabo con atributos\uff1a<\/h2>\n<p><strong>Art\u00edculo No:<\/strong>J3232-80<strong><br \/>Material del armario:<\/strong>\u00a0Contrachapado<br \/><strong>Color del armario:<\/strong> Blanco<br \/><strong>Espejo:<\/strong> Espejo LED (3,5 mm\/3,8 mm), iluminaci\u00f3n tricolor, desempa\u00f1ado con un solo toque, protegido con embalaje de espuma multicapa<br \/><strong>Tipo de instalaci\u00f3n:<\/strong> Montaje en pared<br \/><strong>Dimensiones (L\u00d7A\u00d7H):<\/strong> 80x50x48 cm<br \/><strong>Peso bruto:<\/strong> 35 kg\/set<\/p>\n<h2>Personalizaci\u00f3n y servicios:<\/h2>\n<p><strong>OEM Y ODM<\/strong>: Soporte<br \/><strong>Dise\u00f1o<\/strong>: Gratis<br \/><strong>Accesorios<\/strong>: Lavabos, espejos, grifos y otros accesorios de ba\u00f1o<br \/><strong>Embalaje<\/strong>: Listo para montar<\/p>","protected":false},"featured_media":2239,"comment_status":"closed","ping_status":"closed","template":"","meta":{"_acf_changed":true},"product_brand":[],"product_cat":[20],"product_tag":[],"class_list":{"0":"post-2235","1":"product","2":"type-product","3":"status-publish","4":"has-post-thumbnail","6":"product_cat-wholesale-plywood-bathroom-vanity-cabinets","8":"first","9":"instock","10":"shipping-taxable","11":"product-type-simple"},"acf":[],"_links":{"self":[{"href":"https:\/\/www.shouyasanitary.com\/es\/wp-json\/wp\/v2\/product\/2235","targetHints":{"allow":["GET"]}}],"collection":[{"href":"https:\/\/www.shouyasanitary.com\/es\/wp-json\/wp\/v2\/product"}],"about":[{"href":"https:\/\/www.shouyasanitary.com\/es\/wp-json\/wp\/v2\/types\/product"}],"replies":[{"embeddable":true,"href":"https:\/\/www.shouyasanitary.com\/es\/wp-json\/wp\/v2\/comments?post=2235"}],"wp:featuredmedia":[{"embeddable":true,"href":"https:\/\/www.shouyasanitary.com\/es\/wp-json\/wp\/v2\/media\/2239"}],"wp:attachment":[{"href":"https:\/\/www.shouyasanitary.com\/es\/wp-json\/wp\/v2\/media?parent=2235"}],"wp:term":[{"taxonomy":"product_brand","embeddable":true,"href":"https:\/\/www.shouyasanitary.com\/es\/wp-json\/wp\/v2\/product_brand?post=2235"},{"taxonomy":"product_cat","embeddable":true,"href":"https:\/\/www.shouyasanitary.com\/es\/wp-json\/wp\/v2\/product_cat?post=2235"},{"taxonomy":"product_tag","embeddable":true,"href":"https:\/\/www.shouyasanitary.com\/es\/wp-json\/wp\/v2\/product_tag?post=2235"}],"curies":[{"name":"wp","href":"https:\/\/api.w.org\/{rel}","templated":true}]}}