{"id":2317,"date":"2025-11-21T08:23:56","date_gmt":"2025-11-21T08:23:56","guid":{"rendered":"https:\/\/www.shouyasanitary.com\/?post_type=product&#038;p=2317"},"modified":"2025-11-21T08:24:03","modified_gmt":"2025-11-21T08:24:03","slug":"wholesale-bathroom-sink-vanity","status":"publish","type":"product","link":"https:\/\/www.shouyasanitary.com\/es\/producto\/wholesale-bathroom-sink-vanity\/","title":{"rendered":"Mayorista Lavabo de Ba\u00f1o Vanidad, Flotante Ba\u00f1o Espejo Gabinete con Gabinete Lateral Personalizado"},"content":{"rendered":"<div class=\"wp-block-columns is-layout-flex wp-container-core-columns-is-layout-9d6595d7 wp-block-columns-is-layout-flex\">\n<div class=\"wp-block-column is-layout-flow wp-block-column-is-layout-flow\">\n<h2 class=\"wp-block-heading\">Caracter\u00edsticas del lavabo del cuarto de ba\u00f1o\uff1a<\/h2>\n\n\n\n<p><strong>Material duradero<\/strong>: Est\u00e1 fabricado con material de PVC de alta calidad, que tiene grandes caracter\u00edsticas de propiedades a prueba de humedad, impermeable y resistente a la corrosi\u00f3n, adecuado para el uso a largo plazo en entornos de ba\u00f1o.<\/p>\n\n\n\n<p><strong>Estilo moderno:<\/strong> Dotados de un moderno dise\u00f1o minimalista con espejos circulares retroiluminados, crean un ambiente moderno y acogedor a la vez. El estilo de l\u00edneas sencillas y rayas verticales negras del mueble se adapta a una gran variedad de estilos de decoraci\u00f3n de ba\u00f1os.<\/p>\n\n\n\n<p><strong>Ajuste de la funci\u00f3n<\/strong>: Con espejos circulares retroiluminados, se dispone de suficiente iluminaci\u00f3n facial para satisfacer f\u00e1cilmente las necesidades diarias de maquillaje o afeitado. El dise\u00f1o del lavabo es sencillo y pr\u00e1ctico, f\u00e1cil de usar y ahorra espacio.<\/p>\n\n\n\n<p><strong>F\u00e1cil instalaci\u00f3n<\/strong>: Es f\u00e1cil instalar la combinaci\u00f3n de tocador de ba\u00f1o flotante, ya que todas las piezas est\u00e1n dise\u00f1adas sobre una base estandarizada que permite un montaje r\u00e1pido.<\/p>\n\n\n\n<p><strong>Bajo mantenimiento<\/strong>: La superficie lisa del material de PVC es resistente a la suciedad; la limpieza regular s\u00f3lo requiere una toalla h\u00fameda, con bajos costes.<\/p>\n<\/div>\n\n\n\n<div class=\"wp-block-column is-layout-flow wp-block-column-is-layout-flow\"><div class=\"wp-block-image\">\n<figure class=\"aligncenter size-full\"><img decoding=\"async\" width=\"700\" height=\"700\" src=\"https:\/\/www.shouyasanitary.com\/wp-content\/uploads\/2025\/11\/OEM-available-modern-minimalist-PVC-bathroom-cabinet-vanity.webp\" alt=\"Armario de ba\u00f1o OEM\" class=\"wp-image-2319\" style=\"object-fit:cover\" srcset=\"https:\/\/www.shouyasanitary.com\/wp-content\/uploads\/2025\/11\/OEM-available-modern-minimalist-PVC-bathroom-cabinet-vanity.webp 700w, https:\/\/www.shouyasanitary.com\/wp-content\/uploads\/2025\/11\/OEM-available-modern-minimalist-PVC-bathroom-cabinet-vanity-300x300.webp 300w, https:\/\/www.shouyasanitary.com\/wp-content\/uploads\/2025\/11\/OEM-available-modern-minimalist-PVC-bathroom-cabinet-vanity-150x150.webp 150w, https:\/\/www.shouyasanitary.com\/wp-content\/uploads\/2025\/11\/OEM-available-modern-minimalist-PVC-bathroom-cabinet-vanity-12x12.webp 12w, https:\/\/www.shouyasanitary.com\/wp-content\/uploads\/2025\/11\/OEM-available-modern-minimalist-PVC-bathroom-cabinet-vanity-600x600.webp 600w, https:\/\/www.shouyasanitary.com\/wp-content\/uploads\/2025\/11\/OEM-available-modern-minimalist-PVC-bathroom-cabinet-vanity-100x100.webp 100w\" sizes=\"(max-width: 700px) 100vw, 700px\" \/><\/figure>\n<\/div><\/div>\n<\/div>","protected":false},"excerpt":{"rendered":"<p>El lavabo de ba\u00f1o al por mayor cuenta con PVC resistente a la humedad, un dise\u00f1o moderno montado en la pared, iluminaci\u00f3n integrada, un espejo y un armario lateral, perfecto para varios estilos de ba\u00f1o. Suministro directo de f\u00e1brica, servicios de personalizaci\u00f3n disponibles. P\u00f3ngase en contacto con nosotros hoy mismo para obtener soluciones para su cuarto de ba\u00f1o.<\/p>\n<h2>Atributos del lavabo de ba\u00f1o\uff1a<\/h2>\n<p><strong>Art\u00edculo No:\u00a0<\/strong>6094-80B<strong><br \/>Material del armario:<\/strong> PVC<br \/><strong>Color del armario: <\/strong>Negro<br \/><strong>Espejo:<\/strong> Espejo LED (3,5 mm\/3,8 mm), iluminaci\u00f3n tricolor, desempa\u00f1ado con un solo toque, protegido con embalaje de espuma multicapa<br \/><strong>Tipo de instalaci\u00f3n:<\/strong>\u00a0Montaje en pared<br \/><strong>Dimensiones (L\u00d7A\u00d7H):<\/strong> 80*50*55 cm<br \/><strong>Peso bruto:<\/strong> 30 kg\/set<\/p>\n<h2>Personalizaci\u00f3n y servicios:<\/h2>\n<p><strong>OEM Y ODM<\/strong>: Soporte<br \/><strong>Dise\u00f1o<\/strong>: Gratis<br \/><strong>Accesorios<\/strong>: Lavabos, espejos, grifos y otros accesorios de ba\u00f1o<br \/><strong>Embalaje<\/strong>: Listo para montar<\/p>","protected":false},"featured_media":2319,"comment_status":"closed","ping_status":"closed","template":"","meta":{"_acf_changed":true},"product_brand":[],"product_cat":[24],"product_tag":[],"class_list":{"0":"post-2317","1":"product","2":"type-product","3":"status-publish","4":"has-post-thumbnail","6":"product_cat-wholesale-pvc-bathroom-vanity-cabinets","8":"first","9":"instock","10":"shipping-taxable","11":"product-type-simple"},"acf":[],"_links":{"self":[{"href":"https:\/\/www.shouyasanitary.com\/es\/wp-json\/wp\/v2\/product\/2317","targetHints":{"allow":["GET"]}}],"collection":[{"href":"https:\/\/www.shouyasanitary.com\/es\/wp-json\/wp\/v2\/product"}],"about":[{"href":"https:\/\/www.shouyasanitary.com\/es\/wp-json\/wp\/v2\/types\/product"}],"replies":[{"embeddable":true,"href":"https:\/\/www.shouyasanitary.com\/es\/wp-json\/wp\/v2\/comments?post=2317"}],"wp:featuredmedia":[{"embeddable":true,"href":"https:\/\/www.shouyasanitary.com\/es\/wp-json\/wp\/v2\/media\/2319"}],"wp:attachment":[{"href":"https:\/\/www.shouyasanitary.com\/es\/wp-json\/wp\/v2\/media?parent=2317"}],"wp:term":[{"taxonomy":"product_brand","embeddable":true,"href":"https:\/\/www.shouyasanitary.com\/es\/wp-json\/wp\/v2\/product_brand?post=2317"},{"taxonomy":"product_cat","embeddable":true,"href":"https:\/\/www.shouyasanitary.com\/es\/wp-json\/wp\/v2\/product_cat?post=2317"},{"taxonomy":"product_tag","embeddable":true,"href":"https:\/\/www.shouyasanitary.com\/es\/wp-json\/wp\/v2\/product_tag?post=2317"}],"curies":[{"name":"wp","href":"https:\/\/api.w.org\/{rel}","templated":true}]}}