{"id":2318,"date":"2025-11-22T02:13:34","date_gmt":"2025-11-22T02:13:34","guid":{"rendered":"https:\/\/www.shouyasanitary.com\/?post_type=product&#038;p=2318"},"modified":"2025-11-22T02:13:40","modified_gmt":"2025-11-22T02:13:40","slug":"custom-grey-bathroom-vanity-cabinet","status":"publish","type":"product","link":"https:\/\/www.shouyasanitary.com\/es\/producto\/custom-grey-bathroom-vanity-cabinet\/","title":{"rendered":"Gabinete de la vanidad del cuarto de ba\u00f1o del gris de encargo, gabinete flotante del espejo de ba\u00f1o en bulto"},"content":{"rendered":"<div class=\"wp-block-columns is-layout-flex wp-container-core-columns-is-layout-9d6595d7 wp-block-columns-is-layout-flex\">\n<div class=\"wp-block-column is-layout-flow wp-block-column-is-layout-flow\">\n<h2 class=\"wp-block-heading\">Caracter\u00edsticas del gabinete de la vanidad del cuarto de ba\u00f1o gris\uff1a<\/h2>\n\n\n\n<p><strong>PVC Material:<\/strong> Es resistente, impermeable e ideal para cuartos de ba\u00f1o h\u00famedos. Su superficie lisa y f\u00e1cil de limpiar la hace resistente a los ara\u00f1azos, la deformaci\u00f3n y el moho para garantizar una larga vida \u00fatil con un mantenimiento m\u00ednimo.<\/p>\n\n\n\n<p><strong>Dise\u00f1o de armario de doble caj\u00f3n<\/strong>: La base flotante de doble caj\u00f3n ofrece un amplio almacenamiento organizado; los elegantes tiradores sin tirador con hendiduras integradas crean un aspecto moderno y despejado; y el tama\u00f1o compacto maximiza el espacio en el suelo, perfecto para ba\u00f1os peque\u00f1os.<\/p>\n\n\n\n<p><strong>Funcionalidad del armario con espejo LED: <\/strong>El armario con espejo de pared incorpora un espejo de cobertura total con iluminaci\u00f3n LED integrada y compartimentos de almacenamiento internos con nichos abiertos para los art\u00edculos de aseo diario. Tambi\u00e9n cuenta con un sutil panel de control t\u00e1ctil para ajustar la luz.<\/p>\n\n\n\n<p><strong>Integraci\u00f3n del fregadero de cer\u00e1mica<\/strong>: Este fregadero de cer\u00e1mica sin juntas y de alto brillo es resistente a la decoloraci\u00f3n y se integra perfectamente en el mueble de PVC. Como la superficie es tan lisa y no porosa, no hay lugar para que se acumule el agua. Adem\u00e1s, es de montaje empotrado, lo que acomoda el dise\u00f1o integrado y sin juntas con el aspecto aerodin\u00e1mico del mueble.<\/p>\n\n\n\n<p><strong>Suministro directo de f\u00e1brica:<\/strong> Como proveedor de sanitarios para cuartos de ba\u00f1o con f\u00e1brica propia y a\u00f1os de experiencia en comercio exterior, tenemos un control independiente de todo el proceso, desde la producci\u00f3n hasta la inspecci\u00f3n de calidad, para garantizar una calidad estable; y ofrecemos precios de compra al por mayor y servicios personalizados.<\/p>\n<\/div>\n\n\n\n<div class=\"wp-block-column is-layout-flow wp-block-column-is-layout-flow\"><div class=\"wp-block-image\">\n<figure class=\"aligncenter size-full\"><img decoding=\"async\" width=\"700\" height=\"700\" src=\"https:\/\/www.shouyasanitary.com\/wp-content\/uploads\/2025\/11\/Custom-Vanity-with-Wash-Basin-for-Hotel-Bathroom.webp\" alt=\"\" class=\"wp-image-2326\" style=\"object-fit:cover\" srcset=\"https:\/\/www.shouyasanitary.com\/wp-content\/uploads\/2025\/11\/Custom-Vanity-with-Wash-Basin-for-Hotel-Bathroom.webp 700w, https:\/\/www.shouyasanitary.com\/wp-content\/uploads\/2025\/11\/Custom-Vanity-with-Wash-Basin-for-Hotel-Bathroom-300x300.webp 300w, https:\/\/www.shouyasanitary.com\/wp-content\/uploads\/2025\/11\/Custom-Vanity-with-Wash-Basin-for-Hotel-Bathroom-150x150.webp 150w, https:\/\/www.shouyasanitary.com\/wp-content\/uploads\/2025\/11\/Custom-Vanity-with-Wash-Basin-for-Hotel-Bathroom-12x12.webp 12w, https:\/\/www.shouyasanitary.com\/wp-content\/uploads\/2025\/11\/Custom-Vanity-with-Wash-Basin-for-Hotel-Bathroom-600x600.webp 600w, https:\/\/www.shouyasanitary.com\/wp-content\/uploads\/2025\/11\/Custom-Vanity-with-Wash-Basin-for-Hotel-Bathroom-100x100.webp 100w\" sizes=\"(max-width: 700px) 100vw, 700px\" \/><\/figure>\n<\/div><\/div>\n<\/div>","protected":false},"excerpt":{"rendered":"<p>Custom gabinete de la vanidad del cuarto de ba\u00f1o gris, material impermeable del PVC, ofreciendo una base flotante del doble-caj\u00f3n, un gabinete del espejo del LED, y un fregadero de cer\u00e1mica integrado, adaptado perfectamente a un cuarto de ba\u00f1o moderno. Suministro directo de f\u00e1brica, que ofrece precios al por mayor y servicios de personalizaci\u00f3n. Para obtener m\u00e1s informaci\u00f3n o un presupuesto, no dude en ponerse en contacto con nosotros.<\/p>\n<h2>Gabinete de la vanidad del cuarto de ba\u00f1o gris Attributes\uff1a<\/h2>\n<p><strong>Art\u00edculo No: <\/strong>7742-60<strong><br \/>Material del armario:<\/strong> PVC<br \/><strong>Color del armario: <\/strong>Gris<br \/><strong>Espejo:<\/strong> Espejo LED (3,5 mm\/3,8 mm), iluminaci\u00f3n tricolor, desempa\u00f1ado con un solo toque, protegido con embalaje de espuma multicapa<br \/><strong>Tipo de instalaci\u00f3n:<\/strong>\u00a0Montaje en pared<br \/><strong>Dimensiones (L\u00d7A\u00d7H):<\/strong> 60*47*45 cm<br \/><strong>Peso bruto:<\/strong> 28kg\/set<\/p>\n<h2>Personalizaci\u00f3n y servicios:<\/h2>\n<p><strong>OEM Y ODM<\/strong>: Soporte<br \/><strong>Dise\u00f1o<\/strong>: Gratis<br \/><strong>Accesorios<\/strong>: Lavabos, espejos, grifos y otros accesorios de ba\u00f1o<br \/><strong>Embalaje<\/strong>: Listo para montar<\/p>","protected":false},"featured_media":2326,"comment_status":"closed","ping_status":"closed","template":"","meta":{"_acf_changed":true},"product_brand":[],"product_cat":[24],"product_tag":[],"class_list":{"0":"post-2318","1":"product","2":"type-product","3":"status-publish","4":"has-post-thumbnail","6":"product_cat-wholesale-pvc-bathroom-vanity-cabinets","8":"first","9":"instock","10":"shipping-taxable","11":"product-type-simple"},"acf":[],"_links":{"self":[{"href":"https:\/\/www.shouyasanitary.com\/es\/wp-json\/wp\/v2\/product\/2318","targetHints":{"allow":["GET"]}}],"collection":[{"href":"https:\/\/www.shouyasanitary.com\/es\/wp-json\/wp\/v2\/product"}],"about":[{"href":"https:\/\/www.shouyasanitary.com\/es\/wp-json\/wp\/v2\/types\/product"}],"replies":[{"embeddable":true,"href":"https:\/\/www.shouyasanitary.com\/es\/wp-json\/wp\/v2\/comments?post=2318"}],"wp:featuredmedia":[{"embeddable":true,"href":"https:\/\/www.shouyasanitary.com\/es\/wp-json\/wp\/v2\/media\/2326"}],"wp:attachment":[{"href":"https:\/\/www.shouyasanitary.com\/es\/wp-json\/wp\/v2\/media?parent=2318"}],"wp:term":[{"taxonomy":"product_brand","embeddable":true,"href":"https:\/\/www.shouyasanitary.com\/es\/wp-json\/wp\/v2\/product_brand?post=2318"},{"taxonomy":"product_cat","embeddable":true,"href":"https:\/\/www.shouyasanitary.com\/es\/wp-json\/wp\/v2\/product_cat?post=2318"},{"taxonomy":"product_tag","embeddable":true,"href":"https:\/\/www.shouyasanitary.com\/es\/wp-json\/wp\/v2\/product_tag?post=2318"}],"curies":[{"name":"wp","href":"https:\/\/api.w.org\/{rel}","templated":true}]}}