{"id":2322,"date":"2025-11-21T08:58:19","date_gmt":"2025-11-21T08:58:19","guid":{"rendered":"https:\/\/www.shouyasanitary.com\/?post_type=product&#038;p=2322"},"modified":"2025-11-21T08:58:25","modified_gmt":"2025-11-21T08:58:25","slug":"custom-bathroom-vanities-with-mirror","status":"publish","type":"product","link":"https:\/\/www.shouyasanitary.com\/es\/producto\/custom-bathroom-vanities-with-mirror\/","title":{"rendered":"Tocadores de ba\u00f1o a medida con espejo, Juego de mueble de ba\u00f1o de PVC montado en la pared a granel"},"content":{"rendered":"<div class=\"wp-block-columns is-layout-flex wp-container-core-columns-is-layout-9d6595d7 wp-block-columns-is-layout-flex\">\n<div class=\"wp-block-column is-layout-flow wp-block-column-is-layout-flow\">\n<h2 class=\"wp-block-heading\">Caracter\u00edsticas de los tocadores de ba\u00f1o con espejo\uff1a<\/h2>\n\n\n\n<p><strong>Material de PVC duradero: <\/strong>Fabricado con PVC ecol\u00f3gico de alta calidad, destaca por sus excelentes caracter\u00edsticas de resistencia a la humedad, impermeabilidad y antideformaci\u00f3n. Mantendr\u00e1 su durabilidad en condiciones de humedad y es seguro para el uso diario.<\/p>\n\n\n\n<p><strong>Ahorro de espacio<\/strong>: El dise\u00f1o suspendido ahorra espacio en el suelo, a\u00f1adiendo un efecto ordenado y espacioso a su cuarto de ba\u00f1o. Esto se combina con un espejo y un armario principal que cuenta con suficiente espacio de almacenamiento para mantener en orden todos sus art\u00edculos de ba\u00f1o esenciales.<\/p>\n\n\n\n<p><strong>F\u00e1cil de usar: <\/strong>El armario con espejo cuenta con una suave iluminaci\u00f3n LED para el aseo diario y una bisagra amortiguadora silenciosa que permite un cierre silencioso. Una abertura de ventilaci\u00f3n en la parte inferior del armario principal reduce la acumulaci\u00f3n de humedad.<\/p>\n\n\n\n<p><strong>F\u00e1cil instalaci\u00f3n y mantenimiento:<\/strong> Incluye instrucciones detalladas y accesorios para una instalaci\u00f3n sencilla. La superficie de PVC y el lavabo de cer\u00e1mica son f\u00e1ciles de limpiar; basta con pasarles un pa\u00f1o para mantenerlos como nuevos.<\/p>\n\n\n\n<p><strong>Suministro directo de f\u00e1brica: <\/strong>Compre directamente al fabricante de Shouya y disfrute de grandes descuentos sin intermediarios. Tambi\u00e9n dispone de opciones de personalizaci\u00f3n, como tama\u00f1os y colores, para satisfacer sus necesidades espec\u00edficas.<\/p>\n<\/div>\n\n\n\n<div class=\"wp-block-column is-layout-flow wp-block-column-is-layout-flow\"><div class=\"wp-block-image\">\n<figure class=\"aligncenter size-full\"><img decoding=\"async\" width=\"700\" height=\"700\" src=\"https:\/\/www.shouyasanitary.com\/wp-content\/uploads\/2025\/11\/wholesale-customization-PVC-bathroom-cabinet-vanity.webp\" alt=\"personalizaci\u00f3n al por mayor de PVC mueble de ba\u00f1o vanidad\" class=\"wp-image-2323\" style=\"object-fit:cover\" srcset=\"https:\/\/www.shouyasanitary.com\/wp-content\/uploads\/2025\/11\/wholesale-customization-PVC-bathroom-cabinet-vanity.webp 700w, https:\/\/www.shouyasanitary.com\/wp-content\/uploads\/2025\/11\/wholesale-customization-PVC-bathroom-cabinet-vanity-300x300.webp 300w, https:\/\/www.shouyasanitary.com\/wp-content\/uploads\/2025\/11\/wholesale-customization-PVC-bathroom-cabinet-vanity-150x150.webp 150w, https:\/\/www.shouyasanitary.com\/wp-content\/uploads\/2025\/11\/wholesale-customization-PVC-bathroom-cabinet-vanity-12x12.webp 12w, https:\/\/www.shouyasanitary.com\/wp-content\/uploads\/2025\/11\/wholesale-customization-PVC-bathroom-cabinet-vanity-600x600.webp 600w, https:\/\/www.shouyasanitary.com\/wp-content\/uploads\/2025\/11\/wholesale-customization-PVC-bathroom-cabinet-vanity-100x100.webp 100w\" sizes=\"(max-width: 700px) 100vw, 700px\" \/><\/figure>\n<\/div><\/div>\n<\/div>","protected":false},"excerpt":{"rendered":"<p>Los tocadores de ba\u00f1o a medida con espejo, utilizan material de PVC duradero, son f\u00e1ciles de instalar, cuentan con una estructura montada en la pared y un armario con espejo con amplio espacio de almacenamiento.  Perfecto para cuartos de ba\u00f1o modernos. \u00a1P\u00f3ngase en contacto con nosotros para presupuestos personalizados!<\/p>\n<h2>Tocadores de ba\u00f1o con espejo Atributos\uff1a<\/h2>\n<p><strong>Art\u00edculo No: <\/strong>7713-60<strong><br \/>Material del armario:<\/strong> PVC<br \/><strong>Color del armario:\u00a0<\/strong>Gris claro<br \/><strong>Espejo:<\/strong> Espejo LED (3,5 mm\/3,8 mm), iluminaci\u00f3n tricolor, desempa\u00f1ado con un solo toque, protegido con embalaje de espuma multicapa<br \/><strong>Tipo de instalaci\u00f3n:<\/strong>\u00a0Montaje en pared<br \/><strong>Dimensiones (L\u00d7A\u00d7H):<\/strong> 60*47*49 cm<br \/><strong>Peso bruto:<\/strong> 28kg\/set<\/p>\n<h2>Personalizaci\u00f3n y servicios:<\/h2>\n<p><strong>OEM Y ODM<\/strong>: Soporte<br \/><strong>Dise\u00f1o<\/strong>: Gratis<br \/><strong>Accesorios<\/strong>: Lavabos, espejos, grifos y otros accesorios de ba\u00f1o<br \/><strong>Embalaje<\/strong>: Listo para montar<\/p>","protected":false},"featured_media":2323,"comment_status":"closed","ping_status":"closed","template":"","meta":{"_acf_changed":false},"product_brand":[],"product_cat":[24],"product_tag":[],"class_list":{"0":"post-2322","1":"product","2":"type-product","3":"status-publish","4":"has-post-thumbnail","6":"product_cat-wholesale-pvc-bathroom-vanity-cabinets","8":"first","9":"instock","10":"shipping-taxable","11":"product-type-simple"},"acf":[],"_links":{"self":[{"href":"https:\/\/www.shouyasanitary.com\/es\/wp-json\/wp\/v2\/product\/2322","targetHints":{"allow":["GET"]}}],"collection":[{"href":"https:\/\/www.shouyasanitary.com\/es\/wp-json\/wp\/v2\/product"}],"about":[{"href":"https:\/\/www.shouyasanitary.com\/es\/wp-json\/wp\/v2\/types\/product"}],"replies":[{"embeddable":true,"href":"https:\/\/www.shouyasanitary.com\/es\/wp-json\/wp\/v2\/comments?post=2322"}],"wp:featuredmedia":[{"embeddable":true,"href":"https:\/\/www.shouyasanitary.com\/es\/wp-json\/wp\/v2\/media\/2323"}],"wp:attachment":[{"href":"https:\/\/www.shouyasanitary.com\/es\/wp-json\/wp\/v2\/media?parent=2322"}],"wp:term":[{"taxonomy":"product_brand","embeddable":true,"href":"https:\/\/www.shouyasanitary.com\/es\/wp-json\/wp\/v2\/product_brand?post=2322"},{"taxonomy":"product_cat","embeddable":true,"href":"https:\/\/www.shouyasanitary.com\/es\/wp-json\/wp\/v2\/product_cat?post=2322"},{"taxonomy":"product_tag","embeddable":true,"href":"https:\/\/www.shouyasanitary.com\/es\/wp-json\/wp\/v2\/product_tag?post=2322"}],"curies":[{"name":"wp","href":"https:\/\/api.w.org\/{rel}","templated":true}]}}