{"id":2329,"date":"2025-11-21T09:35:18","date_gmt":"2025-11-21T09:35:18","guid":{"rendered":"https:\/\/www.shouyasanitary.com\/?post_type=product&#038;p=2329"},"modified":"2025-11-21T09:35:24","modified_gmt":"2025-11-21T09:35:24","slug":"wholesale-bathroom-cabinet-wall-mounted","status":"publish","type":"product","link":"https:\/\/www.shouyasanitary.com\/es\/producto\/wholesale-bathroom-cabinet-wall-mounted\/","title":{"rendered":"Mayorista Armario de Ba\u00f1o Montado en la Pared, Proveedor de Armario de Ba\u00f1o Blanco con Cajones"},"content":{"rendered":"<div class=\"wp-block-columns is-layout-flex wp-container-core-columns-is-layout-9d6595d7 wp-block-columns-is-layout-flex\">\n<div class=\"wp-block-column is-layout-flow wp-block-column-is-layout-flow\">\n<h2 class=\"wp-block-heading\">Armario de ba\u00f1o montado en la pared Caracter\u00edsticas\uff1a<\/h2>\n\n\n\n<p><strong>Impermeable y duradero<\/strong>: Hecho de material de PVC de calidad superior, tiene un excelente rendimiento en propiedades impermeables, a prueba de humedad y corrosi\u00f3n, por lo que es intr\u00e9pido en ambientes h\u00famedos y asegura una larga vida \u00fatil.<\/p>\n\n\n\n<p><strong>Armario con espejo de luz suave:<\/strong> El armario con espejo integrado est\u00e1 equipado con retroiluminaci\u00f3n LED incorporada para proporcionar una iluminaci\u00f3n suave y uniforme para el aseo y el afeitado diarios sin sombras.<\/p>\n\n\n\n<p><strong>Dise\u00f1o flotante<\/strong>: La instalaci\u00f3n en la pared ahorra espacio en el suelo. Comb\u00ednalo con cajones dobles y una encimera bien dise\u00f1ada para organizar f\u00e1cilmente multitud de art\u00edculos de aseo manteniendo limpia la encimera.<\/p>\n\n\n\n<p><strong>Sencillo y vers\u00e1til:<\/strong> Presenta una combinaci\u00f3n de colores gris neutro y blanco puro con l\u00edneas limpias y n\u00edtidas. Este moderno dise\u00f1o minimalista complementa a la perfecci\u00f3n una gran variedad de estilos decorativos, desde el industrial hasta el escandinavo, formando un punto de atracci\u00f3n visual en el cuarto de ba\u00f1o.<\/p>\n\n\n\n<p><strong>Personalizaci\u00f3n disponible<\/strong>: Shouya, fabricante profesional de armarios de ba\u00f1o, ofrece servicios sanitarios OEM\/ODM para apoyar la personalizaci\u00f3n flexible del tama\u00f1o, el color y los materiales, garantizando una calidad estable del producto y satisfaciendo las necesidades de compra al por mayor de hoteles, apartamentos y marcas minoristas.<\/p>\n<\/div>\n\n\n\n<div class=\"wp-block-column is-layout-flow wp-block-column-is-layout-flow\"><div class=\"wp-block-image\">\n<figure class=\"aligncenter size-full\"><img decoding=\"async\" width=\"700\" height=\"700\" src=\"https:\/\/www.shouyasanitary.com\/wp-content\/uploads\/2025\/11\/wholesale-focus-80CM-white-PVC-bathroom-cabinet-vanity.webp\" alt=\"venta al por mayor enfoque 80CM blanco PVC mueble de ba\u00f1o vanidad\" class=\"wp-image-2331\" style=\"object-fit:cover\" srcset=\"https:\/\/www.shouyasanitary.com\/wp-content\/uploads\/2025\/11\/wholesale-focus-80CM-white-PVC-bathroom-cabinet-vanity.webp 700w, https:\/\/www.shouyasanitary.com\/wp-content\/uploads\/2025\/11\/wholesale-focus-80CM-white-PVC-bathroom-cabinet-vanity-300x300.webp 300w, https:\/\/www.shouyasanitary.com\/wp-content\/uploads\/2025\/11\/wholesale-focus-80CM-white-PVC-bathroom-cabinet-vanity-150x150.webp 150w, https:\/\/www.shouyasanitary.com\/wp-content\/uploads\/2025\/11\/wholesale-focus-80CM-white-PVC-bathroom-cabinet-vanity-12x12.webp 12w, https:\/\/www.shouyasanitary.com\/wp-content\/uploads\/2025\/11\/wholesale-focus-80CM-white-PVC-bathroom-cabinet-vanity-600x600.webp 600w, https:\/\/www.shouyasanitary.com\/wp-content\/uploads\/2025\/11\/wholesale-focus-80CM-white-PVC-bathroom-cabinet-vanity-100x100.webp 100w\" sizes=\"(max-width: 700px) 100vw, 700px\" \/><\/figure>\n<\/div><\/div>\n<\/div>","protected":false},"excerpt":{"rendered":"<p>Mueble de ba\u00f1o al por mayor montado en la pared, mueble de ba\u00f1o de PVC impermeable con espejo LED de luz suave. Tama\u00f1os y colores personalizados est\u00e1n disponibles, y se ofrecen servicios de OEM \/ ODM. Adecuado para hoteles, apartamentos y hogares. \u00a1Contacte con nosotros para precios al por mayor y cat\u00e1logo de productos!<\/p>\n<h2>Gabinete de ba\u00f1o montado en la pared Atributos\uff1a<\/h2>\n<p><strong>Art\u00edculo No: <\/strong>7755-80<strong><br \/>Material del armario:<\/strong> PVC<br \/><strong>Color del armario:\u00a0<\/strong>Blanco<br \/><strong>Espejo:<\/strong> Espejo LED (3,5 mm\/3,8 mm), iluminaci\u00f3n tricolor, desempa\u00f1ado con un solo toque, protegido con embalaje de espuma multicapa<br \/><strong>Tipo de instalaci\u00f3n:<\/strong>\u00a0Montaje en pared<br \/><strong>Dimensiones (L\u00d7A\u00d7H):<\/strong> 80*50*57 cm<br \/><strong>Peso bruto:<\/strong> 30 kg\/set<\/p>\n<h2>Personalizaci\u00f3n y servicios:<\/h2>\n<p><strong>OEM Y ODM<\/strong>: Soporte<br \/><strong>Dise\u00f1o<\/strong>: Gratis<br \/><strong>Accesorios<\/strong>: Lavabos, espejos, grifos y otros accesorios de ba\u00f1o<br \/><strong>Embalaje<\/strong>: Listo para montar<\/p>","protected":false},"featured_media":2331,"comment_status":"closed","ping_status":"closed","template":"","meta":{"_acf_changed":true},"product_brand":[],"product_cat":[24],"product_tag":[],"class_list":{"0":"post-2329","1":"product","2":"type-product","3":"status-publish","4":"has-post-thumbnail","6":"product_cat-wholesale-pvc-bathroom-vanity-cabinets","8":"first","9":"instock","10":"shipping-taxable","11":"product-type-simple"},"acf":[],"_links":{"self":[{"href":"https:\/\/www.shouyasanitary.com\/es\/wp-json\/wp\/v2\/product\/2329","targetHints":{"allow":["GET"]}}],"collection":[{"href":"https:\/\/www.shouyasanitary.com\/es\/wp-json\/wp\/v2\/product"}],"about":[{"href":"https:\/\/www.shouyasanitary.com\/es\/wp-json\/wp\/v2\/types\/product"}],"replies":[{"embeddable":true,"href":"https:\/\/www.shouyasanitary.com\/es\/wp-json\/wp\/v2\/comments?post=2329"}],"wp:featuredmedia":[{"embeddable":true,"href":"https:\/\/www.shouyasanitary.com\/es\/wp-json\/wp\/v2\/media\/2331"}],"wp:attachment":[{"href":"https:\/\/www.shouyasanitary.com\/es\/wp-json\/wp\/v2\/media?parent=2329"}],"wp:term":[{"taxonomy":"product_brand","embeddable":true,"href":"https:\/\/www.shouyasanitary.com\/es\/wp-json\/wp\/v2\/product_brand?post=2329"},{"taxonomy":"product_cat","embeddable":true,"href":"https:\/\/www.shouyasanitary.com\/es\/wp-json\/wp\/v2\/product_cat?post=2329"},{"taxonomy":"product_tag","embeddable":true,"href":"https:\/\/www.shouyasanitary.com\/es\/wp-json\/wp\/v2\/product_tag?post=2329"}],"curies":[{"name":"wp","href":"https:\/\/api.w.org\/{rel}","templated":true}]}}