{"id":2330,"date":"2025-11-22T03:04:40","date_gmt":"2025-11-22T03:04:40","guid":{"rendered":"https:\/\/www.shouyasanitary.com\/?post_type=product&#038;p=2330"},"modified":"2025-11-22T03:04:46","modified_gmt":"2025-11-22T03:04:46","slug":"custom-bathroom-cabinet-and-vanity","status":"publish","type":"product","link":"https:\/\/www.shouyasanitary.com\/es\/producto\/custom-bathroom-cabinet-and-vanity\/","title":{"rendered":"Mueble de ba\u00f1o y tocador a medida, mueble de ba\u00f1o de PVC con cajones caqui a granel"},"content":{"rendered":"<div class=\"wp-block-columns is-layout-flex wp-container-core-columns-is-layout-9d6595d7 wp-block-columns-is-layout-flex\">\n<div class=\"wp-block-column is-layout-flow wp-block-column-is-layout-flow\">\n<h2 class=\"wp-block-heading\">Caracter\u00edsticas del mueble de ba\u00f1o y tocador\uff1a<\/h2>\n\n\n\n<p><strong>Construcci\u00f3n de PVC<\/strong>: Est\u00e1 fabricado con PVC de alta calidad y ofrece un buen rendimiento frente a condiciones de humedad; tiene una superficie no porosa e impermeable que repele la humedad y evita la formaci\u00f3n de moho, al tiempo que se mantiene intacta con el uso diario del agua. El acabado mate le da un aspecto elegante y moderno a la vez que es f\u00e1cil de limpiar.<\/p>\n\n\n\n<p><strong>Base de doble caj\u00f3n<\/strong>: Cajonera doble flotante con sutiles tiradores levantados de los bordes que ofrecen un almacenamiento oculto y organizado; cada caj\u00f3n contiene art\u00edculos de aseo con facilidad, mientras que el dise\u00f1o montado en la pared mantiene el suelo despejado. El mecanismo de cierre suave favorece el funcionamiento silencioso y suave de los cajones.<\/p>\n\n\n\n<p><strong>Armario con espejo LED: <\/strong>Un armario de espejo emparejado con un espejo de tama\u00f1o completo e iluminaci\u00f3n LED integrada se complementa con un espejo de aumento circular adicional, mientras que los controles t\u00e1ctiles permiten ajustar los niveles de luz y el almacenamiento cerrado mantiene lo esencial libre de polvo.<\/p>\n\n\n\n<p><strong>Fregadero de cer\u00e1mica:<\/strong> El fregadero de cer\u00e1mica integrado combina a la perfecci\u00f3n con el mueble de PVC, donde su superficie lisa y resistente a las manchas garantiza la resistencia a los ara\u00f1azos. El dise\u00f1o sin juntas tambi\u00e9n elimina los huecos. La forma elegante del dise\u00f1o crea un minimalismo perfecto con este mueble.<\/p>\n\n\n\n<p><strong>Entrega r\u00e1pida: <\/strong>La madurez de la cadena de suministro y el proceso de producci\u00f3n de Shouya acortan el ciclo de personalizaci\u00f3n y ayudan a los clientes, como empresas de decoraci\u00f3n y distribuidores, a acelerar la ejecuci\u00f3n de los proyectos.<\/p>\n<\/div>\n\n\n\n<div class=\"wp-block-column is-layout-flow wp-block-column-is-layout-flow\"><div class=\"wp-block-image\">\n<figure class=\"aligncenter size-full\"><img decoding=\"async\" width=\"700\" height=\"700\" src=\"https:\/\/www.shouyasanitary.com\/wp-content\/uploads\/2025\/11\/Custom-Bathroom-Cabinets-with-Mirror.webp\" alt=\"Armarios de ba\u00f1o a medida con espejo\" class=\"wp-image-2334\" style=\"object-fit:cover\" srcset=\"https:\/\/www.shouyasanitary.com\/wp-content\/uploads\/2025\/11\/Custom-Bathroom-Cabinets-with-Mirror.webp 700w, https:\/\/www.shouyasanitary.com\/wp-content\/uploads\/2025\/11\/Custom-Bathroom-Cabinets-with-Mirror-300x300.webp 300w, https:\/\/www.shouyasanitary.com\/wp-content\/uploads\/2025\/11\/Custom-Bathroom-Cabinets-with-Mirror-150x150.webp 150w, https:\/\/www.shouyasanitary.com\/wp-content\/uploads\/2025\/11\/Custom-Bathroom-Cabinets-with-Mirror-12x12.webp 12w, https:\/\/www.shouyasanitary.com\/wp-content\/uploads\/2025\/11\/Custom-Bathroom-Cabinets-with-Mirror-600x600.webp 600w, https:\/\/www.shouyasanitary.com\/wp-content\/uploads\/2025\/11\/Custom-Bathroom-Cabinets-with-Mirror-100x100.webp 100w\" sizes=\"(max-width: 700px) 100vw, 700px\" \/><\/figure>\n<\/div><\/div>\n<\/div>","protected":false},"excerpt":{"rendered":"<p>Armario y tocador de ba\u00f1o a medida, a prueba de humedad, PVC duradero. Cuenta con un dise\u00f1o de doble caj\u00f3n flotante con un gabinete de espejo LED. Suministro directo de f\u00e1brica, entrega r\u00e1pida personalizada, ideal para varios escenarios de ba\u00f1o. P\u00f3ngase en contacto con nosotros para obtener un presupuesto y un cat\u00e1logo de productos.<\/p>\n<h2>Atributos de los armarios y tocadores de ba\u00f1o\uff1a<\/h2>\n<p><strong>Art\u00edculo No: <\/strong>7757-80<strong><br \/>Material del armario:<\/strong> PVC<br \/><strong>Color del armario:\u00a0<\/strong>Caqui<br \/><strong>Espejo:<\/strong> Espejo LED (3,5 mm\/3,8 mm), iluminaci\u00f3n tricolor, desempa\u00f1ado con un solo toque, protegido con embalaje de espuma multicapa<br \/><strong>Tipo de instalaci\u00f3n:<\/strong>\u00a0Montaje en pared<br \/><strong>Dimensiones (L\u00d7A\u00d7H):<\/strong> 80*50*57 cm<br \/><strong>Peso bruto:<\/strong> 30 kg\/set<\/p>\n<h2>Personalizaci\u00f3n y servicios:<\/h2>\n<p><strong>OEM Y ODM<\/strong>: Soporte<br \/><strong>Dise\u00f1o<\/strong>: Gratis<br \/><strong>Accesorios<\/strong>: Lavabos, espejos, grifos y otros accesorios de ba\u00f1o<br \/><strong>Embalaje<\/strong>: Listo para montar<\/p>","protected":false},"featured_media":2334,"comment_status":"closed","ping_status":"closed","template":"","meta":{"_acf_changed":false},"product_brand":[],"product_cat":[24],"product_tag":[],"class_list":{"0":"post-2330","1":"product","2":"type-product","3":"status-publish","4":"has-post-thumbnail","6":"product_cat-wholesale-pvc-bathroom-vanity-cabinets","8":"first","9":"instock","10":"shipping-taxable","11":"product-type-simple"},"acf":[],"_links":{"self":[{"href":"https:\/\/www.shouyasanitary.com\/es\/wp-json\/wp\/v2\/product\/2330","targetHints":{"allow":["GET"]}}],"collection":[{"href":"https:\/\/www.shouyasanitary.com\/es\/wp-json\/wp\/v2\/product"}],"about":[{"href":"https:\/\/www.shouyasanitary.com\/es\/wp-json\/wp\/v2\/types\/product"}],"replies":[{"embeddable":true,"href":"https:\/\/www.shouyasanitary.com\/es\/wp-json\/wp\/v2\/comments?post=2330"}],"wp:featuredmedia":[{"embeddable":true,"href":"https:\/\/www.shouyasanitary.com\/es\/wp-json\/wp\/v2\/media\/2334"}],"wp:attachment":[{"href":"https:\/\/www.shouyasanitary.com\/es\/wp-json\/wp\/v2\/media?parent=2330"}],"wp:term":[{"taxonomy":"product_brand","embeddable":true,"href":"https:\/\/www.shouyasanitary.com\/es\/wp-json\/wp\/v2\/product_brand?post=2330"},{"taxonomy":"product_cat","embeddable":true,"href":"https:\/\/www.shouyasanitary.com\/es\/wp-json\/wp\/v2\/product_cat?post=2330"},{"taxonomy":"product_tag","embeddable":true,"href":"https:\/\/www.shouyasanitary.com\/es\/wp-json\/wp\/v2\/product_tag?post=2330"}],"curies":[{"name":"wp","href":"https:\/\/api.w.org\/{rel}","templated":true}]}}