{"id":2337,"date":"2025-11-22T03:42:23","date_gmt":"2025-11-22T03:42:23","guid":{"rendered":"https:\/\/www.shouyasanitary.com\/?post_type=product&#038;p=2337"},"modified":"2025-11-22T03:42:41","modified_gmt":"2025-11-22T03:42:41","slug":"wholesale-bathroom-vanity-with-cabinet","status":"publish","type":"product","link":"https:\/\/www.shouyasanitary.com\/es\/producto\/wholesale-bathroom-vanity-with-cabinet\/","title":{"rendered":"Mayorista Mueble de Ba\u00f1o con Armario, Mueble de Ba\u00f1o Moderno de Pared Proveedor"},"content":{"rendered":"<div class=\"wp-block-columns is-layout-flex wp-container-core-columns-is-layout-9d6595d7 wp-block-columns-is-layout-flex\">\n<div class=\"wp-block-column is-layout-flow wp-block-column-is-layout-flow\">\n<h2 class=\"wp-block-heading\">Caracter\u00edsticas del tocador de ba\u00f1o con mueble\uff1a<\/h2>\n\n\n\n<p><strong>Construcci\u00f3n de PVC al por mayor:<\/strong> PVC duradero y resistente a los ara\u00f1azos, ligero y f\u00e1cil de transportar, perfecto para ba\u00f1os muy transitados. Ideal para pedidos al por mayor.<\/p>\n\n\n\n<p><strong>Amplio espacio de almacenamiento: <\/strong>Unidad flotante que ahorra espacio para un amplio almacenamiento. Ideal para ba\u00f1os peque\u00f1os y reformas modernas.<\/p>\n\n\n\n<p><strong>Armario con espejo LED:<\/strong> Espejo retroiluminado por LED de tama\u00f1o completo con controles t\u00e1ctiles para un mejor aseo. Dise\u00f1o elegante y sin marco con gran atractivo para proyectos de ba\u00f1o modernos.<\/p>\n\n\n\n<p><strong>Fregadero de cer\u00e1mica integrado:<\/strong> Fregadero sin juntas y resistente a las manchas para un f\u00e1cil mantenimiento. Perfecto para administradores de fincas y contratistas.<\/p>\n\n\n\n<p><strong>Servicio OEM\/ODM<\/strong>: Ofrecemos soluciones de dise\u00f1o personalizado y pedidos al por mayor, garantizando una calidad constante y flexibilidad para los clientes mayoristas.<\/p>\n<\/div>\n\n\n\n<div class=\"wp-block-column is-layout-flow wp-block-column-is-layout-flow\"><div class=\"wp-block-image\">\n<figure class=\"aligncenter size-full\"><img decoding=\"async\" width=\"700\" height=\"700\" src=\"https:\/\/www.shouyasanitary.com\/wp-content\/uploads\/2025\/11\/OEM-Vanity-with-Mirror-Wash-Basin-for-Hotel-Bathroom.webp\" alt=\"OEM tocador con espejo lavabo para cuarto de ba\u00f1o del hotel\" class=\"wp-image-2340\" style=\"object-fit:cover\" srcset=\"https:\/\/www.shouyasanitary.com\/wp-content\/uploads\/2025\/11\/OEM-Vanity-with-Mirror-Wash-Basin-for-Hotel-Bathroom.webp 700w, https:\/\/www.shouyasanitary.com\/wp-content\/uploads\/2025\/11\/OEM-Vanity-with-Mirror-Wash-Basin-for-Hotel-Bathroom-300x300.webp 300w, https:\/\/www.shouyasanitary.com\/wp-content\/uploads\/2025\/11\/OEM-Vanity-with-Mirror-Wash-Basin-for-Hotel-Bathroom-150x150.webp 150w, https:\/\/www.shouyasanitary.com\/wp-content\/uploads\/2025\/11\/OEM-Vanity-with-Mirror-Wash-Basin-for-Hotel-Bathroom-12x12.webp 12w, https:\/\/www.shouyasanitary.com\/wp-content\/uploads\/2025\/11\/OEM-Vanity-with-Mirror-Wash-Basin-for-Hotel-Bathroom-600x600.webp 600w, https:\/\/www.shouyasanitary.com\/wp-content\/uploads\/2025\/11\/OEM-Vanity-with-Mirror-Wash-Basin-for-Hotel-Bathroom-100x100.webp 100w\" sizes=\"(max-width: 700px) 100vw, 700px\" \/><\/figure>\n<\/div><\/div>\n<\/div>","protected":false},"excerpt":{"rendered":"<p>Bienvenido a la venta al por mayor tocador de ba\u00f1o con armario, estructura de montaje en pared, un moderno espejo LED y fregaderos de cer\u00e1mica resistentes a las manchas. Ideal para pedidos al por mayor, proporcionando un rendimiento duradero para espacios residenciales y comerciales. \u00a1No dude en ponerse en contacto con nosotros!<\/p>\n<h2>Tocador de ba\u00f1o con armario atributos\uff1a<\/h2>\n<p><strong>Art\u00edculo No: <\/strong>JD2019-60WV<strong><br \/>Material del armario:<\/strong> PVC<br \/><strong>Color del armario: <\/strong>Blanco<br \/><strong>Espejo:<\/strong> Espejo LED (3,5 mm\/3,8 mm), iluminaci\u00f3n tricolor, desempa\u00f1ado con un solo toque, protegido con embalaje de espuma multicapa<br \/><strong>Tipo de instalaci\u00f3n:<\/strong>\u00a0Montaje en pared<br \/><strong>Dimensiones (L\u00d7A\u00d7H):<\/strong> 60*50*48 cm<br \/><strong>Peso bruto:<\/strong> 30 kg\/set<\/p>\n<h2>Personalizaci\u00f3n y servicios:<\/h2>\n<p><strong>OEM Y ODM<\/strong>: Soporte<br \/><strong>Dise\u00f1o<\/strong>: Gratis<br \/><strong>Accesorios<\/strong>: Lavabos, espejos, grifos y otros accesorios de ba\u00f1o<br \/><strong>Embalaje<\/strong>: Listo para montar<\/p>","protected":false},"featured_media":2340,"comment_status":"closed","ping_status":"closed","template":"","meta":{"_acf_changed":false},"product_brand":[],"product_cat":[24],"product_tag":[],"class_list":{"0":"post-2337","1":"product","2":"type-product","3":"status-publish","4":"has-post-thumbnail","6":"product_cat-wholesale-pvc-bathroom-vanity-cabinets","8":"first","9":"instock","10":"shipping-taxable","11":"product-type-simple"},"acf":[],"_links":{"self":[{"href":"https:\/\/www.shouyasanitary.com\/es\/wp-json\/wp\/v2\/product\/2337","targetHints":{"allow":["GET"]}}],"collection":[{"href":"https:\/\/www.shouyasanitary.com\/es\/wp-json\/wp\/v2\/product"}],"about":[{"href":"https:\/\/www.shouyasanitary.com\/es\/wp-json\/wp\/v2\/types\/product"}],"replies":[{"embeddable":true,"href":"https:\/\/www.shouyasanitary.com\/es\/wp-json\/wp\/v2\/comments?post=2337"}],"wp:featuredmedia":[{"embeddable":true,"href":"https:\/\/www.shouyasanitary.com\/es\/wp-json\/wp\/v2\/media\/2340"}],"wp:attachment":[{"href":"https:\/\/www.shouyasanitary.com\/es\/wp-json\/wp\/v2\/media?parent=2337"}],"wp:term":[{"taxonomy":"product_brand","embeddable":true,"href":"https:\/\/www.shouyasanitary.com\/es\/wp-json\/wp\/v2\/product_brand?post=2337"},{"taxonomy":"product_cat","embeddable":true,"href":"https:\/\/www.shouyasanitary.com\/es\/wp-json\/wp\/v2\/product_cat?post=2337"},{"taxonomy":"product_tag","embeddable":true,"href":"https:\/\/www.shouyasanitary.com\/es\/wp-json\/wp\/v2\/product_tag?post=2337"}],"curies":[{"name":"wp","href":"https:\/\/api.w.org\/{rel}","templated":true}]}}