{"id":2339,"date":"2025-11-28T02:29:31","date_gmt":"2025-11-28T02:29:31","guid":{"rendered":"https:\/\/www.shouyasanitary.com\/?post_type=product&#038;p=2339"},"modified":"2025-11-28T02:29:33","modified_gmt":"2025-11-28T02:29:33","slug":"custom-white-bathroom-cabinets","status":"publish","type":"product","link":"https:\/\/www.shouyasanitary.com\/es\/producto\/custom-white-bathroom-cabinets\/","title":{"rendered":"Armarios de Ba\u00f1o Blancos a Medida, Tocador de Ba\u00f1o con Cajones Espejo Redondo a Granel"},"content":{"rendered":"<div class=\"wp-block-columns is-layout-flex wp-container-core-columns-is-layout-9d6595d7 wp-block-columns-is-layout-flex\">\n<div class=\"wp-block-column is-layout-flow wp-block-column-is-layout-flow\">\n<h2 class=\"wp-block-heading\">Armarios de ba\u00f1o blancos Caracter\u00edsticas\uff1a<\/h2>\n\n\n\n<p><strong>Construcci\u00f3n de PVC:<\/strong> Fabricada en PVC resistente y econ\u00f3mico, est\u00e1 dise\u00f1ada para pedidos al por mayor. Su superficie impermeable y resistente a la decoloraci\u00f3n es ideal para cuartos de ba\u00f1o h\u00famedos. La durabilidad constante de una unidad a otra lo convierte en una gran opci\u00f3n para minoristas o contratistas que buscan accesorios fiables y de bajo mantenimiento en grandes cantidades. El PVC ligero tambi\u00e9n reduce los costes de env\u00edo, lo que supone una gran ventaja para los clientes mayoristas.<\/p>\n\n\n\n<p><strong>Dise\u00f1o de doble caj\u00f3n<\/strong>: La base flotante de doble caj\u00f3n presenta frentes curvados sin tiradores que combinan una est\u00e9tica moderna con un almacenamiento funcional. En cada caj\u00f3n caben los art\u00edculos de aseo diarios con facilidad, y la estructura montada en la pared optimiza el espacio del suelo, un punto de venta clave para los clientes que est\u00e1n renovando cuartos de ba\u00f1o peque\u00f1os. Los cajones de cierre suave ofrecen un toque de calidad sin aumentar los costes.<\/p>\n\n\n\n<p><strong>Espejo LED:<\/strong> Combinado con un espejo circular retroiluminado por LED con luz uniforme y regulable, este mueble de ba\u00f1o aumenta a\u00fan m\u00e1s su valor al por mayor. El dise\u00f1o elegante y moderno de este espejo permite una mayor visibilidad durante el aseo, mientras que la instalaci\u00f3n plug-and-play lo hace muy adecuado para proyectos al por mayor donde la eficiencia es clave. Su dise\u00f1o minimalista sigue las \u00faltimas tendencias en cuartos de ba\u00f1o y, por lo tanto, sirve para mejorar los \u00edndices de venta.<\/p>\n\n\n\n<p><strong>Fregadero de cer\u00e1mica integrado:<\/strong> Con su superficie no porosa y resistente a las manchas, el fregadero de cer\u00e1mica sin juntas es una soluci\u00f3n pr\u00e1ctica para el esfuerzo de limpieza, ya sea en una vivienda de alquiler o en un hogar muy ajetreado. Adem\u00e1s, garantiza un aspecto pulido y cohesionado. <\/p>\n\n\n\n<p><strong>F\u00e1brica de suministros Shouya:<\/strong> Garantizamos el control de calidad, ofrecemos descuentos por pedidos al por mayor y prestamos servicios de personalizaci\u00f3n.<\/p>\n<\/div>\n\n\n\n<div class=\"wp-block-column is-layout-flow wp-block-column-is-layout-flow\"><div class=\"wp-block-image\">\n<figure class=\"aligncenter size-full\"><img decoding=\"async\" width=\"700\" height=\"700\" src=\"https:\/\/www.shouyasanitary.com\/wp-content\/uploads\/2025\/11\/Custom-Vanity-with-Mirror-Wash-Basin-for-Hotel-Bathroom.webp\" alt=\"Tocador a medida con lavabo de espejo para ba\u00f1o de hotel\" class=\"wp-image-2346\" style=\"object-fit:cover\" srcset=\"https:\/\/www.shouyasanitary.com\/wp-content\/uploads\/2025\/11\/Custom-Vanity-with-Mirror-Wash-Basin-for-Hotel-Bathroom.webp 700w, https:\/\/www.shouyasanitary.com\/wp-content\/uploads\/2025\/11\/Custom-Vanity-with-Mirror-Wash-Basin-for-Hotel-Bathroom-300x300.webp 300w, https:\/\/www.shouyasanitary.com\/wp-content\/uploads\/2025\/11\/Custom-Vanity-with-Mirror-Wash-Basin-for-Hotel-Bathroom-150x150.webp 150w, https:\/\/www.shouyasanitary.com\/wp-content\/uploads\/2025\/11\/Custom-Vanity-with-Mirror-Wash-Basin-for-Hotel-Bathroom-12x12.webp 12w, https:\/\/www.shouyasanitary.com\/wp-content\/uploads\/2025\/11\/Custom-Vanity-with-Mirror-Wash-Basin-for-Hotel-Bathroom-600x600.webp 600w, https:\/\/www.shouyasanitary.com\/wp-content\/uploads\/2025\/11\/Custom-Vanity-with-Mirror-Wash-Basin-for-Hotel-Bathroom-100x100.webp 100w\" sizes=\"(max-width: 700px) 100vw, 700px\" \/><\/figure>\n<\/div><\/div>\n<\/div>","protected":false},"excerpt":{"rendered":"<p>Este lavabo de PVC, con mueble de cer\u00e1mica, es la elecci\u00f3n ideal para crear un espacio de ba\u00f1o c\u00f3modo y funcional. P\u00f3ngase en contacto con nosotros para obtener un presupuesto y un cat\u00e1logo de productos.<\/p>\n<h2>Armario Ba\u00f1o Blanco Atributos\uff1a<\/h2>\n<p><strong>Art\u00edculo No: <\/strong>LT-5080-80<strong><br \/>Material del armario:<\/strong> PVC<br \/><strong>Color del armario: <\/strong>Blanco<br \/><strong>Espejo:<\/strong> Espejo LED (3,5 mm\/3,8 mm), iluminaci\u00f3n tricolor, desempa\u00f1ado con un solo toque, protegido con embalaje de espuma multicapa<br \/><strong>Tipo de instalaci\u00f3n:<\/strong>\u00a0Montaje en pared<br \/><strong>Dimensiones (L\u00d7A\u00d7H):<\/strong> 80*47*50 cm<br \/><strong>Peso bruto:<\/strong> 32 kg\/set<\/p>\n<h2>Personalizaci\u00f3n y servicios:<\/h2>\n<p><strong>OEM Y ODM<\/strong>: Soporte<br \/><strong>Dise\u00f1o<\/strong>: Gratis<br \/><strong>Accesorios<\/strong>: Lavabos, espejos, grifos y otros accesorios de ba\u00f1o<br \/><strong>Embalaje<\/strong>: Listo para montar<\/p>","protected":false},"featured_media":2346,"comment_status":"closed","ping_status":"closed","template":"","meta":{"_acf_changed":true},"product_brand":[],"product_cat":[24],"product_tag":[],"class_list":{"0":"post-2339","1":"product","2":"type-product","3":"status-publish","4":"has-post-thumbnail","6":"product_cat-wholesale-pvc-bathroom-vanity-cabinets","8":"first","9":"instock","10":"shipping-taxable","11":"product-type-simple"},"acf":[],"_links":{"self":[{"href":"https:\/\/www.shouyasanitary.com\/es\/wp-json\/wp\/v2\/product\/2339","targetHints":{"allow":["GET"]}}],"collection":[{"href":"https:\/\/www.shouyasanitary.com\/es\/wp-json\/wp\/v2\/product"}],"about":[{"href":"https:\/\/www.shouyasanitary.com\/es\/wp-json\/wp\/v2\/types\/product"}],"replies":[{"embeddable":true,"href":"https:\/\/www.shouyasanitary.com\/es\/wp-json\/wp\/v2\/comments?post=2339"}],"wp:featuredmedia":[{"embeddable":true,"href":"https:\/\/www.shouyasanitary.com\/es\/wp-json\/wp\/v2\/media\/2346"}],"wp:attachment":[{"href":"https:\/\/www.shouyasanitary.com\/es\/wp-json\/wp\/v2\/media?parent=2339"}],"wp:term":[{"taxonomy":"product_brand","embeddable":true,"href":"https:\/\/www.shouyasanitary.com\/es\/wp-json\/wp\/v2\/product_brand?post=2339"},{"taxonomy":"product_cat","embeddable":true,"href":"https:\/\/www.shouyasanitary.com\/es\/wp-json\/wp\/v2\/product_cat?post=2339"},{"taxonomy":"product_tag","embeddable":true,"href":"https:\/\/www.shouyasanitary.com\/es\/wp-json\/wp\/v2\/product_tag?post=2339"}],"curies":[{"name":"wp","href":"https:\/\/api.w.org\/{rel}","templated":true}]}}