{"id":2349,"date":"2025-11-28T02:27:23","date_gmt":"2025-11-28T02:27:23","guid":{"rendered":"https:\/\/www.shouyasanitary.com\/?post_type=product&#038;p=2349"},"modified":"2025-11-28T02:27:29","modified_gmt":"2025-11-28T02:27:29","slug":"wholesale-bathroom-vanities-with-sink","status":"publish","type":"product","link":"https:\/\/www.shouyasanitary.com\/es\/producto\/wholesale-bathroom-vanities-with-sink\/","title":{"rendered":"Mayorista Tocadores de Ba\u00f1o con Lavabo, Mueble de Ba\u00f1o Colgado de la Pared Patr\u00f3n de Onda en Relieve"},"content":{"rendered":"<div class=\"wp-block-columns is-layout-flex wp-container-core-columns-is-layout-9d6595d7 wp-block-columns-is-layout-flex\">\n<div class=\"wp-block-column is-layout-flow wp-block-column-is-layout-flow\">\n<h2 class=\"wp-block-heading\">Caracter\u00edsticas de los tocadores de ba\u00f1o con lavabo\uff1a<\/h2>\n\n\n\n<p><strong>Material de PVC de alta calidad<\/strong>: Est\u00e1 fabricado con PVC de primera calidad que ofrece una resistencia excepcional al agua, la humedad y la corrosi\u00f3n. Proporciona una larga durabilidad y fiabilidad en los cuartos de ba\u00f1o m\u00e1s h\u00famedos. La limpieza y el mantenimiento del material tambi\u00e9n son sencillos, lo que minimiza el coste total de propiedad.<\/p>\n\n\n\n<p><strong>Dise\u00f1o elegante y funcional:<\/strong> Presume de un dise\u00f1o muy minimalista de l\u00edneas limpias y acabado liso. Adem\u00e1s de ofrecer un espejo de cuerpo entero, el armario con espejo integrado proporciona almacenamiento adicional para los art\u00edculos de ba\u00f1o. El frontal blanco con textura ondulada a\u00f1ade un toque de elegancia moderna al dise\u00f1o general.<\/p>\n\n\n\n<p><strong>Amplio almacenamiento y organizaci\u00f3n:<\/strong> Con una amplia encimera y un armario de gran tama\u00f1o con un dise\u00f1o \u00fanico de textura ondulada, este tocador le proporcionar\u00e1 un amplio espacio para guardar toallas, art\u00edculos de tocador y art\u00edculos de ba\u00f1o. El armario con espejo incluye un pr\u00e1ctico compartimento lateral para objetos de uso frecuente que ayuda a mantener el ba\u00f1o ordenado.<\/p>\n\n\n\n<p><strong>F\u00e1cil instalaci\u00f3n y versatilidad: <\/strong>Se incluyen herramientas de montaje e instrucciones detalladas para una instalaci\u00f3n r\u00e1pida y sencilla. Es f\u00e1cil de montar en casi cualquier tipo de pared y combina con multitud de decoraciones de ba\u00f1o, desde modernas a tradicionales, gracias a su color neutro y su estilo minimalista.<\/p>\n\n\n\n<p><strong>Servicios OEM\/ODM<\/strong>: Ofrecemos servicios de marca y apoyamos la personalizaci\u00f3n completa de tama\u00f1o, color, armario con espejo, iluminaci\u00f3n, fregadero, materiales, etc.<\/p>\n<\/div>\n\n\n\n<div class=\"wp-block-column is-layout-flow wp-block-column-is-layout-flow\"><div class=\"wp-block-image\">\n<figure class=\"aligncenter size-full\"><img decoding=\"async\" width=\"700\" height=\"700\" src=\"https:\/\/www.shouyasanitary.com\/wp-content\/uploads\/2025\/11\/wholesale-supply-modern-minimalist-PVC-bathroom-cabinet-vanity.webp\" alt=\"venta al por mayor moderno minimalista de PVC mueble de ba\u00f1o vanidad\" class=\"wp-image-2351\" style=\"object-fit:cover\" srcset=\"https:\/\/www.shouyasanitary.com\/wp-content\/uploads\/2025\/11\/wholesale-supply-modern-minimalist-PVC-bathroom-cabinet-vanity.webp 700w, https:\/\/www.shouyasanitary.com\/wp-content\/uploads\/2025\/11\/wholesale-supply-modern-minimalist-PVC-bathroom-cabinet-vanity-300x300.webp 300w, https:\/\/www.shouyasanitary.com\/wp-content\/uploads\/2025\/11\/wholesale-supply-modern-minimalist-PVC-bathroom-cabinet-vanity-150x150.webp 150w, https:\/\/www.shouyasanitary.com\/wp-content\/uploads\/2025\/11\/wholesale-supply-modern-minimalist-PVC-bathroom-cabinet-vanity-12x12.webp 12w, https:\/\/www.shouyasanitary.com\/wp-content\/uploads\/2025\/11\/wholesale-supply-modern-minimalist-PVC-bathroom-cabinet-vanity-600x600.webp 600w, https:\/\/www.shouyasanitary.com\/wp-content\/uploads\/2025\/11\/wholesale-supply-modern-minimalist-PVC-bathroom-cabinet-vanity-100x100.webp 100w\" sizes=\"(max-width: 700px) 100vw, 700px\" \/><\/figure>\n<\/div><\/div>\n<\/div>","protected":false},"excerpt":{"rendered":"<p>Bienvenido a la venta al por mayor de tocadores de ba\u00f1o con lavabo. Fabricados en PVC econ\u00f3mico resistente al agua y a la humedad, con un dise\u00f1o minimalista y elegante, son f\u00e1ciles de instalar e ideales para compras al por mayor. \u00a1P\u00f3ngase en contacto con nosotros para precios al por mayor!<\/p>\n<h2>Lavabos con Atributos\uff1a<\/h2>\n<p><strong>Art\u00edculo No: <\/strong>SY303-80A<strong><br \/>Material del armario:<\/strong> PVC<br \/><strong>Color del armario:\u00a0<\/strong>Blanco<br \/><strong>Espejo:<\/strong> Espejo LED (3,5 mm\/3,8 mm), iluminaci\u00f3n tricolor, desempa\u00f1ado con un solo toque, protegido con embalaje de espuma multicapa<br \/><strong>Tipo de instalaci\u00f3n:<\/strong>\u00a0Montaje en pared<br \/><strong>Dimensiones (L\u00d7A\u00d7H):<\/strong> 80*47*47 cm<br \/><strong>Peso bruto:<\/strong> 32 kg\/set<\/p>\n<h2>Personalizaci\u00f3n y servicios:<\/h2>\n<p><strong>OEM Y ODM<\/strong>: Soporte<br \/><strong>Dise\u00f1o<\/strong>: Gratis<br \/><strong>Accesorios<\/strong>: Lavabos, espejos, grifos y otros accesorios de ba\u00f1o<br \/><strong>Embalaje<\/strong>: Listo para montar<\/p>","protected":false},"featured_media":2351,"comment_status":"closed","ping_status":"closed","template":"","meta":{"_acf_changed":true},"product_brand":[],"product_cat":[24],"product_tag":[],"class_list":{"0":"post-2349","1":"product","2":"type-product","3":"status-publish","4":"has-post-thumbnail","6":"product_cat-wholesale-pvc-bathroom-vanity-cabinets","8":"first","9":"instock","10":"shipping-taxable","11":"product-type-simple"},"acf":[],"_links":{"self":[{"href":"https:\/\/www.shouyasanitary.com\/es\/wp-json\/wp\/v2\/product\/2349","targetHints":{"allow":["GET"]}}],"collection":[{"href":"https:\/\/www.shouyasanitary.com\/es\/wp-json\/wp\/v2\/product"}],"about":[{"href":"https:\/\/www.shouyasanitary.com\/es\/wp-json\/wp\/v2\/types\/product"}],"replies":[{"embeddable":true,"href":"https:\/\/www.shouyasanitary.com\/es\/wp-json\/wp\/v2\/comments?post=2349"}],"wp:featuredmedia":[{"embeddable":true,"href":"https:\/\/www.shouyasanitary.com\/es\/wp-json\/wp\/v2\/media\/2351"}],"wp:attachment":[{"href":"https:\/\/www.shouyasanitary.com\/es\/wp-json\/wp\/v2\/media?parent=2349"}],"wp:term":[{"taxonomy":"product_brand","embeddable":true,"href":"https:\/\/www.shouyasanitary.com\/es\/wp-json\/wp\/v2\/product_brand?post=2349"},{"taxonomy":"product_cat","embeddable":true,"href":"https:\/\/www.shouyasanitary.com\/es\/wp-json\/wp\/v2\/product_cat?post=2349"},{"taxonomy":"product_tag","embeddable":true,"href":"https:\/\/www.shouyasanitary.com\/es\/wp-json\/wp\/v2\/product_tag?post=2349"}],"curies":[{"name":"wp","href":"https:\/\/api.w.org\/{rel}","templated":true}]}}