{"id":2350,"date":"2025-11-28T10:26:04","date_gmt":"2025-11-28T10:26:04","guid":{"rendered":"https:\/\/www.shouyasanitary.com\/?post_type=product&#038;p=2350"},"modified":"2025-11-28T10:26:11","modified_gmt":"2025-11-28T10:26:11","slug":"wholesale-bathroom-cabinets-vanity","status":"publish","type":"product","link":"https:\/\/www.shouyasanitary.com\/es\/producto\/wholesale-bathroom-cabinets-vanity\/","title":{"rendered":"Mayorista Armarios de Ba\u00f1o Vanitorio, Armarios de Ba\u00f1o Flotantes Blancos Modernos a Medida"},"content":{"rendered":"<div class=\"wp-block-columns is-layout-flex wp-container-core-columns-is-layout-9d6595d7 wp-block-columns-is-layout-flex\">\n<div class=\"wp-block-column is-layout-flow wp-block-column-is-layout-flow\">\n<h2 class=\"wp-block-heading\">Armarios de ba\u00f1o Caracter\u00edsticas del tocador\uff1a<\/h2>\n\n\n\n<p><strong>Construcci\u00f3n de PVC:<\/strong> Fabricado en PVC ligero pero resistente, este mueble simplifica la instalaci\u00f3n flotante. Su estructura compacta y resistente a la humedad es f\u00e1cil de montar en la pared, mientras que la rigidez del material garantiza un soporte estable y duradero, fundamental para una instalaci\u00f3n flotante segura.<\/p>\n\n\n\n<p><strong>Dise\u00f1o de armarios flotantes<\/strong>: Dispone de puntos de montaje pretaladrados para una instalaci\u00f3n r\u00e1pida y sin complicaciones. Su dise\u00f1o suspendido elimina la necesidad de realizar ajustes a ras de suelo, liberando espacio bajo el lavabo. Este dise\u00f1o es perfecto para cuartos de ba\u00f1o peque\u00f1os y se adapta a las tendencias de los lavabos flotantes modernos.<\/p>\n\n\n\n<p><strong>Armario con espejo LED<\/strong>: El delgado perfil sin marco del espejo se monta perfectamente sobre el armario flotante, sin necesidad de obras estructurales adicionales, mientras que su iluminaci\u00f3n incorporada a\u00f1ade funcionalidad sin saturar el espacio de la pared.<\/p>\n\n\n\n<p><strong>Fregadero de cer\u00e1mica: Sin juntas<\/strong>: El lavabo de cer\u00e1mica integrado que se amolda a la encimera del mueble de ba\u00f1o de PVC. Su superficie ligera y no porosa se fija firmemente al mueble.<\/p>\n<\/div>\n\n\n\n<div class=\"wp-block-column is-layout-flow wp-block-column-is-layout-flow\"><div class=\"wp-block-image\">\n<figure class=\"aligncenter size-full\"><img decoding=\"async\" width=\"700\" height=\"700\" src=\"https:\/\/www.shouyasanitary.com\/wp-content\/uploads\/2025\/11\/wholesale-Bathroom-Cabinet-with-Mirror.webp\" alt=\"venta al mayor Armario de ba\u00f1o con espejo\" class=\"wp-image-2354\" style=\"object-fit:cover\" srcset=\"https:\/\/www.shouyasanitary.com\/wp-content\/uploads\/2025\/11\/wholesale-Bathroom-Cabinet-with-Mirror.webp 700w, https:\/\/www.shouyasanitary.com\/wp-content\/uploads\/2025\/11\/wholesale-Bathroom-Cabinet-with-Mirror-300x300.webp 300w, https:\/\/www.shouyasanitary.com\/wp-content\/uploads\/2025\/11\/wholesale-Bathroom-Cabinet-with-Mirror-150x150.webp 150w, https:\/\/www.shouyasanitary.com\/wp-content\/uploads\/2025\/11\/wholesale-Bathroom-Cabinet-with-Mirror-12x12.webp 12w, https:\/\/www.shouyasanitary.com\/wp-content\/uploads\/2025\/11\/wholesale-Bathroom-Cabinet-with-Mirror-600x600.webp 600w, https:\/\/www.shouyasanitary.com\/wp-content\/uploads\/2025\/11\/wholesale-Bathroom-Cabinet-with-Mirror-100x100.webp 100w\" sizes=\"(max-width: 700px) 100vw, 700px\" \/><\/figure>\n<\/div><\/div>\n<\/div>","protected":false},"excerpt":{"rendered":"<p>Bienvenido a la venta al por mayor gabinetes de ba\u00f1o vanidad, suministro directo de f\u00e1brica, material de PVC, estructura montada en la pared, incluye armario con espejo y lavabo de cer\u00e1mica. Personalizaci\u00f3n a granel y entrega r\u00e1pida son compatibles. Cont\u00e1ctenos ahora para muestras y cotizaciones al por mayor.<\/p>\n<h2>Gabinetes de Ba\u00f1o Vanidad Atributos\uff1a<\/h2>\n<p><strong>Art\u00edculo No:\u00a0<\/strong>SY8507-80<strong><br \/>Material del armario:<\/strong> PVC<br \/><strong>Color del armario: <\/strong>Blanco<br \/><strong>Espejo:<\/strong> Espejo LED (3,5 mm\/3,8 mm), iluminaci\u00f3n tricolor, desempa\u00f1ado con un solo toque, protegido con embalaje de espuma multicapa<br \/><strong>Tipo de instalaci\u00f3n:<\/strong>\u00a0Montaje en pared<br \/><strong>Dimensiones (L\u00d7A\u00d7H):<\/strong> 80*47*47 cm<br \/><strong>Peso bruto:<\/strong> 32 kg\/set<\/p>\n<h2>Personalizaci\u00f3n y servicios:<\/h2>\n<p><strong>OEM Y ODM<\/strong>: Soporte<br \/><strong>Dise\u00f1o<\/strong>: Gratis<br \/><strong>Accesorios<\/strong>: Lavabos, espejos, grifos y otros accesorios de ba\u00f1o<br \/><strong>Embalaje<\/strong>: Listo para montar<\/p>","protected":false},"featured_media":2354,"comment_status":"closed","ping_status":"closed","template":"","meta":{"_acf_changed":false},"product_brand":[],"product_cat":[24],"product_tag":[],"class_list":{"0":"post-2350","1":"product","2":"type-product","3":"status-publish","4":"has-post-thumbnail","6":"product_cat-wholesale-pvc-bathroom-vanity-cabinets","8":"first","9":"instock","10":"shipping-taxable","11":"product-type-simple"},"acf":[],"_links":{"self":[{"href":"https:\/\/www.shouyasanitary.com\/es\/wp-json\/wp\/v2\/product\/2350","targetHints":{"allow":["GET"]}}],"collection":[{"href":"https:\/\/www.shouyasanitary.com\/es\/wp-json\/wp\/v2\/product"}],"about":[{"href":"https:\/\/www.shouyasanitary.com\/es\/wp-json\/wp\/v2\/types\/product"}],"replies":[{"embeddable":true,"href":"https:\/\/www.shouyasanitary.com\/es\/wp-json\/wp\/v2\/comments?post=2350"}],"wp:featuredmedia":[{"embeddable":true,"href":"https:\/\/www.shouyasanitary.com\/es\/wp-json\/wp\/v2\/media\/2354"}],"wp:attachment":[{"href":"https:\/\/www.shouyasanitary.com\/es\/wp-json\/wp\/v2\/media?parent=2350"}],"wp:term":[{"taxonomy":"product_brand","embeddable":true,"href":"https:\/\/www.shouyasanitary.com\/es\/wp-json\/wp\/v2\/product_brand?post=2350"},{"taxonomy":"product_cat","embeddable":true,"href":"https:\/\/www.shouyasanitary.com\/es\/wp-json\/wp\/v2\/product_cat?post=2350"},{"taxonomy":"product_tag","embeddable":true,"href":"https:\/\/www.shouyasanitary.com\/es\/wp-json\/wp\/v2\/product_tag?post=2350"}],"curies":[{"name":"wp","href":"https:\/\/api.w.org\/{rel}","templated":true}]}}