{"id":2370,"date":"2025-12-03T02:03:55","date_gmt":"2025-12-03T02:03:55","guid":{"rendered":"https:\/\/www.shouyasanitary.com\/?post_type=product&#038;p=2370"},"modified":"2025-12-03T02:04:02","modified_gmt":"2025-12-03T02:04:02","slug":"custom-small-bathroom-vanity-with-sink","status":"publish","type":"product","link":"https:\/\/www.shouyasanitary.com\/es\/producto\/custom-small-bathroom-vanity-with-sink\/","title":{"rendered":"Neceser de ba\u00f1o peque\u00f1o a medida con lavabo, mueble de ba\u00f1o montado en la pared con textura de madera clara a granel"},"content":{"rendered":"<div class=\"wp-block-columns is-layout-flex wp-container-core-columns-is-layout-9d6595d7 wp-block-columns-is-layout-flex\">\n<div class=\"wp-block-column is-layout-flow wp-block-column-is-layout-flow\">\n<h2 class=\"wp-block-heading\">Caracter\u00edsticas del tocador de ba\u00f1o peque\u00f1o con lavabo\uff1a.<\/h2>\n\n\n\n<p><strong>Material de PVC de alta calidad:<\/strong> Es muy duradero, impermeable, antimoho, resistente a la deformaci\u00f3n y m\u00e1s adecuado para ambientes h\u00famedos que la madera. La superficie es densa, no absorbente e impermeable, y puede limpiarse f\u00e1cilmente con un pa\u00f1o.<\/p>\n\n\n\n<p><strong>Textura de grano de madera:<\/strong> El delicado veteado de la madera clara ofrece un efecto visual natural y c\u00e1lido. Adem\u00e1s, la textura de madera es resistente a la decoloraci\u00f3n; mantiene su color fresco incluso tras un largo contacto con el agua y los productos de limpieza.<\/p>\n\n\n\n<p><strong>Estructura mural:<\/strong> Ahorra espacio en el suelo, haciendo que el cuarto de ba\u00f1o parezca m\u00e1s abierto y ordenado; los armarios ocultos organizan bien los objetos de uso diario sin desordenar la encimera. Es una opci\u00f3n perfecta para apartamentos peque\u00f1os y grandes proyectos.<\/p>\n\n\n\n<p><strong>Dise\u00f1o pr\u00e1ctico del armario con espejos:<\/strong> El armario situado detr\u00e1s del espejo tiene estantes integrados que pueden alojar con flexibilidad grandes botellas de art\u00edculos de tocador y peque\u00f1os cosm\u00e9ticos. A juego con un espejo LED minimalista, realza el efecto de iluminaci\u00f3n, haci\u00e9ndolo m\u00e1s pr\u00e1ctico y bello.<\/p>\n\n\n\n<p><strong>Ligero y f\u00e1cil de instalar:<\/strong> La estructura ligera de PVC puede instalarse en distintos tipos de paredes, lo que aumenta la eficacia de la construcci\u00f3n de proyectos; es reciclable, f\u00e1cil de mantener y, por tanto, muy rentable. Por ello, los apartamentos de alquiler, los hoteles y los mercados mayoristas prefieren este tipo de material.<\/p>\n<\/div>\n\n\n\n<div class=\"wp-block-column is-layout-flow wp-block-column-is-layout-flow\"><div class=\"wp-block-image\">\n<figure class=\"aligncenter size-full\"><img decoding=\"async\" width=\"700\" height=\"700\" src=\"https:\/\/www.shouyasanitary.com\/wp-content\/uploads\/2025\/11\/Custom-Bathroom-Cabinets-with-Mirror-1.webp\" alt=\"Armarios de ba\u00f1o a medida con espejo\" class=\"wp-image-2372\" style=\"object-fit:cover\" srcset=\"https:\/\/www.shouyasanitary.com\/wp-content\/uploads\/2025\/11\/Custom-Bathroom-Cabinets-with-Mirror-1.webp 700w, https:\/\/www.shouyasanitary.com\/wp-content\/uploads\/2025\/11\/Custom-Bathroom-Cabinets-with-Mirror-1-300x300.webp 300w, https:\/\/www.shouyasanitary.com\/wp-content\/uploads\/2025\/11\/Custom-Bathroom-Cabinets-with-Mirror-1-150x150.webp 150w, https:\/\/www.shouyasanitary.com\/wp-content\/uploads\/2025\/11\/Custom-Bathroom-Cabinets-with-Mirror-1-12x12.webp 12w, https:\/\/www.shouyasanitary.com\/wp-content\/uploads\/2025\/11\/Custom-Bathroom-Cabinets-with-Mirror-1-600x600.webp 600w, https:\/\/www.shouyasanitary.com\/wp-content\/uploads\/2025\/11\/Custom-Bathroom-Cabinets-with-Mirror-1-100x100.webp 100w\" sizes=\"(max-width: 700px) 100vw, 700px\" \/><\/figure>\n<\/div><\/div>\n<\/div>","protected":false},"excerpt":{"rendered":"<p>Personalizado peque\u00f1o tocador de ba\u00f1o con lavabo, material de PVC, textura de madera clara, dise\u00f1o montado en la pared, a prueba de humedad, f\u00e1cil de instalar, ideal para proyectos comerciales. Suministro de f\u00e1brica con personalizaci\u00f3n a granel. P\u00f3ngase en contacto con nosotros para cotizaciones.<\/p>\n<h2 class=\"wp-block wp-block-post-title block-editor-block-list__block editor-post-title editor-post-title__input rich-text is-selected\" role=\"textbox\" contenteditable=\"true\" aria-label=\"Nombre del producto\" aria-multiline=\"true\">Peque\u00f1o tocador de ba\u00f1o con lavabo atributos\uff1a<\/h2>\n<p><strong>Art\u00edculo No: <\/strong>V66<strong><br \/>Material del armario:<\/strong> PVC<br \/><strong>Color del armario:\u00a0<\/strong>Amarillo<br \/><strong>Espejo:<\/strong> Espejo LED (3,5 mm\/3,8 mm), iluminaci\u00f3n tricolor, desempa\u00f1ado con un solo toque, protegido con embalaje de espuma multicapa<br \/><strong>Tipo de instalaci\u00f3n:<\/strong>\u00a0Montaje en pared<br \/><strong>Dimensiones (L\u00d7A\u00d7H):<\/strong> 46*26*51 cm<br \/><strong>Peso bruto:<\/strong> 21kg\/set<\/p>\n<h2>Personalizaci\u00f3n y servicios:<\/h2>\n<p><strong>OEM Y ODM<\/strong>: Soporte<br \/><strong>Dise\u00f1o<\/strong>: Gratis<br \/><strong>Accesorios<\/strong>: Lavabos, espejos, grifos y otros accesorios de ba\u00f1o<br \/><strong>Embalaje<\/strong>: Listo para montar<\/p>","protected":false},"featured_media":2372,"comment_status":"closed","ping_status":"closed","template":"","meta":{"_acf_changed":false},"product_brand":[],"product_cat":[24],"product_tag":[],"class_list":{"0":"post-2370","1":"product","2":"type-product","3":"status-publish","4":"has-post-thumbnail","6":"product_cat-wholesale-pvc-bathroom-vanity-cabinets","8":"first","9":"instock","10":"shipping-taxable","11":"product-type-simple"},"acf":[],"_links":{"self":[{"href":"https:\/\/www.shouyasanitary.com\/es\/wp-json\/wp\/v2\/product\/2370","targetHints":{"allow":["GET"]}}],"collection":[{"href":"https:\/\/www.shouyasanitary.com\/es\/wp-json\/wp\/v2\/product"}],"about":[{"href":"https:\/\/www.shouyasanitary.com\/es\/wp-json\/wp\/v2\/types\/product"}],"replies":[{"embeddable":true,"href":"https:\/\/www.shouyasanitary.com\/es\/wp-json\/wp\/v2\/comments?post=2370"}],"wp:featuredmedia":[{"embeddable":true,"href":"https:\/\/www.shouyasanitary.com\/es\/wp-json\/wp\/v2\/media\/2372"}],"wp:attachment":[{"href":"https:\/\/www.shouyasanitary.com\/es\/wp-json\/wp\/v2\/media?parent=2370"}],"wp:term":[{"taxonomy":"product_brand","embeddable":true,"href":"https:\/\/www.shouyasanitary.com\/es\/wp-json\/wp\/v2\/product_brand?post=2370"},{"taxonomy":"product_cat","embeddable":true,"href":"https:\/\/www.shouyasanitary.com\/es\/wp-json\/wp\/v2\/product_cat?post=2370"},{"taxonomy":"product_tag","embeddable":true,"href":"https:\/\/www.shouyasanitary.com\/es\/wp-json\/wp\/v2\/product_tag?post=2370"}],"curies":[{"name":"wp","href":"https:\/\/api.w.org\/{rel}","templated":true}]}}