{"id":2371,"date":"2025-12-03T02:29:01","date_gmt":"2025-12-03T02:29:01","guid":{"rendered":"https:\/\/www.shouyasanitary.com\/?post_type=product&#038;p=2371"},"modified":"2025-12-03T02:29:08","modified_gmt":"2025-12-03T02:29:08","slug":"wholesale-gray-bathroom-cabinet","status":"publish","type":"product","link":"https:\/\/www.shouyasanitary.com\/es\/producto\/wholesale-gray-bathroom-cabinet\/","title":{"rendered":"Mayorista Mueble de Ba\u00f1o Gris, Mueble de Ba\u00f1o Flotante Minimalista con Cajones Personalizado"},"content":{"rendered":"<div class=\"wp-block-columns is-layout-flex wp-container-core-columns-is-layout-9d6595d7 wp-block-columns-is-layout-flex\">\n<div class=\"wp-block-column is-layout-flow wp-block-column-is-layout-flow\">\n<h2 class=\"wp-block-heading\">Caracter\u00edsticas de los armarios de ba\u00f1o grises\uff1a<\/h2>\n\n\n\n<p><strong>PVC Material:<\/strong> Las gruesas l\u00e1minas de PVC, respetuosas con el medio ambiente, son impermeables, resistentes a la humedad y al moho. Su acabado gris claro mate es resistente al desgaste, no se marca con facilidad y es apto para su uso en hoteles, apartamentos y otras zonas de ba\u00f1o muy transitadas.<\/p>\n\n\n\n<p><strong>Dise\u00f1o mural<\/strong>: Mejora de la ventilaci\u00f3n del suelo, menor acumulaci\u00f3n de agua y polvo, adecuado para cuartos de ba\u00f1o peque\u00f1os con dise\u00f1os minimalistas modernos. Su dise\u00f1o ligero aligera las tareas de instalaci\u00f3n, al tiempo que garantiza una capacidad de carga estable.<\/p>\n\n\n\n<p><strong>Detalles funcionales pr\u00e1cticos:<\/strong> La estructura de almacenamiento de doble caj\u00f3n y una puerta mantiene ordenados los art\u00edculos de aseo. Los cajones tienen gu\u00edas de cierre suave para un funcionamiento silencioso y suave. El armario puede almacenar art\u00edculos grandes, como toallas y art\u00edculos de limpieza, mientras que el armario con espejo ampl\u00eda a\u00fan m\u00e1s el espacio de almacenamiento vertical.<\/p>\n\n\n\n<p><strong>Iluminaci\u00f3n ambiental:<\/strong> Las suaves tiras de luz LED incrustadas iluminan la zona del espejo, a\u00f1adiendo comodidad al uso diario, al tiempo que aportan un toque de modernidad y profundidad al cuarto de ba\u00f1o.<\/p>\n\n\n\n<p><strong>Adecuado para proyectos a gran escala<\/strong>: Fabricado con PVC reciclable, es respetuoso con el medio ambiente, resistente y duradero, por lo que ofrece un bajo coste de mantenimiento y sustituci\u00f3n. Su bajo peso y coste de transporte hacen que este producto sea ideal para proyectos de renovaci\u00f3n, paquetes para hoteles y apartamentos, y compras al por mayor para grandes proyectos.<\/p>\n<\/div>\n\n\n\n<div class=\"wp-block-column is-layout-flow wp-block-column-is-layout-flow\"><div class=\"wp-block-image\">\n<figure class=\"aligncenter size-full\"><img decoding=\"async\" width=\"700\" height=\"700\" src=\"https:\/\/www.shouyasanitary.com\/wp-content\/uploads\/2025\/11\/Wholesale-of-Bathroom-Cabinet.webp\" alt=\"Mayorista de Armarios de Ba\u00f1o\" class=\"wp-image-2375\" style=\"object-fit:cover\" srcset=\"https:\/\/www.shouyasanitary.com\/wp-content\/uploads\/2025\/11\/Wholesale-of-Bathroom-Cabinet.webp 700w, https:\/\/www.shouyasanitary.com\/wp-content\/uploads\/2025\/11\/Wholesale-of-Bathroom-Cabinet-300x300.webp 300w, https:\/\/www.shouyasanitary.com\/wp-content\/uploads\/2025\/11\/Wholesale-of-Bathroom-Cabinet-150x150.webp 150w, https:\/\/www.shouyasanitary.com\/wp-content\/uploads\/2025\/11\/Wholesale-of-Bathroom-Cabinet-12x12.webp 12w, https:\/\/www.shouyasanitary.com\/wp-content\/uploads\/2025\/11\/Wholesale-of-Bathroom-Cabinet-600x600.webp 600w, https:\/\/www.shouyasanitary.com\/wp-content\/uploads\/2025\/11\/Wholesale-of-Bathroom-Cabinet-100x100.webp 100w\" sizes=\"(max-width: 700px) 100vw, 700px\" \/><\/figure>\n<\/div><\/div>\n<\/div>","protected":false},"excerpt":{"rendered":"<p>Mueble de ba\u00f1o de PVC gris al por mayor cuenta con una estructura montada en la pared, resistente al agua, construcci\u00f3n duradera con cajones dobles y un armario de una puerta para el almacenamiento organizado. Iluminaci\u00f3n LED espejo integrado mejora la comodidad y el estilo moderno. Ecol\u00f3gico y ligero, ideal para hoteles, apartamentos y pedidos de proyectos al por mayor. P\u00f3ngase en contacto con nosotros para solicitar presupuestos y personalizaciones.<\/p>\n<h2>Atributos del armario de ba\u00f1o gris\uff1a<\/h2>\n<p><strong>Art\u00edculo No:\u00a0<\/strong>6602-100<strong><br \/>Material del armario:<\/strong> PVC<br \/><strong>Color del armario:\u00a0<\/strong>Gris<br \/><strong>Espejo:<\/strong> Espejo LED (3,5 mm\/3,8 mm), iluminaci\u00f3n tricolor, desempa\u00f1ado con un solo toque, protegido con embalaje de espuma multicapa<br \/><strong>Tipo de instalaci\u00f3n:<\/strong>\u00a0Montaje en pared<br \/><strong>Dimensiones (L\u00d7A\u00d7H):<\/strong> 100*47,5*50 cm<br \/><strong>Peso bruto:<\/strong> 40kg\/set<\/p>\n<h2>Personalizaci\u00f3n y servicios:<\/h2>\n<p><strong>OEM Y ODM<\/strong>: Soporte<br \/><strong>Dise\u00f1o<\/strong>: Gratis<br \/><strong>Accesorios<\/strong>: Lavabos, espejos, grifos y otros accesorios de ba\u00f1o<br \/><strong>Embalaje<\/strong>: Listo para montar<\/p>","protected":false},"featured_media":2375,"comment_status":"closed","ping_status":"closed","template":"","meta":{"_acf_changed":false},"product_brand":[],"product_cat":[24],"product_tag":[],"class_list":{"0":"post-2371","1":"product","2":"type-product","3":"status-publish","4":"has-post-thumbnail","6":"product_cat-wholesale-pvc-bathroom-vanity-cabinets","8":"first","9":"instock","10":"shipping-taxable","11":"product-type-simple"},"acf":[],"_links":{"self":[{"href":"https:\/\/www.shouyasanitary.com\/es\/wp-json\/wp\/v2\/product\/2371","targetHints":{"allow":["GET"]}}],"collection":[{"href":"https:\/\/www.shouyasanitary.com\/es\/wp-json\/wp\/v2\/product"}],"about":[{"href":"https:\/\/www.shouyasanitary.com\/es\/wp-json\/wp\/v2\/types\/product"}],"replies":[{"embeddable":true,"href":"https:\/\/www.shouyasanitary.com\/es\/wp-json\/wp\/v2\/comments?post=2371"}],"wp:featuredmedia":[{"embeddable":true,"href":"https:\/\/www.shouyasanitary.com\/es\/wp-json\/wp\/v2\/media\/2375"}],"wp:attachment":[{"href":"https:\/\/www.shouyasanitary.com\/es\/wp-json\/wp\/v2\/media?parent=2371"}],"wp:term":[{"taxonomy":"product_brand","embeddable":true,"href":"https:\/\/www.shouyasanitary.com\/es\/wp-json\/wp\/v2\/product_brand?post=2371"},{"taxonomy":"product_cat","embeddable":true,"href":"https:\/\/www.shouyasanitary.com\/es\/wp-json\/wp\/v2\/product_cat?post=2371"},{"taxonomy":"product_tag","embeddable":true,"href":"https:\/\/www.shouyasanitary.com\/es\/wp-json\/wp\/v2\/product_tag?post=2371"}],"curies":[{"name":"wp","href":"https:\/\/api.w.org\/{rel}","templated":true}]}}