{"id":2378,"date":"2025-12-03T03:07:31","date_gmt":"2025-12-03T03:07:31","guid":{"rendered":"https:\/\/www.shouyasanitary.com\/?post_type=product&#038;p=2378"},"modified":"2025-12-03T03:07:37","modified_gmt":"2025-12-03T03:07:37","slug":"wholesale-bathroom-cabinets-wall-mounted","status":"publish","type":"product","link":"https:\/\/www.shouyasanitary.com\/es\/producto\/wholesale-bathroom-cabinets-wall-mounted\/","title":{"rendered":"Mayorista Armarios de Ba\u00f1o de Pared, Madera de Grano Set de Tocador de Ba\u00f1o con Cajones a Medida"},"content":{"rendered":"<div class=\"wp-block-columns is-layout-flex wp-container-core-columns-is-layout-9d6595d7 wp-block-columns-is-layout-flex\">\n<div class=\"wp-block-column is-layout-flow wp-block-column-is-layout-flow\">\n<h2 class=\"wp-block-heading\">Caracter\u00edsticas de los armarios de ba\u00f1o montados en la pared\uff1a<\/h2>\n\n\n\n<p><strong>Textura moderna de alta calidad<\/strong>: El cuerpo del mueble est\u00e1 fabricado con paneles de textura de imitaci\u00f3n de madera de nogal, que combinan la textura natural de la madera maciza con excelentes propiedades impermeables y a prueba de humedad. El estilo de color oscuro a\u00f1ade un toque lujoso y sofisticado al cuarto de ba\u00f1o, adecuado para residencias de alta gama y hoteles boutique de posicionamiento espacio de ba\u00f1o.<\/p>\n\n\n\n<p><strong>Inteligencia e iluminaci\u00f3n: <\/strong>\u00a0Est\u00e1 equipado con un espejo inteligente LED de pantalla completa. El brillo de la iluminaci\u00f3n circundante puede ajustarse mediante control t\u00e1ctil. Tres colores de luces, una superficie de espejo clara y brillante durante el lavado y el maquillaje, mejoran la experiencia inteligente del uso del ba\u00f1o.<\/p>\n\n\n\n<p><strong>Funci\u00f3n y almacenamiento: <\/strong>El dise\u00f1o de doble caj\u00f3n proporciona un amplio espacio de almacenamiento, que puede utilizarse para guardar categ\u00f3ricamente art\u00edculos de tocador, productos para el cuidado de la piel, etc. La estructura suspendida ahorra espacio en el suelo.<\/p>\n\n\n\n<p><strong>Lavabo de cer\u00e1mica integrado: <\/strong>La encimera de cer\u00e1mica de gran tama\u00f1o es f\u00e1cil de limpiar y satisface las necesidades diarias de lavado y aseo.<\/p>\n\n\n\n<p><strong>Servicios mayoristas Shouya:\u00a0<\/strong>Admite compras al por mayor. Podemos ofrecer descuentos en funci\u00f3n de la cantidad del pedido. Contamos con un equipo profesional de log\u00edstica y un sistema posventa para garantizar el plazo de entrega y la calidad de grandes cantidades de productos. Al mismo tiempo, ofrecemos sugerencias de selecci\u00f3n de estilo.<\/p>\n<\/div>\n\n\n\n<div class=\"wp-block-column is-layout-flow wp-block-column-is-layout-flow\"><div class=\"wp-block-image\">\n<figure class=\"aligncenter size-full\"><img decoding=\"async\" width=\"700\" height=\"700\" src=\"https:\/\/www.shouyasanitary.com\/wp-content\/uploads\/2025\/11\/Wholesale-Walnut-Wood-Grain-Bathroom-Vanity-Set-with-LED-Smart-Mirror.webp\" alt=\"Mayorista Tocador de madera de nogal con espejo LED inteligente\" class=\"wp-image-2381\" style=\"object-fit:cover\" srcset=\"https:\/\/www.shouyasanitary.com\/wp-content\/uploads\/2025\/11\/Wholesale-Walnut-Wood-Grain-Bathroom-Vanity-Set-with-LED-Smart-Mirror.webp 700w, https:\/\/www.shouyasanitary.com\/wp-content\/uploads\/2025\/11\/Wholesale-Walnut-Wood-Grain-Bathroom-Vanity-Set-with-LED-Smart-Mirror-300x300.webp 300w, https:\/\/www.shouyasanitary.com\/wp-content\/uploads\/2025\/11\/Wholesale-Walnut-Wood-Grain-Bathroom-Vanity-Set-with-LED-Smart-Mirror-150x150.webp 150w, https:\/\/www.shouyasanitary.com\/wp-content\/uploads\/2025\/11\/Wholesale-Walnut-Wood-Grain-Bathroom-Vanity-Set-with-LED-Smart-Mirror-12x12.webp 12w, https:\/\/www.shouyasanitary.com\/wp-content\/uploads\/2025\/11\/Wholesale-Walnut-Wood-Grain-Bathroom-Vanity-Set-with-LED-Smart-Mirror-600x600.webp 600w, https:\/\/www.shouyasanitary.com\/wp-content\/uploads\/2025\/11\/Wholesale-Walnut-Wood-Grain-Bathroom-Vanity-Set-with-LED-Smart-Mirror-100x100.webp 100w\" sizes=\"(max-width: 700px) 100vw, 700px\" \/><\/figure>\n<\/div><\/div>\n<\/div>","protected":false},"excerpt":{"rendered":"<p data-start=\"106\" data-end=\"527\">El mueble de ba\u00f1o al por mayor montado en la pared cuenta con paneles de efecto nogal con durabilidad impermeable, cajones dobles para un almacenamiento organizado y una gran encimera de cer\u00e1mica. El espejo LED de pantalla completa integrado ofrece iluminaci\u00f3n ajustable con tres modos de color, mejorando el uso diario. Ideal para hogares modernos, hoteles boutique y pedidos al por mayor. P\u00f3ngase en contacto con nosotros para presupuestos y personalizaci\u00f3n.<\/p>\n<p data-start=\"529\" data-end=\"750\"><strong data-start=\"529\" data-end=\"567\">P\u00e1gina TD (160 caracteres optimizados)<\/strong><\/p>\n<h2>Armarios De Ba\u00f1o Montados En La Pared Atributos\uff1a<\/h2>\n<p><strong>Art\u00edculo No: <\/strong>6052-801V<strong><br \/>Material del armario:<\/strong> PVC<br \/><strong>Color del armario:\u00a0<\/strong>Marr\u00f3n<br \/><strong>Espejo:<\/strong> Espejo LED (3,5 mm\/3,8 mm), iluminaci\u00f3n tricolor, desempa\u00f1ado con un solo toque, protegido con embalaje de espuma multicapa<br \/><strong>Tipo de instalaci\u00f3n:<\/strong>\u00a0Montaje en pared<br \/><strong>Dimensiones (L\u00d7A\u00d7H):<\/strong> 80*47*53 cm<br \/><strong>Peso bruto:<\/strong> 30 kg\/set<\/p>\n<h2>Personalizaci\u00f3n y servicios:<\/h2>\n<p><strong>OEM Y ODM<\/strong>: Soporte<br \/><strong>Dise\u00f1o<\/strong>: Gratis<br \/><strong>Accesorios<\/strong>: Lavabos, espejos, grifos y otros accesorios de ba\u00f1o<br \/><strong>Embalaje<\/strong>: Listo para montar<\/p>","protected":false},"featured_media":2381,"comment_status":"closed","ping_status":"closed","template":"","meta":{"_acf_changed":false},"product_brand":[],"product_cat":[24],"product_tag":[],"class_list":{"0":"post-2378","1":"product","2":"type-product","3":"status-publish","4":"has-post-thumbnail","6":"product_cat-wholesale-pvc-bathroom-vanity-cabinets","8":"first","9":"instock","10":"shipping-taxable","11":"product-type-simple"},"acf":[],"_links":{"self":[{"href":"https:\/\/www.shouyasanitary.com\/es\/wp-json\/wp\/v2\/product\/2378","targetHints":{"allow":["GET"]}}],"collection":[{"href":"https:\/\/www.shouyasanitary.com\/es\/wp-json\/wp\/v2\/product"}],"about":[{"href":"https:\/\/www.shouyasanitary.com\/es\/wp-json\/wp\/v2\/types\/product"}],"replies":[{"embeddable":true,"href":"https:\/\/www.shouyasanitary.com\/es\/wp-json\/wp\/v2\/comments?post=2378"}],"wp:featuredmedia":[{"embeddable":true,"href":"https:\/\/www.shouyasanitary.com\/es\/wp-json\/wp\/v2\/media\/2381"}],"wp:attachment":[{"href":"https:\/\/www.shouyasanitary.com\/es\/wp-json\/wp\/v2\/media?parent=2378"}],"wp:term":[{"taxonomy":"product_brand","embeddable":true,"href":"https:\/\/www.shouyasanitary.com\/es\/wp-json\/wp\/v2\/product_brand?post=2378"},{"taxonomy":"product_cat","embeddable":true,"href":"https:\/\/www.shouyasanitary.com\/es\/wp-json\/wp\/v2\/product_cat?post=2378"},{"taxonomy":"product_tag","embeddable":true,"href":"https:\/\/www.shouyasanitary.com\/es\/wp-json\/wp\/v2\/product_tag?post=2378"}],"curies":[{"name":"wp","href":"https:\/\/api.w.org\/{rel}","templated":true}]}}