{"id":2379,"date":"2025-12-04T03:12:59","date_gmt":"2025-12-04T03:12:59","guid":{"rendered":"https:\/\/www.shouyasanitary.com\/?post_type=product&#038;p=2379"},"modified":"2025-12-04T03:13:05","modified_gmt":"2025-12-04T03:13:05","slug":"wholesale-small-bathroom-vanity","status":"publish","type":"product","link":"https:\/\/www.shouyasanitary.com\/es\/producto\/wholesale-small-bathroom-vanity\/","title":{"rendered":"Mayorista Vanitorio de Ba\u00f1o Peque\u00f1o, Armarios de Ba\u00f1o Gris Veta de Madera a Medida"},"content":{"rendered":"<div class=\"wp-block-columns is-layout-flex wp-container-core-columns-is-layout-9d6595d7 wp-block-columns-is-layout-flex\">\n<div class=\"wp-block-column is-layout-flow wp-block-column-is-layout-flow\">\n<h2 class=\"wp-block-heading\">Caracter\u00edsticas de los tocadores de ba\u00f1o peque\u00f1os\uff1a<\/h2>\n\n\n\n<p><strong>Estilo vers\u00e1til: <\/strong>El cuerpo del mueble de color gris claro con vetas de madera, combinado con los cl\u00e1sicos espejos de marco negro, presenta un estilo sencillo y vers\u00e1til, adecuado para diversos estilos de decoraci\u00f3n de cuartos de ba\u00f1o, como el moderno, el minimalista y el n\u00f3rdico. Puede aplicarse ampliamente en proyectos de cuartos de ba\u00f1o estandarizados, como apartamentos y casas de hu\u00e9spedes.<\/p>\n\n\n\n<p><strong>Practicidad y econom\u00eda<\/strong>: El dise\u00f1o de un solo caj\u00f3n satisface las necesidades b\u00e1sicas de almacenamiento. El lavabo y la encimera de cer\u00e1mica son f\u00e1ciles de limpiar. Basta con pasar un pa\u00f1o suave para eliminar las manchas. La funci\u00f3n es pr\u00e1ctica y el coste de mantenimiento es bajo. La estructura suspendida es f\u00e1cil de instalar y acorta significativamente el periodo de construcci\u00f3n del proyecto.<\/p>\n\n\n\n<p><strong>Materiales y durabilidad<\/strong>: El cuerpo del armario utiliza materiales de PVC resistentes a la humedad, con textura superficial natural y propiedades antidesgaste. Es poco probable que se deforme durante un largo periodo de uso. El modelo de espejo cl\u00e1sico no tiene funciones innecesarias, lo que reduce los costes del producto y presenta una destacada ventaja de rentabilidad.<\/p>\n\n\n\n<p><strong>Producci\u00f3n y suministro de lotes<\/strong>: Admite compras al por mayor, con una capacidad de producci\u00f3n estable y un ciclo de suministro corto, lo que permite responder con rapidez a los pedidos de ingenier\u00eda a gran escala. El mismo modelo disponible en m\u00faltiples tama\u00f1os puede satisfacer las necesidades de instalaci\u00f3n de diferentes espacios, lo que lo convierte en una opci\u00f3n rentable para la decoraci\u00f3n de lotes.<\/p>\n<\/div>\n\n\n\n<div class=\"wp-block-column is-layout-flow wp-block-column-is-layout-flow\"><div class=\"wp-block-image\">\n<figure class=\"aligncenter size-full\"><img decoding=\"async\" width=\"700\" height=\"700\" src=\"https:\/\/www.shouyasanitary.com\/wp-content\/uploads\/2025\/11\/bulk-purchases-gray-wood-grain-bathroom-vanity.webp\" alt=\"compras al por mayor tocador de ba\u00f1o de madera gris\" class=\"wp-image-2388\" style=\"object-fit:cover\" srcset=\"https:\/\/www.shouyasanitary.com\/wp-content\/uploads\/2025\/11\/bulk-purchases-gray-wood-grain-bathroom-vanity.webp 700w, https:\/\/www.shouyasanitary.com\/wp-content\/uploads\/2025\/11\/bulk-purchases-gray-wood-grain-bathroom-vanity-300x300.webp 300w, https:\/\/www.shouyasanitary.com\/wp-content\/uploads\/2025\/11\/bulk-purchases-gray-wood-grain-bathroom-vanity-150x150.webp 150w, https:\/\/www.shouyasanitary.com\/wp-content\/uploads\/2025\/11\/bulk-purchases-gray-wood-grain-bathroom-vanity-12x12.webp 12w, https:\/\/www.shouyasanitary.com\/wp-content\/uploads\/2025\/11\/bulk-purchases-gray-wood-grain-bathroom-vanity-600x600.webp 600w, https:\/\/www.shouyasanitary.com\/wp-content\/uploads\/2025\/11\/bulk-purchases-gray-wood-grain-bathroom-vanity-100x100.webp 100w\" sizes=\"(max-width: 700px) 100vw, 700px\" \/><\/figure>\n<\/div><\/div>\n<\/div>","protected":false},"excerpt":{"rendered":"<p>Mueble de ba\u00f1o peque\u00f1o al por mayor, fabricado en PVC de primera calidad, con un caj\u00f3n de almacenamiento, encimera f\u00e1cil de limpiar, acabado en madera veteada y dise\u00f1o colgante de instalaci\u00f3n r\u00e1pida, adecuado para estilos modernos, n\u00f3rdicos y otros. Admitimos la personalizaci\u00f3n a granel de m\u00faltiples tama\u00f1os y ofrecemos un suministro estable para pedidos de proyectos. P\u00f3ngase en contacto con nosotros para soluciones personalizadas.<\/p>\n<h2>Peque\u00f1o tocador de ba\u00f1o Atributos\uff1a<\/h2>\n<p><strong>Art\u00edculo No: <\/strong>5030-5v<strong><br \/>Material del armario:<\/strong> PVC<br \/><strong>Color del armario:\u00a0<\/strong>Gris<br \/><strong>Espejo:<\/strong> Espejo LED (3,5 mm\/3,8 mm), iluminaci\u00f3n tricolor, desempa\u00f1ado con un solo toque, protegido con embalaje de espuma multicapa<br \/><strong>Tipo de instalaci\u00f3n:<\/strong>\u00a0Montaje en pared<br \/><strong>Dimensiones (L\u00d7A\u00d7H):<\/strong> 50*30*42,5 cm<br \/><strong>Peso bruto:<\/strong> 25 kg\/set<\/p>\n<h2>Personalizaci\u00f3n y servicios:<\/h2>\n<p><strong>OEM Y ODM<\/strong>: Soporte<br \/><strong>Dise\u00f1o<\/strong>: Gratis<br \/><strong>Accesorios<\/strong>: Lavabos, espejos, grifos y otros accesorios de ba\u00f1o<br \/><strong>Embalaje<\/strong>: Listo para montar<\/p>","protected":false},"featured_media":2388,"comment_status":"closed","ping_status":"closed","template":"","meta":{"_acf_changed":false},"product_brand":[],"product_cat":[24],"product_tag":[],"class_list":{"0":"post-2379","1":"product","2":"type-product","3":"status-publish","4":"has-post-thumbnail","6":"product_cat-wholesale-pvc-bathroom-vanity-cabinets","8":"first","9":"instock","10":"shipping-taxable","11":"product-type-simple"},"acf":[],"_links":{"self":[{"href":"https:\/\/www.shouyasanitary.com\/es\/wp-json\/wp\/v2\/product\/2379","targetHints":{"allow":["GET"]}}],"collection":[{"href":"https:\/\/www.shouyasanitary.com\/es\/wp-json\/wp\/v2\/product"}],"about":[{"href":"https:\/\/www.shouyasanitary.com\/es\/wp-json\/wp\/v2\/types\/product"}],"replies":[{"embeddable":true,"href":"https:\/\/www.shouyasanitary.com\/es\/wp-json\/wp\/v2\/comments?post=2379"}],"wp:featuredmedia":[{"embeddable":true,"href":"https:\/\/www.shouyasanitary.com\/es\/wp-json\/wp\/v2\/media\/2388"}],"wp:attachment":[{"href":"https:\/\/www.shouyasanitary.com\/es\/wp-json\/wp\/v2\/media?parent=2379"}],"wp:term":[{"taxonomy":"product_brand","embeddable":true,"href":"https:\/\/www.shouyasanitary.com\/es\/wp-json\/wp\/v2\/product_brand?post=2379"},{"taxonomy":"product_cat","embeddable":true,"href":"https:\/\/www.shouyasanitary.com\/es\/wp-json\/wp\/v2\/product_cat?post=2379"},{"taxonomy":"product_tag","embeddable":true,"href":"https:\/\/www.shouyasanitary.com\/es\/wp-json\/wp\/v2\/product_tag?post=2379"}],"curies":[{"name":"wp","href":"https:\/\/api.w.org\/{rel}","templated":true}]}}