{"id":2391,"date":"2025-12-04T03:31:25","date_gmt":"2025-12-04T03:31:25","guid":{"rendered":"https:\/\/www.shouyasanitary.com\/?post_type=product&#038;p=2391"},"modified":"2025-12-04T03:31:31","modified_gmt":"2025-12-04T03:31:31","slug":"wholesale-bathroom-cabinet-white","status":"publish","type":"product","link":"https:\/\/www.shouyasanitary.com\/es\/producto\/wholesale-bathroom-cabinet-white\/","title":{"rendered":"Mayorista Mueble de Ba\u00f1o Blanco, Textured Bathroom Vanity with LED Mirror Proveedor"},"content":{"rendered":"<div class=\"wp-block-columns is-layout-flex wp-container-core-columns-is-layout-9d6595d7 wp-block-columns-is-layout-flex\">\n<div class=\"wp-block-column is-layout-flow wp-block-column-is-layout-flow\">\n<h2 class=\"wp-block-heading\">Armario de ba\u00f1o blanco Caracter\u00edsticas\uff1a<\/h2>\n\n\n\n<p><strong>Dise\u00f1o pr\u00e1ctico y a la moda: <\/strong>El dise\u00f1o combinado de armarios blancos a rayas verticales y espejos LED redondeados es seguro con bordes lisos. Es adecuado para apartamentos peque\u00f1os y cuartos de ba\u00f1o esquineros. Maximiza el aprovechamiento del espacio en una zona limitada a la vez que realza la calidez y la moda del cuarto de ba\u00f1o.<\/p>\n\n\n\n<p><strong>Funci\u00f3n Humanble y detalles:<\/strong> El armario est\u00e1 equipado con grandes compartimentos de almacenamiento y tiradores negros. Tiene una amplia capacidad de almacenamiento y un c\u00f3modo acceso. El espejo LED ofrece una luz suave y no deslumbrante. El interruptor de control t\u00e1ctil es f\u00e1cil de manejar y se adapta a varios estilos de ba\u00f1o.<\/p>\n\n\n\n<p><strong>Garant\u00eda de alta calidad<\/strong>: El tablero de PVC ha superado las pruebas de protecci\u00f3n medioambiental. Los accesorios de ferreter\u00eda est\u00e1n firmemente unidos al armario de PVC. El producto se ha sometido a estrictas pruebas de impermeabilidad y no presenta problemas posventa.<\/p>\n\n\n\n<p><strong>Servicios personalizados<\/strong>: Ofrecemos la personalizaci\u00f3n completa OEM\/ODM. Usted puede ajustar el color del gabinete, la textura, la forma del espejo (tal como redondo u oval), y los accesorios del hardware seg\u00fan sus necesidades.<\/p>\n<\/div>\n\n\n\n<div class=\"wp-block-column is-layout-flow wp-block-column-is-layout-flow\"><div class=\"wp-block-image\">\n<figure class=\"aligncenter size-full\"><img decoding=\"async\" width=\"700\" height=\"700\" src=\"https:\/\/www.shouyasanitary.com\/wp-content\/uploads\/2025\/11\/OEM-White-Textured-Bathroom-Vanity-with-Rounded-LED-Mirror.webp\" alt=\"OEM Tocador de ba\u00f1o blanco texturizado con espejo LED redondeado\" class=\"wp-image-2392\" style=\"object-fit:cover\" srcset=\"https:\/\/www.shouyasanitary.com\/wp-content\/uploads\/2025\/11\/OEM-White-Textured-Bathroom-Vanity-with-Rounded-LED-Mirror.webp 700w, https:\/\/www.shouyasanitary.com\/wp-content\/uploads\/2025\/11\/OEM-White-Textured-Bathroom-Vanity-with-Rounded-LED-Mirror-300x300.webp 300w, https:\/\/www.shouyasanitary.com\/wp-content\/uploads\/2025\/11\/OEM-White-Textured-Bathroom-Vanity-with-Rounded-LED-Mirror-150x150.webp 150w, https:\/\/www.shouyasanitary.com\/wp-content\/uploads\/2025\/11\/OEM-White-Textured-Bathroom-Vanity-with-Rounded-LED-Mirror-12x12.webp 12w, https:\/\/www.shouyasanitary.com\/wp-content\/uploads\/2025\/11\/OEM-White-Textured-Bathroom-Vanity-with-Rounded-LED-Mirror-600x600.webp 600w, https:\/\/www.shouyasanitary.com\/wp-content\/uploads\/2025\/11\/OEM-White-Textured-Bathroom-Vanity-with-Rounded-LED-Mirror-100x100.webp 100w\" sizes=\"(max-width: 700px) 100vw, 700px\" \/><\/figure>\n<\/div><\/div>\n<\/div>\n\n\n\n<p><\/p>","protected":false},"excerpt":{"rendered":"<p>Armario de ba\u00f1o blanco al por mayor, con armario de PVC a rayas blancas y espejos LED redondeados, que ofrece seguridad y estilo. Personalizaci\u00f3n OEM\/ODM disponible. Ideal para cuartos de ba\u00f1o de apartamentos. Se admiten consultas.<\/p>\n<h2>Mueble Ba\u00f1o Blanco Atributos\uff1a<\/h2>\n<p><strong>Art\u00edculo No:<\/strong>3329-80<strong><br \/>Material del armario:<\/strong> PVC<br \/><strong>Color del armario:<\/strong> Blanco<br \/><strong>Espejo:<\/strong> Espejo LED (3,5 mm\/3,8 mm), iluminaci\u00f3n tricolor, desempa\u00f1ado con un solo toque, protegido con embalaje de espuma multicapa<br \/><strong>Tipo de instalaci\u00f3n:<\/strong>\u00a0Montaje en pared<br \/><strong>Dimensiones (L\u00d7A\u00d7H):<\/strong> 80*47*52 cm<br \/><strong>Peso bruto:<\/strong> 30 kg\/set<\/p>\n<h2>Personalizaci\u00f3n y servicios:<\/h2>\n<p><strong>OEM Y ODM<\/strong>: Soporte<br \/><strong>Dise\u00f1o<\/strong>: Gratis<br \/><strong>Accesorios<\/strong>: Lavabos, espejos, grifos y otros accesorios de ba\u00f1o<br \/><strong>Embalaje<\/strong>: Listo para montar<\/p>","protected":false},"featured_media":2392,"comment_status":"closed","ping_status":"closed","template":"","meta":{"_acf_changed":false},"product_brand":[],"product_cat":[24],"product_tag":[],"class_list":{"0":"post-2391","1":"product","2":"type-product","3":"status-publish","4":"has-post-thumbnail","6":"product_cat-wholesale-pvc-bathroom-vanity-cabinets","8":"first","9":"instock","10":"shipping-taxable","11":"product-type-simple"},"acf":[],"_links":{"self":[{"href":"https:\/\/www.shouyasanitary.com\/es\/wp-json\/wp\/v2\/product\/2391","targetHints":{"allow":["GET"]}}],"collection":[{"href":"https:\/\/www.shouyasanitary.com\/es\/wp-json\/wp\/v2\/product"}],"about":[{"href":"https:\/\/www.shouyasanitary.com\/es\/wp-json\/wp\/v2\/types\/product"}],"replies":[{"embeddable":true,"href":"https:\/\/www.shouyasanitary.com\/es\/wp-json\/wp\/v2\/comments?post=2391"}],"wp:featuredmedia":[{"embeddable":true,"href":"https:\/\/www.shouyasanitary.com\/es\/wp-json\/wp\/v2\/media\/2392"}],"wp:attachment":[{"href":"https:\/\/www.shouyasanitary.com\/es\/wp-json\/wp\/v2\/media?parent=2391"}],"wp:term":[{"taxonomy":"product_brand","embeddable":true,"href":"https:\/\/www.shouyasanitary.com\/es\/wp-json\/wp\/v2\/product_brand?post=2391"},{"taxonomy":"product_cat","embeddable":true,"href":"https:\/\/www.shouyasanitary.com\/es\/wp-json\/wp\/v2\/product_cat?post=2391"},{"taxonomy":"product_tag","embeddable":true,"href":"https:\/\/www.shouyasanitary.com\/es\/wp-json\/wp\/v2\/product_tag?post=2391"}],"curies":[{"name":"wp","href":"https:\/\/api.w.org\/{rel}","templated":true}]}}