{"id":2426,"date":"2025-12-06T10:05:34","date_gmt":"2025-12-06T10:05:34","guid":{"rendered":"https:\/\/www.shouyasanitary.com\/?post_type=product&#038;p=2426"},"modified":"2025-12-06T10:05:40","modified_gmt":"2025-12-06T10:05:40","slug":"oem-bathroom-cabinet-on-vanity","status":"publish","type":"product","link":"https:\/\/www.shouyasanitary.com\/es\/producto\/oem-bathroom-cabinet-on-vanity\/","title":{"rendered":"OEM gabinete de ba\u00f1o en la vanidad, gabinete de ba\u00f1o Espejo Set de fibra de carbono de pared colgado al por mayor"},"content":{"rendered":"<div class=\"wp-block-columns is-layout-flex wp-container-core-columns-is-layout-9d6595d7 wp-block-columns-is-layout-flex\">\n<div class=\"wp-block-column is-layout-flow wp-block-column-is-layout-flow\">\n<h2 class=\"wp-block-heading\">Mueble de ba\u00f1o sobre tocador Caracter\u00edsticas\uff1a<\/h2>\n\n\n\n<p><strong>Estilo moderno y minimalista:<\/strong> Puede combinarse con varios estilos de cuartos de ba\u00f1o. El dise\u00f1o presenta un color de grano de madera con una textura clara y fina. El dise\u00f1o sencillo es agradable a la vista y crea un efecto visual general armonioso y unificado.<\/p>\n\n\n\n<p><strong>Acero inoxidable y material cer\u00e1mico<\/strong>: El armario principal y el armario con espejo del cuarto de ba\u00f1o est\u00e1n fabricados con material de fibra de carbono. El material tiene baja densidad y una estructura estable. Cuando se combina con un lavabo de cer\u00e1mica blanca, la cer\u00e1mica se hace mediante cocci\u00f3n a alta temperatura, que es estable, resistente al desgaste y a los ara\u00f1azos, con una larga vida \u00fatil. Adem\u00e1s, el lavabo de cer\u00e1mica es f\u00e1cil de limpiar. Ya sean manchas o manchas de aceite, basta con pasar un pa\u00f1o suave para eliminarlas. El mantenimiento diario es muy c\u00f3modo.<\/p>\n\n\n\n<p><strong>Funci\u00f3n de almacenamiento:<\/strong>\u00a0Este armario de ba\u00f1o viene en tama\u00f1os de 60\/80\/100CM, proporcion\u00e1ndole diversas opciones. El armario con espejo tiene un dise\u00f1o de doble puerta, que puede almacenar cosm\u00e9ticos diarios y productos para el cuidado de la piel.<\/p>\n\n\n\n<p><strong>Pr\u00e1ctico armario con espejo e iluminaci\u00f3n LED<\/strong>: La esquina inferior derecha del armario con espejo tambi\u00e9n tiene un caj\u00f3n para pa\u00f1uelos. Es sencillo y ordenado. El armario tiene iluminaci\u00f3n LED en la parte superior e inferior, con tres colores. La superficie del espejo tambi\u00e9n tiene una funci\u00f3n de prevenci\u00f3n de empa\u00f1amiento. Un suave toque puede eliminar f\u00e1cilmente el vaho, creando un ba\u00f1o acogedor.<\/p>\n\n\n\n<p><strong>Utilizaci\u00f3n del espacio<\/strong>: El dise\u00f1o est\u00e1 montado en la pared, lo que ahorra espacio y nos facilita la limpieza del cuarto de ba\u00f1o. Maximiza el aprovechamiento del espacio, lo que permite que nuestros cuartos de ba\u00f1o de tama\u00f1o reducido dispongan de espacio suficiente.<\/p>\n<\/div>\n\n\n\n<div class=\"wp-block-column is-layout-flow wp-block-column-is-layout-flow\"><div class=\"wp-block-image\">\n<figure class=\"aligncenter size-full\"><img decoding=\"async\" width=\"700\" height=\"700\" src=\"https:\/\/www.shouyasanitary.com\/wp-content\/uploads\/2025\/11\/bulk-purchases-wood-grain-color-bathroom-cabinet-vanity.webp\" alt=\"compras a granel color madera veteada mueble ba\u00f1o tocador\" class=\"wp-image-2430\" style=\"object-fit:cover\" srcset=\"https:\/\/www.shouyasanitary.com\/wp-content\/uploads\/2025\/11\/bulk-purchases-wood-grain-color-bathroom-cabinet-vanity.webp 700w, https:\/\/www.shouyasanitary.com\/wp-content\/uploads\/2025\/11\/bulk-purchases-wood-grain-color-bathroom-cabinet-vanity-300x300.webp 300w, https:\/\/www.shouyasanitary.com\/wp-content\/uploads\/2025\/11\/bulk-purchases-wood-grain-color-bathroom-cabinet-vanity-150x150.webp 150w, https:\/\/www.shouyasanitary.com\/wp-content\/uploads\/2025\/11\/bulk-purchases-wood-grain-color-bathroom-cabinet-vanity-12x12.webp 12w, https:\/\/www.shouyasanitary.com\/wp-content\/uploads\/2025\/11\/bulk-purchases-wood-grain-color-bathroom-cabinet-vanity-600x600.webp 600w, https:\/\/www.shouyasanitary.com\/wp-content\/uploads\/2025\/11\/bulk-purchases-wood-grain-color-bathroom-cabinet-vanity-100x100.webp 100w\" sizes=\"(max-width: 700px) 100vw, 700px\" \/><\/figure>\n<\/div><\/div>\n<\/div>","protected":false},"excerpt":{"rendered":"<p>Shouya OEM gabinete de ba\u00f1o en la vanidad, hecha de material de fibra de carbono con textura similar a la madera. Combinado con gabinetes de espejo LED anti-vaho, el dise\u00f1o montado en la pared ahorra espacio en el cuarto de ba\u00f1o, creando un ambiente armonioso y unificado, y la creaci\u00f3n de un cuarto de ba\u00f1o acogedor. \u00a1P\u00f3ngase en contacto con nosotros para obtener la prioridad de precio!<\/p>\n<h2>Mueble de ba\u00f1o sobre tocador Atributos\uff1a<\/h2>\n<p><strong>Art\u00edculo No:<\/strong> SY314-60<strong><br \/>Material del armario:<\/strong> Acero inoxidable+ABS<br \/><strong>Color del armario: <\/strong>Amarillo<br \/><strong>Espejo: <\/strong>Espejo LED (3,5 mm\/3,8 mm), iluminaci\u00f3n tricolor, desempa\u00f1ado con un solo toque, protegido con embalaje de espuma multicapa<strong><br \/>Tipo de instalaci\u00f3n: <\/strong>Montaje en pared<br \/><strong>Dimensiones (L\u00d7A\u00d7H): <\/strong>60*50*52 cm<br \/><strong>Peso bruto: <\/strong>29 kg\/set<\/p>\n<h2>Personalizaci\u00f3n y servicios:<\/h2>\n<p><strong>OEM Y ODM<\/strong>: Soporte<br \/><strong>Dise\u00f1o<\/strong>: Gratis<br \/><strong>Accesorios<\/strong>: Lavabos, espejos, grifos y otros accesorios de ba\u00f1o<br \/><strong>Embalaje<\/strong>: Listo para montar<\/p>","protected":false},"featured_media":2430,"comment_status":"closed","ping_status":"closed","template":"","meta":{"_acf_changed":false},"product_brand":[],"product_cat":[27],"product_tag":[],"class_list":{"0":"post-2426","1":"product","2":"type-product","3":"status-publish","4":"has-post-thumbnail","6":"product_cat-wholesale-stainless-steel-bathroom-vanity-cabinets","8":"first","9":"instock","10":"shipping-taxable","11":"product-type-simple"},"acf":[],"_links":{"self":[{"href":"https:\/\/www.shouyasanitary.com\/es\/wp-json\/wp\/v2\/product\/2426","targetHints":{"allow":["GET"]}}],"collection":[{"href":"https:\/\/www.shouyasanitary.com\/es\/wp-json\/wp\/v2\/product"}],"about":[{"href":"https:\/\/www.shouyasanitary.com\/es\/wp-json\/wp\/v2\/types\/product"}],"replies":[{"embeddable":true,"href":"https:\/\/www.shouyasanitary.com\/es\/wp-json\/wp\/v2\/comments?post=2426"}],"wp:featuredmedia":[{"embeddable":true,"href":"https:\/\/www.shouyasanitary.com\/es\/wp-json\/wp\/v2\/media\/2430"}],"wp:attachment":[{"href":"https:\/\/www.shouyasanitary.com\/es\/wp-json\/wp\/v2\/media?parent=2426"}],"wp:term":[{"taxonomy":"product_brand","embeddable":true,"href":"https:\/\/www.shouyasanitary.com\/es\/wp-json\/wp\/v2\/product_brand?post=2426"},{"taxonomy":"product_cat","embeddable":true,"href":"https:\/\/www.shouyasanitary.com\/es\/wp-json\/wp\/v2\/product_cat?post=2426"},{"taxonomy":"product_tag","embeddable":true,"href":"https:\/\/www.shouyasanitary.com\/es\/wp-json\/wp\/v2\/product_tag?post=2426"}],"curies":[{"name":"wp","href":"https:\/\/api.w.org\/{rel}","templated":true}]}}