{"id":2427,"date":"2025-12-10T07:37:24","date_gmt":"2025-12-10T07:37:24","guid":{"rendered":"https:\/\/www.shouyasanitary.com\/?post_type=product&#038;p=2427"},"modified":"2025-12-10T07:38:00","modified_gmt":"2025-12-10T07:38:00","slug":"custom-wall-hanging-bathroom-cabinet","status":"publish","type":"product","link":"https:\/\/www.shouyasanitary.com\/es\/producto\/custom-wall-hanging-bathroom-cabinet\/","title":{"rendered":"Armario de ba\u00f1o colgante de pared a medida, tocador de ba\u00f1o de acero inoxidable a granel"},"content":{"rendered":"<div class=\"wp-block-columns is-layout-flex wp-container-core-columns-is-layout-9d6595d7 wp-block-columns-is-layout-flex\">\n<div class=\"wp-block-column is-layout-flow wp-block-column-is-layout-flow\">\n<h2 class=\"wp-block-heading\">Armario de ba\u00f1o colgante de pared Caracter\u00edsticas\uff1a<\/h2>\n\n\n\n<p><strong>Acero inoxidable duradero:<\/strong> Es naturalmente resistente al agua y a la corrosi\u00f3n, y no se oxida ni se deforma en el ambiente h\u00famedo del cuarto de ba\u00f1o. Unido a la dureza de la fibra de carbono, no requiere una manipulaci\u00f3n cuidadosa durante los golpes y la limpieza diarios, y su durabilidad puede prolongarse al m\u00e1ximo.<\/p>\n\n\n\n<p><strong>Dise\u00f1o minimalista:<\/strong> La veta de madera marr\u00f3n profundo + el color gris plateado del metal nobles de clave baja, la textura fr\u00eda del acero inoxidable neutraliza la calidez aportada por la fibra de carbono. Tanto si se trata de un ba\u00f1o de estilo minimalista moderno o de lujo ligero, puede integrarse a la perfecci\u00f3n.<\/p>\n\n\n\n<p><strong>F\u00e1cil de limpiar y mantener<\/strong>La superficie del acero inoxidable es lisa y sin suciedad. Por lo tanto, las manchas de agua y los residuos de lavado se pueden limpiar inmediatamente; el gabinete de fibra de carbono es impermeable y a prueba de humedad, por lo que no hay necesidad de preocuparse por la filtraci\u00f3n de agua y el moho durante la limpieza.<\/p>\n\n\n\n<p><strong>Ligero y estable<\/strong>: La mezcla de acero inoxidable y fibra de carbono hace que el armario sea ligero, a la vez que proporciona una capacidad de carga estable. Por lo tanto, tampoco necesita un refuerzo extremo de las paredes al colgarlo. Al mismo tiempo, tambi\u00e9n es ideal para ba\u00f1os peque\u00f1os o antiguos, ya que ahorra espacio y garantiza seguridad y fiabilidad.<\/p>\n\n\n\n<p><strong>Soluci\u00f3n de personalizaci\u00f3n de marca<\/strong>: Shouya ofrece impresi\u00f3n de LOGOTIPO, personalizaci\u00f3n de embalajes y accesorios exclusivos para ayudar a los clientes a crear sus propias marcas.<\/p>\n<\/div>\n\n\n\n<div class=\"wp-block-column is-layout-flow wp-block-column-is-layout-flow\"><div class=\"wp-block-image\">\n<figure class=\"aligncenter size-full\"><img decoding=\"async\" width=\"700\" height=\"700\" src=\"https:\/\/www.shouyasanitary.com\/wp-content\/uploads\/2025\/11\/custom-wall-mount-cabinet.webp\" alt=\"armario mural a medida\" class=\"wp-image-2433\" style=\"object-fit:cover\" srcset=\"https:\/\/www.shouyasanitary.com\/wp-content\/uploads\/2025\/11\/custom-wall-mount-cabinet.webp 700w, https:\/\/www.shouyasanitary.com\/wp-content\/uploads\/2025\/11\/custom-wall-mount-cabinet-300x300.webp 300w, https:\/\/www.shouyasanitary.com\/wp-content\/uploads\/2025\/11\/custom-wall-mount-cabinet-150x150.webp 150w, https:\/\/www.shouyasanitary.com\/wp-content\/uploads\/2025\/11\/custom-wall-mount-cabinet-12x12.webp 12w, https:\/\/www.shouyasanitary.com\/wp-content\/uploads\/2025\/11\/custom-wall-mount-cabinet-600x600.webp 600w, https:\/\/www.shouyasanitary.com\/wp-content\/uploads\/2025\/11\/custom-wall-mount-cabinet-100x100.webp 100w\" sizes=\"(max-width: 700px) 100vw, 700px\" \/><\/figure>\n<\/div><\/div>\n<\/div>","protected":false},"excerpt":{"rendered":"<p>Mueble de ba\u00f1o colgante a medida en grano de madera marr\u00f3n oscuro con un armario con espejo y un lavabo de cer\u00e1mica. Hecho de material de acero inoxidable, duradero, resistente a la humedad, y adecuado para cualquier cuarto de ba\u00f1o moderno. P\u00f3ngase en contacto con nosotros para precios al por mayor y opciones de dise\u00f1o personalizado.<\/p>\n<h2>Gabinete de ba\u00f1o colgante de pared Atributos\uff1a<\/h2>\n<p><strong>Art\u00edculo No:<\/strong> SY315-60<strong><br \/>Material del armario:<\/strong> Acero inoxidable+ABS<br \/><strong>Color del armario: <\/strong>Marr\u00f3n<br \/><strong>Espejo: <\/strong>Espejo LED (3,5 mm\/3,8 mm), iluminaci\u00f3n tricolor, desempa\u00f1ado con un solo toque, protegido con embalaje de espuma multicapa<strong><br \/>Tipo de instalaci\u00f3n: <\/strong>Montaje en pared<br \/><strong>Dimensiones (L\u00d7A\u00d7H): <\/strong>60*50*52 cm<br \/><strong>Peso bruto: <\/strong>28kg\/set<\/p>\n<h2>Personalizaci\u00f3n y servicios:<\/h2>\n<p><strong>OEM Y ODM<\/strong>: Soporte<br \/><strong>Dise\u00f1o<\/strong>: Gratis<br \/><strong>Accesorios<\/strong>: Lavabos, espejos, grifos y otros accesorios de ba\u00f1o<br \/><strong>Embalaje<\/strong>: Listo para montar<\/p>","protected":false},"featured_media":2433,"comment_status":"closed","ping_status":"closed","template":"","meta":{"_acf_changed":true},"product_brand":[],"product_cat":[27],"product_tag":[],"class_list":{"0":"post-2427","1":"product","2":"type-product","3":"status-publish","4":"has-post-thumbnail","6":"product_cat-wholesale-stainless-steel-bathroom-vanity-cabinets","8":"first","9":"instock","10":"shipping-taxable","11":"product-type-simple"},"acf":[],"_links":{"self":[{"href":"https:\/\/www.shouyasanitary.com\/es\/wp-json\/wp\/v2\/product\/2427","targetHints":{"allow":["GET"]}}],"collection":[{"href":"https:\/\/www.shouyasanitary.com\/es\/wp-json\/wp\/v2\/product"}],"about":[{"href":"https:\/\/www.shouyasanitary.com\/es\/wp-json\/wp\/v2\/types\/product"}],"replies":[{"embeddable":true,"href":"https:\/\/www.shouyasanitary.com\/es\/wp-json\/wp\/v2\/comments?post=2427"}],"wp:featuredmedia":[{"embeddable":true,"href":"https:\/\/www.shouyasanitary.com\/es\/wp-json\/wp\/v2\/media\/2433"}],"wp:attachment":[{"href":"https:\/\/www.shouyasanitary.com\/es\/wp-json\/wp\/v2\/media?parent=2427"}],"wp:term":[{"taxonomy":"product_brand","embeddable":true,"href":"https:\/\/www.shouyasanitary.com\/es\/wp-json\/wp\/v2\/product_brand?post=2427"},{"taxonomy":"product_cat","embeddable":true,"href":"https:\/\/www.shouyasanitary.com\/es\/wp-json\/wp\/v2\/product_cat?post=2427"},{"taxonomy":"product_tag","embeddable":true,"href":"https:\/\/www.shouyasanitary.com\/es\/wp-json\/wp\/v2\/product_tag?post=2427"}],"curies":[{"name":"wp","href":"https:\/\/api.w.org\/{rel}","templated":true}]}}