{"id":2428,"date":"2025-12-10T08:22:52","date_gmt":"2025-12-10T08:22:52","guid":{"rendered":"https:\/\/www.shouyasanitary.com\/?post_type=product&#038;p=2428"},"modified":"2025-12-10T08:22:58","modified_gmt":"2025-12-10T08:22:58","slug":"wholesale-white-bathroom-vanities","status":"publish","type":"product","link":"https:\/\/www.shouyasanitary.com\/es\/producto\/wholesale-white-bathroom-vanities\/","title":{"rendered":"Mayorista Tocadores de Ba\u00f1o Blancos con Toallero de Pizarra Roca"},"content":{"rendered":"<div class=\"wp-block-columns is-layout-flex wp-container-core-columns-is-layout-9d6595d7 wp-block-columns-is-layout-flex\">\n<div class=\"wp-block-column is-layout-flow wp-block-column-is-layout-flow\">\n<h2 class=\"wp-block-heading\">Caracter\u00edsticas de los tocadores de ba\u00f1o blancos\uff1a<\/h2>\n\n\n\n<p><strong>Integraci\u00f3n perfecta:\u00a0<\/strong>El lavabo de cer\u00e1mica sin juntas est\u00e1 unido con precisi\u00f3n al tablero de la mesa de losa de roca, y no hay ning\u00fan hueco que oculte la suciedad. Las manchas de agua y la espuma al lavar pueden limpiarse sin esfuerzo recogiendo los residuos en el hueco. Es extremadamente c\u00f3modo para el cuidado diario.<\/p>\n\n\n\n<p><strong>Losas de roca duraderas<\/strong>: Las propias losas de roca son resistentes a los ara\u00f1azos, al desgaste y a las altas temperaturas. No dejar\u00e1n marcas cuando se utilicen para asearse o cuando se coloquen en una bolsa de agua caliente. Combinadas con recipientes cer\u00e1micos resistentes a las manchas, pueden mantener su frescura incluso tras un uso prolongado y son adecuadas para ba\u00f1os de alta frecuencia.<\/p>\n\n\n\n<p><strong>Aspecto ligero y lujoso<\/strong>: Los paneles de roca con textura de m\u00e1rmol aportan una sensaci\u00f3n de lujo, combinados con espejos de luz ambiental incrustados; la textura fr\u00eda emana una atm\u00f3sfera suave. Tanto si se trata de un lujo luminoso moderno como de un cuarto de ba\u00f1o minimalista, puede convertirse en el centro visual y realzar el estilo espacial.<\/p>\n\n\n\n<p><strong>Dise\u00f1o suspendido<\/strong>: La instalaci\u00f3n suspendida no s\u00f3lo ahorra espacio en el suelo, sino que tambi\u00e9n evita el problema de la humedad en la parte inferior de los armarios de suelo tradicionales.<\/p>\n\n\n\n<p><strong>Material impermeable<\/strong>: Las propiedades de los paneles de roca y la cer\u00e1mica permiten que el cuarto de ba\u00f1o permanezca seco y limpio incluso en ambientes h\u00famedos.<\/p>\n<\/div>\n\n\n\n<div class=\"wp-block-column is-layout-flow wp-block-column-is-layout-flow\"><div class=\"wp-block-image\">\n<figure class=\"aligncenter size-full\"><img decoding=\"async\" width=\"700\" height=\"700\" src=\"https:\/\/www.shouyasanitary.com\/wp-content\/uploads\/2025\/11\/OEM-rock-slate-basin-with-mirror.webp\" alt=\"Lavabo de pizarra OEM con espejo\" class=\"wp-image-2439\" style=\"object-fit:cover\" srcset=\"https:\/\/www.shouyasanitary.com\/wp-content\/uploads\/2025\/11\/OEM-rock-slate-basin-with-mirror.webp 700w, https:\/\/www.shouyasanitary.com\/wp-content\/uploads\/2025\/11\/OEM-rock-slate-basin-with-mirror-300x300.webp 300w, https:\/\/www.shouyasanitary.com\/wp-content\/uploads\/2025\/11\/OEM-rock-slate-basin-with-mirror-150x150.webp 150w, https:\/\/www.shouyasanitary.com\/wp-content\/uploads\/2025\/11\/OEM-rock-slate-basin-with-mirror-12x12.webp 12w, https:\/\/www.shouyasanitary.com\/wp-content\/uploads\/2025\/11\/OEM-rock-slate-basin-with-mirror-600x600.webp 600w, https:\/\/www.shouyasanitary.com\/wp-content\/uploads\/2025\/11\/OEM-rock-slate-basin-with-mirror-100x100.webp 100w\" sizes=\"(max-width: 700px) 100vw, 700px\" \/><\/figure>\n<\/div><\/div>\n<\/div>","protected":false},"excerpt":{"rendered":"<p>Tocadores de ba\u00f1o blancos al por mayor con panel de pizarra de roca, un dise\u00f1o montado en la pared, un toallero, un toallero, un armario con espejo LED y un lavabo con encimera de cer\u00e1mica. Proporcionando una sensaci\u00f3n de lujo, ideal para hoteles y apartamentos. La f\u00e1brica de Shouya ofrece OEM\/ODM y suministro a granel. P\u00f3ngase en contacto con nosotros para solicitar presupuestos.<\/p>\n<h2>Atributos de los tocadores de ba\u00f1o\uff1a<\/h2>\n<p><strong>N\u00ba de art\u00edculo<\/strong>: SYY20251101<br \/><strong>Material del armario<\/strong>: M\u00e1rmol <br \/><strong>Color del armario<\/strong>: Blanco<br \/><strong>Espejo<\/strong>: Espejo LED (3,5 mm \/ 3,8 mm), iluminaci\u00f3n tricolor, desempa\u00f1ado con un solo toque, protegido con embalaje de espuma multicapa <br \/><strong>Tipo de instalaci\u00f3n<\/strong>: Montaje en pared <br \/><strong>Dimensiones (L \u00d7 A \u00d7 A)<\/strong>80 \u00d7 50 \u00d7 15 cm <br \/><strong>Peso bruto<\/strong>: 35 kg\/set<\/p>\n<h2>Personalizaci\u00f3n y servicios:<\/h2>\n<p><strong>OEM Y ODM<\/strong>: Soporte<br \/><strong>Dise\u00f1o<\/strong>: Gratis<br \/><strong>Accesorios<\/strong>: Lavabos, espejos, grifos y otros accesorios de ba\u00f1o<br \/><strong>Embalaje<\/strong>: Listo para montar<\/p>","protected":false},"featured_media":2439,"comment_status":"closed","ping_status":"closed","template":"","meta":{"_acf_changed":false},"product_brand":[],"product_cat":[22],"product_tag":[],"class_list":{"0":"post-2428","1":"product","2":"type-product","3":"status-publish","4":"has-post-thumbnail","6":"product_cat-wholesale-marble-bathroom-vanity-cabinets","8":"first","9":"instock","10":"shipping-taxable","11":"product-type-simple"},"acf":[],"_links":{"self":[{"href":"https:\/\/www.shouyasanitary.com\/es\/wp-json\/wp\/v2\/product\/2428","targetHints":{"allow":["GET"]}}],"collection":[{"href":"https:\/\/www.shouyasanitary.com\/es\/wp-json\/wp\/v2\/product"}],"about":[{"href":"https:\/\/www.shouyasanitary.com\/es\/wp-json\/wp\/v2\/types\/product"}],"replies":[{"embeddable":true,"href":"https:\/\/www.shouyasanitary.com\/es\/wp-json\/wp\/v2\/comments?post=2428"}],"wp:featuredmedia":[{"embeddable":true,"href":"https:\/\/www.shouyasanitary.com\/es\/wp-json\/wp\/v2\/media\/2439"}],"wp:attachment":[{"href":"https:\/\/www.shouyasanitary.com\/es\/wp-json\/wp\/v2\/media?parent=2428"}],"wp:term":[{"taxonomy":"product_brand","embeddable":true,"href":"https:\/\/www.shouyasanitary.com\/es\/wp-json\/wp\/v2\/product_brand?post=2428"},{"taxonomy":"product_cat","embeddable":true,"href":"https:\/\/www.shouyasanitary.com\/es\/wp-json\/wp\/v2\/product_cat?post=2428"},{"taxonomy":"product_tag","embeddable":true,"href":"https:\/\/www.shouyasanitary.com\/es\/wp-json\/wp\/v2\/product_tag?post=2428"}],"curies":[{"name":"wp","href":"https:\/\/api.w.org\/{rel}","templated":true}]}}