{"id":2429,"date":"2025-12-10T07:56:14","date_gmt":"2025-12-10T07:56:14","guid":{"rendered":"https:\/\/www.shouyasanitary.com\/?post_type=product&#038;p=2429"},"modified":"2025-12-10T07:56:20","modified_gmt":"2025-12-10T07:56:20","slug":"oem-sink-bathroom-vanity","status":"publish","type":"product","link":"https:\/\/www.shouyasanitary.com\/es\/producto\/oem-sink-bathroom-vanity\/","title":{"rendered":"OEM Fregadero Ba\u00f1o Vanidad, M\u00e1rmol Ba\u00f1o Vanidad Roca Pizarra Acabado Brillante con Top Venta al por mayor"},"content":{"rendered":"<div class=\"wp-block-columns is-layout-flex wp-container-core-columns-is-layout-9d6595d7 wp-block-columns-is-layout-flex\">\n<div class=\"wp-block-column is-layout-flow wp-block-column-is-layout-flow\">\n<h2 class=\"wp-block-heading\">Caracter\u00edsticas de OEM Sink Bathroom Vanity:<\/h2>\n\n\n\n<p><strong>Dise\u00f1o elegante: <\/strong>La encimera est\u00e1 hecha de losas de m\u00e1rmol, con una textura natural y fina. El color crema p\u00e1lido confiere al conjunto un aspecto sofisticado, haci\u00e9ndolo limpio y luminoso.<\/p>\n\n\n\n<p><strong>Espejo multifuncional: <\/strong>El espejo LED ovalado tiene una luz de fondo en la parte posterior, y dispone de tres colores: luz blanca, luz c\u00e1lida y luz natural. Puede alternar entre ellos a voluntad para crear una atm\u00f3sfera.<\/p>\n\n\n\n<p><strong>Material de calidad: <\/strong>El material utilizado son losas de m\u00e1rmol, combinadas con lavabos de cer\u00e1mica. La encimera es espaciosa, lo que permite colocar art\u00edculos de aseo, cosm\u00e9ticos, etc.<\/p>\n\n\n\n<p><strong>Estructura flotante: <\/strong>el dise\u00f1o montado en la pared ahorra espacio en el cuarto de ba\u00f1o y facilita la limpieza diaria.<\/p>\n\n\n\n<p><strong>Soluci\u00f3n de almacenamiento:<\/strong> En el lado izquierdo del mueble principal hay un asa de almacenamiento. Este dise\u00f1o resuelve el problema de c\u00f3mo colocamos las toallas en nuestro cuarto de ba\u00f1o. Despu\u00e9s de ba\u00f1arse, los usuarios pueden encontrar f\u00e1cilmente las toallas, y despu\u00e9s de usarlas, pueden colgarlas para que se sequen. Este dise\u00f1o tambi\u00e9n nos permite mantener ordenado el editor del compartimento abierto del lado derecho.<\/p>\n\n\n\n<p><strong>Opciones personalizables:<\/strong>\u00a0Ofrecemos servicio OEM\/ODM y personalizamos el tama\u00f1o, el tipo de iluminaci\u00f3n y el dise\u00f1o del espejo para satisfacer las necesidades de los distintos proyectos.<\/p>\n<\/div>\n\n\n\n<div class=\"wp-block-column is-layout-flow wp-block-column-is-layout-flow\"><div class=\"wp-block-image\">\n<figure class=\"aligncenter size-full\"><img decoding=\"async\" width=\"700\" height=\"700\" src=\"https:\/\/www.shouyasanitary.com\/wp-content\/uploads\/2025\/11\/OEM-bathroom-vanity-rock-slate-glossy-finishing-combination.webp\" alt=\"OEM cuarto de ba\u00f1o vanidad roca pizarra brillante acabado combinaci\u00f3n\" class=\"wp-image-2436\" style=\"object-fit:cover\" srcset=\"https:\/\/www.shouyasanitary.com\/wp-content\/uploads\/2025\/11\/OEM-bathroom-vanity-rock-slate-glossy-finishing-combination.webp 700w, https:\/\/www.shouyasanitary.com\/wp-content\/uploads\/2025\/11\/OEM-bathroom-vanity-rock-slate-glossy-finishing-combination-300x300.webp 300w, https:\/\/www.shouyasanitary.com\/wp-content\/uploads\/2025\/11\/OEM-bathroom-vanity-rock-slate-glossy-finishing-combination-150x150.webp 150w, https:\/\/www.shouyasanitary.com\/wp-content\/uploads\/2025\/11\/OEM-bathroom-vanity-rock-slate-glossy-finishing-combination-12x12.webp 12w, https:\/\/www.shouyasanitary.com\/wp-content\/uploads\/2025\/11\/OEM-bathroom-vanity-rock-slate-glossy-finishing-combination-600x600.webp 600w, https:\/\/www.shouyasanitary.com\/wp-content\/uploads\/2025\/11\/OEM-bathroom-vanity-rock-slate-glossy-finishing-combination-100x100.webp 100w\" sizes=\"(max-width: 700px) 100vw, 700px\" \/><\/figure>\n<\/div><\/div>\n<\/div>","protected":false},"excerpt":{"rendered":"<p>Mueble de ba\u00f1o con lavabo OEM de pizarra de roca, un espejo inteligente LED de tres colores, un lavabo de cer\u00e1mica con encimera, f\u00e1cil de limpiar, dise\u00f1o montado en la pared, ahorrando espacio en el ba\u00f1o.  Perfecto para hoteles y apartamentos. Shouya suministros de f\u00e1brica, p\u00f3ngase en contacto con nosotros para el suministro a granel y la personalizaci\u00f3n.<\/p>\n<h2>OEM Lavabo Ba\u00f1o Vanidad Atributos\uff1a<\/h2>\n<p><strong>N\u00ba de art\u00edculo<\/strong>: SYR10018-80<br \/><strong>Material del armario<\/strong>: M\u00e1rmol <br \/><strong>Color del armario<\/strong>: Blanco y negro <br \/><strong>Espejo<\/strong>: Espejo LED (3,5 mm \/ 3,8 mm), iluminaci\u00f3n tricolor, desempa\u00f1ado con un solo toque, protegido con embalaje de espuma multicapa <br \/><strong>Tipo de instalaci\u00f3n<\/strong>: Montaje en pared <br \/><strong>Dimensiones (L \u00d7 A \u00d7 A)<\/strong>80 \u00d7 50 \u00d7 30 cm <br \/><strong>Peso bruto<\/strong>: 31 kg\/set<\/p>\n<h2>Personalizaci\u00f3n y servicios:<\/h2>\n<p><strong>OEM Y ODM<\/strong>: Soporte<br \/><strong>Dise\u00f1o<\/strong>: Gratis<br \/><strong>Accesorios<\/strong>: Lavabos, espejos, grifos y otros accesorios de ba\u00f1o<br \/><strong>Embalaje<\/strong>: Listo para montar<\/p>","protected":false},"featured_media":2436,"comment_status":"closed","ping_status":"closed","template":"","meta":{"_acf_changed":false},"product_brand":[],"product_cat":[22],"product_tag":[],"class_list":{"0":"post-2429","1":"product","2":"type-product","3":"status-publish","4":"has-post-thumbnail","6":"product_cat-wholesale-marble-bathroom-vanity-cabinets","8":"first","9":"instock","10":"shipping-taxable","11":"product-type-simple"},"acf":[],"_links":{"self":[{"href":"https:\/\/www.shouyasanitary.com\/es\/wp-json\/wp\/v2\/product\/2429","targetHints":{"allow":["GET"]}}],"collection":[{"href":"https:\/\/www.shouyasanitary.com\/es\/wp-json\/wp\/v2\/product"}],"about":[{"href":"https:\/\/www.shouyasanitary.com\/es\/wp-json\/wp\/v2\/types\/product"}],"replies":[{"embeddable":true,"href":"https:\/\/www.shouyasanitary.com\/es\/wp-json\/wp\/v2\/comments?post=2429"}],"wp:featuredmedia":[{"embeddable":true,"href":"https:\/\/www.shouyasanitary.com\/es\/wp-json\/wp\/v2\/media\/2436"}],"wp:attachment":[{"href":"https:\/\/www.shouyasanitary.com\/es\/wp-json\/wp\/v2\/media?parent=2429"}],"wp:term":[{"taxonomy":"product_brand","embeddable":true,"href":"https:\/\/www.shouyasanitary.com\/es\/wp-json\/wp\/v2\/product_brand?post=2429"},{"taxonomy":"product_cat","embeddable":true,"href":"https:\/\/www.shouyasanitary.com\/es\/wp-json\/wp\/v2\/product_cat?post=2429"},{"taxonomy":"product_tag","embeddable":true,"href":"https:\/\/www.shouyasanitary.com\/es\/wp-json\/wp\/v2\/product_tag?post=2429"}],"curies":[{"name":"wp","href":"https:\/\/api.w.org\/{rel}","templated":true}]}}