{"id":2449,"date":"2025-12-11T08:42:35","date_gmt":"2025-12-11T08:42:35","guid":{"rendered":"https:\/\/www.shouyasanitary.com\/?post_type=product&#038;p=2449"},"modified":"2025-12-11T08:42:42","modified_gmt":"2025-12-11T08:42:42","slug":"wholesale-floating-vanity-for-bathroom","status":"publish","type":"product","link":"https:\/\/www.shouyasanitary.com\/es\/producto\/wholesale-floating-vanity-for-bathroom\/","title":{"rendered":"Mayorista Tocador Flotante para Ba\u00f1o, Mueble de Ba\u00f1o Blanco con Cajones Dobles Espejo LED Cutsom"},"content":{"rendered":"<div class=\"wp-block-columns is-layout-flex wp-container-core-columns-is-layout-9d6595d7 wp-block-columns-is-layout-flex\">\n<div class=\"wp-block-column is-layout-flow wp-block-column-is-layout-flow\">\n<h2 class=\"wp-block-heading\">Caracter\u00edsticas del tocador flotante para ba\u00f1o\uff1a<\/h2>\n\n\n\n<p><strong>Apariencia minimalista:<\/strong> El cuerpo del mueble de ba\u00f1o es de un suave color blanco cremoso, elegante y sencillo, en l\u00ednea con la est\u00e9tica contempor\u00e1nea, adecuado para diversos estilos de ba\u00f1o y que proporciona una sensaci\u00f3n relajante.<\/p>\n\n\n\n<p><strong>Textura de alta gama:<\/strong> Fabricado en PVC de alta calidad, tiene una textura suave, es muy impermeable y resistente a la humedad. Se combina con un lavabo integrado de cer\u00e1mica blanca, fabricado mediante cocci\u00f3n a alta temperatura y equipado con un tablero que bloquea el agua para evitar salpicaduras.<\/p>\n\n\n\n<p><strong>F\u00e1cil de limpiar:<\/strong> Basta con pasar suavemente un pa\u00f1o para eliminar las manchas y recuperar la blancura y limpieza originales.<\/p>\n\n\n\n<p><strong>Espejo LED inteligente:<\/strong> La lente LED rectangular y redondeada del espejo inteligente es sencilla y elegante. Tres colores de retroiluminaci\u00f3n est\u00e1n disponibles en la parte posterior, incluyendo blanco, color c\u00e1lido y color natural, adapt\u00e1ndose f\u00e1cilmente al efecto de iluminaci\u00f3n que desee, creando una atm\u00f3sfera.<\/p>\n\n\n\n<p><strong>Amplia capacidad de almacenamiento:<\/strong> Dispone de cajones con compartimentos tanto en la parte superior como en la inferior, que nos ayudan a clasificar los art\u00edculos de forma ordenada y a guardar por separado art\u00edculos como cepillos de dientes y productos para el cuidado de la piel. Adem\u00e1s, el m\u00e9todo de instalaci\u00f3n en la pared nos ayuda a ahorrar espacio de forma eficaz.<\/p>\n<\/div>\n\n\n\n<div class=\"wp-block-column is-layout-flow wp-block-column-is-layout-flow\"><div class=\"wp-block-image\">\n<figure class=\"aligncenter size-full\"><img decoding=\"async\" width=\"700\" height=\"700\" src=\"https:\/\/www.shouyasanitary.com\/wp-content\/uploads\/2025\/11\/wholesale-custom-cream-white-bathroom-cabinet-vanity.webp\" alt=\"venta al por mayor mueble de ba\u00f1o blanco crema personalizado tocador\" class=\"wp-image-2451\" style=\"object-fit:cover\" srcset=\"https:\/\/www.shouyasanitary.com\/wp-content\/uploads\/2025\/11\/wholesale-custom-cream-white-bathroom-cabinet-vanity.webp 700w, https:\/\/www.shouyasanitary.com\/wp-content\/uploads\/2025\/11\/wholesale-custom-cream-white-bathroom-cabinet-vanity-300x300.webp 300w, https:\/\/www.shouyasanitary.com\/wp-content\/uploads\/2025\/11\/wholesale-custom-cream-white-bathroom-cabinet-vanity-150x150.webp 150w, https:\/\/www.shouyasanitary.com\/wp-content\/uploads\/2025\/11\/wholesale-custom-cream-white-bathroom-cabinet-vanity-12x12.webp 12w, https:\/\/www.shouyasanitary.com\/wp-content\/uploads\/2025\/11\/wholesale-custom-cream-white-bathroom-cabinet-vanity-600x600.webp 600w, https:\/\/www.shouyasanitary.com\/wp-content\/uploads\/2025\/11\/wholesale-custom-cream-white-bathroom-cabinet-vanity-100x100.webp 100w\" sizes=\"(max-width: 700px) 100vw, 700px\" \/><\/figure>\n<\/div><\/div>\n<\/div>","protected":false},"excerpt":{"rendered":"<p>Mayorista tocador flotante para cuarto de ba\u00f1o, material de PVC combinado con lavabo de cer\u00e1mica, las manchas se pueden quitar con un pa\u00f1o suave, el espejo LED con tres colores de retroiluminaci\u00f3n, creando una atm\u00f3sfera en el cuarto de ba\u00f1o.  Los cajones dobles ofrecen un amplio espacio de almacenamiento. Apoyamos la personalizaci\u00f3n OEM. \u00a1Bienvenido a preguntar sobre los precios al por mayor y soluciones personalizadas!<\/p>\n<h2>Vanidad flotante para atributos de ba\u00f1o\uff1a<\/h2>\n<p><strong><br \/>Material del armario:<\/strong> PVC<br \/><strong>Color del armario: <\/strong>Blanco<br \/><strong>Espejo:<\/strong> Espejo LED (3,5 mm\/3,8 mm), iluminaci\u00f3n tricolor, desempa\u00f1ado con un solo toque, protegido con embalaje de espuma multicapa<br \/><strong>Tipo de instalaci\u00f3n:<\/strong>\u00a0Montaje en pared<br \/><strong>Dimensiones (L\u00d7A\u00d7H):<\/strong> 60*47*47 cm<br \/><strong>Peso bruto:<\/strong> 32 kg\/set<\/p>\n<h2>Personalizaci\u00f3n y servicios:<\/h2>\n<p><strong>OEM Y ODM<\/strong>: Soporte<br \/><strong>Dise\u00f1o<\/strong>: Gratis<br \/><strong>Accesorios<\/strong>: Lavabos, espejos, grifos y otros accesorios de ba\u00f1o<br \/><strong>Embalaje<\/strong>: Listo para montar<\/p>","protected":false},"featured_media":2451,"comment_status":"closed","ping_status":"closed","template":"","meta":{"_acf_changed":false},"product_brand":[],"product_cat":[24],"product_tag":[],"class_list":{"0":"post-2449","1":"product","2":"type-product","3":"status-publish","4":"has-post-thumbnail","6":"product_cat-wholesale-pvc-bathroom-vanity-cabinets","8":"first","9":"instock","10":"shipping-taxable","11":"product-type-simple"},"acf":[],"_links":{"self":[{"href":"https:\/\/www.shouyasanitary.com\/es\/wp-json\/wp\/v2\/product\/2449","targetHints":{"allow":["GET"]}}],"collection":[{"href":"https:\/\/www.shouyasanitary.com\/es\/wp-json\/wp\/v2\/product"}],"about":[{"href":"https:\/\/www.shouyasanitary.com\/es\/wp-json\/wp\/v2\/types\/product"}],"replies":[{"embeddable":true,"href":"https:\/\/www.shouyasanitary.com\/es\/wp-json\/wp\/v2\/comments?post=2449"}],"wp:featuredmedia":[{"embeddable":true,"href":"https:\/\/www.shouyasanitary.com\/es\/wp-json\/wp\/v2\/media\/2451"}],"wp:attachment":[{"href":"https:\/\/www.shouyasanitary.com\/es\/wp-json\/wp\/v2\/media?parent=2449"}],"wp:term":[{"taxonomy":"product_brand","embeddable":true,"href":"https:\/\/www.shouyasanitary.com\/es\/wp-json\/wp\/v2\/product_brand?post=2449"},{"taxonomy":"product_cat","embeddable":true,"href":"https:\/\/www.shouyasanitary.com\/es\/wp-json\/wp\/v2\/product_cat?post=2449"},{"taxonomy":"product_tag","embeddable":true,"href":"https:\/\/www.shouyasanitary.com\/es\/wp-json\/wp\/v2\/product_tag?post=2449"}],"curies":[{"name":"wp","href":"https:\/\/api.w.org\/{rel}","templated":true}]}}