{"id":2450,"date":"2025-12-15T08:47:52","date_gmt":"2025-12-15T08:47:52","guid":{"rendered":"https:\/\/www.shouyasanitary.com\/?post_type=product&#038;p=2450"},"modified":"2025-12-15T08:47:55","modified_gmt":"2025-12-15T08:47:55","slug":"wholesale-bathroom-vanity-with-top","status":"publish","type":"product","link":"https:\/\/www.shouyasanitary.com\/es\/producto\/wholesale-bathroom-vanity-with-top\/","title":{"rendered":"Venta al por mayor tocador de ba\u00f1o con la parte superior, de lujo negro gabinete de ba\u00f1o de gran tama\u00f1o de PVC personalizado"},"content":{"rendered":"<div class=\"wp-block-columns is-layout-flex wp-container-core-columns-is-layout-9d6595d7 wp-block-columns-is-layout-flex\">\n<div class=\"wp-block-column is-layout-flow wp-block-column-is-layout-flow\">\n<h2 class=\"wp-block-heading\">Caracter\u00edsticas del mueble de ba\u00f1o con encimera:<\/h2>\n\n\n\n<p><strong>Estilo moderno y minimalista<\/strong>: La encimera es de granito negro con motivos blancos, y el mueble principal est\u00e1 equipado con una rejilla beige y l\u00e1mparas inteligentes de forma irregular. El aspecto general da una sensaci\u00f3n de sofisticaci\u00f3n, adecuada para cuartos de ba\u00f1o grandes.<\/p>\n\n\n\n<p><strong>Material de calidad:<\/strong> La encimera es de pizarra de roca de m\u00e1rmol, con una base negra brillante y dibujos blancos. El mueble principal es de tablero de PVC, resistente a la humedad, al agua, a las manchas y a la deformaci\u00f3n.<\/p>\n\n\n\n<p><strong>Dise\u00f1o mural:<\/strong> Ayuda a reducir el espacio del cuarto de ba\u00f1o y nos facilita la limpieza de los rincones ocultos del cuarto de ba\u00f1o.<\/p>\n\n\n\n<p><strong>Espejo LED:<\/strong>\u00a0Est\u00e1 equipado con un espejo LED inteligente de gran tama\u00f1o y forma irregular, que proporciona retroiluminaci\u00f3n de tres colores y funci\u00f3n antivaho. Puede lograr la deshumidificaci\u00f3n con un solo clic y crear un estilo de ba\u00f1o perfecto.<\/p>\n\n\n\n<p><strong>Funci\u00f3n de almacenamiento:<\/strong>\u00a0El armario principal est\u00e1 dise\u00f1ado con una puerta de rejilla y puertas dobles. El interior cuenta con un amplio espacio de almacenamiento, en el que se pueden guardar art\u00edculos de uso diario para el ba\u00f1o, como art\u00edculos de aseo y toallas, equilibrando la privacidad y el orden.<\/p>\n\n\n\n<p><strong>Servicio OEM\/ODM<\/strong>: Shouya ofrece servicios OEM\/ODM para adaptarse a los requisitos de los clientes. El tama\u00f1o, el color, el material, el logotipo y el embalaje se pueden personalizar de forma flexible para adaptarse a las diferentes necesidades del mercado a nivel mundial.<\/p>\n<\/div>\n\n\n\n<div class=\"wp-block-column is-layout-flow wp-block-column-is-layout-flow\"><div class=\"wp-block-image\">\n<figure class=\"aligncenter size-full\"><img decoding=\"async\" width=\"700\" height=\"700\" src=\"https:\/\/www.shouyasanitary.com\/wp-content\/uploads\/2025\/11\/bulk-purchases-vanity-bathroom-in-luxury-black-with-sink.webp\" alt=\"\" class=\"wp-image-2454\" style=\"object-fit:cover\" srcset=\"https:\/\/www.shouyasanitary.com\/wp-content\/uploads\/2025\/11\/bulk-purchases-vanity-bathroom-in-luxury-black-with-sink.webp 700w, https:\/\/www.shouyasanitary.com\/wp-content\/uploads\/2025\/11\/bulk-purchases-vanity-bathroom-in-luxury-black-with-sink-300x300.webp 300w, https:\/\/www.shouyasanitary.com\/wp-content\/uploads\/2025\/11\/bulk-purchases-vanity-bathroom-in-luxury-black-with-sink-150x150.webp 150w, https:\/\/www.shouyasanitary.com\/wp-content\/uploads\/2025\/11\/bulk-purchases-vanity-bathroom-in-luxury-black-with-sink-12x12.webp 12w, https:\/\/www.shouyasanitary.com\/wp-content\/uploads\/2025\/11\/bulk-purchases-vanity-bathroom-in-luxury-black-with-sink-600x600.webp 600w, https:\/\/www.shouyasanitary.com\/wp-content\/uploads\/2025\/11\/bulk-purchases-vanity-bathroom-in-luxury-black-with-sink-100x100.webp 100w\" sizes=\"(max-width: 700px) 100vw, 700px\" \/><\/figure>\n<\/div><\/div>\n<\/div>","protected":false},"excerpt":{"rendered":"<p>Este lavabo de PVC, con mueble de cer\u00e1mica, es la elecci\u00f3n ideal para crear un espacio de ba\u00f1o c\u00f3modo y funcional. P\u00f3ngase en contacto con nosotros para obtener un presupuesto y un cat\u00e1logo de productos.<\/p>\n<h2>Armario Ba\u00f1o Blanco Atributos\uff1a<\/h2>\n<p><strong><br \/>Material del armario:<\/strong> PVC<br \/><strong>Color del armario: <\/strong>Marr\u00f3n y negro<br \/><strong>Espejo:<\/strong> Espejo LED (3,5 mm\/3,8 mm), iluminaci\u00f3n tricolor, desempa\u00f1ado con un solo toque, protegido con embalaje de espuma multicapa<br \/><strong>Tipo de instalaci\u00f3n:<\/strong>\u00a0Montaje en pared<br \/><strong>Dimensiones (L\u00d7A\u00d7H):<\/strong> 100*47*50 cm<br \/><strong>Peso bruto:<\/strong> 35 kg\/set<\/p>\n<h2>Personalizaci\u00f3n y servicios:<\/h2>\n<p><strong>OEM Y ODM<\/strong>: Soporte<br \/><strong>Dise\u00f1o<\/strong>: Gratis<br \/><strong>Accesorios<\/strong>: Lavabos, espejos, grifos y otros accesorios de ba\u00f1o<br \/><strong>Embalaje<\/strong>: Listo para montar<\/p>","protected":false},"featured_media":2454,"comment_status":"closed","ping_status":"closed","template":"","meta":{"_acf_changed":true},"product_brand":[],"product_cat":[24],"product_tag":[],"class_list":{"0":"post-2450","1":"product","2":"type-product","3":"status-publish","4":"has-post-thumbnail","6":"product_cat-wholesale-pvc-bathroom-vanity-cabinets","8":"first","9":"instock","10":"shipping-taxable","11":"product-type-simple"},"acf":[],"_links":{"self":[{"href":"https:\/\/www.shouyasanitary.com\/es\/wp-json\/wp\/v2\/product\/2450","targetHints":{"allow":["GET"]}}],"collection":[{"href":"https:\/\/www.shouyasanitary.com\/es\/wp-json\/wp\/v2\/product"}],"about":[{"href":"https:\/\/www.shouyasanitary.com\/es\/wp-json\/wp\/v2\/types\/product"}],"replies":[{"embeddable":true,"href":"https:\/\/www.shouyasanitary.com\/es\/wp-json\/wp\/v2\/comments?post=2450"}],"wp:featuredmedia":[{"embeddable":true,"href":"https:\/\/www.shouyasanitary.com\/es\/wp-json\/wp\/v2\/media\/2454"}],"wp:attachment":[{"href":"https:\/\/www.shouyasanitary.com\/es\/wp-json\/wp\/v2\/media?parent=2450"}],"wp:term":[{"taxonomy":"product_brand","embeddable":true,"href":"https:\/\/www.shouyasanitary.com\/es\/wp-json\/wp\/v2\/product_brand?post=2450"},{"taxonomy":"product_cat","embeddable":true,"href":"https:\/\/www.shouyasanitary.com\/es\/wp-json\/wp\/v2\/product_cat?post=2450"},{"taxonomy":"product_tag","embeddable":true,"href":"https:\/\/www.shouyasanitary.com\/es\/wp-json\/wp\/v2\/product_tag?post=2450"}],"curies":[{"name":"wp","href":"https:\/\/api.w.org\/{rel}","templated":true}]}}