{"id":2477,"date":"2025-12-15T08:47:15","date_gmt":"2025-12-15T08:47:15","guid":{"rendered":"https:\/\/www.shouyasanitary.com\/?post_type=product&#038;p=2477"},"modified":"2025-12-15T08:47:21","modified_gmt":"2025-12-15T08:47:21","slug":"wholesale-bathroom-floating-vanity","status":"publish","type":"product","link":"https:\/\/www.shouyasanitary.com\/es\/producto\/wholesale-bathroom-floating-vanity\/","title":{"rendered":"Mayorista Ba\u00f1o Vanidad Flotante, Espejo de Ba\u00f1o de PVC Cabniet Textura Vertical"},"content":{"rendered":"<div class=\"wp-block-columns is-layout-flex wp-container-core-columns-is-layout-9d6595d7 wp-block-columns-is-layout-flex\">\n<div class=\"wp-block-column is-layout-flow wp-block-column-is-layout-flow\">\n<h2 class=\"wp-block-heading\">Caracter\u00edsticas de la vanidad flotante del cuarto de ba\u00f1o\uff1a<\/h2>\n\n\n\n<p><strong>No teme los ambientes h\u00famedos:<\/strong> Los armarios de ba\u00f1o de PVC son naturalmente impermeables, e incluso la fumigaci\u00f3n con vapor a largo plazo en el ba\u00f1o no causar\u00e1 hinchaz\u00f3n ni descascarillado. Despu\u00e9s de salpicar agua en la ducha, no es necesario secarlo con un pa\u00f1o, y los ba\u00f1os h\u00famedos tambi\u00e9n se pueden conservar durante mucho tiempo.<\/p>\n\n\n\n<p><strong>Estilo ligero y lujoso: <\/strong>La textura vertical de la puerta del armario de PVC blanco mejora la sensaci\u00f3n de lujo, combinada con un lavabo de cer\u00e1mica, y la combinaci\u00f3n de colores minimalista es adecuada para ba\u00f1os de estilo Wabi Sabi y moderno, creando un ambiente de ba\u00f1o de alta gama.<\/p>\n\n\n\n<p><strong>F\u00e1cil de limpiar y mantener:<\/strong> La superficie de PVC permanece limpia, y las manchas de pasta de dientes y los restos de gel de ducha pueden limpiarse inmediatamente. Los herrajes de acero inoxidable no presentan ranuras ni acumulan polvo, y el mueble suspendido permite al robot barredor acceder a la parte inferior, lo que reduce a la mitad el esfuerzo de limpieza diario.<\/p>\n\n\n\n<p><strong>Dise\u00f1o amigable para unidades peque\u00f1as: <\/strong>El peso ligero del PVC, combinado con la estructura reforzada de acero inoxidable, la instalaci\u00f3n suspendida no aplasta la pared; No s\u00f3lo libera espacio en el suelo, sino que tambi\u00e9n evita la acumulaci\u00f3n de humedad en la parte inferior del armario, por lo que es seguro para los inquilinos y los ba\u00f1os de peque\u00f1o tama\u00f1o a utilizar.<\/p>\n\n\n\n<p><strong>Suministro de la f\u00e1brica de Shouya:<\/strong> Como fabricante l\u00edder de tocadores de ba\u00f1o, Shouya admite pruebas de lotes peque\u00f1os y producci\u00f3n a gran escala para satisfacer diversas escalas de proyectos.<\/p>\n<\/div>\n\n\n\n<div class=\"wp-block-column is-layout-flow wp-block-column-is-layout-flow\"><div class=\"wp-block-image\">\n<figure class=\"aligncenter size-full\"><img decoding=\"async\" width=\"700\" height=\"700\" src=\"https:\/\/www.shouyasanitary.com\/wp-content\/uploads\/2025\/12\/wholesale-bathroom-vanity-cabinet.webp\" alt=\"venta al por mayor mueble de ba\u00f1o\" class=\"wp-image-2479\" style=\"object-fit:cover\" srcset=\"https:\/\/www.shouyasanitary.com\/wp-content\/uploads\/2025\/12\/wholesale-bathroom-vanity-cabinet.webp 700w, https:\/\/www.shouyasanitary.com\/wp-content\/uploads\/2025\/12\/wholesale-bathroom-vanity-cabinet-300x300.webp 300w, https:\/\/www.shouyasanitary.com\/wp-content\/uploads\/2025\/12\/wholesale-bathroom-vanity-cabinet-150x150.webp 150w, https:\/\/www.shouyasanitary.com\/wp-content\/uploads\/2025\/12\/wholesale-bathroom-vanity-cabinet-12x12.webp 12w, https:\/\/www.shouyasanitary.com\/wp-content\/uploads\/2025\/12\/wholesale-bathroom-vanity-cabinet-600x600.webp 600w, https:\/\/www.shouyasanitary.com\/wp-content\/uploads\/2025\/12\/wholesale-bathroom-vanity-cabinet-100x100.webp 100w\" sizes=\"(max-width: 700px) 100vw, 700px\" \/><\/figure>\n<\/div><\/div>\n<\/div>\n\n\n\n<p><\/p>","protected":false},"excerpt":{"rendered":"<p>Mayorista de tocador flotante de ba\u00f1o con textura vertical, dise\u00f1o montado en la pared, espacio de almacenamiento, impermeable y a prueba de humedad, f\u00e1cil de limpiar, perfecto para ba\u00f1os peque\u00f1os y h\u00famedos. Shouya ofrece servicios de personalizaci\u00f3n de tama\u00f1o, color, etc. \u00a1Bienvenido a preguntar!<\/p>\n<h2>Atributos del tocador flotante de ba\u00f1o\uff1a<\/h2>\n<p><strong><br \/>Material del armario:<\/strong> PVC<br \/><strong>Color del armario:<\/strong> Caqui<br \/><strong>Espejo:<\/strong> Espejo LED (3,5 mm\/3,8 mm), iluminaci\u00f3n tricolor, desempa\u00f1ado con un solo toque, protegido con embalaje de espuma multicapa<br \/><strong>Tipo de instalaci\u00f3n:<\/strong>\u00a0Montaje en pared<br \/><strong>Dimensiones (L\u00d7A\u00d7H):<\/strong> 80x47x45 cm<br \/><strong>Peso bruto:<\/strong> 30 kg\/set<\/p>\n<h2>Personalizaci\u00f3n y servicios:<\/h2>\n<p><strong>OEM Y ODM<\/strong>: Soporte<br \/><strong>Dise\u00f1o<\/strong>: Gratis<br \/><strong>Accesorios<\/strong>: Lavabos, espejos, grifos y otros accesorios de ba\u00f1o<br \/><strong>Embalaje<\/strong>: Listo para montar<\/p>","protected":false},"featured_media":2479,"comment_status":"closed","ping_status":"closed","template":"","meta":{"_acf_changed":false},"product_brand":[],"product_cat":[24],"product_tag":[],"class_list":{"0":"post-2477","1":"product","2":"type-product","3":"status-publish","4":"has-post-thumbnail","6":"product_cat-wholesale-pvc-bathroom-vanity-cabinets","8":"first","9":"instock","10":"shipping-taxable","11":"product-type-simple"},"acf":[],"_links":{"self":[{"href":"https:\/\/www.shouyasanitary.com\/es\/wp-json\/wp\/v2\/product\/2477","targetHints":{"allow":["GET"]}}],"collection":[{"href":"https:\/\/www.shouyasanitary.com\/es\/wp-json\/wp\/v2\/product"}],"about":[{"href":"https:\/\/www.shouyasanitary.com\/es\/wp-json\/wp\/v2\/types\/product"}],"replies":[{"embeddable":true,"href":"https:\/\/www.shouyasanitary.com\/es\/wp-json\/wp\/v2\/comments?post=2477"}],"wp:featuredmedia":[{"embeddable":true,"href":"https:\/\/www.shouyasanitary.com\/es\/wp-json\/wp\/v2\/media\/2479"}],"wp:attachment":[{"href":"https:\/\/www.shouyasanitary.com\/es\/wp-json\/wp\/v2\/media?parent=2477"}],"wp:term":[{"taxonomy":"product_brand","embeddable":true,"href":"https:\/\/www.shouyasanitary.com\/es\/wp-json\/wp\/v2\/product_brand?post=2477"},{"taxonomy":"product_cat","embeddable":true,"href":"https:\/\/www.shouyasanitary.com\/es\/wp-json\/wp\/v2\/product_cat?post=2477"},{"taxonomy":"product_tag","embeddable":true,"href":"https:\/\/www.shouyasanitary.com\/es\/wp-json\/wp\/v2\/product_tag?post=2477"}],"curies":[{"name":"wp","href":"https:\/\/api.w.org\/{rel}","templated":true}]}}