{"id":2478,"date":"2025-12-15T09:20:56","date_gmt":"2025-12-15T09:20:56","guid":{"rendered":"https:\/\/www.shouyasanitary.com\/?post_type=product&#038;p=2478"},"modified":"2025-12-15T09:21:04","modified_gmt":"2025-12-15T09:21:04","slug":"custom-bathroom-sink-and-vanity","status":"publish","type":"product","link":"https:\/\/www.shouyasanitary.com\/es\/producto\/custom-bathroom-sink-and-vanity\/","title":{"rendered":"Lavabo y tocador de ba\u00f1o a medida, armarios de ba\u00f1o de PVC con espejo lavabo de cer\u00e1mica a granel"},"content":{"rendered":"<div class=\"wp-block-columns is-layout-flex wp-container-core-columns-is-layout-9d6595d7 wp-block-columns-is-layout-flex\">\n<div class=\"wp-block-column is-layout-flow wp-block-column-is-layout-flow\">\n<h2 class=\"wp-block-heading\">Caracter\u00edsticas del lavabo y el tocador\uff1a<\/h2>\n\n\n\n<p><strong>Resistente a la humedad<\/strong> y duradero: El mueble de ba\u00f1o de PVC viene con propiedades impermeables y no se amolda ni se deforma en ambientes de ba\u00f1o h\u00famedos; El hardware de acero inoxidable es resistente a la corrosi\u00f3n, y no es f\u00e1cil de oxidar incluso cuando se expone al vapor de agua durante mucho tiempo. Su durabilidad puede extenderse completamente.<\/p>\n\n\n\n<p><strong>Buena textura: <\/strong>La textura vertical de la puerta del armario de PVC blanco debilita la sensaci\u00f3n de pl\u00e1stico, combinada con un marco de armario de espejo de acero inoxidable negro. El esquema de color minimalista es adecuado para varios estilos de decoraci\u00f3n, como el lujo ligero y moderno, y la iluminaci\u00f3n suave crea un ambiente m\u00e1s lujoso.<\/p>\n\n\n\n<p><strong>F\u00e1cil de limpiar: <\/strong>la superficie de PVC es lisa y no mancha, y las manchas de agua y la espuma salpicada del lavado diario pueden limpiarse con un trapo h\u00famedo; los herrajes de acero inoxidable no acumulan suciedad con facilidad, por lo que su mantenimiento es sencillo y ahorra tiempo.<strong><\/strong><\/p>\n\n\n\n<p><strong>Ligero y seguro: <\/strong>El material de PVC es ligero y se combina con una estructura portante de acero inoxidable. La instalaci\u00f3n suspendida no s\u00f3lo ahorra espacio en el suelo, sino que tambi\u00e9n evita los \u00e1ngulos muertos en materia de higiene. Incluso los cuartos de ba\u00f1o de peque\u00f1o tama\u00f1o pueden controlarse f\u00e1cilmente, combinando seguridad y practicidad.<\/p>\n\n\n\n<p><strong>Servicio de personalizaci\u00f3n por lotes:\u00a0<\/strong>Ofrecemos una fabricaci\u00f3n inteligente y flexible, desde el dise\u00f1o hasta la producci\u00f3n, pasando por la creaci\u00f3n de prototipos en lotes peque\u00f1os y la entrega a gran escala, y personalizamos soluciones de tocador de ba\u00f1o para los clientes.<\/p>\n<\/div>\n\n\n\n<div class=\"wp-block-column is-layout-flow wp-block-column-is-layout-flow\"><div class=\"wp-block-image\">\n<figure class=\"aligncenter size-full\"><img decoding=\"async\" width=\"700\" height=\"700\" src=\"https:\/\/www.shouyasanitary.com\/wp-content\/uploads\/2025\/12\/wholesale-of-bathroom-cabinet.webp\" alt=\"venta al por mayor de mueble de ba\u00f1o\" class=\"wp-image-2482\" style=\"object-fit:cover\" srcset=\"https:\/\/www.shouyasanitary.com\/wp-content\/uploads\/2025\/12\/wholesale-of-bathroom-cabinet.webp 700w, https:\/\/www.shouyasanitary.com\/wp-content\/uploads\/2025\/12\/wholesale-of-bathroom-cabinet-300x300.webp 300w, https:\/\/www.shouyasanitary.com\/wp-content\/uploads\/2025\/12\/wholesale-of-bathroom-cabinet-150x150.webp 150w, https:\/\/www.shouyasanitary.com\/wp-content\/uploads\/2025\/12\/wholesale-of-bathroom-cabinet-12x12.webp 12w, https:\/\/www.shouyasanitary.com\/wp-content\/uploads\/2025\/12\/wholesale-of-bathroom-cabinet-600x600.webp 600w, https:\/\/www.shouyasanitary.com\/wp-content\/uploads\/2025\/12\/wholesale-of-bathroom-cabinet-100x100.webp 100w\" sizes=\"(max-width: 700px) 100vw, 700px\" \/><\/figure>\n<\/div><\/div>\n<\/div>","protected":false},"excerpt":{"rendered":"<p>Lavabo y tocador de ba\u00f1o personalizados, fabricados en PVC resistente y acero inoxidable, con estructura de montaje en pared, puertas de armario con textura vertical y dise\u00f1o minimalista, perfectos para ba\u00f1os modernos. Personalizaci\u00f3n a granel disponible. P\u00f3ngase en contacto con nosotros para solicitar un presupuesto.<\/p>\n<h2>Atributos del lavabo y el tocador\uff1a<\/h2>\n<p><strong><br \/>Material del armario:<\/strong> PVC<br \/><strong>Color del armario: <\/strong>Blanco<br \/><strong>Espejo:<\/strong> Espejo LED (3,5 mm\/3,8 mm), iluminaci\u00f3n tricolor, desempa\u00f1ado con un solo toque, protegido con embalaje de espuma multicapa<br \/><strong>Tipo de instalaci\u00f3n:<\/strong>\u00a0Montaje en pared<br \/><strong>Dimensiones (L\u00d7A\u00d7H):<\/strong> 100*47*50 cm<br \/><strong>Peso bruto:<\/strong> 35 kg\/set<\/p>\n<h2>Personalizaci\u00f3n y servicios:<\/h2>\n<p><strong>OEM Y ODM<\/strong>: Soporte<br \/><strong>Dise\u00f1o<\/strong>: Gratis<br \/><strong>Accesorios<\/strong>: Lavabos, espejos, grifos y otros accesorios de ba\u00f1o<br \/><strong>Embalaje<\/strong>: Listo para montar<\/p>","protected":false},"featured_media":2482,"comment_status":"closed","ping_status":"closed","template":"","meta":{"_acf_changed":false},"product_brand":[],"product_cat":[24],"product_tag":[],"class_list":{"0":"post-2478","1":"product","2":"type-product","3":"status-publish","4":"has-post-thumbnail","6":"product_cat-wholesale-pvc-bathroom-vanity-cabinets","8":"first","9":"instock","10":"shipping-taxable","11":"product-type-simple"},"acf":[],"_links":{"self":[{"href":"https:\/\/www.shouyasanitary.com\/es\/wp-json\/wp\/v2\/product\/2478","targetHints":{"allow":["GET"]}}],"collection":[{"href":"https:\/\/www.shouyasanitary.com\/es\/wp-json\/wp\/v2\/product"}],"about":[{"href":"https:\/\/www.shouyasanitary.com\/es\/wp-json\/wp\/v2\/types\/product"}],"replies":[{"embeddable":true,"href":"https:\/\/www.shouyasanitary.com\/es\/wp-json\/wp\/v2\/comments?post=2478"}],"wp:featuredmedia":[{"embeddable":true,"href":"https:\/\/www.shouyasanitary.com\/es\/wp-json\/wp\/v2\/media\/2482"}],"wp:attachment":[{"href":"https:\/\/www.shouyasanitary.com\/es\/wp-json\/wp\/v2\/media?parent=2478"}],"wp:term":[{"taxonomy":"product_brand","embeddable":true,"href":"https:\/\/www.shouyasanitary.com\/es\/wp-json\/wp\/v2\/product_brand?post=2478"},{"taxonomy":"product_cat","embeddable":true,"href":"https:\/\/www.shouyasanitary.com\/es\/wp-json\/wp\/v2\/product_cat?post=2478"},{"taxonomy":"product_tag","embeddable":true,"href":"https:\/\/www.shouyasanitary.com\/es\/wp-json\/wp\/v2\/product_tag?post=2478"}],"curies":[{"name":"wp","href":"https:\/\/api.w.org\/{rel}","templated":true}]}}