{"id":2510,"date":"2025-12-24T02:29:31","date_gmt":"2025-12-24T02:29:31","guid":{"rendered":"https:\/\/www.shouyasanitary.com\/?post_type=product&#038;p=2510"},"modified":"2025-12-24T02:29:38","modified_gmt":"2025-12-24T02:29:38","slug":"custom-floating-vanity-bathroom","status":"publish","type":"product","link":"https:\/\/www.shouyasanitary.com\/es\/producto\/custom-floating-vanity-bathroom\/","title":{"rendered":"Custom Vanidad Flotante Ba\u00f1o, Armarios Negro Ba\u00f1o con Espejo Dise\u00f1o Curvo a Granel"},"content":{"rendered":"<div class=\"wp-block-columns is-layout-flex wp-container-core-columns-is-layout-9d6595d7 wp-block-columns-is-layout-flex\">\n<div class=\"wp-block-column is-layout-flow wp-block-column-is-layout-flow\">\n<h2 class=\"wp-block-heading\">Caracter\u00edsticas del cuarto de ba\u00f1o del tocador flotante\uff1a<\/h2>\n\n\n\n<p><strong>Dise\u00f1o novedoso:<\/strong> El mueble de ba\u00f1o de PVC de lujo ligero de estilo italiano presenta un esquema de color gris oscuro con texturas aerodin\u00e1micas, combinado con el dise\u00f1o de luces y sombras de los espejos LED inteligentes, integrando a la perfecci\u00f3n moda y practicidad, convirti\u00e9ndose en el responsable est\u00e9tico y funcional del espacio de ba\u00f1o.<\/p>\n\n\n\n<p><strong>Resistencia a la humedad y al moho: <\/strong>El material de PVC tiene, por naturaleza, una excelente impermeabilidad y resistencia a la humedad, lo que lo hace resistente a los ambientes h\u00famedos del cuarto de ba\u00f1o. No es f\u00e1cil que se deforme o se enmohezca tras un uso prolongado. En comparaci\u00f3n con los armarios de madera maciza, tiene una vida \u00fatil m\u00e1s garantizada en ambientes h\u00famedos. El mantenimiento diario s\u00f3lo requiere pasar un pa\u00f1o para mantenerlo limpio.<\/p>\n\n\n\n<p><strong>F\u00e1cil de instalar: <\/strong>El material de PVC es m\u00e1s ligero, por lo que la instalaci\u00f3n de este mueble de ba\u00f1o suspendido resulta m\u00e1s c\u00f3moda. Al mismo tiempo, la estructura del armario es estable y tiene una excelente capacidad de carga. <\/p>\n\n\n\n<p><strong>Estructura mural: <\/strong>El dise\u00f1o de suspensi\u00f3n no s\u00f3lo ahorra espacio, sino que tambi\u00e9n evita la erosi\u00f3n de la humedad en el suelo, lo que hace que la limpieza del ba\u00f1o sea m\u00e1s despreocupada.<\/p>\n\n\n\n<p><strong>Gran practicidad: <\/strong>El mueble de ba\u00f1o de PVC cuenta con varias capas de cajones para el almacenamiento, y debajo se pueden integrar equipos de limpieza inteligentes, lo que consigue un equilibrio entre la est\u00e9tica y las necesidades diarias de almacenamiento y uso. Es la opci\u00f3n preferida para ba\u00f1os ligeros de lujo.<\/p>\n<\/div>\n\n\n\n<div class=\"wp-block-column is-layout-flow wp-block-column-is-layout-flow\"><div class=\"wp-block-image\">\n<figure class=\"aligncenter size-full\"><img decoding=\"async\" width=\"700\" height=\"700\" src=\"https:\/\/www.shouyasanitary.com\/wp-content\/uploads\/2025\/12\/custom-vanity-with-wash-basin-for-hotel-bathroom.webp\" alt=\"mueble a medida con lavabo para ba\u00f1o de hotel\" class=\"wp-image-2511\" style=\"object-fit:cover\" srcset=\"https:\/\/www.shouyasanitary.com\/wp-content\/uploads\/2025\/12\/custom-vanity-with-wash-basin-for-hotel-bathroom.webp 700w, https:\/\/www.shouyasanitary.com\/wp-content\/uploads\/2025\/12\/custom-vanity-with-wash-basin-for-hotel-bathroom-300x300.webp 300w, https:\/\/www.shouyasanitary.com\/wp-content\/uploads\/2025\/12\/custom-vanity-with-wash-basin-for-hotel-bathroom-150x150.webp 150w, https:\/\/www.shouyasanitary.com\/wp-content\/uploads\/2025\/12\/custom-vanity-with-wash-basin-for-hotel-bathroom-12x12.webp 12w, https:\/\/www.shouyasanitary.com\/wp-content\/uploads\/2025\/12\/custom-vanity-with-wash-basin-for-hotel-bathroom-600x600.webp 600w, https:\/\/www.shouyasanitary.com\/wp-content\/uploads\/2025\/12\/custom-vanity-with-wash-basin-for-hotel-bathroom-100x100.webp 100w\" sizes=\"(max-width: 700px) 100vw, 700px\" \/><\/figure>\n<\/div><\/div>\n<\/div>","protected":false},"excerpt":{"rendered":"<p>El lavabo flotante a medida presenta un elegante dise\u00f1o de inspiraci\u00f3n italiana en gris oscuro, realzado con iluminaci\u00f3n LED en el espejo. Fabricado en PVC impermeable, ofrece un pr\u00e1ctico almacenamiento y un estilo moderno. Suministro de f\u00e1brica de Shouya. P\u00f3ngase en contacto con nosotros para obtener una soluci\u00f3n de ba\u00f1o duradera y que ahorre espacio.<\/p>\n<h2>Atributos del tocador flotante de ba\u00f1o\uff1a<\/h2>\n<p><strong>Material del armario:<\/strong> PVC<br \/><strong>Color del armario: <\/strong>Negro<br \/><strong>Espejo:<\/strong> Espejo LED (3,5 mm\/3,8 mm), iluminaci\u00f3n tricolor, desempa\u00f1ado con un solo toque, protegido con embalaje de espuma multicapa<br \/><strong>Tipo de instalaci\u00f3n:<\/strong>\u00a0Montaje en pared<br \/><strong>Dimensiones (L\u00d7A\u00d7H):<\/strong> 100*47*50 cm<br \/><strong>Peso bruto:<\/strong> 34 kg\/set<\/p>\n<h2>Personalizaci\u00f3n y servicios:<\/h2>\n<p><strong>OEM Y ODM<\/strong>: Soporte<br \/><strong>Dise\u00f1o<\/strong>: Gratis<br \/><strong>Accesorios<\/strong>: Lavabos, espejos, grifos y otros accesorios de ba\u00f1o<br \/><strong>Embalaje<\/strong>: Listo para montar<\/p>","protected":false},"featured_media":2511,"comment_status":"closed","ping_status":"closed","template":"","meta":{"_acf_changed":false},"product_brand":[],"product_cat":[24],"product_tag":[],"class_list":{"0":"post-2510","1":"product","2":"type-product","3":"status-publish","4":"has-post-thumbnail","6":"product_cat-wholesale-pvc-bathroom-vanity-cabinets","8":"first","9":"instock","10":"shipping-taxable","11":"product-type-simple"},"acf":[],"_links":{"self":[{"href":"https:\/\/www.shouyasanitary.com\/es\/wp-json\/wp\/v2\/product\/2510","targetHints":{"allow":["GET"]}}],"collection":[{"href":"https:\/\/www.shouyasanitary.com\/es\/wp-json\/wp\/v2\/product"}],"about":[{"href":"https:\/\/www.shouyasanitary.com\/es\/wp-json\/wp\/v2\/types\/product"}],"replies":[{"embeddable":true,"href":"https:\/\/www.shouyasanitary.com\/es\/wp-json\/wp\/v2\/comments?post=2510"}],"wp:featuredmedia":[{"embeddable":true,"href":"https:\/\/www.shouyasanitary.com\/es\/wp-json\/wp\/v2\/media\/2511"}],"wp:attachment":[{"href":"https:\/\/www.shouyasanitary.com\/es\/wp-json\/wp\/v2\/media?parent=2510"}],"wp:term":[{"taxonomy":"product_brand","embeddable":true,"href":"https:\/\/www.shouyasanitary.com\/es\/wp-json\/wp\/v2\/product_brand?post=2510"},{"taxonomy":"product_cat","embeddable":true,"href":"https:\/\/www.shouyasanitary.com\/es\/wp-json\/wp\/v2\/product_cat?post=2510"},{"taxonomy":"product_tag","embeddable":true,"href":"https:\/\/www.shouyasanitary.com\/es\/wp-json\/wp\/v2\/product_tag?post=2510"}],"curies":[{"name":"wp","href":"https:\/\/api.w.org\/{rel}","templated":true}]}}