{"id":2514,"date":"2025-12-24T02:47:22","date_gmt":"2025-12-24T02:47:22","guid":{"rendered":"https:\/\/www.shouyasanitary.com\/?post_type=product&#038;p=2514"},"modified":"2025-12-24T02:47:28","modified_gmt":"2025-12-24T02:47:28","slug":"oem-bathroom-cabinets-with-mirror","status":"publish","type":"product","link":"https:\/\/www.shouyasanitary.com\/es\/producto\/oem-bathroom-cabinets-with-mirror\/","title":{"rendered":"OEM gabinetes de ba\u00f1o con espejo, negro gabinete de rayas verticales Proveedor de ba\u00f1o"},"content":{"rendered":"<div class=\"wp-block-columns is-layout-flex wp-container-core-columns-is-layout-9d6595d7 wp-block-columns-is-layout-flex\">\n<div class=\"wp-block-column is-layout-flow wp-block-column-is-layout-flow\">\n<h2 class=\"wp-block-heading\">Caracter\u00edsticas de los Armarios de Ba\u00f1o con Espejo:<\/h2>\n\n\n\n<p><strong>Excelente plasticidad en la reproducci\u00f3n de texturas<\/strong>: Con la alta plasticidad del material de PVC, el mueble se reproduce con la exquisita textura de la rejilla met\u00e1lica y la textura met\u00e1lica del caf\u00e9 profundo, con l\u00edneas n\u00edtidas y sofisticadas que rompen las limitaciones visuales del material de PVC y cumplen a la perfecci\u00f3n los requisitos est\u00e9ticos del dise\u00f1o minimalista.<\/p>\n\n\n\n<p><strong>Resistente a la humedad y duradero:<\/strong> El material de PVC tiene excelentes propiedades impermeables y a prueba de humedad, que pueden hacer frente f\u00e1cilmente al ambiente h\u00famedo del cuarto de ba\u00f1o. No causar\u00e1 deformaci\u00f3n ni problemas de moho en los armarios de madera maciza.<\/p>\n\n\n\n<p><strong>Lavabo de cer\u00e1mica integrado<\/strong>: La limpieza diaria con un pa\u00f1o h\u00famedo puede mantener el armario limpio y nuevo, con unos costes de mantenimiento extremadamente bajos.<\/p>\n\n\n\n<p><strong>Instalaci\u00f3n ligera y m\u00e1s segura<\/strong>: El material de PVC es ligero, lo que facilita la instalaci\u00f3n de armarios suspendidos. Al mismo tiempo, la estructura del armario es estable y el rendimiento de carga cumple la norma.<\/p>\n\n\n\n<p><strong>Soluciones de personalizaci\u00f3n:<\/strong> Admite la personalizaci\u00f3n del tama\u00f1o, el color, el material, la disposici\u00f3n estructural y la configuraci\u00f3n del armario con espejo\/iluminaci\u00f3n. Podemos ofrecer soluciones completas de armarios de ba\u00f1o basadas en diferentes posicionamientos de mercado, requisitos de espacio y estilos de marca, lo que acorta el ciclo de lanzamiento de nuevos productos.ard. El dise\u00f1o de la suspensi\u00f3n no s\u00f3lo libera espacio en el suelo, sino que tambi\u00e9n reduce el riesgo de deformaci\u00f3n y desprendimiento del armario debido a la humedad.<\/p>\n<\/div>\n\n\n\n<div class=\"wp-block-column is-layout-flow wp-block-column-is-layout-flow\"><div class=\"wp-block-image\">\n<figure class=\"aligncenter size-full\"><img decoding=\"async\" width=\"700\" height=\"700\" src=\"https:\/\/www.shouyasanitary.com\/wp-content\/uploads\/2025\/12\/custom-bathroom-cabinets-with-mirror.webp\" alt=\"armarios de ba\u00f1o a medida con espejo\" class=\"wp-image-2515\" style=\"object-fit:cover\" srcset=\"https:\/\/www.shouyasanitary.com\/wp-content\/uploads\/2025\/12\/custom-bathroom-cabinets-with-mirror.webp 700w, https:\/\/www.shouyasanitary.com\/wp-content\/uploads\/2025\/12\/custom-bathroom-cabinets-with-mirror-300x300.webp 300w, https:\/\/www.shouyasanitary.com\/wp-content\/uploads\/2025\/12\/custom-bathroom-cabinets-with-mirror-150x150.webp 150w, https:\/\/www.shouyasanitary.com\/wp-content\/uploads\/2025\/12\/custom-bathroom-cabinets-with-mirror-12x12.webp 12w, https:\/\/www.shouyasanitary.com\/wp-content\/uploads\/2025\/12\/custom-bathroom-cabinets-with-mirror-600x600.webp 600w, https:\/\/www.shouyasanitary.com\/wp-content\/uploads\/2025\/12\/custom-bathroom-cabinets-with-mirror-100x100.webp 100w\" sizes=\"(max-width: 700px) 100vw, 700px\" \/><\/figure>\n<\/div><\/div>\n<\/div>","protected":false},"excerpt":{"rendered":"<p>Los armarios de ba\u00f1o OEM con espejos, que presentan un armario de PVC gris oscuro combinado con un sistema de almacenamiento escalonado, iluminaci\u00f3n LED y una encimera de losa, crean una soluci\u00f3n de ba\u00f1o que equilibra una est\u00e9tica sofisticada con una funcionalidad pr\u00e1ctica. P\u00f3ngase en contacto con nosotros para obtener soluciones.<\/p>\n<h2>Armarios de Ba\u00f1o con Espejo Atributos\uff1a<\/h2>\n<p><strong><br \/>Material del armario:<\/strong> PVC<br \/><strong>Color del armario: <\/strong>Negro<br \/><strong>Espejo:<\/strong> Espejo LED (3,5 mm\/3,8 mm), iluminaci\u00f3n tricolor, desempa\u00f1ado con un solo toque, protegido con embalaje de espuma multicapa<br \/><strong>Tipo de instalaci\u00f3n:<\/strong>\u00a0Montaje en pared<br \/><strong>Dimensiones (L\u00d7A\u00d7H):<\/strong> 100*47*50 cm<br \/><strong>Peso bruto:<\/strong> 33kg\/set<\/p>\n<h2>Personalizaci\u00f3n y servicios:<\/h2>\n<p><strong>OEM Y ODM<\/strong>: Soporte<br \/><strong>Dise\u00f1o<\/strong>: Gratis<br \/><strong>Accesorios<\/strong>: Lavabos, espejos, grifos y otros accesorios de ba\u00f1o<br \/><strong>Embalaje<\/strong>: Listo para montar<\/p>","protected":false},"featured_media":2515,"comment_status":"closed","ping_status":"closed","template":"","meta":{"_acf_changed":false},"product_brand":[],"product_cat":[24],"product_tag":[],"class_list":{"0":"post-2514","1":"product","2":"type-product","3":"status-publish","4":"has-post-thumbnail","6":"product_cat-wholesale-pvc-bathroom-vanity-cabinets","8":"first","9":"instock","10":"shipping-taxable","11":"product-type-simple"},"acf":[],"_links":{"self":[{"href":"https:\/\/www.shouyasanitary.com\/es\/wp-json\/wp\/v2\/product\/2514","targetHints":{"allow":["GET"]}}],"collection":[{"href":"https:\/\/www.shouyasanitary.com\/es\/wp-json\/wp\/v2\/product"}],"about":[{"href":"https:\/\/www.shouyasanitary.com\/es\/wp-json\/wp\/v2\/types\/product"}],"replies":[{"embeddable":true,"href":"https:\/\/www.shouyasanitary.com\/es\/wp-json\/wp\/v2\/comments?post=2514"}],"wp:featuredmedia":[{"embeddable":true,"href":"https:\/\/www.shouyasanitary.com\/es\/wp-json\/wp\/v2\/media\/2515"}],"wp:attachment":[{"href":"https:\/\/www.shouyasanitary.com\/es\/wp-json\/wp\/v2\/media?parent=2514"}],"wp:term":[{"taxonomy":"product_brand","embeddable":true,"href":"https:\/\/www.shouyasanitary.com\/es\/wp-json\/wp\/v2\/product_brand?post=2514"},{"taxonomy":"product_cat","embeddable":true,"href":"https:\/\/www.shouyasanitary.com\/es\/wp-json\/wp\/v2\/product_cat?post=2514"},{"taxonomy":"product_tag","embeddable":true,"href":"https:\/\/www.shouyasanitary.com\/es\/wp-json\/wp\/v2\/product_tag?post=2514"}],"curies":[{"name":"wp","href":"https:\/\/api.w.org\/{rel}","templated":true}]}}