{"id":2518,"date":"2025-12-24T03:28:54","date_gmt":"2025-12-24T03:28:54","guid":{"rendered":"https:\/\/www.shouyasanitary.com\/?post_type=product&#038;p=2518"},"modified":"2025-12-24T03:29:00","modified_gmt":"2025-12-24T03:29:00","slug":"brown-bathroom-vanity-wholesale","status":"publish","type":"product","link":"https:\/\/www.shouyasanitary.com\/es\/producto\/brown-bathroom-vanity-wholesale\/","title":{"rendered":"Vanidad del cuarto de ba\u00f1o del marr\u00f3n de la nuez al por mayor, lavabo de cer\u00e1mica negro y espejo redondo de Led de encargo"},"content":{"rendered":"<div class=\"wp-block-columns is-layout-flex wp-container-core-columns-is-layout-9d6595d7 wp-block-columns-is-layout-flex\">\n<div class=\"wp-block-column is-layout-flow wp-block-column-is-layout-flow\">\n<h2 class=\"wp-block-heading\">Caracter\u00edsticas del tocador de ba\u00f1o marr\u00f3n\uff1a<\/h2>\n\n\n\n<p><strong>Dise\u00f1o de estilo moderno:\u00a0<\/strong>Utilizando el marr\u00f3n nogal, presenta un estilo moderno en su conjunto. La textura es claramente visible y se combina con una encimera negra, creando un ambiente de alta gama y lujo en el cuarto de ba\u00f1o.<\/p>\n\n\n\n<p><strong>Textura exquisita:\u00a0<\/strong>El mueble de nogal est\u00e1 equipado con un lavabo de cer\u00e1mica. No s\u00f3lo es bonito, sino tambi\u00e9n de buena calidad. El material de PVC del armario es resistente a la humedad y a la deformaci\u00f3n.<\/p>\n\n\n\n<p><strong>No ocupa espacio:<\/strong>\u00a0Tama\u00f1o compacto, adecuado para cuartos de ba\u00f1o peque\u00f1os y medianos. El dise\u00f1o montado en la pared libera espacio en el suelo. Ahorra espacio en el ba\u00f1o y nos facilita la limpieza.<\/p>\n\n\n\n<p><strong>Fregadero de alta calidad: <\/strong>El lavabo de cer\u00e1mica negra est\u00e1 fabricado mediante cocci\u00f3n a alta temperatura y no tiene huecos ni esquinas muertas. Es resistente a la suciedad y a los ara\u00f1azos. Las manchas se pueden limpiar f\u00e1cilmente para que permanezcan limpias.<\/p>\n\n\n\n<p><strong>Amplio espacio de almacenamiento:\u00a0<\/strong>Dise\u00f1o de doble caj\u00f3n, tiradores ocultos en forma de U, rejillas de separaci\u00f3n integradas, para acomodar f\u00e1cilmente art\u00edculos de uso diario como art\u00edculos de tocador y productos para el cuidado de la piel.<\/p>\n\n\n\n<p><strong>Servicio OEM \/ ODM:<\/strong> El maduro sistema de producci\u00f3n OEM\/ODM de Shouya, capaz de fabricar por contrato seg\u00fan los est\u00e1ndares de la marca del cliente, admite el dise\u00f1o diferenciado del LOGO y los detalles del producto, ayudando a los clientes a establecer o ampliar r\u00e1pidamente sus propias l\u00edneas de marca.<\/p>\n<\/div>\n\n\n\n<div class=\"wp-block-column is-layout-flow wp-block-column-is-layout-flow\"><div class=\"wp-block-image\">\n<figure class=\"aligncenter size-full\"><img decoding=\"async\" width=\"700\" height=\"700\" src=\"https:\/\/www.shouyasanitary.com\/wp-content\/uploads\/2025\/12\/bulk-purchases-bathroom-cabinet.webp\" alt=\"compras a granel mueble de ba\u00f1o\" class=\"wp-image-2519\" style=\"object-fit:cover\" srcset=\"https:\/\/www.shouyasanitary.com\/wp-content\/uploads\/2025\/12\/bulk-purchases-bathroom-cabinet.webp 700w, https:\/\/www.shouyasanitary.com\/wp-content\/uploads\/2025\/12\/bulk-purchases-bathroom-cabinet-300x300.webp 300w, https:\/\/www.shouyasanitary.com\/wp-content\/uploads\/2025\/12\/bulk-purchases-bathroom-cabinet-150x150.webp 150w, https:\/\/www.shouyasanitary.com\/wp-content\/uploads\/2025\/12\/bulk-purchases-bathroom-cabinet-12x12.webp 12w, https:\/\/www.shouyasanitary.com\/wp-content\/uploads\/2025\/12\/bulk-purchases-bathroom-cabinet-600x600.webp 600w, https:\/\/www.shouyasanitary.com\/wp-content\/uploads\/2025\/12\/bulk-purchases-bathroom-cabinet-100x100.webp 100w\" sizes=\"(max-width: 700px) 100vw, 700px\" \/><\/figure>\n<\/div><\/div>\n<\/div>","protected":false},"excerpt":{"rendered":"<p>Venta al por mayor de tocadores de ba\u00f1o marrones de primera calidad, de dise\u00f1o moderno con detalles de nogal aut\u00e9ntico, PVC y elegantes lavabos de cer\u00e1mica, ideales para crear espacios de ba\u00f1o de autor. Ofrecemos servicios completos de OEM\/ODM. P\u00f3ngase en contacto con nosotros hoy mismo para obtener presupuestos y detalles del cat\u00e1logo.<\/p>\n<h2>Atributos del tocador de ba\u00f1o marr\u00f3n\uff1a<\/h2>\n<p><strong><br \/>Material del armario:<\/strong> PVC<br \/><strong>Color del armario:<\/strong> Marr\u00f3n<br \/><strong>Espejo:<\/strong> Espejo LED (3,5 mm\/3,8 mm), iluminaci\u00f3n tricolor, desempa\u00f1ado con un solo toque, protegido con embalaje de espuma multicapa<br \/><strong>Tipo de instalaci\u00f3n:<\/strong>\u00a0Montaje en pared<br \/><strong>Dimensiones (L\u00d7A\u00d7H):<\/strong> 60x47x48 cm<br \/><strong>Peso bruto:<\/strong> 30 kg\/set<\/p>\n<h2>Personalizaci\u00f3n y servicios:<\/h2>\n<p><strong>OEM Y ODM<\/strong>: Soporte<br \/><strong>Dise\u00f1o<\/strong>: Gratis<br \/><strong>Accesorios<\/strong>: Lavabos, espejos, grifos y otros accesorios de ba\u00f1o<br \/><strong>Embalaje<\/strong>: Listo para montar<\/p>","protected":false},"featured_media":2519,"comment_status":"closed","ping_status":"closed","template":"","meta":{"_acf_changed":true},"product_brand":[],"product_cat":[24],"product_tag":[],"class_list":{"0":"post-2518","1":"product","2":"type-product","3":"status-publish","4":"has-post-thumbnail","6":"product_cat-wholesale-pvc-bathroom-vanity-cabinets","8":"first","9":"instock","10":"shipping-taxable","11":"product-type-simple"},"acf":[],"_links":{"self":[{"href":"https:\/\/www.shouyasanitary.com\/es\/wp-json\/wp\/v2\/product\/2518","targetHints":{"allow":["GET"]}}],"collection":[{"href":"https:\/\/www.shouyasanitary.com\/es\/wp-json\/wp\/v2\/product"}],"about":[{"href":"https:\/\/www.shouyasanitary.com\/es\/wp-json\/wp\/v2\/types\/product"}],"replies":[{"embeddable":true,"href":"https:\/\/www.shouyasanitary.com\/es\/wp-json\/wp\/v2\/comments?post=2518"}],"wp:featuredmedia":[{"embeddable":true,"href":"https:\/\/www.shouyasanitary.com\/es\/wp-json\/wp\/v2\/media\/2519"}],"wp:attachment":[{"href":"https:\/\/www.shouyasanitary.com\/es\/wp-json\/wp\/v2\/media?parent=2518"}],"wp:term":[{"taxonomy":"product_brand","embeddable":true,"href":"https:\/\/www.shouyasanitary.com\/es\/wp-json\/wp\/v2\/product_brand?post=2518"},{"taxonomy":"product_cat","embeddable":true,"href":"https:\/\/www.shouyasanitary.com\/es\/wp-json\/wp\/v2\/product_cat?post=2518"},{"taxonomy":"product_tag","embeddable":true,"href":"https:\/\/www.shouyasanitary.com\/es\/wp-json\/wp\/v2\/product_tag?post=2518"}],"curies":[{"name":"wp","href":"https:\/\/api.w.org\/{rel}","templated":true}]}}