{"id":2522,"date":"2026-01-09T08:41:07","date_gmt":"2026-01-09T08:41:07","guid":{"rendered":"https:\/\/www.shouyasanitary.com\/?post_type=product&#038;p=2522"},"modified":"2026-01-09T08:42:06","modified_gmt":"2026-01-09T08:42:06","slug":"custom-floating-bathroom-sink-vanity","status":"publish","type":"product","link":"https:\/\/www.shouyasanitary.com\/es\/producto\/custom-floating-bathroom-sink-vanity\/","title":{"rendered":"Lavabo de ba\u00f1o flotante personalizado, armario de ba\u00f1o gris de PVC de gran tama\u00f1o a granel"},"content":{"rendered":"<div class=\"wp-block-columns is-layout-flex wp-container-core-columns-is-layout-9d6595d7 wp-block-columns-is-layout-flex\">\n<div class=\"wp-block-column is-layout-flow wp-block-column-is-layout-flow\">\n<h2 class=\"wp-block-heading\">Caracter\u00edsticas del lavabo de ba\u00f1o flotante Vanity\uff1a<\/h2>\n\n\n\n<p><strong>Estilo moderno: <\/strong>El estilo general presenta un aspecto industrial gris cemento con un dise\u00f1o moderno y minimalista, que se ajusta a las preferencias est\u00e9ticas de la gente moderna. El cuerpo del armario en gris oscuro mate, combinado con las rayas verticales del panel de la puerta, desprende un alt\u00edsimo nivel de sofisticaci\u00f3n.<\/p>\n\n\n\n<p><strong>Materiales duraderos de calidad: <\/strong>El cuerpo del mueble est\u00e1 hecho de material de PVC, que es impermeable, a prueba de humedad y no se deforma. La encimera es de m\u00e1rmol de una sola capa y se complementa con un lavabo de cer\u00e1mica blanca. El lavabo de cer\u00e1mica se fabrica mediante cocci\u00f3n a alta temperatura y puede limpiarse con un pa\u00f1o para eliminar las manchas de pasta de dientes o de agua.<\/p>\n\n\n\n<p><strong>Espejos funcionales y armarios laterales: <\/strong>Espejo LED tricolor, luz de sensor retroiluminada, con funci\u00f3n de deshumidificaci\u00f3n. Incluso en \u00e9pocas de niebla o lluvia, la superficie del espejo puede permanecer seca. El armario lateral tiene cuatro capas de cristal para la compartimentaci\u00f3n, con tiras de luz LED incrustadas. Los productos de cuidado de la piel y los cosm\u00e9ticos se pueden colocar capa por capa en orden, y ya no hay que preocuparse de que la encimera est\u00e9 desordenada.<\/p>\n\n\n\n<p><strong>Innovaci\u00f3n en el dise\u00f1o: <\/strong>Las rayas verticales de los paneles de las puertas tienen l\u00edneas claras, y no hay botones de tirador para presionar la puerta. Basta con presionar suavemente para abrir la puerta del armario. Puede almacenar detergente para la ropa, toallas, etc. Tambi\u00e9n se pueden colocar peque\u00f1os objetos en orden.<\/p>\n\n\n\n<p><strong>Soporte de personalizaci\u00f3n multidimensional<\/strong>: Admite la personalizaci\u00f3n en profundidad del tama\u00f1o, el estilo, el material y el color de los armarios de ba\u00f1o, satisface las necesidades de personalizaci\u00f3n de pedidos al por mayor y ofrece a los clientes una soluci\u00f3n de dise\u00f1o integral.<\/p>\n<\/div>\n\n\n\n<div class=\"wp-block-column is-layout-flow wp-block-column-is-layout-flow\"><div class=\"wp-block-image\">\n<figure class=\"aligncenter size-full\"><img decoding=\"async\" width=\"700\" height=\"700\" src=\"https:\/\/www.shouyasanitary.com\/wp-content\/uploads\/2025\/12\/oem-design-of-large-sized-grey-bathroom-cabinet-vanity.webp\" alt=\"oem dise\u00f1o de gran tama\u00f1o gris mueble de ba\u00f1o vanidad,\" class=\"wp-image-2523\" style=\"object-fit:cover\" srcset=\"https:\/\/www.shouyasanitary.com\/wp-content\/uploads\/2025\/12\/oem-design-of-large-sized-grey-bathroom-cabinet-vanity.webp 700w, https:\/\/www.shouyasanitary.com\/wp-content\/uploads\/2025\/12\/oem-design-of-large-sized-grey-bathroom-cabinet-vanity-300x300.webp 300w, https:\/\/www.shouyasanitary.com\/wp-content\/uploads\/2025\/12\/oem-design-of-large-sized-grey-bathroom-cabinet-vanity-150x150.webp 150w, https:\/\/www.shouyasanitary.com\/wp-content\/uploads\/2025\/12\/oem-design-of-large-sized-grey-bathroom-cabinet-vanity-12x12.webp 12w, https:\/\/www.shouyasanitary.com\/wp-content\/uploads\/2025\/12\/oem-design-of-large-sized-grey-bathroom-cabinet-vanity-600x600.webp 600w, https:\/\/www.shouyasanitary.com\/wp-content\/uploads\/2025\/12\/oem-design-of-large-sized-grey-bathroom-cabinet-vanity-100x100.webp 100w\" sizes=\"(max-width: 700px) 100vw, 700px\" \/><\/figure>\n<\/div><\/div>\n<\/div>\n\n\n\n<p><\/p>","protected":false},"excerpt":{"rendered":"<p>Mueble de lavabo flotante Shouya con mueble de PVC impermeable gris de gran tama\u00f1o, acabado mate con puertas de rayas verticales, espejo LED de 3 colores, iluminaci\u00f3n antivaho y retroiluminada, pr\u00e1ctico para el ba\u00f1o moderno. Soluciones personalizadas disponibles. P\u00f3ngase en contacto con nosotros para solicitar un presupuesto.<\/p>\n<h2>Lavabo de ba\u00f1o flotante Vanidad Atributos\uff1a<\/h2>\n<p><strong><br \/>Material del armario:<\/strong> PVC<br \/><strong>Color del armario: <\/strong>Gris<br \/><strong>Espejo:<\/strong> Espejo LED (3,5 mm\/3,8 mm), iluminaci\u00f3n tricolor, desempa\u00f1ado con un solo toque, protegido con embalaje de espuma multicapa<br \/><strong>Tipo de instalaci\u00f3n:<\/strong>\u00a0Montaje en pared<br \/><strong>Dimensiones (L\u00d7A\u00d7H):<\/strong> 100*47*47 cm<br \/><strong>Peso bruto:<\/strong> 32 kg\/set<\/p>\n<h2>Personalizaci\u00f3n y servicios:<\/h2>\n<p><strong>OEM Y ODM<\/strong>: Soporte<br \/><strong>Dise\u00f1o<\/strong>: Gratis<br \/><strong>Accesorios<\/strong>: Lavabos, espejos, grifos y otros accesorios de ba\u00f1o<br \/><strong>Embalaje<\/strong>: Listo para montar<\/p>","protected":false},"featured_media":2523,"comment_status":"closed","ping_status":"closed","template":"","meta":{"_acf_changed":true},"product_brand":[],"product_cat":[24],"product_tag":[],"class_list":{"0":"post-2522","1":"product","2":"type-product","3":"status-publish","4":"has-post-thumbnail","6":"product_cat-wholesale-pvc-bathroom-vanity-cabinets","8":"first","9":"instock","10":"shipping-taxable","11":"product-type-simple"},"acf":[],"_links":{"self":[{"href":"https:\/\/www.shouyasanitary.com\/es\/wp-json\/wp\/v2\/product\/2522","targetHints":{"allow":["GET"]}}],"collection":[{"href":"https:\/\/www.shouyasanitary.com\/es\/wp-json\/wp\/v2\/product"}],"about":[{"href":"https:\/\/www.shouyasanitary.com\/es\/wp-json\/wp\/v2\/types\/product"}],"replies":[{"embeddable":true,"href":"https:\/\/www.shouyasanitary.com\/es\/wp-json\/wp\/v2\/comments?post=2522"}],"wp:featuredmedia":[{"embeddable":true,"href":"https:\/\/www.shouyasanitary.com\/es\/wp-json\/wp\/v2\/media\/2523"}],"wp:attachment":[{"href":"https:\/\/www.shouyasanitary.com\/es\/wp-json\/wp\/v2\/media?parent=2522"}],"wp:term":[{"taxonomy":"product_brand","embeddable":true,"href":"https:\/\/www.shouyasanitary.com\/es\/wp-json\/wp\/v2\/product_brand?post=2522"},{"taxonomy":"product_cat","embeddable":true,"href":"https:\/\/www.shouyasanitary.com\/es\/wp-json\/wp\/v2\/product_cat?post=2522"},{"taxonomy":"product_tag","embeddable":true,"href":"https:\/\/www.shouyasanitary.com\/es\/wp-json\/wp\/v2\/product_tag?post=2522"}],"curies":[{"name":"wp","href":"https:\/\/api.w.org\/{rel}","templated":true}]}}