{"id":2535,"date":"2026-01-09T09:07:13","date_gmt":"2026-01-09T09:07:13","guid":{"rendered":"https:\/\/www.shouyasanitary.com\/?post_type=product&#038;p=2535"},"modified":"2026-01-09T09:12:04","modified_gmt":"2026-01-09T09:12:04","slug":"oem-bathroom-vanities-and-sinks","status":"publish","type":"product","link":"https:\/\/www.shouyasanitary.com\/es\/producto\/oem-bathroom-vanities-and-sinks\/","title":{"rendered":"OEM tocadores de ba\u00f1o y lavabos, armario colgado de la pared de ba\u00f1o con cajones de espejo proveedor de color caqui"},"content":{"rendered":"<div class=\"wp-block-columns is-layout-flex wp-container-core-columns-is-layout-9d6595d7 wp-block-columns-is-layout-flex\">\n<div class=\"wp-block-column is-layout-flow wp-block-column-is-layout-flow\">\n<h2 class=\"wp-block-heading\">Lavabos y tocadores de ba\u00f1o Caracter\u00edsticas\uff1a<\/h2>\n\n\n\n<p><strong>Aspecto exterior c\u00e1lido: <\/strong>Lavabo flotante de color beige cremoso con un estilo moderno y lujoso, adecuado para la mayor\u00eda de los espacios de ba\u00f1o.<\/p>\n\n\n\n<p><strong>Duradero e impermeable: <\/strong>Fabricado en PVC de alta calidad, a prueba de humedad e ideal para entornos de ba\u00f1o h\u00famedos, garantiza un rendimiento duradero para instalaciones a gran escala.<\/p>\n\n\n\n<p><strong>Dise\u00f1o suspendido que ahorra espacio<\/strong>: Disposici\u00f3n montada en la pared con armario izquierdo de dise\u00f1o vertical y dos cajones en el lado derecho para un almacenamiento claro y organizado.<\/p>\n\n\n\n<p><strong>Armario con espejo inteligente<\/strong>: Retrovisor LED con iluminaci\u00f3n ambiental envolvente, LED de doble toque, funci\u00f3n antivaho e indicaci\u00f3n de la hora: de alta calidad y totalmente funcional.<\/p>\n\n\n\n<p><strong>Almacenamiento pr\u00e1ctico: <\/strong>El armario de la izquierda almacena art\u00edculos grandes como toallas o detergente; los cajones de la derecha organizan art\u00edculos peque\u00f1os como cepillos de dientes y productos para el cuidado de la piel; la zona de la encimera para los art\u00edculos de uso diario.<\/p>\n\n\n\n<p><strong>A granel y preparado para proyectos:<\/strong> El dise\u00f1o estandarizado y el material de alta calidad lo hacen apto para la producci\u00f3n en serie, la entrega r\u00e1pida y la instalaci\u00f3n sencilla, perfecto para la venta al por mayor y los proyectos de ingenier\u00eda.<\/p>\n<\/div>\n\n\n\n<div class=\"wp-block-column is-layout-flow wp-block-column-is-layout-flow\"><div class=\"wp-block-image\">\n<figure class=\"aligncenter size-full\"><img decoding=\"async\" width=\"700\" height=\"700\" src=\"https:\/\/www.shouyasanitary.com\/wp-content\/uploads\/2025\/12\/bulk-purchase-good-quality-bathroom-cabinet-vanity.jpg\" alt=\"compra al por mayor buena calidad mueble de ba\u00f1o vanity\" class=\"wp-image-2536\" style=\"object-fit:cover\" srcset=\"https:\/\/www.shouyasanitary.com\/wp-content\/uploads\/2025\/12\/bulk-purchase-good-quality-bathroom-cabinet-vanity.jpg 700w, https:\/\/www.shouyasanitary.com\/wp-content\/uploads\/2025\/12\/bulk-purchase-good-quality-bathroom-cabinet-vanity-300x300.jpg 300w, https:\/\/www.shouyasanitary.com\/wp-content\/uploads\/2025\/12\/bulk-purchase-good-quality-bathroom-cabinet-vanity-150x150.jpg 150w, https:\/\/www.shouyasanitary.com\/wp-content\/uploads\/2025\/12\/bulk-purchase-good-quality-bathroom-cabinet-vanity-12x12.jpg 12w, https:\/\/www.shouyasanitary.com\/wp-content\/uploads\/2025\/12\/bulk-purchase-good-quality-bathroom-cabinet-vanity-600x600.jpg 600w, https:\/\/www.shouyasanitary.com\/wp-content\/uploads\/2025\/12\/bulk-purchase-good-quality-bathroom-cabinet-vanity-100x100.jpg 100w\" sizes=\"(max-width: 700px) 100vw, 700px\" \/><\/figure>\n<\/div><\/div>\n<\/div>","protected":false},"excerpt":{"rendered":"<p>OEM tocadores de ba\u00f1o y lavabos con gabinete de PVC resistente al agua, con tama\u00f1o est\u00e1ndar, una cuenca de cer\u00e1mica f\u00e1cil de mantener y un gran espejo cuadrado LED con anti-vaho, y el almacenamiento organizado. Shouya suministro de f\u00e1brica garantiza la calidad y la entrega, ideal para la venta al por mayor y proyectos. P\u00f3ngase en contacto con nosotros para solicitar un presupuesto.<\/p>\n<h2>Lavabos y tocadores de ba\u00f1o Atributos\uff1a<\/h2>\n<p><strong><br \/>Material del armario:<\/strong> PVC<br \/><strong>Color del armario: <\/strong>Caqui<br \/><strong>Espejo:<\/strong> Espejo LED (3,5 mm\/3,8 mm), iluminaci\u00f3n tricolor, desempa\u00f1ado con un solo toque, protegido con embalaje de espuma multicapa<br \/><strong>Tipo de instalaci\u00f3n:<\/strong>\u00a0Montaje en pared<br \/><strong>Dimensiones (L\u00d7A\u00d7H):<\/strong> 100*47*50 cm<br \/><strong>Peso bruto:<\/strong> 35 kg\/set<\/p>\n<h2>Personalizaci\u00f3n y servicios:<\/h2>\n<p><strong>OEM Y ODM<\/strong>: Soporte<br \/><strong>Dise\u00f1o<\/strong>: Gratis<br \/><strong>Accesorios<\/strong>: Lavabos, espejos, grifos y otros accesorios de ba\u00f1o<br \/><strong>Embalaje<\/strong>: Listo para montar<\/p>","protected":false},"featured_media":2536,"comment_status":"closed","ping_status":"closed","template":"","meta":{"_acf_changed":true},"product_brand":[],"product_cat":[24],"product_tag":[],"class_list":{"0":"post-2535","1":"product","2":"type-product","3":"status-publish","4":"has-post-thumbnail","6":"product_cat-wholesale-pvc-bathroom-vanity-cabinets","8":"first","9":"instock","10":"shipping-taxable","11":"product-type-simple"},"acf":[],"_links":{"self":[{"href":"https:\/\/www.shouyasanitary.com\/es\/wp-json\/wp\/v2\/product\/2535","targetHints":{"allow":["GET"]}}],"collection":[{"href":"https:\/\/www.shouyasanitary.com\/es\/wp-json\/wp\/v2\/product"}],"about":[{"href":"https:\/\/www.shouyasanitary.com\/es\/wp-json\/wp\/v2\/types\/product"}],"replies":[{"embeddable":true,"href":"https:\/\/www.shouyasanitary.com\/es\/wp-json\/wp\/v2\/comments?post=2535"}],"wp:featuredmedia":[{"embeddable":true,"href":"https:\/\/www.shouyasanitary.com\/es\/wp-json\/wp\/v2\/media\/2536"}],"wp:attachment":[{"href":"https:\/\/www.shouyasanitary.com\/es\/wp-json\/wp\/v2\/media?parent=2535"}],"wp:term":[{"taxonomy":"product_brand","embeddable":true,"href":"https:\/\/www.shouyasanitary.com\/es\/wp-json\/wp\/v2\/product_brand?post=2535"},{"taxonomy":"product_cat","embeddable":true,"href":"https:\/\/www.shouyasanitary.com\/es\/wp-json\/wp\/v2\/product_cat?post=2535"},{"taxonomy":"product_tag","embeddable":true,"href":"https:\/\/www.shouyasanitary.com\/es\/wp-json\/wp\/v2\/product_tag?post=2535"}],"curies":[{"name":"wp","href":"https:\/\/api.w.org\/{rel}","templated":true}]}}