{"id":2539,"date":"2026-01-19T10:05:50","date_gmt":"2026-01-19T10:05:50","guid":{"rendered":"https:\/\/www.shouyasanitary.com\/?post_type=product&#038;p=2539"},"modified":"2026-01-19T10:06:13","modified_gmt":"2026-01-19T10:06:13","slug":"custom-bathroom-vanity-with-sinks","status":"publish","type":"product","link":"https:\/\/www.shouyasanitary.com\/es\/producto\/custom-bathroom-vanity-with-sinks\/","title":{"rendered":"Vanidad del cuarto de ba\u00f1o de encargo con los fregaderos, proveedor verde del espejo del LED del cuadrado del gabinete del cuarto de ba\u00f1o"},"content":{"rendered":"<div class=\"wp-block-columns is-layout-flex wp-container-core-columns-is-layout-9d6595d7 wp-block-columns-is-layout-flex\">\n<div class=\"wp-block-column is-layout-flow wp-block-column-is-layout-flow\">\n<h2 class=\"wp-block-heading\">Caracter\u00edsticas del tocador de ba\u00f1o con lavabos\uff1a.<\/h2>\n\n\n\n<p><strong>Material de PVC impermeable de alta calidad:<\/strong> Fabricado con l\u00e1minas de PVC respetuosas con el medio ambiente, es resistente a la humedad, al moho y a la deformaci\u00f3n, adecuado para cuartos de ba\u00f1o con alta humedad. Es duradero y f\u00e1cil de mantener.<\/p>\n\n\n\n<p><strong>Ahorro de espacio<\/strong>: La instalaci\u00f3n en la pared mejora la sensaci\u00f3n de espacio en el cuarto de ba\u00f1o, es f\u00e1cil de limpiar y aporta una est\u00e9tica moderna y minimalista.<\/p>\n\n\n\n<p><strong>Almacenamiento optimizado:<\/strong> El dise\u00f1o del caj\u00f3n de doble capa con divisi\u00f3n racional del espacio facilita el almacenamiento por categor\u00edas de los art\u00edculos de aseo, manteniendo el cuarto de ba\u00f1o ordenado y organizado.<\/p>\n\n\n\n<p><strong>Lavabo integrado a medida<\/strong>: Incluye un lavabo de cer\u00e1mica a juego. La instalaci\u00f3n es c\u00f3moda y el tama\u00f1o puede ajustarse seg\u00fan las necesidades del proyecto. Se admite la personalizaci\u00f3n a granel.<\/p>\n\n\n\n<p><strong>Espejo cuadrado LED moderno:<\/strong> El dise\u00f1o cuadrado del espejo LED proporciona una luz suave y uniforme, combinando decoraci\u00f3n y practicidad para realzar el estilo general del cuarto de ba\u00f1o.<\/p>\n\n\n\n<p><strong>Servicios de personalizaci\u00f3n disponibles para satisfacer las necesidades de los proyectos B2B<\/strong>: Varios tama\u00f1os y opciones de color verde de PVC est\u00e1n disponibles para la personalizaci\u00f3n, adecuado para hoteles, residencias y proyectos comerciales. La producci\u00f3n a granel es compatible para satisfacer las diversas demandas del mercado.<\/p>\n<\/div>\n\n\n\n<div class=\"wp-block-column is-layout-flow wp-block-column-is-layout-flow\"><div class=\"wp-block-image\">\n<figure class=\"aligncenter size-full\"><img decoding=\"async\" width=\"700\" height=\"700\" src=\"https:\/\/www.shouyasanitary.com\/wp-content\/uploads\/2025\/12\/custom-service-bathroom-cabinet-vanity.jpg\" alt=\"servicio personalizado mueble de ba\u00f1o tocador\" class=\"wp-image-2540\" style=\"object-fit:cover\" srcset=\"https:\/\/www.shouyasanitary.com\/wp-content\/uploads\/2025\/12\/custom-service-bathroom-cabinet-vanity.jpg 700w, https:\/\/www.shouyasanitary.com\/wp-content\/uploads\/2025\/12\/custom-service-bathroom-cabinet-vanity-300x300.jpg 300w, https:\/\/www.shouyasanitary.com\/wp-content\/uploads\/2025\/12\/custom-service-bathroom-cabinet-vanity-150x150.jpg 150w, https:\/\/www.shouyasanitary.com\/wp-content\/uploads\/2025\/12\/custom-service-bathroom-cabinet-vanity-12x12.jpg 12w, https:\/\/www.shouyasanitary.com\/wp-content\/uploads\/2025\/12\/custom-service-bathroom-cabinet-vanity-600x600.jpg 600w, https:\/\/www.shouyasanitary.com\/wp-content\/uploads\/2025\/12\/custom-service-bathroom-cabinet-vanity-100x100.jpg 100w\" sizes=\"(max-width: 700px) 100vw, 700px\" \/><\/figure>\n<\/div><\/div>\n<\/div>","protected":false},"excerpt":{"rendered":"<p>Neceser de ba\u00f1o personalizado con lavabos en PVC verde, dise\u00f1o de 100 cm montado en la pared, pr\u00e1ctico espejo LED y cajones dobles, perfecto para proyectos B2B. \u00a1P\u00f3ngase en contacto con nosotros para la personalizaci\u00f3n al por mayor!<\/p>\n<h2>Tocador de ba\u00f1o con lavabos atributos\uff1a<\/h2>\n<p><strong>Material del armario<\/strong>: PVC<br \/><strong>Color del armario:<\/strong> Verde<br \/><strong>Espejo:<\/strong> Espejo LED (3,5 mm\/3,8 mm), iluminaci\u00f3n tricolor, desempa\u00f1ado con un solo toque, protegido con embalaje de espuma multicapa<br \/><strong>Tipo de instalaci\u00f3n:<\/strong>\u00a0Montaje en pared<br \/><strong>Dimensiones (L\u00d7A\u00d7H):<\/strong> 100*47*52 cm<br \/><strong>Peso bruto:<\/strong> 33kg\/set<\/p>\n<h2>Personalizaci\u00f3n y servicios:<\/h2>\n<p><strong>OEM Y ODM<\/strong>: Soporte<br \/><strong>Dise\u00f1o<\/strong>: Gratis<br \/><strong>Accesorios<\/strong>: Lavabos, espejos, grifos y otros accesorios de ba\u00f1o<br \/><strong>Embalaje<\/strong>: Listo para montar<\/p>","protected":false},"featured_media":2540,"comment_status":"closed","ping_status":"closed","template":"","meta":{"_acf_changed":false},"product_brand":[],"product_cat":[24],"product_tag":[],"class_list":{"0":"post-2539","1":"product","2":"type-product","3":"status-publish","4":"has-post-thumbnail","6":"product_cat-wholesale-pvc-bathroom-vanity-cabinets","8":"first","9":"instock","10":"shipping-taxable","11":"product-type-simple"},"acf":[],"_links":{"self":[{"href":"https:\/\/www.shouyasanitary.com\/es\/wp-json\/wp\/v2\/product\/2539","targetHints":{"allow":["GET"]}}],"collection":[{"href":"https:\/\/www.shouyasanitary.com\/es\/wp-json\/wp\/v2\/product"}],"about":[{"href":"https:\/\/www.shouyasanitary.com\/es\/wp-json\/wp\/v2\/types\/product"}],"replies":[{"embeddable":true,"href":"https:\/\/www.shouyasanitary.com\/es\/wp-json\/wp\/v2\/comments?post=2539"}],"wp:featuredmedia":[{"embeddable":true,"href":"https:\/\/www.shouyasanitary.com\/es\/wp-json\/wp\/v2\/media\/2540"}],"wp:attachment":[{"href":"https:\/\/www.shouyasanitary.com\/es\/wp-json\/wp\/v2\/media?parent=2539"}],"wp:term":[{"taxonomy":"product_brand","embeddable":true,"href":"https:\/\/www.shouyasanitary.com\/es\/wp-json\/wp\/v2\/product_brand?post=2539"},{"taxonomy":"product_cat","embeddable":true,"href":"https:\/\/www.shouyasanitary.com\/es\/wp-json\/wp\/v2\/product_cat?post=2539"},{"taxonomy":"product_tag","embeddable":true,"href":"https:\/\/www.shouyasanitary.com\/es\/wp-json\/wp\/v2\/product_tag?post=2539"}],"curies":[{"name":"wp","href":"https:\/\/api.w.org\/{rel}","templated":true}]}}