{"id":2543,"date":"2026-01-19T10:50:56","date_gmt":"2026-01-19T10:50:56","guid":{"rendered":"https:\/\/www.shouyasanitary.com\/?post_type=product&#038;p=2543"},"modified":"2026-01-20T01:21:37","modified_gmt":"2026-01-20T01:21:37","slug":"wholesale-pvc-bathroom-cabinet","status":"publish","type":"product","link":"https:\/\/www.shouyasanitary.com\/es\/producto\/wholesale-pvc-bathroom-cabinet\/","title":{"rendered":"Venta al por mayor mueble de ba\u00f1o de PVC, tocador de ba\u00f1o flotante para hotel Proveedor"},"content":{"rendered":"<div class=\"wp-block-columns is-layout-flex wp-container-core-columns-is-layout-9d6595d7 wp-block-columns-is-layout-flex\">\n<div class=\"wp-block-column is-layout-flow wp-block-column-is-layout-flow\">\n<h2 class=\"wp-block-heading\">Caracter\u00edsticas del armario de ba\u00f1o de PVC:<\/h2>\n\n\n\n<p><strong>Resistente a la humedad y a la corrosi\u00f3n<\/strong>: El material de PVC posee intr\u00ednsecamente excelentes propiedades impermeables y a prueba de humedad, y no teme a la humedad y la humedad en el cuarto de ba\u00f1o. El uso a largo plazo no causar\u00e1 problemas de deformaci\u00f3n, moho o descomposici\u00f3n. En comparaci\u00f3n con los armarios de madera, es m\u00e1s duradero, especialmente adecuado para zonas h\u00famedas del sur o espacios de ba\u00f1o con poca ventilaci\u00f3n.<\/p>\n\n\n\n<p><strong>Sistema de almacenamiento de doble eficiencia<\/strong>: El armario con espejo inteligente integrado en la parte superior no solo proporciona una iluminaci\u00f3n LED uniforme para el maquillaje, sino que tambi\u00e9n ampl\u00eda el espacio de almacenamiento a lo largo de la pared, mejorando enormemente el aprovechamiento de los espacios peque\u00f1os. Los cajones dobles de la parte inferior ofrecen una gran capacidad para el almacenamiento categorizado de art\u00edculos de ba\u00f1o, manteniendo ordenada la encimera.<\/p>\n\n\n\n<p><strong>Ligero y resistente<\/strong>: El material del tablero de PVC es ligero pero estructuralmente estable, creando un armario suspendido que reduce la presi\u00f3n de carga sobre la pared y mejora enormemente la comodidad de instalaci\u00f3n. Ideal para hoteles, apartamentos y proyectos comerciales.<\/p>\n\n\n\n<p><strong>Resistente a la suciedad, f\u00e1cil de mantener<\/strong>: La superficie es lisa y no absorbe la suciedad. Las manchas diarias de agua y de limpieza pueden limpiarse f\u00e1cilmente con un pa\u00f1o h\u00famedo. La textura mate tambi\u00e9n puede reducir los residuos de huellas dactilares, ahorrando la molestia de la limpieza frecuente.<\/p>\n\n\n\n<p><strong>Asistencia inteligente, experiencia mejorada<\/strong>: El espejo inteligente con retroiluminaci\u00f3n LED a juego viene con funciones t\u00e1ctiles de atenuaci\u00f3n y desempa\u00f1ado. El dise\u00f1o integrado del armario con espejo puede almacenar objetos peque\u00f1os, satisfacer las necesidades de vestirse, almacenamiento e iluminaci\u00f3n en una sola parada, creando una experiencia de ba\u00f1o conveniente.<\/p>\n<\/div>\n\n\n\n<div class=\"wp-block-column is-layout-flow wp-block-column-is-layout-flow\"><div class=\"wp-block-image\">\n<figure class=\"aligncenter size-full\"><img decoding=\"async\" width=\"700\" height=\"700\" src=\"https:\/\/www.shouyasanitary.com\/wp-content\/uploads\/2025\/12\/Bulk-Purchases-Bathroom-Cabinet.jpg\" alt=\"Compras a granel Armario de ba\u00f1o\" class=\"wp-image-2544\" style=\"object-fit:cover\" srcset=\"https:\/\/www.shouyasanitary.com\/wp-content\/uploads\/2025\/12\/Bulk-Purchases-Bathroom-Cabinet.jpg 700w, https:\/\/www.shouyasanitary.com\/wp-content\/uploads\/2025\/12\/Bulk-Purchases-Bathroom-Cabinet-300x300.jpg 300w, https:\/\/www.shouyasanitary.com\/wp-content\/uploads\/2025\/12\/Bulk-Purchases-Bathroom-Cabinet-150x150.jpg 150w, https:\/\/www.shouyasanitary.com\/wp-content\/uploads\/2025\/12\/Bulk-Purchases-Bathroom-Cabinet-12x12.jpg 12w, https:\/\/www.shouyasanitary.com\/wp-content\/uploads\/2025\/12\/Bulk-Purchases-Bathroom-Cabinet-600x600.jpg 600w, https:\/\/www.shouyasanitary.com\/wp-content\/uploads\/2025\/12\/Bulk-Purchases-Bathroom-Cabinet-100x100.jpg 100w\" sizes=\"(max-width: 700px) 100vw, 700px\" \/><\/figure>\n<\/div><\/div>\n<\/div>","protected":false},"excerpt":{"rendered":"<p>El armario de ba\u00f1o de PVC al por mayor combina armarios resistentes a la humedad y la corrosi\u00f3n con espejos LED inteligentes, cajones dobles para un almacenamiento organizado y un dise\u00f1o ligero montado en la pared, ideal para hoteles, apartamentos y proyectos comerciales. P\u00f3ngase en contacto con nosotros para obtener un presupuesto y un cat\u00e1logo de productos.<\/p>\n<h2>Atributo del gabinete del cuarto de ba\u00f1o del PVC\uff1a<\/h2>\n<p><strong><br \/>Material del armario:<\/strong> PVC<br \/><strong>Color del armario: <\/strong>Gris<br \/><strong>Espejo:<\/strong> Espejo LED (3,5 mm\/3,8 mm), iluminaci\u00f3n tricolor, desempa\u00f1ado con un solo toque, protegido con embalaje de espuma multicapa<br \/><strong>Tipo de instalaci\u00f3n:<\/strong>\u00a0Montaje en pared<br \/><strong>Dimensiones (L\u00d7A\u00d7H):<\/strong> 100*47*50 cm<br \/><strong>Peso bruto:<\/strong> 34 kg\/set<\/p>\n<h2>Personalizaci\u00f3n y servicios:<\/h2>\n<p><strong>OEM Y ODM<\/strong>: Soporte<br \/><strong>Dise\u00f1o<\/strong>: Gratis<br \/><strong>Accesorios<\/strong>: Lavabos, espejos, grifos y otros accesorios de ba\u00f1o<br \/><strong>Embalaje<\/strong>: Listo para montar<\/p>","protected":false},"featured_media":2544,"comment_status":"closed","ping_status":"closed","template":"","meta":{"_acf_changed":false},"product_brand":[],"product_cat":[24],"product_tag":[],"class_list":{"0":"post-2543","1":"product","2":"type-product","3":"status-publish","4":"has-post-thumbnail","6":"product_cat-wholesale-pvc-bathroom-vanity-cabinets","8":"first","9":"instock","10":"shipping-taxable","11":"product-type-simple"},"acf":[],"_links":{"self":[{"href":"https:\/\/www.shouyasanitary.com\/es\/wp-json\/wp\/v2\/product\/2543","targetHints":{"allow":["GET"]}}],"collection":[{"href":"https:\/\/www.shouyasanitary.com\/es\/wp-json\/wp\/v2\/product"}],"about":[{"href":"https:\/\/www.shouyasanitary.com\/es\/wp-json\/wp\/v2\/types\/product"}],"replies":[{"embeddable":true,"href":"https:\/\/www.shouyasanitary.com\/es\/wp-json\/wp\/v2\/comments?post=2543"}],"wp:featuredmedia":[{"embeddable":true,"href":"https:\/\/www.shouyasanitary.com\/es\/wp-json\/wp\/v2\/media\/2544"}],"wp:attachment":[{"href":"https:\/\/www.shouyasanitary.com\/es\/wp-json\/wp\/v2\/media?parent=2543"}],"wp:term":[{"taxonomy":"product_brand","embeddable":true,"href":"https:\/\/www.shouyasanitary.com\/es\/wp-json\/wp\/v2\/product_brand?post=2543"},{"taxonomy":"product_cat","embeddable":true,"href":"https:\/\/www.shouyasanitary.com\/es\/wp-json\/wp\/v2\/product_cat?post=2543"},{"taxonomy":"product_tag","embeddable":true,"href":"https:\/\/www.shouyasanitary.com\/es\/wp-json\/wp\/v2\/product_tag?post=2543"}],"curies":[{"name":"wp","href":"https:\/\/api.w.org\/{rel}","templated":true}]}}